{"id":9412,"date":"2014-03-11T16:15:05","date_gmt":"2014-03-11T14:15:05","guid":{"rendered":"http:\/\/www.holisticattitude.com\/wordpress\/?page_id=9412"},"modified":"2014-03-25T17:54:36","modified_gmt":"2014-03-25T15:54:36","slug":"sentir-lodeur-des-roses","status":"publish","type":"page","link":"https:\/\/www.holisticattitude.com\/?page_id=9412","title":{"rendered":"SENTIR L\u2019ODEUR DES ROSES"},"content":{"rendered":"<p><a href=\"https:\/\/www.holisticattitude.com\/wp-content\/uploads\/rosesentir.jpg\"><img loading=\"lazy\" decoding=\"async\" src=\"https:\/\/www.holisticattitude.com\/wp-content\/uploads\/rosesentir.jpg\" alt=\"\" title=\"rosesentir\" width=\"126\" height=\"84\" class=\"alignleft size-full wp-image-434\" \/><\/a><\/p>\n<p>\u00a0 Voici un texte qui m&rsquo;apportait du r\u00e9confort durant des moments difficiles dans ma vie et je voudrais partager ce texte merveilleux avec vous. (LE texte orginal s&rsquo;appelle <strong>\u00ab\u00a0smell the roses\u00a0\u00bb<\/strong>)<\/p>\n<p><strong>Sentir l&rsquo;odeur des roses<\/strong><\/p>\n<\/p>\n<p>\u00ab\u00a0<strong>Etre positif dans un milieu n\u00e9gatif<\/strong>.\u00a0\u00bb<\/p>\n<li>Quelque fois c\u2019est dur <strong>d\u2019\u00eatre positive <\/strong>surtout quand tout autour de vous <strong>va de travers.<\/strong> <\/li>\n<li>Ce n\u2019est pas forcement des choses de grande importance qui <strong>tournent mal<\/strong>. \t<\/li>\n<li>II se peut que vous vous r\u00e9veilliez le matin <strong>grincheux<\/strong>. Ou il se peut que votre partenaire <strong>s\u2019est lev\u00e9 du pied gauche.<\/strong> Ou peut-\u00eatre que votre coll\u00e8ge ou votre amie vit <strong>une mauvaise journ\u00e9e<\/strong>. \t<\/li>\n<li>Quelle que soit la situation des gens aux quels vous avez affaire il peut influencer comment vous vous sentez et comment vous apercevez la vie actuellement.<\/li>\n<p><!--more--><\/p>\n<li>Si ces gens sont <strong>importants pour vous <\/strong>ou s\u2019ils sont des <strong>amis proches<\/strong> ils pourraient affecter votre point de vue ainsi que vos sentiments quand vous \u00eates avec eux. <\/li>\n<li>Vous pouvez <strong>attraper leur mauvaise humeur.<\/strong><\/p>\n<\/li>\n<li>Ou peut\u2013\u00eatre que ce ne sont pas les gens autour de vous qui sont responsables de <strong>votre d\u00e9prime<\/strong>.<\/li>\n<p><a href=\"https:\/\/www.holisticattitude.com\/wp-content\/uploads\/roserouge.jpg\"><img loading=\"lazy\" decoding=\"async\" src=\"https:\/\/www.holisticattitude.com\/wp-content\/uploads\/roserouge-206x300.jpg\" alt=\"\" title=\"roserouge\" width=\"206\" height=\"300\" class=\"alignright size-medium wp-image-437\" srcset=\"https:\/\/www.holisticattitude.com\/wp-content\/uploads\/roserouge-206x300.jpg 206w, https:\/\/www.holisticattitude.com\/wp-content\/uploads\/roserouge.jpg 299w\" sizes=\"auto, (max-width: 206px) 100vw, 206px\" \/><\/a><\/p>\n<li>Peut-\u00eatre que c&rsquo;est<strong> la m\u00e9t\u00e9o.\u00a0 <\/strong>II se peut que le ciel soit froid,humide et gris cinq jours de suite. <\/li>\n<li>II se peut que vous soyez coll\u00e9s \u00e0 la maison avec un <strong>enfant malade<\/strong> ou que vous soyez malade ou que votre voiture soit en panne. <\/li>\n<li>II se peut que tout ce climat morose vous ait assombri.\u00a0 <\/li>\n<li>Peut-\u00eatre que ce sont l<strong>es \u00e9v\u00e9nements qui vous d\u00e9priment. <\/strong>Vous n\u2019arrivez pas \u00e0 trouver une baby-sitter pour que vous puissiez sortir et faire la f\u00eate. <\/li>\n<li>L&rsquo;argent manque et les <strong>cr\u00e9anciers vous harc\u00e8lent<\/strong>. <\/li>\n<li>La circulation est affreuse et vous \u00eates coinc\u00e9e en route pour un rendez- vous qu\u2019il ne faut absolument pas rater.<\/li>\n<li>Des centaines de <strong>petites choses ennuyeuses et n\u00e9gatives<\/strong> arrivant chaque jour peuvent \u00e9puiser la volont\u00e9 la plus d\u00e9termin\u00e9e \u00e0 rester positive. <\/li>\n<li>Durant ces moments l\u00e0 c\u2019est tr\u00e8s difficile de garder LE sens de la mesure et de tenir le coup.<\/li>\n<li>Alors que pouvez-vous faire? Comment pouvez-vous retrouver <strong>le sourire et remonter le moral <\/strong>quand le monde autour de vous, vous attriste?<\/li>\n<li>Il est facile de dire, \u00ab\u00a0<strong>Prenez le temps de vivre<\/strong>\u00ab\u00a0, \u00ab\u00a0<strong>regardez le c\u00f4t\u00e9 positif<\/strong>\u00a0\u00bb et \u00ab\u00a0<strong>consid\u00e9rez-vous chanceux<\/strong>\u00ab\u00a0. <\/li>\n<li>Mais cela est <strong>dur \u00e0 faire.<\/strong> Et quand c\u2019est facile \u00e0 dire mais difficile \u00e0 faire&#8212;\t<\/li>\n<li>C&rsquo;est exactement le moment o\u00f9 on a besoin d<strong>\u2019avoir la FOI dans la vie.<\/strong>\t<\/li>\n<li> La foi qui croit que <strong>les choses s\u2019am\u00e9lioreront, <\/strong>que la vie n&rsquo;est pas aussi si mal qu\u2019on croyait, qu&rsquo;il y a des <strong>BAS aussi bien que des HAUTS.<\/strong> \t<\/li>\n<li>C&rsquo;est<strong> L&rsquo;ESPOIR <\/strong> <\/li>\n<p><\/BR><br \/>\n<strong>LA FOI C\u2019EST CROIRE QUAND LE BON SENS VOUS DIT NE PAS LE FAIRE.<\/strong><\/p>\n<li>Pourtant, il est dur d&rsquo;avoir <strong>la FOI<\/strong> quand rien ne se passe comme pr\u00e9vu. <\/li>\n<li>Cependant c\u2019est exactement durant ces moments difficiles que vous en avez le plus besoin. <\/li>\n<li>Donc la foi demande la conviction que les choses finiront par s\u2019arranger peut-\u00eatre pas comme vous l\u2019avez esp\u00e9r\u00e9 mais cela s\u2019arrangera quand m\u00eame.\u00a0<\/li>\n<li> <strong> O\u00f9 serait l&rsquo;humanit\u00e9 sans L&rsquo;ESPOIR.<\/strong>.. ?<\/li>\n<li>Si vous avez besoin de retrouver <strong>la foi<\/strong> et <strong>la confiance,<\/strong> souvenez-vous d\u2019un moment <strong>difficile<\/strong> dans votre vie. <\/li>\n<li>Rappelez-vous <strong>la lutte, l&rsquo;angoisse et le combat<\/strong>. <\/li>\n<li>Rappelez-vous de <strong>l&rsquo;incertitude <\/strong>et probablement m\u00eame de <strong>l&rsquo;isolement<\/strong> que vous avez \u00e9prouv\u00e9 \u00e0 ce moment l\u00e0. <\/li>\n<li> Souvenez-vous en avec<strong> autant de r\u00e9alisme que vous pouvez<\/strong>. <\/li>\n<li>Soyez conscient des moments <strong>les plus bas et les plus noirs <\/strong>de votre vie.<\/li>\n<li>Gardez ces pens\u00e9es en t\u00eate.<\/li>\n<li> Laissez-les vous apporter de <strong>la foi <\/strong>parce que si vous le faites, cela vous apportera de <strong>la tranquillit\u00e9 d\u2019esprit.<\/strong> <\/li>\n<li>La paix qui permettra <strong>\u00e0 la lutte<\/strong> et au combat de cesser. <\/li>\n<li>Le <strong>r\u00e9confort <\/strong>qui peut apaiser <strong>l&rsquo;angoisse<\/strong>. La <strong>tranquillit\u00e9 d\u2019esprit<\/strong> qui sait que tout va bien se passer.\t<\/li>\n<li> Souvenez-vous de <strong>la r\u00e9solution<\/strong> que vous avez faite et comment cela a fini par s\u2019arranger. M\u00eame si ceci a fini autrement que vous l\u2019aviez esp\u00e9r\u00e9 cela vous a probablement <strong>rendu meilleur et plus fort qu\u2019auparavant<\/strong>.<\/li>\n<li> Les <strong>halt\u00e8res renforcent les muscles<\/strong>. Vivre la vie \u00e0 travers l<strong>es luttes de la vie <\/strong>renforce la foi et la confiance en la vie. <\/li>\n<li>Les <strong>bons moments ne le font pas<\/strong>. Seules <strong>les \u00e9preuves le font.<\/strong> \t<\/li>\n<li>\u00ab<strong>\u00a0Ce sont les ann\u00e9es pass\u00e9es \u00e0 souffrir qui font de nous ce que nous sommes et les ann\u00e9es pass\u00e9es \u00e0 \u00eatre heureux ne sont qu\u2019une perte de temps\u00a0\u00bb<\/strong> (Proust).<\/li>\n<li>Le monde\u00a0ne s&rsquo;est jamais arr\u00eat\u00e9.\t<\/li>\n<li> La <strong>vie continuera et souvent pour le mieux<\/strong>. <\/li>\n<p><a href=\"https:\/\/www.holisticattitude.com\/wp-content\/uploads\/smellingroses2.jpg\"><img loading=\"lazy\" decoding=\"async\" src=\"https:\/\/www.holisticattitude.com\/wp-content\/uploads\/smellingroses2.jpg\" alt=\"\" title=\"smellingroses\" width=\"129\" height=\"96\" class=\"alignleft size-full wp-image-445\" \/><\/a><\/p>\n<p>                                                  Merci \u00e0 Jacqueline Mclaughlin<strong> HALE <\/strong>pour le texte principale (traduire de l&rsquo;anglais en fran\u00e7ais par Holly)<\/p>\n","protected":false},"excerpt":{"rendered":"<p>\u00a0 Voici un texte qui m&rsquo;apportait du r\u00e9confort durant des moments difficiles dans ma vie et je voudrais partager ce texte merveilleux avec vous. (LE texte orginal s&rsquo;appelle \u00ab\u00a0smell the roses\u00a0\u00bb) Sentir l&rsquo;odeur des roses \u00ab\u00a0Etre positif dans un milieu n\u00e9gatif.\u00a0\u00bb Quelque fois c\u2019est dur d\u2019\u00eatre positive surtout quand tout autour de vous va de [&hellip;]<\/p>\n","protected":false},"author":1,"featured_media":0,"parent":784,"menu_order":3,"comment_status":"open","ping_status":"closed","template":"","meta":{"_monsterinsights_skip_tracking":false,"_monsterinsights_sitenote_active":false,"_monsterinsights_sitenote_note":"","_monsterinsights_sitenote_category":0,"slim_seo":{"title":"SENTIR L\u2019ODEUR DES ROSES - Holistic Attitude","description":"\u00a0 Voici un texte qui m'apportait du r\u00e9confort durant des moments difficiles dans ma vie et je voudrais partager ce texte merveilleux avec vous. (LE texte orgina"},"footnotes":""},"class_list":["post-9412","page","type-page","status-publish","hentry"],"_links":{"self":[{"href":"https:\/\/www.holisticattitude.com\/index.php?rest_route=\/wp\/v2\/pages\/9412","targetHints":{"allow":["GET"]}}],"collection":[{"href":"https:\/\/www.holisticattitude.com\/index.php?rest_route=\/wp\/v2\/pages"}],"about":[{"href":"https:\/\/www.holisticattitude.com\/index.php?rest_route=\/wp\/v2\/types\/page"}],"author":[{"embeddable":true,"href":"https:\/\/www.holisticattitude.com\/index.php?rest_route=\/wp\/v2\/users\/1"}],"replies":[{"embeddable":true,"href":"https:\/\/www.holisticattitude.com\/index.php?rest_route=%2Fwp%2Fv2%2Fcomments&post=9412"}],"version-history":[{"count":0,"href":"https:\/\/www.holisticattitude.com\/index.php?rest_route=\/wp\/v2\/pages\/9412\/revisions"}],"up":[{"embeddable":true,"href":"https:\/\/www.holisticattitude.com\/index.php?rest_route=\/wp\/v2\/pages\/784"}],"wp:attachment":[{"href":"https:\/\/www.holisticattitude.com\/index.php?rest_route=%2Fwp%2Fv2%2Fmedia&parent=9412"}],"curies":[{"name":"wp","href":"https:\/\/api.w.org\/{rel}","templated":true}]}}