{"id":838,"date":"2011-09-20T10:34:28","date_gmt":"2011-09-20T08:34:28","guid":{"rendered":"https:\/\/www.holisticattitude.com\/wordpress\/?page_id=838"},"modified":"2014-12-23T13:57:18","modified_gmt":"2014-12-23T11:57:18","slug":"detendez-vous-vivre-un-moment-de-bonheur","status":"publish","type":"page","link":"https:\/\/www.holisticattitude.com\/relaxation\/detendez-vous-vivre-un-moment-de-bonheur\/","title":{"rendered":"D\u00c9TENDEZ-VOUS, vivre un moment de bonheur"},"content":{"rendered":"<p>Cette pratique est compos\u00e9e de <strong>3<\/strong> parties:<\/p>\n<li>LA RESPIRATION\t<\/li>\n<li>RESSENTEZ LES POINTS DE CONTACTS<\/li>\n<li>LA VISUALISATION <\/li>\n<p>\n<a href=\"https:\/\/www.holisticattitude.com\/wp-content\/uploads\/relaxe.jpg\"><img loading=\"lazy\" decoding=\"async\" src=\"https:\/\/www.holisticattitude.com\/wp-content\/uploads\/relaxe.jpg\" alt=\"detentechien\" title=\"relaxe\" width=\"236\" height=\"213\" class=\"aligncenter size-full wp-image-845\" \/><\/a><\/p>\n<p><strong>Selon votre disponibilit\u00e9<\/strong> vous pouvez pratiquer toutes les trois parties ou juste pratiquer la premi\u00e8re partie- la respiration.  II est conseill\u00e9 de commencer toujours par la respiration.<\/p>\n<p><strong>AVANT DE COMMENCER<\/strong><\/p>\n<li>Pour plus de confort portez des v\u00eatements amples et confortables, \u00f4ter vos chaussures<\/li>\n<li>Installez-vous en position assise ou allong\u00e9e sur un tapis de sol ou un matelas ferme.<\/li>\n<li>\u00c9vitez votre lit, il est important de rester \u00e9veiller. *en cas de n\u00e9cessite couvrez le corps d&rsquo;une couverture l\u00e9g\u00e8re.<\/li>\n<li>Choisissez un endroit o\u00f9 vous ne serez pas d\u00e9rang\u00e9.<\/li>\n<p><\/Br ><br \/>\n<strong>LA PREMI\u00c8RE PARTIE RESPIRATION: calmer la respiration<\/strong><\/p>\n<div id=\"attachment_3219\" style=\"width: 98px\" class=\"wp-caption aligncenter\"><a href=\"https:\/\/www.holisticattitude.com\/wp-content\/uploads\/respiration_.jpg\"><img loading=\"lazy\" decoding=\"async\" aria-describedby=\"caption-attachment-3219\" src=\"https:\/\/www.holisticattitude.com\/wp-content\/uploads\/respiration_.jpg\" alt=\"respiration_blue\" title=\"respiration_\" width=\"88\" height=\"133\" class=\"size-full wp-image-3219\" \/><\/a><p id=\"caption-attachment-3219\" class=\"wp-caption-text\">Respiration<\/p><\/div>\n<li><strong>Installez-vous sur le votre dos<\/strong>,  les bras allong\u00e9s le long du corps, les jambes l\u00e9g\u00e8rement \u00e9cart\u00e9es et les paumes tourn\u00e9es ver le ciel.\n<li><strong>Fermez<\/strong> les yeux. <\/li>\n<li>Prenez conscience de votre respiration,<strong> respirez normalement<\/strong> en <strong>inspirant par le nez <\/strong>et <strong>expirant par la bouche.<\/strong>.  La seule chose dont vous \u00eates conscient est<strong> votre respiration<\/strong>.  Si votre mental erre, vous commencez \u00e0 avoir des pens\u00e9es (<em>qu&rsquo;est-ce que je vais cuisiner ce soir, qu&rsquo;est-ce ce qui se passe \u00e0 la t\u00e9l\u00e9<\/em>), ramenez votre conscient avec douceur <strong>seulement <\/strong>sur votre respiration.<\/li>\n<p>Apr\u00e8s avoir fait au moins <strong>10 respirations normales,<\/strong> commencez <strong>\u00e0 ralentir la respiration<\/strong>.<\/p>\n<li><strong>Faites des cycles de la <a href=\"https:\/\/www.holisticattitude.com\/?page_id=75\"> respiration compl\u00e8te<\/a><\/strong>: gonflez le ventre, ensuite la poitrine, et finalement vos \u00e9paules. Toute en douceur et lentement.<\/li>\n<p>Rel\u00e2chez en vidant de haut en bas premi\u00e8rement les \u00e9paules,  la poitrine, le ventre et ensuite la poitrine.  Faites ce cycle au moins 5 fois.<\/p>\n<p><strong>DEUXI\u00c8ME  PARTIE: RESSENTEZ LES  POINTS DE CONTACTS (cette partie prend quelques minutes).<\/strong><\/p>\n<div id=\"attachment_1639\" style=\"width: 190px\" class=\"wp-caption aligncenter\"><a href=\"https:\/\/www.holisticattitude.com\/wp-content\/uploads\/cadavre_savasana-_blog.gif\"><img loading=\"lazy\" decoding=\"async\" aria-describedby=\"caption-attachment-1639\" src=\"https:\/\/www.holisticattitude.com\/wp-content\/uploads\/cadavre_savasana-_blog.gif\" alt=\"ressentezlespointsdecontacts\" title=\"cadavre_savasana _blog\" width=\"180\" height=\"90\" class=\"size-full wp-image-1639\" \/><\/a><p id=\"caption-attachment-1639\" class=\"wp-caption-text\">relaxation<\/p><\/div>\n<li>Cet exercice se concentre sur 8 zones, <strong>1) la zone plantaire<\/strong> (pieds, orteils, talons)  2)<strong>Les membres inf\u00e9rieurs<\/strong> -les jambes, le genou, les mollets 3)<strong>La r\u00e9gion du bas du dos<\/strong> fessiers, bassin-hanche, cuisses,4)<strong> La zone abdominale,<\/strong>  5) La zone thoracique, 6) <strong>Les membres sup\u00e9rieurs<\/strong> (bras, l&rsquo;avant bras et main) 7) <strong>La zone du cou<\/strong> (\u00e9paules et nuque). 8 <strong> La r\u00e9gion de la t\u00eate<\/strong> (yeux, oreilles, menton, nez, front).\n<li>Le principe est de sentir tous <strong>les points d&rsquo;appui<\/strong> du corps en contact avec le sol  dans la troisi\u00e8me partie apr\u00e8s avoir pass\u00e9-les en vue, de les rel\u00e2cher.<\/li>\n<p><\/BR><\/p>\n<li>Allongez vous sur le tapis.  <\/li>\n<li>Maintenant fermez vos yeux et portez votre concentration <strong>sur le corps entier<\/strong>.<\/li>\n<li>Prenez votre temps: sur plusieurs<strong> respirations<\/strong> sentez le contact de votre corps contre le sol.  <\/li>\n<li>PERCEVEZ bien LES POINTS DU CONTACT avec le SOL: l&rsquo;arri\u00e8re de LA T\u00caTE,  omoplates, coudes, mains, fessiers, mollets, les talons et le sol.<br \/>\nSentez tous ces points de contact ressentez bien le SOL qui vous ACCUEILLE ABANDONNEZ-VOUS  <\/li>\n<li> Imaginez que vous  enfoncez tous les parties de votre corps dans le <strong>SABLE<\/strong>, sentez le contact dans ce lit du sable. <\/li>\n<li>Tous les points de contact (du corps) \u00e9pousent harmonieusement le sable<br \/>\nsensations qui s&rsquo;enfoncent dans le SABLE. <\/li>\n<li><strong>Prenez conscience <\/strong>de chaque  partie de votre corps <strong>en contact avec<\/strong> \u00ab\u00a0ce lit du sable\u00a0\u00bb en commen\u00e7ant avec la zone plantaire.  Sentez le contact de la plante des pieds, le talon contre le tapis les orteils contre les chaussettes.<\/li>\n<li>les membres inf\u00e9rieurs -sentez le contact de l&rsquo;arri\u00e8re de vos jambes, le creux arri\u00e8re de vos genoux, les mollets contre le tissu de vos chaussettes.<\/li>\n<li><strong>La r\u00e9gion du bas du dos <\/strong>:sentez le contact de vos cuisses contre le tissu de vos shorts, les fesses contre le plancher.<\/li>\n<li><strong>La zone abdominale<\/strong> sentez le contact <strong>du bas du dos <\/strong>avec le sol, (\u00e9liminer  le creux de votre dos en basculant le bassin vers l&rsquo;avant),  sentez <strong>le contact de <strong>la colonne vert\u00e9brale<\/strong><\/strong> contre la terre.<\/li>\n<li><strong>La zone thoracique<\/strong>; sentez le contact des <strong>omoplates<\/strong> et la partie <strong>haute du dos<\/strong> contre le sol.<\/li>\n<li><strong>La zone du cou<\/strong>; sentez le contact des  <strong>\u00e9paules<\/strong> contre le surface de sable, sentez le contact de <strong>la nuque<\/strong> contre le sol.<\/li>\n<li><strong>Les membres sup\u00e9rieurs <\/strong> sentez le contact des  bras contre la peau, les coudes contre le sol, les poignets, les doigts contre le zone.<\/li>\n<li><strong>La r\u00e9gion de la t\u00eate <\/strong>: sentez le contact de votre t\u00eate contre le sol. \u00c9talez votre <strong>langue dans votre bouche,<\/strong> rentrez tr\u00e8s l\u00e9g\u00e8rement le menton contre le sternum. <\/li>\n<p><\/BR><br \/>\n<strong>LA TROISI\u00c8ME PARTIE VISUALISATION VIVRE UN MOMENT DE BONHEUR (\u00e0 travers les 5 sens) .<\/strong><\/p>\n<div id=\"attachment_4084\" style=\"width: 335px\" class=\"wp-caption aligncenter\"><a href=\"https:\/\/www.holisticattitude.com\/wp-content\/uploads\/visualise_relaxation.jpg\"><img loading=\"lazy\" decoding=\"async\" aria-describedby=\"caption-attachment-4084\" src=\"https:\/\/www.holisticattitude.com\/wp-content\/uploads\/visualise_relaxation.jpg\" alt=\"visualise\" title=\"visualise_relaxation\" width=\"325\" height=\"155\" class=\"size-full wp-image-4084\" srcset=\"https:\/\/www.holisticattitude.com\/wp-content\/uploads\/visualise_relaxation.jpg 325w, https:\/\/www.holisticattitude.com\/wp-content\/uploads\/visualise_relaxation-300x143.jpg 300w\" sizes=\"auto, (max-width: 325px) 100vw, 325px\" \/><\/a><p id=\"caption-attachment-4084\" class=\"wp-caption-text\">Visualise votre bonheur<\/p><\/div>\n<li>Pensez \u00e0 <strong>un \u00e9v\u00e8nement r\u00e9cent<\/strong> qui vous a apport\u00e9 du plaisir, de la joie (une f\u00eate, un anniversaire) c&rsquo;est \u00e0 vous de choisir). Transf\u00e9rez cette joie, ce ressenti, cette chaleur, l&rsquo;\u00e9nergie de cette \u00e9v\u00e8nement \u00e0 votre corps entier et revivre ce moment de bonheur avec tous vos sens.<\/li>\n<li>Selon vos envies vous pourriez <strong>faire appel aux cinq sens<\/strong>, ajoutez <strong>du son<\/strong>, de <strong>la lumi\u00e8re,<\/strong> des couleurs, de la <strong>chaleur<\/strong>, prise de contacts des v\u00eatements, une odeur agr\u00e9able.<\/li>\n<li><strong>Visualisez <\/strong> ce moment de bonheur, ressentez ce moment de bonheur, <strong>le plaisir<\/strong> dans tout votre corps dans chaque cellule de votre corps, <strong>des pieds jusqu&rsquo;\u00e0 votre t\u00eate<\/strong>.<\/li>\n<li>Laissez cette exp\u00e9rience <strong>r\u00e9sonner dans votre corps <\/strong>et son \u00e9nergie s&rsquo;\u00e9coule partout dans votre corps.<\/li>\n<li>Restez <strong>autant que vous vous voulez<\/strong> dans ce moment de bonheur en essayant \u00e0 chaque s\u00e9ance de prolonger le moment.<\/li>\n<p><\/BR><br \/>\n<strong>SORTEZ DOUCEMENT DE CETTE PRATIQUE.<\/strong><\/p>\n<li><strong>En pliant<\/strong> lentement<strong> bras et jambes<\/strong> roulez sur le c\u00f4t\u00e9 droit. <strong>Prenez un moment<\/strong> avant de vous lever.  <strong>Mettez-vous debout <\/strong>doucement lorsque vous sentez pr\u00eat.  <\/li>\n<li><strong>Remerciez<\/strong> votre corps silencieusement. Remerciez qui vous vous voulez cependant le remerciement et la gratitude sont des gestes importants d&rsquo;apr\u00e8s mes exp\u00e9riences.<\/li>\n<li><strong>Ouvrez<\/strong> les yeux quand vous vous sentez pr\u00eat.<\/li>\n<li><strong>Reprenez conscience<\/strong> de votre environnement, de la pi\u00e8ce o\u00f9 vous vous trouvez.<\/li>\n<li>La pratique est termin\u00e9e.<\/li>\n<li><strong>Ne vous d\u00e9couragez pas<\/strong> si c&rsquo;est la premi\u00e8re fois que vous faites cet exercice vous <strong>\u00e9prouvez une difficult\u00e9.<\/strong> C&rsquo;est NORMAL.<\/li>\n<li>Faites <strong>cet exercice r\u00e9guli\u00e8rement<\/strong> pour qu&rsquo;il devienne de plus en plus facile \u00e0 chaque fois.<\/li>\n<li>Vous allez voir que dans les semaines qui viennent juste <strong>en fermant vos yeux<\/strong> vous allez sentir la vibration de cette <strong>exp\u00e9rience r\u00e9sonner <\/strong>dans votre corps .<\/li>\n","protected":false},"excerpt":{"rendered":"<p>Cette pratique est compos\u00e9e de 3 parties: LA RESPIRATION RESSENTEZ LES POINTS DE CONTACTS LA VISUALISATION Selon votre disponibilit\u00e9 vous pouvez pratiquer toutes les trois parties ou juste pratiquer la premi\u00e8re partie- la respiration. II est conseill\u00e9 de commencer toujours par la respiration. AVANT DE COMMENCER Pour plus de confort portez des v\u00eatements amples et [&hellip;]<\/p>\n","protected":false},"author":1,"featured_media":0,"parent":66,"menu_order":7,"comment_status":"open","ping_status":"closed","template":"","meta":{"_monsterinsights_skip_tracking":false,"_monsterinsights_sitenote_active":false,"_monsterinsights_sitenote_note":"","_monsterinsights_sitenote_category":0,"slim_seo":{"title":"D\u00c9TENDEZ-VOUS, vivre un moment de bonheur - Holistic Attitude","description":"Cette pratique est compos\u00e9e de 3 parties: LA RESPIRATION RESSENTEZ LES POINTS DE CONTACTS LA VISUALISATION Selon votre disponibilit\u00e9 vous pouvez pratiquer toute"},"footnotes":""},"class_list":["post-838","page","type-page","status-publish","hentry"],"_links":{"self":[{"href":"https:\/\/www.holisticattitude.com\/wp-json\/wp\/v2\/pages\/838","targetHints":{"allow":["GET"]}}],"collection":[{"href":"https:\/\/www.holisticattitude.com\/wp-json\/wp\/v2\/pages"}],"about":[{"href":"https:\/\/www.holisticattitude.com\/wp-json\/wp\/v2\/types\/page"}],"author":[{"embeddable":true,"href":"https:\/\/www.holisticattitude.com\/wp-json\/wp\/v2\/users\/1"}],"replies":[{"embeddable":true,"href":"https:\/\/www.holisticattitude.com\/wp-json\/wp\/v2\/comments?post=838"}],"version-history":[{"count":3,"href":"https:\/\/www.holisticattitude.com\/wp-json\/wp\/v2\/pages\/838\/revisions"}],"predecessor-version":[{"id":11178,"href":"https:\/\/www.holisticattitude.com\/wp-json\/wp\/v2\/pages\/838\/revisions\/11178"}],"up":[{"embeddable":true,"href":"https:\/\/www.holisticattitude.com\/wp-json\/wp\/v2\/pages\/66"}],"wp:attachment":[{"href":"https:\/\/www.holisticattitude.com\/wp-json\/wp\/v2\/media?parent=838"}],"curies":[{"name":"wp","href":"https:\/\/api.w.org\/{rel}","templated":true}]}}