{"id":798,"date":"2011-09-10T05:21:54","date_gmt":"2011-09-10T03:21:54","guid":{"rendered":"https:\/\/www.holisticattitude.com\/wordpress\/?page_id=798"},"modified":"2020-01-07T12:16:08","modified_gmt":"2020-01-07T10:16:08","slug":"mineraux","status":"publish","type":"page","link":"https:\/\/www.holisticattitude.com\/alimentation\/mineraux\/","title":{"rendered":"MIN\u00c9RAUX"},"content":{"rendered":"<p><a href=\"https:\/\/www.holisticattitude.com\/wp-content\/uploads\/imagedents.jpg\"><img loading=\"lazy\" decoding=\"async\" src=\"https:\/\/www.holisticattitude.com\/wp-content\/uploads\/imagedents.jpg\" alt=\"dents-mineraux\" title=\"imagedents\" width=\"77\" height=\"84\" class=\"aligncenter size-full wp-image-807\" \/><\/a><\/p>\n<table border=\"1\">\n<tr>\n<td width=\"20%\">\n<ul>\n<li><strong> MIN\u00c9RAUX (apport journalier) <\/strong><\/li>\n<\/ul>\n<\/td>\n<td>\n<ul>\n<li><strong>IMPORTANCE POUR LE CORPS<\/strong><\/li>\n<\/ul>\n<\/td>\n<td>\n<li><strong>SOURCE<\/strong><\/li>\n<\/td>\n<\/tr>\n<tr>\n<td>\n<li> <strong>CALCIUM <\/strong> (550 -800 -1200 mg \/jour selon alimentation)<\/li>\n<\/td>\n<td>\n<li>    Joue un r\u00f4le essentiel dans la <strong>protection du capital osseux<\/strong>, assure la solidit\u00e9 et la r\u00e9sistance d&rsquo;os. Lutter<strong> contre l\u2019ost\u00e9oporose<\/strong>.\n<li><em> Comment se fait-il que les pays occidentaux o\u00f9 ils boivent le plus de <a href=\"https:\/\/www.holisticattitude.com\/?page_id=5499\"> <strong>LAIT<\/strong><\/a>, sont les pays o\u00f9 ils <strong>ont le plus d&rsquo;ost\u00e9oporose?<\/em><\/strong><\/li>\n<\/li>\n<\/td>\n<td>\n<li>Du <strong>s\u00e9same<\/strong>, (<strong>783 mg pour 100g<\/strong>) du <em>Gomasio<\/em> (compos\u00e9 de s\u00e9same et du sel marin),  le <strong>tofu ferme<\/strong>, <strong> (683mg pour 100g)<\/strong>,  de l\u2019<strong>algue,<\/strong> (<strong>de 148 mg \u00e0 400mg<\/strong> pour 100g),<\/strong> le <strong>lait de soja<\/strong>,(200 mg pour 100g) <\/li>\n<p><strong>\t<\/p>\n<li> L&rsquo;ortie<\/strong> (1900mg\/100g)<\/li>\n<li> <strong>de l&rsquo;eau (de 300 -600 mg\/L) <\/li>\n<li> Tous les <strong>fruits secs<\/strong>, les <strong>figues s\u00e8ches,<\/strong>(165 mg pour 100g)<\/li>\n<li> les<strong> noisettes,(114 mg pour 100g<\/strong>) noix de br\u00e8sil (130 mg pour 100g) <strong>amandes (250 mg pour 100g)<\/strong>.<\/li>\n<li><\/strong> haricot blancs cuits (170 mg pour 100g)  du <strong>chou,<\/strong>(212 mg pour 100g).<\/li>\n<li>Dans les <strong>l\u00e9gumes \u00e0 feuilles vertes <\/strong>(cresson (210 mg pour 100g), \u00e9pinard (104 mg pour 100g), fenouil (100 mg pour 100g), les <strong>crucif\u00e8res<\/strong> (navet (39 mg pour 100g) chou-vert (53 mg pour 100g) brocoli (93 mg pour 100g), les <strong>carottes, (30 mg pour 100g)<\/strong>le <strong>persil,<\/strong><strong>(200 mg pour 100g)<\/strong>.<\/li>\n<li>Les <strong>pommes<\/strong> (15 mg pour 100g) , les <strong>poires<\/strong>(10 mg pour 100g)  des<strong> framboise<\/strong> (22 mg pour 100g).\t<\/li>\n<\/td>\n<\/tr>\n<\/table>\n<table border=\"\u201d1\u2033\" cellspacing=\"\u201d0\u2033\" cellpadding=\"\u201d0\u2033\" width=\"\u201d390\u2033\">\n<tbody>\n<tr>\n<td><strong> MIN\u00c9RAUX (apport journalier)<\/strong><\/td>\n<td><strong>IMPORTANCE POUR LE CORPS<\/strong><\/td>\n<td><strong>SOURCE<\/strong><\/td>\n<\/tr>\n<tr>\n<td> <strong>CHROME <\/strong>(40 ug\/jour)<\/td>\n<td>\n<li>Le Chrome est n\u00e9cessaire pour r\u00e9gler le<strong> taux de sucre<\/strong> dans le sang et il joue un r\u00f4le dans le stockage du lipides. <strong> <\/li>\n<li>Les sympt\u00f4mes suivants r\u00e9v\u00e8lent<\/strong> peut-\u00eatre une carence en chrome,  vertiges et irritabilit\u00e9,  envie forte de sucre, besoin de repas fr\u00e9quents, \u00e9tat de somnolence <\/li>\n<li>Le chrome pourrait aider \u00e0 <strong>contr\u00f4ler la sensation du faim<\/strong>. <\/li>\n<li> Le chrome est<strong>TOXIQUE <\/strong>\u00e0 <strong>fort<\/strong> dose  <\/li>\n<\/td>\n<td> Levure de bi\u00e8re, c\u00e9r\u00e9ales compl\u00e8tes, haricots secs, noix, haricot rouges, petits pois, cacahu\u00e8tes&#8230;<A HREF=\"#TOP\">HAUT DE PAGE<\/A><BR><\/td>\n<\/tr>\n<tr>\n<td><strong> CUIVRE <\/strong>(150 ug\/jour<\/td>\n<td>\n<li>Elle joue un r\u00f4le essentiel dans les <strong>articulations, <\/strong>la protection des <strong>OS<\/strong> et des cartilages, le contr\u00f4le de la r\u00e9action inflammatoire, lutter contre les infections saisonni\u00e8res, favorisent un grand nombre de r\u00e9actions dans l&rsquo;organisme notamment la synth\u00e8se de l\u2019h\u00e9moglobine et la formation de la tyrosine. <\/li>\n<li>Les sympt\u00f4mes suivants rel\u00e8vent peut-\u00eatre une carence en cuivre (tr\u00e8s rare) : troubles d&rsquo;alimentation et de la croissance chez le nouveau-n\u00e9, an\u00e9mie par manque de fer, changement de couleur de cheveux <\/li>\n<\/td>\n<td>Graine de tournesol, les noix, le chocolat, les cacahu\u00e8tes,les champignons, le pain complet pruneaux..<A HREF=\"#TOP\">HAUT DE PAGE<\/A><BR><\/td>\n<\/tr>\n<tr>\n<td><strong>FER<\/strong> (Apport journalier recommand\u00e9e AJR)  homme 7mg\/jour et 12-16mg pour les femmes) jusqu&rsquo;\u00e0 25mg pour les femmes enceintes<\/td>\n<td>\n<li>   Le <strong>FER<\/strong> est n\u00e9cessaire pour la fabrication<strong> de l\u2019H\u00c9MOGLOBINE <\/strong>(les globules rouges qui transportent l\u2019oxyg\u00e8ne dans le corps) et le fonctionnement du CERVEAU.<strong>  <\/li>\n<li> Les sympt\u00f4mes suivants r\u00e9v\u00e8lent<\/strong> peut-\u00eatre une CARENCE en fer :<strong>AN\u00c9MIE<\/strong> (d\u00e9ficience en fer),<br \/>\nla FATIGUE,<br \/>\nla MAUVAISE CONCENTRATION,<br \/>\nla CHUTE DE CHEVEUX,<br \/>\nles ONGLES FRAGILES,<br \/>\nle MANQUE DE SOUFFLE,<br \/>\nles INFECTIONS \u00c0 R\u00c9P\u00c9TITIONS.<br \/>\nLe FER est surtout important  pour les femmes<strong> enceintes<\/strong> et les filles <strong> en p\u00e9riode de menstruation<\/strong> (perte du sang). <\/li>\n<li>Le<strong> TH\u00c9 et le CAF\u00c9 <\/strong> contiennent des  compos\u00e9s chimiques  (POLYPH\u00c9NOLS) qui peuvent r\u00e9duire l&rsquo;absorption\/assimilation du fer par le sang.<\/li>\n<li>La <strong>vitamine C<\/strong> aide l&rsquo;absorption du fer dans le sang<\/li>\n<li>Le <strong>Calcium<\/strong> peut emp\u00eacher l&rsquo;absorption du fer.  \u00c9vitez de manger des aliments riche en calcium une demi-heure avant et apr\u00e8s de manger des aliments riche en fer<\/li>\n<\/td>\n<td> Pour le plein de <strong> FER v\u00e9g\u00e9tal<\/strong>, misez sur les aliments tels que :-<br \/>\nLa <strong>spiruline<\/strong><br \/>\nLes <strong>graines de soja, de s\u00e9same ou de tournesol<\/strong><br \/>\nLe <strong>tofu,<\/strong><br \/>\nLes <strong>lentilles cuites,<\/strong><br \/>\nLes <strong>pois chiches <\/strong>,<br \/>\nLes <strong>doliques \u00e0 \u0153il noir <\/strong>,<br \/>\nLes<strong> \u00e9pinards cuits<\/strong>,<br \/>\nLes <strong>pommes de terre ,<\/strong><br \/>\nLes <strong>chou en feuille  <\/strong><br \/>\nDu <strong>chocolat noir <\/strong><br \/>\nLes<strong> tomates s\u00e9ch\u00e9es expos\u00e9e au soleil,<\/strong><br \/>\nLes <strong>p\u00e8ches s\u00e9ch\u00e9es <\/strong>,<br \/>\nLes<strong> raisons secs<\/strong>,<br \/>\nLes <strong>abricots sec,<\/strong><br \/>\nLe <strong>thym sec<\/strong><br \/>\nLe <strong>persil<\/strong><br \/>\nLes <strong>flocons d&rsquo;avoine <\/strong><br \/>\nLe <strong>quinoa cuit <\/strong><br \/>\nDu <strong>riz complet<\/strong><br \/>\nLes <strong>amandes<\/strong><br \/>\n    <A HREF=\"#TOP\">HAUT DE PAGE<\/A><BR><\/td>\n<\/tr>\n<tr>\n<td><strong> FLUOR<\/strong> (0,5mg\/jour pour l&rsquo;enfant et \u00e0 2mg\/jour pour les adultes)<\/td>\n<td>II se fixe aux os et \u00e0 l&rsquo;\u00e9mail des dents. Contribue \u00e0 pr\u00e9venir l&rsquo;ost\u00e9oporose et les caries sur les dents chez les jeunes.<\/td>\n<td>L&rsquo;eau riche en fluor et le th\u00e9, sels de table, les dentifrices et les bains de bouche.<A HREF=\"#TOP\">HAUT DE PAGE<\/A><BR><\/td>\n<\/tr>\n<tr>\n<td><strong> IODE<\/strong> (150 ug\/jour) <\/td>\n<td>Essentiel \u00e0 la fabrication des hormones thyro\u00efdiennes. Important chez les femmes enceintes. Les sympt\u00f4mes suivants rel\u00e8vent peut-\u00eatre une carence en iode :fatigue, mains et pieds froids, trous de m\u00e9moire, faiblesse musculaire, seins douloureux, hypertrophie de la thyro\u00efde.<\/td>\n<td>Laitue de mer rouge, algue, lait..<A HREF=\"#TOP\">HAUT DE PAGE<\/A><BR><\/td>\n<\/tr>\n<td><strong> LITHIUM <\/strong> \tAucune recommandation officielle r\u00e9cente n&rsquo;est disponible cependant il semble que l&rsquo;apport journalier par l&rsquo;alimentation devrait se situer \u00e0 2 mg par jour, parce que l&rsquo;organisme n&rsquo;en assimile que 10%. <\/td>\n<td>\n<li> Il est particuli\u00e8rement recommand\u00e9 \u00e0 la m\u00e9nopause, pour son action sur les troubles nerveux et circulatoires une \u00e9tape charni\u00e8re.  <\/li>\n<li> II agit sur <strong>le Syst\u00e8me Nerveux Central <\/strong> <\/li>\n<li> Il agit sur les glandes endocrines, le tube digestif et les muscles <\/li>\n<li> Son action est favoris\u00e9e par la vitamine E <\/li>\n<li> On peut l&rsquo;associer \u00e0 l&rsquo;aluminium pour les troubles du sommeil et de la m\u00e9moire<\/li>\n<li> Utilis\u00e9 en th\u00e9rapeutique de la psychose maniaco-d\u00e9pressive<\/li>\n<\/td>\n<td> Ce min\u00e9ral est pr\u00e9sente dans tous les aliments d&rsquo;origine v\u00e9g\u00e9tale mais en tr\u00e8s faible quantit\u00e9. Les <strong>c\u00e9r\u00e9ales compl\u00e8tes<\/strong>, Les Herbes (camomille), les Pommes de terre, les Tomates, L&rsquo;eau Min\u00e9rale provenant des Sources Naturelles, les Algues, les Aubergines (l\u00e9gumes racines), les Graines, les Oeufs, les Poivrons, les Radis&#8230; Renseignez-vous! <\/strong> <A HREF=\"#TOP\">HAUT DE PAGE<\/A><BR><\/td>\n<\/tr>\n<tr>\n<td><strong>MAGN\u00c9SIUM<\/strong>  (350 mg\/jour pour l\u2019adulte et<strong> 400 mg <\/strong>chez l\u2019adolescent).<\/td>\n<td>Ce min\u00e9ral est connu pour ses propri\u00e9t\u00e9s <strong>contre le STRESS,<\/strong> contribue au fonctionnement normal du sur <strong> syst\u00e8me nerveux<\/strong>. Permet la <strong>contraction musculaire. <\/strong>  On pourrait souffrir de la <strong>fatigue,<\/strong> des <strong>crampes<\/strong>, des <strong>palpitations <\/strong>, des <strong>mouvements involontaires des paupi\u00e8res <\/strong>ou des <strong>muscles<\/strong> si on est en manque.<\/td>\n<td>Les <strong>c\u00e9r\u00e9ales compl\u00e8tes<\/strong>, flocons d&rsquo;avoine les <strong>fruits <\/strong>et les <strong>l\u00e9gumes,<\/strong> l&rsquo;extrait naturel de<strong> sel marin, le chocolat et certaines eaux contiennent du magn\u00e9sium. Renseignez-vous! <\/strong> <A HREF=\"#TOP\">HAUT DE PAGE<\/A><BR><\/td>\n<\/tr>\n<td><strong> MANGAN\u00c8SE<\/strong> (1.8 mg\/jour pour les femmes et 2,3\/jour pour les hommes) <\/td>\n<td>Elle favorise l&rsquo;activation de certaines enzymes reli\u00e9es aux acides amin\u00e9s, au cholest\u00e9rol et aux glucides et la synth\u00e8se d&rsquo;autres. Impliqu\u00e9e dans la formation des os <\/td>\n<td>Les graines de citrouille, l&rsquo;algue, les noix, le cacao, haricots de soja, riz complet, pois chiches, th\u00e9&#8230;<A HREF=\"#TOP\">HAUT DE PAGE<\/A><BR><\/td>\n<\/tr>\n<tr>\n<td><strong>PHOSPHORE <\/strong> (1250 mg\/jour pour les adolescents et 700 mg\/jour pour les adultes).<\/td>\n<td>Contribue \u00e0 <strong>la sant\u00e9 des os<\/strong> et des <strong>dents<\/strong>, le bon fonctionnement des <strong>nerfs <\/strong>et les <strong>reins<\/strong>.<\/td>\n<td>Le <strong>lait, <\/strong>la l<strong>evure alimentaire<\/strong>, le <strong>poisson,<\/strong> les <strong>oeufs<\/strong>, les <strong>c\u00e9r\u00e9ales,<\/strong> les <strong>fruits sec<\/strong>, les l<strong>\u00e9gumineuse, <\/strong>les <strong>graines de tournesol,<\/strong>  et <strong>de s\u00e9same.<\/strong><A HREF=\"#TOP\">HAUT DE PAGE<\/A><BR><\/td>\n<\/tr>\n<tr>\n<td><strong>POTASSIUM<\/strong>  (0,5 -5,0g\/jour)<\/td>\n<td>Eviter les <strong>crampes musculaires<\/strong>, certains<strong> troubles du rythme cardiaque<\/strong>, <strong>dess\u00e8chement de la peau.<\/strong><\/td>\n<td>Les <strong>pommes de terre<\/strong>, les <strong>fruit frais<\/strong>, dont la <strong>banane, \ud83d\ude42 <\/strong>les <strong>l\u00e9gumineuses,<\/strong> le <strong>poisson<\/strong>, le <strong>chocolat,<\/strong> le <strong>persil,<\/strong> les <strong>champignons.<\/strong><A HREF=\"#TOP\">HAUT DE PAGE<\/A><BR><\/td>\n<\/tr>\n<tr>\n<td><strong> S\u00c9L\u00c9NIUM <\/strong> (55ug\/jour)<\/td>\n<td>\n<li>Participe \u00e0 la lutte contre les radicaux libres, un grand r\u00e9gulateur de la glande thyro\u00efde, stimule certaines d\u00e9fenses immunitaires, peut jouer un r\u00f4le dans la pr\u00e9vention de la cataracte.<\/li>\n<li> Chez l&rsquo;homme il est important dans la fabrication de spermatozo\u00efde et le fonctionnement de la prostate. <\/li>\n<li>Un manque de s\u00e9l\u00e9nium est associ\u00e9 \u00e0 une augmentation des \u00e9pisodes <strong>D\u00c9PRESSIFS<\/strong>  et de troubles de l&rsquo;humeur tel que l&rsquo;anxi\u00e9t\u00e9 <\/li>\n<\/td>\n<td>La noix de Br\u00e9sil, les graines (tournesol, s\u00e9same et les c\u00e9r\u00e9ales<A HREF=\"#TOP\">HAUT DE PAGE<\/A><BR><\/td>\n<\/tr>\n<tr>\n<td> <strong>SODIUM <\/strong>15OO mg par jour<\/td>\n<td>\n<li>Notre corps renferme environ 120mg de sodium; un tiers dans le squelette et le restant dans les liquides qui circulent en p\u00e9riph\u00e9rie des cellules ainsi que les nerfs et les muscles. <\/li>\n<li> II est n\u00e9cessaire pour le maintien de l&rsquo;\u00e9quilibre de nombreux processus dans les fluides corporels et les cellules. <\/li>\n<li>II sert \u00e0 r\u00e9gler la tension art\u00e9rielle et assure le bon fonctionnement des muscles et des nerfs. <\/li>\n<li> Les signes majeurs d&rsquo;une d\u00e9shydrations sont les suivants: vertiges, hypotension art\u00e9rielle, crampes musculaires nocturnes, coup de chaleur, d\u00e9shydrations, vomissements et naus\u00e9es, mauvaise concentration perte de l\u2019app\u00e9tit.   <\/li>\n<li>Faites attention trop du sel en cuisine peut <strong>d\u00e9calcifier les OS<\/strong>. <\/li>\n<\/td>\n<td> Sel, Tamari, Wakami, Miso, Choucroute&#8230;<A HREF=\"#TOP\">HAUT DE PAGE<\/A><BR><\/td>\n<\/tr>\n<tr>\n<td><strong>SOUFRE <\/strong> (1000mg\/jour)<\/td>\n<td>\n<li>Indispensable \u00e0 la bonne<strong> sant\u00e9 des cheveux <\/strong>(la k\u00e9ratine-une prot\u00e9ine) et de<strong> peau<\/strong>. <\/li>\n<li>Le <strong>ralentissement du vieillissent<\/strong>. <\/li>\n<li> Une carence risque de provoquer un vieillissement g\u00e9n\u00e9ral de l&rsquo;organisme, des<strong> ongles cassants, <\/strong>des cheveux fragiles. <strong><\/li>\n<li> L&rsquo;alliance du zinc <\/strong>avec le soufre est important dans la constitution des <strong>cheveux<\/strong>.<\/li>\n<\/td>\n<td>L&rsquo;<strong>avoine<\/strong>, le <strong>soja,<\/strong> le<strong>riz brun<\/strong>, les <strong>oeufs<\/strong>.<A HREF=\"#TOP\">HAUT DE PAGE<\/A><BR><\/td>\n<\/tr>\n<tr>\n<td><strong> ZINC<\/strong> (15 mg\/jour)<\/td>\n<td>\n<li>Le zinc se trouve dans les organes, les tissus, les<strong> liquides<\/strong> et les <strong>secr\u00e9tions<\/strong>. <\/li>\n<li>Le zinc favorise la <strong>cicatrisation des plaies, <\/strong>des<strong> probl\u00e8mes de peau<\/strong> comme le psoriasis, le bon \u00e9tat de la vue, de l&rsquo;odorat et du go\u00fbt, la formation des spermatozo\u00efdes la lib\u00e9ration de l&rsquo;hormone l&rsquo;insuline.Le zinc contribuait \u00e0 r\u00e9duire les <strong>sympt\u00f4mes pr\u00e9menstruels<\/strong><\/li>\n<li>Les sympt\u00f4mes suivants r\u00e9v\u00e8lent<\/strong> peut-\u00eatre une <strong>carence en zinc<\/strong> trouble de la <strong>croissance<\/strong> et du d\u00e9veloppement chez l&rsquo;enfant, <strong>peau s\u00e8che<\/strong> et rugueuse, trouble du go\u00fbt,  infections \u00e0 r\u00e9p\u00e9titions,  <strong>pousse lente de cheveux et des ongles,<\/strong> mauvaise concentration.<\/li>\n<li>Il intervient dans de nombreuses r\u00e9actions enzymatiques et joue un r\u00f4le important dans le m\u00e9tabolisme des prot\u00e9ines, des glucides et des lipides<\/li>\n<li>Il est ainsi indispensable aux d\u00e9fenses immunitaires, au go\u00fbt et \u00e0 l\u2019odorat.  <\/li>\n<li>De nouveaux travaux montrent qu&rsquo;il est possible de r\u00e9duire la progression de la d\u00e9g\u00e9n\u00e9rescence maculaire li\u00e9e \u00e0 l&rsquo;\u00e2ge(DMLA) gr\u00e2ce \u00e0 une combinaison de doses \u00e9lev\u00e9es de vitamine C, vitamine E, b\u00e9ta-carot\u00e8ne et zinc.  <\/li>\n<\/td>\n<td> La graine de citrouille, la graine de sesame, la graine de lin, la graine de tournesol, la graine de chia, Cacao, les noix, les algues, <A HREF=\"#TOP\">HAUT DE PAGE<\/A><BR><\/td>\n<\/tr>\n<\/tbody>\n<\/table>\n","protected":false},"excerpt":{"rendered":"<p>MIN\u00c9RAUX (apport journalier) IMPORTANCE POUR LE CORPS SOURCE CALCIUM (550 -800 -1200 mg \/jour selon alimentation) Joue un r\u00f4le essentiel dans la protection du capital osseux, assure la solidit\u00e9 et la r\u00e9sistance d&rsquo;os. Lutter contre l\u2019ost\u00e9oporose. Comment se fait-il que les pays occidentaux o\u00f9 ils boivent le plus de LAIT, sont les pays o\u00f9 ils [&hellip;]<\/p>\n","protected":false},"author":1,"featured_media":0,"parent":201,"menu_order":11,"comment_status":"open","ping_status":"closed","template":"","meta":{"_monsterinsights_skip_tracking":false,"_monsterinsights_sitenote_active":false,"_monsterinsights_sitenote_note":"","_monsterinsights_sitenote_category":0,"slim_seo":{"title":"MIN\u00c9RAUX - Holistic Attitude","description":"MIN\u00c9RAUX (apport journalier) IMPORTANCE POUR LE CORPS SOURCE CALCIUM (550 -800 -1200 mg \/jour selon alimentation) Joue un r\u00f4le essentiel dans la protection du c"},"footnotes":""},"class_list":["post-798","page","type-page","status-publish","hentry"],"_links":{"self":[{"href":"https:\/\/www.holisticattitude.com\/wp-json\/wp\/v2\/pages\/798","targetHints":{"allow":["GET"]}}],"collection":[{"href":"https:\/\/www.holisticattitude.com\/wp-json\/wp\/v2\/pages"}],"about":[{"href":"https:\/\/www.holisticattitude.com\/wp-json\/wp\/v2\/types\/page"}],"author":[{"embeddable":true,"href":"https:\/\/www.holisticattitude.com\/wp-json\/wp\/v2\/users\/1"}],"replies":[{"embeddable":true,"href":"https:\/\/www.holisticattitude.com\/wp-json\/wp\/v2\/comments?post=798"}],"version-history":[{"count":4,"href":"https:\/\/www.holisticattitude.com\/wp-json\/wp\/v2\/pages\/798\/revisions"}],"predecessor-version":[{"id":14950,"href":"https:\/\/www.holisticattitude.com\/wp-json\/wp\/v2\/pages\/798\/revisions\/14950"}],"up":[{"embeddable":true,"href":"https:\/\/www.holisticattitude.com\/wp-json\/wp\/v2\/pages\/201"}],"wp:attachment":[{"href":"https:\/\/www.holisticattitude.com\/wp-json\/wp\/v2\/media?parent=798"}],"curies":[{"name":"wp","href":"https:\/\/api.w.org\/{rel}","templated":true}]}}