{"id":7947,"date":"2013-09-28T12:42:30","date_gmt":"2013-09-28T10:42:30","guid":{"rendered":"http:\/\/www.holisticattitude.com\/wordpress\/?page_id=7947"},"modified":"2015-07-08T16:46:58","modified_gmt":"2015-07-08T14:46:58","slug":"l%e2%80%99analyse-des-reves-freud-et-jung","status":"publish","type":"page","link":"https:\/\/www.holisticattitude.com\/?page_id=7947","title":{"rendered":"L\u2019ANALYSE DES R\u00caVES FREUD et JUNG"},"content":{"rendered":"<p><strong>QUE R\u00c9V\u00c8LENT NOS R\u00caVES   ?  <\/strong><br \/>\nLes r\u00eaves sont un reflet de <strong>NOTRE SANT\u00c9 \u00c9MOTIONNELLE<\/strong>, un sous-produit des \u00e9motions non r\u00e9solues, enracin\u00e9es dans l&rsquo;inconscient.<\/p>\n<p>Ils peuvent  ;-<\/p>\n<li>\u00catre  La R\u00c9ALISATION D&rsquo;UN  D\u00c9SIR INCONSCIENT, une expression d&rsquo;un v\u0153u souhait\u00e9  (avoir une relation amoureuse, \u00eatre en vacances, voyager, quitter la maison&#8230;.).  <\/li>\n<li>\u00catre l&rsquo;expression de pr\u00e9occupations courantes sous une forme ou une autre, (des probl\u00e8mes d&rsquo;argent, les enfants, le travail&#8230;).  <\/li>\n<li>Provenir de L&rsquo;ENFANCE OU DU PASS\u00c9  des \u00e9motions ou d&rsquo;un \u00e9v\u00e9nement \u00e9motionnel que nous avez refoul\u00e9s (violence, guerre, maltraitance, abus sexuel, inceste&#8230;).  <\/li>\n<div id=\"attachment_7948\" style=\"width: 294px\" class=\"wp-caption aligncenter\"><a href=\"https:\/\/www.holisticattitude.com\/?attachment_id=7948\" rel=\"attachment wp-att-7948\"><img loading=\"lazy\" decoding=\"async\" aria-describedby=\"caption-attachment-7948\" src=\"https:\/\/www.holisticattitude.com\/wp-content\/uploads\/\/merder\u00eavesjpg.jpg\" alt=\"\" title=\"merder\u00eavesjpg\" width=\"284\" height=\"177\" class=\"size-full wp-image-7948\" \/><\/a><p id=\"caption-attachment-7948\" class=\"wp-caption-text\">Mer de R\u00eaves<\/p><\/div>\n<table border=\"1\">\n<tr>\n<td width=\"30%\">\n<ul>\n<li><strong>DIFF\u00c9RENCE<\/strong><\/li>\n<\/ul>\n<\/td>\n<td>\n<ul>\n<li><strong>FREUD<\/strong><\/li>\n<\/ul>\n<\/td>\n<td>\n<li><strong>JUNG<\/strong><\/li>\n<\/td>\n<\/tr>\n<tr>\n<td>\n<li><strong>R\u00c9ALISATION DU D\u00c9SIR<\/strong><\/li>\n<\/td>\n<td>\n<li>   FREUD a adopt\u00e9 une approche plut\u00f4t cart\u00e9sienne par rapport \u00e0 JUNG pour interpr\u00e9ter les r\u00eaves. Freud consid\u00e9rait que le r\u00eave (R\u00c9ALISATION DU D\u00c9SIR) permettrait \u00e0 l&rsquo;individu de comprendre L&rsquo;\u00c9TAT de son inconscient individuel.  <\/li>\n<li> Cependant les r\u00eaves ne sont pas toujours la r\u00e9alisation du d\u00e9sir. Sa th\u00e9orie avait une FAILLE &#8211;  pour citer un exemple les r\u00eaves de guerre ou les <strong>r\u00eaves cauchemardesques <\/strong> ne sont pas la r\u00e9alisation du d\u00e9sir  <\/li>\n<\/td>\n<td>\n<li>JUNG  Sa d\u00e9marche \u00e9tait plus globale, plus spirituelle m\u00eame <a href=\"https:\/\/www.holisticattitude.com\/?page_id=7820 \"><strong> TRANSPERSONNELLE <\/strong>   <\/a>  .  Dans ses \u00e9tudes des r\u00eaves il faisait r\u00e9f\u00e9rence \u00e0 L\u2019\u00c2ME, \u00e0<a href=\"https:\/\/www.holisticattitude.com\/?page_id=7820 \"><strong>L&rsquo;INCONSCIENT COLLECTIF.<\/strong>   <\/a>  \u00a0Il existe en chaque \u00eatre un <strong>\u00ab\u00a0inconscient collectif \u00ab\u00a0<\/strong>, s&rsquo;exprimant par des <a href=\"https:\/\/www.holisticattitude.com\/?page_id=7820 \"><strong> ARCH\u00c9TYPES <\/strong>   <\/a> <\/li>\n<li>Le  terme <a href=\"https:\/\/www.holisticattitude.com\/?page_id=7820 \"><strong>L&rsquo;INCONSCIENT COLLECTIF <\/strong>   <\/a> \u00e9tait \u00e9tabli par JUNG. Freud ne croyait pas \u00e0  <strong>L&rsquo;INCONSCIENT COLLECTIF <\/strong><\/li>\n<\/td>\n<\/tr>\n<tr>\n<td>\n<li> <strong>M\u00c9THODE <\/strong> <\/li>\n<\/td>\n<td>\n<li>   Freud \u00e9tait le premier \u00e0 concevoir une m\u00e9thode bas\u00e9e sur les <strong>ASSOCIATIONS LIBRES <\/strong> pour d\u00e9coder le message cach\u00e9 du r\u00eave (le contenu latent)    <\/li>\n<\/td>\n<td>\n<li>  JUNG  a utilis\u00e9 le processus  <a href=\"https:\/\/www.holisticattitude.com\/?page_id=7820 \"><strong>  D&rsquo;AMPLIFICATION <\/strong>   <\/a>  pour interpr\u00e9ter les r\u00eaves de ses patients    <\/li>\n<li>JUNG  \u00e9tait \u00e9galement le CR\u00c9ATEUR d&rsquo;une  technique   <a href=\"https:\/\/www.holisticattitude.com\/?page_id=7820 \"><strong>  \u00ab\u00a0L&rsquo;IMAGINATION ACTIVE\u00a0\u00bb <\/strong>   <\/a>  <\/li>\n<li> Jung a dit qu&rsquo;il \u00e9tait plus facile d&rsquo;interpr\u00e9ter UNE <strong>S\u00c9RIE DE R\u00caVES<\/strong> qu&rsquo;un seul afin de rep\u00e9rer des th\u00e8mes, des images ou des id\u00e9es r\u00e9currentes <\/li>\n<li>  II consid\u00e9rait que la plupart des r\u00eaves ressembleraient \u00e0 une  <a href=\"https:\/\/www.holisticattitude.com\/?page_id=7820 \"><strong>  TRAME DRAMATIQUE <\/strong>   <\/a>     <\/li>\n<\/td>\n<\/tr>\n<tr>\n<td>\n<li><strong>EST-CE QUE TOUT LE MONDE EST N\u00c9VROTIQUE <\/strong> <\/li>\n<\/td>\n<td> Oui plus ou moins selon FREUD !    <\/p>\n<li>    Freud consid\u00e9rait que les r\u00eaves \u00e9taient des  SYMPT\u00d4MES N\u00c9VROTIQUES  et puisque tout le monde r\u00eavent,  tout le monde aurait besoin de faire une psychanalyse !  Ces r\u00eaves r\u00e9sultent des d\u00e9sirs et des pulsions sexuelles REFOUL\u00c9S (souvent li\u00e9s \u00e0 la sexualit\u00e9 infantile), que le r\u00eaveur cache dans des IMAGES ONIRIQUES (r\u00eav\u00e9es) <\/li>\n<\/td>\n<td>\n<li>JUNG a refus\u00e9 de croire que tous les r\u00eaves ou les cas de n\u00e9vrose \u00e9taient d&rsquo;une nature sexuelle <\/li>\n<li> Jung croyait que r\u00eaver \u00e9tait un ph\u00e9nom\u00e8ne NATUREL    <\/li>\n<li> Jung croyait \u00e9galement que les r\u00eaves \u00e9taient bien plus que l&rsquo;expression du d\u00e9sir, une manifestation de l&rsquo;inconscient DIRECTEMENT dans le r\u00eave (sans refoulements)  <\/li>\n<li>  Pour JUNG il n&rsquo;y avait que le CONTENU MANIFESTE du r\u00eave.  Les symboles n&rsquo;avaient pas de sens secrets, ils n&rsquo;avaient pas besoin d&rsquo;\u00eatre d\u00e9crypt\u00e9s<\/li>\n<\/td>\n<\/tr>\n<tr>\n<td>\n<li> <strong>L&rsquo;INCONSCIENT : POUBELLE OU COFFRE AU TR\u00c9SOR<\/strong> ? <\/li>\n<\/td>\n<td>\n<li>    Freud voyait les r\u00eaves comme un <strong>D\u00c9POTOIR DU CONSCIENT <\/strong>(le MOI) (d\u00e9sirs, violences, peurs, angoisses&#8230;) <\/li>\n<\/td>\n<td>\n<li> Jung croyait que les r\u00eaves serviraient de<strong> GUIDE INT\u00c9RIEUR <\/strong> dans le cheminement dans la vie <\/li>\n<li> \u00ab\u00a0Les R\u00caVES sont de PORTEURS de sagesse\u00a0\u00bb <\/li>\n<\/td>\n<\/tr>\n<tr>\n<td>\n<li>   <strong>Les deux hommes ont travaill\u00e9 avec des SYMBOLES <\/strong><\/li>\n<\/td>\n<td>\n<li>  Freud analysait les SYMBOLES sur un niveau plus g\u00e9n\u00e9ral. II les utilisait comme un point d&rsquo;orientation et un outil d&rsquo; explication pour ses patients <\/li>\n<li> II tirait des exemples des R\u00c9SIDUS ARCHA\u00cfQUES D&rsquo;UNE EXP\u00c9RIENCE Ancestrale  <\/li>\n<li>Freud consid\u00e9rait le SYMBOLE comme un SIGNE ou une PURE ALL\u00c9GORIE correspondant \u00e0 un AUTRE contenu du  psychisme. Par exemple\n<li> r\u00eaver de BAGUETTES POINTUES symbolisent le p\u00e9nis, r\u00eaver de la GROTTE repr\u00e9sente le vagin, r\u00eaver de la CASTRATION la chute, r\u00eaver du CO\u00cfT le vol et r\u00eaver de la MASTURBATION pour la perte de dents&#8230;<\/li>\n<li> Selon lui il y avait toujours une SIGNIFICATION SEXUELLE \u00e0 attribuer \u00e0 chacun d&rsquo;eux   <\/li>\n<li>    Freud croyait qu&rsquo;il \u00e9tait possible d&rsquo;interpr\u00e9ter les r\u00eaves sans conna\u00eetre la personne parce que pour lui  les r\u00eaves \u00e9taient des symboles pr\u00e9d\u00e9finis  <\/li>\n<li> Cependant Freud croyait que dans certain cas les symboles pouvaient VARIER d&rsquo;un individu \u00e0 l&rsquo;autre, selon la religion, l&rsquo;\u00e9ducation c&rsquo;est ainsi qu&rsquo;un symbole peut \u00eatre d&rsquo;une signification diff\u00e9rente pour deux individus de nationalit\u00e9 diff\u00e9rentes, deux hommes de cultures diff\u00e9rentes <\/li>\n<\/td>\n<td>\n<li>   Pour JUNG le SYMBOLE repr\u00e9sentait beaucoup plus qu&rsquo;une simple r\u00e9f\u00e9rence,une m\u00e9taphore.  II a analys\u00e9 les SYMBOLES sur un niveau plus psycho-spirituel (l&rsquo;int\u00e9gration de la spiritualit\u00e9 \u00e0 la psychologie)   <\/li>\n<li> II croyait que le symbole \u00e9veillerait, mobiliserait, et transformerait la globalit\u00e9 de l&rsquo;individu en mettant le CONSCIENT en contact avec \u00ab\u00a0l&rsquo;inconnu et l&rsquo;ind\u00e9chiffrable\u00a0\u00bb <\/li>\n<\/td>\n<\/tr>\n<tr>\n<td>\n<li><strong> LE D\u00c9VELOPPEMENT PERSONNEL-L&rsquo;ENSEIGNEMENT<\/strong> <\/li>\n<\/td>\n<td>\n<li>FREUD  ne croyait pas que les r\u00eaves pouvaient aider l&rsquo;\u00eatre humain \u00e0 d\u00e9velopper son potentiel ou pr\u00e9dire le futur <\/li>\n<\/td>\n<td>\n<li> Selon JUNG les \u00ab enseignements du\u00a0r\u00eave\u00a0\u00bb sont en effet toujours\u00a0PERSONNELS <\/li>\n<p>II croit que :- <\/p>\n<li> les r\u00eaves servent des preuves de L&rsquo;ACTIVIT\u00c9 et du D\u00c9VELOPPEMENT de la psych\u00e9   <\/li>\n<li> Les r\u00eaves contiennent un<strong> SENS PR\u00c9MONITOIRE<\/strong> non seulement r\u00e9v\u00e9lateur du pass\u00e9 mais se projettent dans l&rsquo;avenir de l&rsquo;individu  <\/li>\n<li> le D\u00c9CODAGE des symboles peut aider le processus de l&rsquo;individualisation (la r\u00e9alisation du soi)  <\/li>\n<li>  les symboles permettent \u00e0 l&rsquo;individu de d\u00e9couvrir un SENS CACH\u00c9 \u00e0 ses \u00e9preuves, et d&rsquo;entrevoir des voies nouvelles. Ils le guident vers la d\u00e9couverte de sa cr\u00e9ativit\u00e9, de son tr\u00e9sor personnel  <\/li>\n<\/td>\n<\/tr>\n<tr>\n<td>\n<li> <strong> LES <a href=\"https:\/\/www.holisticattitude.com\/?page_id=7820 \"> ARCH\u00c9TYPES<\/strong>   <\/a><\/li>\n<\/td>\n<td>\n<li>   Le COMPLEXE D&rsquo;\u0152DIPE \u00e9tait le premier et le seul <a href=\"https:\/\/www.holisticattitude.com\/?page_id=7820 \"><strong> ARCH\u00c9TYPE<\/strong>   <\/a>    que  Freud ait d\u00e9couvert  <\/li>\n<\/td>\n<td>\n<li>Jung croyait \u00e9galement qu&rsquo;on pourrait mieux comprendre les r\u00eaves d&rsquo;un individu en faisant r\u00e9f\u00e9rence \u00e0 des symboles UNIVERSELLEMENT PARTAG\u00c9S comme les <a href=\"https:\/\/www.holisticattitude.com\/?page_id=7820 \"><strong> ARCH\u00c9TYPES  <\/strong>   <\/a>   FONDAMENTAUX  <\/li>\n<li>  II a aid\u00e9 ses patients  \u00e0 interpr\u00e9ter le contenu symbolique de ses r\u00eaves en puisant dans les mat\u00e9riaux  folkloriques (par exemple les Trolls), les mat\u00e9riaux mythiques (par exemple les dragons, les aigles, les dragon, les licornes, les centaures, les sphinx) et  les mat\u00e9riaux religieux (\u00e9glise, croix&#8230;)  <\/li>\n<\/td>\n<\/tr>\n<tr>\n<td> <strong> RAPPORT CORPS:ESPRIT  <\/strong><\/td>\n<td>\n<li>Suite \u00e0 des \u00e9tudes sur L\u2019HYST\u00c9RIE AU <strong>XIXe si\u00e8cle FREUD <\/strong>a relev\u00e9 que les sympt\u00f4mes physiques <strong>SONT RELI\u00c9S<\/strong> \u00e0 un trouble psychique.<\/li>\n<li>  FREUD a rep\u00e9r\u00e9  que leurs <strong>sympt\u00f4mes<\/strong>  ont r\u00e9sult\u00e9 directement des \u00e9motions \u00ab\u00a0tr\u00e8s forts\u00a0\u00bb, refoul\u00e9s durant leur enfance.  Par exemple  <strong>L&rsquo;HYST\u00c9RIE<\/strong> serait la r\u00e9ponse corporelle \u00e0 un traumatisme sexuel durant l&rsquo;enfance. <\/li>\n<\/td>\n<td>\n<li><strong> JUNG<\/strong> a dit que <strong>LE CORPS ET LE PSYCH\u00c9<\/strong> ne sont pas s\u00e9par\u00e9s. <em>\u00ab\u00a0La psych\u00e9 et le corps ne sont pas deux entit\u00e9s distinctes, mais <strong>la seule et  m\u00eame vie. <\/strong> Lorsque nous ignorons l&rsquo;un ou l&rsquo;autre, des sympt\u00f4mes se d\u00e9veloppent.   D\u00e9couvrir le sens profond de nos sympt\u00f4mes est essentiel pour que nous puissions corriger leur cap (r\u00e9tablir)\u00a0\u00bb<\/em>  JUNG Ses \u0153uvres compl\u00e8tes volume 17 <\/li>\n<\/td>\n<\/tr>\n<tr>\n<td>\n<li><strong>TH\u00c9RAPIE<\/strong>  <\/li>\n<\/td>\n<td>\n<li> Dans la <strong>CURE  FREUDIENNE <\/strong> les R\u00caVES ne faisaient toujours pas  partie de l&rsquo;analyse <\/li>\n<li> FREUD a adopt\u00e9 une attitude PASSIVE pendant les analyses de r\u00eaves de ses patients <\/li>\n<\/td>\n<td>\n<li>  Dans la<strong> CURE JUNGIENNE<\/strong> les utilisations des R\u00caVES \u00e9taient primordiaux car ils repr\u00e9sentaient le chemin PAR O\u00d9 passe l&rsquo;analyse. <\/li>\n<li> Jung a adopt\u00e9 une attitude ACTIVE pendant les analyses de r\u00eaves de ses patients <\/li>\n<\/td>\n<\/tr>\n<\/table>\n","protected":false},"excerpt":{"rendered":"<p>QUE R\u00c9V\u00c8LENT NOS R\u00caVES ? Les r\u00eaves sont un reflet de NOTRE SANT\u00c9 \u00c9MOTIONNELLE, un sous-produit des \u00e9motions non r\u00e9solues, enracin\u00e9es dans l&rsquo;inconscient. Ils peuvent ;- \u00catre La R\u00c9ALISATION D&rsquo;UN D\u00c9SIR INCONSCIENT, une expression d&rsquo;un v\u0153u souhait\u00e9 (avoir une relation amoureuse, \u00eatre en vacances, voyager, quitter la maison&#8230;.). \u00catre l&rsquo;expression de pr\u00e9occupations courantes sous une [&hellip;]<\/p>\n","protected":false},"author":1,"featured_media":0,"parent":197,"menu_order":8,"comment_status":"open","ping_status":"closed","template":"","meta":{"_monsterinsights_skip_tracking":false,"_monsterinsights_sitenote_active":false,"_monsterinsights_sitenote_note":"","_monsterinsights_sitenote_category":0,"slim_seo":{"title":"L\u2019ANALYSE DES R\u00caVES FREUD et JUNG - Holistic Attitude","description":"QUE R\u00c9V\u00c8LENT NOS R\u00caVES ? Les r\u00eaves sont un reflet de NOTRE SANT\u00c9 \u00c9MOTIONNELLE , un sous-produit des \u00e9motions non r\u00e9solues, enracin\u00e9es dans l'inconscient. Ils pe"},"footnotes":""},"class_list":["post-7947","page","type-page","status-publish","hentry"],"_links":{"self":[{"href":"https:\/\/www.holisticattitude.com\/index.php?rest_route=\/wp\/v2\/pages\/7947","targetHints":{"allow":["GET"]}}],"collection":[{"href":"https:\/\/www.holisticattitude.com\/index.php?rest_route=\/wp\/v2\/pages"}],"about":[{"href":"https:\/\/www.holisticattitude.com\/index.php?rest_route=\/wp\/v2\/types\/page"}],"author":[{"embeddable":true,"href":"https:\/\/www.holisticattitude.com\/index.php?rest_route=\/wp\/v2\/users\/1"}],"replies":[{"embeddable":true,"href":"https:\/\/www.holisticattitude.com\/index.php?rest_route=%2Fwp%2Fv2%2Fcomments&post=7947"}],"version-history":[{"count":6,"href":"https:\/\/www.holisticattitude.com\/index.php?rest_route=\/wp\/v2\/pages\/7947\/revisions"}],"predecessor-version":[{"id":10199,"href":"https:\/\/www.holisticattitude.com\/index.php?rest_route=\/wp\/v2\/pages\/7947\/revisions\/10199"}],"up":[{"embeddable":true,"href":"https:\/\/www.holisticattitude.com\/index.php?rest_route=\/wp\/v2\/pages\/197"}],"wp:attachment":[{"href":"https:\/\/www.holisticattitude.com\/index.php?rest_route=%2Fwp%2Fv2%2Fmedia&parent=7947"}],"curies":[{"name":"wp","href":"https:\/\/api.w.org\/{rel}","templated":true}]}}