{"id":793,"date":"2011-09-10T05:16:39","date_gmt":"2011-09-10T03:16:39","guid":{"rendered":"http:\/\/www.holisticattitude.com\/wordpress\/?page_id=793"},"modified":"2023-11-11T21:57:02","modified_gmt":"2023-11-11T19:57:02","slug":"vitamines","status":"publish","type":"page","link":"https:\/\/www.holisticattitude.com\/?page_id=793","title":{"rendered":"VITAMINES"},"content":{"rendered":"<p><a href=\"https:\/\/www.holisticattitude.com\/wp-content\/uploads\/vitamines.jpg\"><img loading=\"lazy\" decoding=\"async\" src=\"https:\/\/www.holisticattitude.com\/wp-content\/uploads\/vitamines-300x270.jpg\" alt=\"alimentation\" title=\"vitamines\" width=\"300\" height=\"270\" class=\"aligncenter size-medium wp-image-805\" srcset=\"https:\/\/www.holisticattitude.com\/wp-content\/uploads\/vitamines-300x270.jpg 300w, https:\/\/www.holisticattitude.com\/wp-content\/uploads\/vitamines.jpg 400w\" sizes=\"auto, (max-width: 300px) 100vw, 300px\" \/><\/a><br \/>\n<\/BR><\/p>\n<li><strong>ANTI-OXYDANTS<\/strong><\/li>\n<li>Les <strong>antioxydants<\/strong> jouent un r\u00f4le essentiel contre le <strong>vieillissement cellulaire<\/strong>.  IIs sont important pour les corps<\/li>\n<li> Les antioxydants <strong>prot\u00e8gent les cellules du corps <\/strong>contre les dommages caus\u00e9s par les <strong>radicaux libres<\/strong>. <\/li>\n<li>Les <strong>radicaux libres<\/strong> sont des molecules tr\u00e8s r\u00e9actives et instables qui lorsqu&rsquo;elles ne sont pas neutralis\u00e9 par des antioxydants (vitamines, enzymes, min\u00e9raux) endommagent les cellules du corps et sont \u00e0 l&rsquo;origine des cancers et des maladies. <\/li>\n<li><strong> Le mode de vie <\/strong>(tabac, pollution, soleil, pesticides, stress, alimentation d\u00e9s\u00e9quilibre riche en sucres et grasses) la maladie, et la vieillesse <strong>favorisent la fabrication de radicaux libres en exc\u00e8s<\/strong>.<\/li>\n<li>La plupart des vitamines et oligo\u00e9l\u00e9ments sont <strong>des anti-oxydants.<\/strong> <\/li>\n<p><\/BR><\/p>\n<td><strong>BETA-CAROT\u00c8NE<\/strong> <strong>10-20 mg ou 17 000 \u00e0 30 000 UI<\/strong><\/td>\n<li> Un<strong> pigment<\/strong> qui donne sa couleur aux fruits et l\u00e9gumes (carottes, abricot, pamplemousse&#8230;<\/li>\n<li>Le <strong>Beta-carot\u00e8ne<\/strong> appartient \u00e0 la famille des <strong>carot\u00e9no\u00efdes<\/strong> (pigments jaunes ou oranges qui donne leurs couleurs aux fruits et l\u00e9gumes comme les <strong>poivrons<\/strong> et les<strong> oranges<\/strong>). <\/li>\n<li>La <strong>lut\u00e9ine<\/strong> est un pigment <strong>carot\u00e9no\u00efde <\/strong>qui se trouve en tr\u00e8s forte concentration dans la r\u00e9tine de l&rsquo;\u0153il, plus pr\u00e9cis\u00e9ment dans la<strong> macula<\/strong>, (avec la<strong> z\u00e9axanthine<\/strong> et la m\u00e9so-z\u00e9axanthine).   On trouve la <strong>lut\u00e9ine<\/strong> dans les poivrons jaunes, les mangues, les myrtilles et les l\u00e9gumes \u00e0 feuilles vertes. La <strong>z\u00e9axanthine<\/strong> est un isom\u00e8re (m\u00eame formule des mol\u00e9cules, ions, propri\u00e9t\u00e9s diff\u00e9rentes) de la <strong>lut\u00e9ine<\/strong>, un autre pigment xanthophylle, \u00e9galement responsable de la couleur jaune orang\u00e9e de certaines plantes. La <strong>lut\u00e9ine<\/strong> et la <strong>z\u00e9axanthine <\/strong>ont des propri\u00e9t\u00e9s antioxydantes et elles filtrent la lumi\u00e8re bleue. La <strong>lut\u00e9ine<\/strong> et la <strong>z\u00e9axanthine<\/strong> sont importants pour la sant\u00e9 des yeux. Ces derniers ont un r\u00f4le essentiel car ils prot\u00e8gent la macula (centre de la r\u00e9tine) contre les maladies et la <strong>d\u00e9t\u00e9rioration de la vision <\/strong> (d\u00e9g\u00e9n\u00e9rescence maculaire)? <\/li>\n<li> Le<strong> beta-carot\u00e8ne<\/strong>  est une source importante<strong> d&rsquo;antioxydants<\/strong>.<\/li>\n<li>Les <strong>meilleures sources <\/strong>des<strong> beta-carot\u00e8ne <\/strong>sont des <strong><strong>l\u00e9gumes \u00e0 feuilles vertes,<\/strong> des fruits, orange fonc\u00e9, rouge et vert.<\/strong>\t<\/li>\n<li>\n <strong>Toxique<\/strong> pour le foie en exc\u00e8s.<\/li>\n<li>R\u00e9duit les risques de certains<strong> cancers:<\/strong> des seins, de la vessie, des poumons&#8230;.\t<\/li>\n<li> Important en <strong>cicatrisations des plaies <\/strong><\/li>\n<li>Protection de la peau contre des<strong> agressions ext\u00e9rieures<\/strong> (soleil)<\/li>\n<li> Assiste \u00e0 prot\u00e9ger la peau contre le <strong>vieillissement..<\/strong><\/li>\n<p><A HREF=\"#TOP\">HAUT DE PAGE<\/A><BR><\/td>\n<table border=\"\u201d1\u2033\" cellspacing=\"\u201d0\u2033\" cellpadding=\"\u201d0\u2033\" width=\"\u201d390\u2033\">\n<tbody>\n<tr>\n<td><strong>VITAMINE (apport \/jour) <\/strong> <\/td>\n<td><strong>IMPORTANCE POUR LE CORPS<\/strong><\/td>\n<td><strong>SOURCE<\/strong><\/td>\n<\/tr>\n<tr>\n<td><strong>VITAMINE A<\/strong> (<strong>0,8mg \u00e0 2 mg<\/strong> par jour)<\/td>\n<td>Elle se pr\u00e9sente sous 2 formes<strong> le b\u00eata-carot\u00e8ne <\/strong>ou<strong> r\u00e9tinol <\/strong>(les produits d&rsquo;origine animale)  Elle est essentielle pour <strong>la vision nocturne<\/strong>.  Aide \u00e0 prot\u00e9ger la structure des <strong>membranes cellulaires<\/strong>. Joue un r\u00f4le important dans le maintien de la <strong>sant\u00e9 de la peau<\/strong>. Combat les <strong>infections<\/strong> et la <strong>fatigue<\/strong>. Important pour la croissance des dents, des ongles, des cheveux, des os et des glandes. Elle a des effets important <strong> d\u2019antioxydants<\/strong>.<\/td>\n<td>La <strong>vitamine A <\/strong>sous forme de <strong>b\u00eatacarot\u00e8ne <\/strong>se trouve en grande quantit\u00e9 dans les l\u00e9gumes et fruits color\u00e9s, elle se trouve dans les l\u00e9gumes et fruits tr\u00e8s rouge (<strong>poivrons rouge, tomates<\/strong>) tr\u00e8s orang\u00e9 (<strong>carottes<\/strong>, <strong>oranges<\/strong>, <strong>abricots,<\/strong> <strong>potimarron<\/strong>,<strong>mangues s\u00e9ch\u00e9es<\/strong>, melons) et tr\u00e8s verts (les <strong>brocolis,<\/strong> la<strong> cresson<\/strong>, l&rsquo;\u00e9pinard, les <strong>feuilles d&rsquo;endives<\/strong>, laitue) . Elle se trouve \u00e9galement dans la beurre (sous forme de r\u00e9tinol) et le <strong>jaune d\u2019\u0153uf<\/strong>. <\/p>\n<p>Elle se trouve dans la <strong>spiruline.<\/strong> Vitamine A est lipo-soluble et peut donc \u00eatre stock\u00e9 dans le corps. sux de t\u00eates, des troubles de la <strong>vision<\/strong>, des douleurs osseuses&#8230;.<A HREF=\"#TOP\">HAUT DE PAGE<A><BR><\/td>\n<\/tr>\n<tr>\n<td><strong>VITAMINE B<\/strong> (les vitamines du groupe B sont au nombre de huit)<\/td>\n<td>Ces vitamines r\u00e9gulent l\u2019ensemble du <strong>syst\u00e8me nerveux<\/strong>, elles<strong>fournissent l&rsquo;\u00e9nergie aux cellules <\/strong>\u00e0 travers les r\u00e9actions chimiques et aux<strong> muscles.<\/strong>.  Elles sont importantes pour \u00e9chapper \u00e0 la <strong>fatigue nerveuse.<\/strong><\/td>\n<td>On les trouve dans la <strong>levure alimentaire<\/strong>, les <strong>c\u00e9r\u00e9ales compl\u00e8tes<\/strong>, les <strong>l\u00e9gumes secs<\/strong> (lentilles, pois sec ..) ou l\u00e9gumes verts, les<strong> noix<\/strong>, les <strong>graines<\/strong>, les<strong> fruits.<\/strong><A HREF=\"#TOP\">HAUT DE PAGE<\/A><BR><\/td>\n<\/tr>\n<tr>\n<td><strong>Vitamine B1<\/strong> Thiamine (<strong>1,4 mg\/<\/strong>jour)<\/td>\n<td>.Son r\u00f4le est essentiel pour la m\u00e9moire et la concentration, elle est n\u00e9cessaire au bon fonctionnement du <strong>syst\u00e8me nerveux<\/strong> et elle aide \u00e0 la transformation des glucides en \u00e9nergie. Une carence minime augmenterait le besoin du sucre. Beri-beri (des troubles neurologiques et cardio-vasculaires) r\u00e9sulte d&rsquo;un manque s\u00e9v\u00e8re en vitamine B1. La vitamine B1 aide dans la lutte contre la maladie Alzheimer et la scl\u00e9rose en plaques.<\/td>\n<td>la Levure, la graine de tournesol s\u00e9ch\u00e9e, les graines de soja, les petits pois, l&rsquo;orange, les figues, les c\u00e9r\u00e9ales compl\u00e8tes..<A HREF=\"#TOP\">HAUT DE PAGE<\/A><BR><\/td>\n<\/tr>\n<tr>\n<td><strong>Vitamine B2<\/strong> Riboflavin (De <strong>1,3mg \u00e0 1,6mg<\/strong>\/jour)<\/td>\n<td>Vitamine B2 joue un r\u00f4le dans la production de l&rsquo;\u00e9nergie.  Elle participe \u00e9galement \u00e0 la formation de la peau, des ongles, des poils et des cheveux.  Elle diminue les crampes musculaires des jambes.  La vitamine B2 est associ\u00e9e \u00e0 la vitamine B6 pour soigner le syndrome du canal carpien. Un apport insuffisant peut provoquer les sympt\u00f4mes suivants vertiges, yeux irrit\u00e9s, fatigu\u00e9s et inject\u00e9s de sang, langue et l\u00e8vres enflamm\u00e9s.<\/td>\n<td>La levure, la spiruline, les c\u00e9r\u00e9ales, le fromage \u00e0 p\u00e2te dure, les \u0153ufs, les yaourts, du lait entier&#8230;<A HREF=\"#TOP\">HAUT DE PAGE<\/A><BR><\/td>\n<\/tr>\n<tr>\n<td><strong>Vitamine B3 ou niacine<\/strong> (De 1<strong>4mg \u00e0 18 mg\/<\/strong>jour)<\/td>\n<td>Fabrique deux  coenzymes NADP et NAD, qui aident \u00e0 transformer des aliments en \u00e9nergie. Joue un r\u00f4le dans la formation de la peau et les cheveux, \u00e0 la fabrication du sang et \u00e0 la r\u00e9gulation du cholest\u00e9rol.  La vitamine est hydrosoluble c&rsquo;est \u00e0 dire elle n&rsquo;est pas stock\u00e9 dans le corps et il faut le consommer r\u00e9guli\u00e8rement.<\/td>\n<td>Germe de bl\u00e9, fromage \u00e0 p\u00e2te dur, pain complet, les algues, la spiruline; le noix, oeuf..<A HREF=\"#TOP\">HAUT DE PAGE<\/A><BR><\/td>\n<\/tr>\n<tr>\n<td><strong>Vitamine B5 (acid pantoth\u00e9nique)<\/strong> (de <strong>10 mg \u00e0 12mg\/<\/strong>jour)   <\/td>\n<td>. Une vitamine hydrosoluble. Elle participe \u00e0 des cicatrisations des plaies r\u00e9centes, des fonctionnement des cellules, aide l&rsquo;organisme \u00e0 luttre contre les infections,  et elle contribue \u00e0 la synth\u00e8se d&rsquo;hormones antistress dans les surr\u00e9nales et elle est importante contre la fatigue postop\u00e9ratoire. Des sympt\u00f4mes suivants r\u00e9v\u00e8lent peut-\u00eatre une carence en vitamine B5; tremblement et mauvaise coordination des crampes, crampes, fourmillements, engourdissement, d\u00e9pression, anxi\u00e9t\u00e9, dents grin\u00e7ant durant le sommeil&#8230; <\/td>\n<td> Cacahu\u00e8tes, p\u00e2te de s\u00e9same, graines de s\u00e9same, noix, les algues, la spiruline, avocat, pommes, abricots secs, figues s\u00e8ches&#8230;<A HREF=\"#TOP\">HAUT DE PAGE<\/A><BR><\/td>\n<\/tr>\n<tr>\n<td><strong>VITAMINE B6 <\/strong>(<strong>2 mg<\/strong> par jour)<\/td>\n<td>Le manque peut donner lieu \u00e0 <strong>un \u00e9tat de fatigue,<\/strong> des sautes d\u2019humeur ou un <strong>\u00e9tat d\u00e9pressif<\/strong>.<\/td>\n<td><strong>levure de bi\u00e8re<\/strong>, <strong>graines de tournesol, <\/strong>les <strong>haricots,<\/strong> <strong>les pistaches, la spiruline,<\/strong> les <strong>lentilles<\/strong>, les <strong>champignons<\/strong> les <strong>bananes<\/strong>, les <strong>avocats<\/strong>. <A HREF=\"#TOP\">HAUT DE PAGE<\/A><BR><\/td>\n<\/tr>\n<tr>\n<td><strong>Vitamine B8<\/strong> (<strong>biotine<\/strong> ou <strong>vitamine H<\/strong> ou <strong>coenzyme R<\/strong>) <strong>30 ug ou 0,3 mg (30 ug) <\/strong>par jour<\/td>\n<td>Ses r\u00f4les sont nombreux. Joue un r\u00f4le au niveau de la m\u00e9tabolisme (production de l&rsquo;\u00e9nergie et m\u00e9tabolisme de glucides et de protides) et dans la sant\u00e9 de la peau, des cheveux (renforcer la chevelure), des ongles et les muqueuses.<\/td>\n<td>Se trouve dans la levure, les graines, les l\u00e9gumineuses, les noix, les \u00e9pinards, les \u0153ufs, les champignons, les avocats. Des sympt\u00f4mes de carences sont indiqu\u00e9s par de probl\u00e8mes de peau (s\u00e9cheresse..) <A HREF=\"#TOP\">HAUT DE PAGE<\/A><BR><\/td>\n<\/tr>\n<tr>\n<td><strong>VITAMINE B9 (Acide folique)  <\/strong> (<strong>200 \u00e0 400 <\/strong>mg\/jour)<\/td>\n<td>La vitamine B9 participe \u00e0 la synth\u00e8se de l&rsquo;ADN (constituant l&rsquo;essentiel des chromosomes du noyau cellulaire) et \u00e0 la formation des<strong> globules rouges du sang <\/strong>et pr\u00e9vient l&rsquo;an\u00e9mie. Elle joue \u00e9galement un r\u00f4le dans la synth\u00e8se des neurotransmetteurs et la biosynth\u00e8se des prot\u00e9ines. Elle est primordiale chez les <strong>femmes enceintes<\/strong>. Elle aide \u00e0 diminuer le risque que le b\u00e9b\u00e9 soit<strong> atteint de spina-bifida<\/strong><\/td>\n<td>les <strong>l\u00e9gumes verts,<\/strong> le <strong>brocoli<\/strong>, les <strong> \u00e9pinards <\/strong>, la <strong>cresson<\/strong>,  la <strong>m\u00e2che<\/strong>, les<strong> asperges<\/strong>, les c\u00e9r\u00e9ales compl\u00e8tes, la <strong>levure alimentaire<\/strong>,les algues, les graines, <strong>fruits<\/strong> (les bananas, les oranges)<strong> riz, haricot, soya.<\/strong><A HREF=\"#TOP\">HAUT DE PAGE<\/A><BR><\/td>\n<\/tr>\n<tr>\n<td><strong>VITAMINE B12<\/strong> (<strong>2,4 ug<\/strong> par jour)<\/td>\n<td>Essentielle au fonctionnement du <strong> syst\u00e8me nerveux, <\/strong>production des <strong>globules rouges<\/strong>, transport d&rsquo;oxyg\u00e8ne et pr\u00e9vient l&rsquo;an\u00e9mie. Une carence en vitamine B12 provoque <strong>de la fatigue<\/strong>. <\/td>\n<td>Il ne se trouve <strong>que<\/strong> dans les aliments d&rsquo;origine animale, des oeufs, fromage et fruits de mer. Les  v\u00e9g\u00e9taliens doivent compenser leur carence alimentaire en vitamin B12 par des suppl\u00e9ments.<A HREF=\"#TOP\">HAUT DE PAGE<\/A><BR><\/td>\n<\/tr>\n<tr>\n<td><strong>VITAMINE C<\/strong> (de <strong>70mg \u00e0 100<\/strong> mg par jour)<\/td>\n<td>Vitamine C combat contre les <strong>infections,<\/strong> stimule la production de <strong>collag\u00e8ne, <\/strong> g\u00e8re le <strong>stress<\/strong> et <strong>r\u00e9veille notre tonus.<\/strong>  Important <strong>source d\u2019antioxydant dont elle <strong>neutralise<\/strong> les <strong>radicaux libres<\/strong>.<\/strong><\/td>\n<td>Tous les<strong> fruits<\/strong>, les <strong>l\u00e9gumes<\/strong>, le<strong> persil,<\/strong> les<strong> tomates<\/strong>, les abricots, les<strong> oranges<\/strong>, la <strong>grenade<\/strong>, les <strong>baies<\/strong>, les <strong>papayes<\/strong>, <strong>fraises<\/strong>,le kiwi, les mangues s\u00e9ch\u00e9es, le cassis&#8230;  \t<\/p>\n<li>Les fruits riches en <strong>vitamine C,<\/strong> sous forme de <strong>beta-carot\u00e8ne<\/strong> (un pigment), sont \u00e9galement de<strong> pr\u00e9curseur de la vitamine A<\/strong><\/li>\n<p>.<\/p>\n<li>En France il existe beaucoup de <strong>produits<\/strong> qui ont une <strong>source importante de Vitamine C,<\/strong> inutile de manger des <strong>baies du GOJI<\/strong> qui viennent de l&rsquo;autre coin du monde.  <strong>Ac\u00e9rola<\/strong>, un superfruit, contient beaucoup de vitamine C (l\u2019analyse a montr\u00e9 qu\u2019une quart d\u2019un comprime d\u2019Ac\u00e9rola (100mg) est \u00e9quivaut \u00e0 2 oranges) est une <strong>source d\u2019anti-oxydant<\/strong><\/li>\n<p>.<A HREF=\"#TOP\">HAUT DE PAGE<\/A><BR><\/td>\n<\/tr>\n<tr>\n<td><strong>VITAMINE D <\/strong>  (de <strong>0,5mg \u00e0 15mg<\/strong> par jour).<\/td>\n<td>C\u2019est la <strong>vitamine du soleil<\/strong> et de la bonne humeur.  Entre <strong>50% et 70%<\/strong> de la <strong>population fran\u00e7aise <\/strong>pr\u00e9senterait un D\u00c9FICIT en vitamine D qui est fabriqu\u00e9 par le corps sous l\u2019action du soleil par l\u2019absorption de certains aliments (le <strong>germe du bl\u00e9<\/strong>, le <strong>jaune d\u2019\u0153uf,<\/strong> les <strong>poissons<\/strong> et les <strong>produits laitiers<\/strong>). Or ses effets b\u00e9n\u00e9fiques ont \u00e9t\u00e9 d\u00e9montr\u00e9s que ce soit sur le syst\u00e8me osseux, les maladies cardiovasculaires, les fonctions immunitaires ou la pr\u00e9vention de certains cancers.<\/td>\n<td>La principale source de<strong> vitamine D est l&rsquo;action de la lumi\u00e8re du soleil sur la peau.<\/strong> Aussi les <strong>poissons gras<\/strong> (saumon, hareng, anchois..).<A HREF=\"#TOP\">HAUT DE PAGE<\/A><BR><\/td>\n<\/tr>\n<tr>\n<td><strong>VITAMINE E<\/strong> (De <strong>10 \u00e0 15<\/strong> mg par jour)<\/td>\n<td>La vitamine E au pouvoir antioxydant 3 fois sup\u00e9rieur \u00e0 celui de la vitamine C. La vitamine E  <strong>prot\u00e8ge les membranes<\/strong> contre l\u2019oxyg\u00e9nation <strong>(vieillissement cellulaire<\/strong>). Emp\u00eache la peau de vieillir, la <strong>perte de m\u00e9moire<\/strong>. Elle lutte contre l\u2019<strong>usure des tissus<\/strong>, renforce le<strong> syst\u00e8me immunitaire.<\/strong> Important <strong>source d\u2019antioxydant<\/strong>.<\/td>\n<td>Cela se trouve dans toutes les <strong>huiles vierges press\u00e9s \u00e0 froid<\/strong>, les<strong> noix,<\/strong> les <strong>fruits tropicaux<\/strong> le <strong>kiwi<\/strong> et les <strong>abricots secs<\/strong>. <A HREF=\"#TOP\">HAUT DE PAGE<\/A><BR><\/td>\n<\/tr>\n<tr>\n<td><strong>Vitamine K<\/strong> (de <strong>90ug<\/strong>\/jour \u00e0 \/<strong>120<\/strong> ugjour)<br \/>\nou de <strong>0.9 mg<\/strong> \u00e0 <strong>1.2 mg <\/strong>par jour)\n<\/td>\n<td>La vitamine est synth\u00e9tis\u00e9e par le bact\u00e9ries dans le colon et l&rsquo;alimentation.  Elle est essentielle pour <strong>la coagulation du sang, <\/strong>responsable pour la fixation du calcium sur la structure osseuse (lutte contre<strong> l&rsquo;ost\u00e9oporose<\/strong>), important pour la <strong>sant\u00e9 osseuse<\/strong>.  Les <strong>sympt\u00f4mes suivants r\u00e9v\u00e8lent <\/strong>peut-\u00eatre une carence en vitamine K diarrh\u00e9es chronique, saignements spontan\u00e9s, saignement longs \u00e0 cesser. Le b\u00e9b\u00e9, \u00e0 sa naissance, poss\u00e8de un faible niveau de vitamine K. Les b\u00e9b\u00e9s n\u00e9s \u00e0 l&rsquo;h\u00f4pital re\u00e7oivent syst\u00e9matiquement : 2 mg de vitamine K au moment de la naissance.  Le r\u00f4le de <strong>la vitamine K<\/strong> est d\u2019\u00e9viter la maladie <strong>h\u00e9morragique du nourrisson<\/strong>. <\/td>\n<td>Brocoli, choux de Bruxelles, chou vert, coriandre, feuilles d&rsquo;endives <strong>Spiruline,<\/strong> yaourt, jaune d\u2019\u0153uf, huile de soja, varech (algue)..<A HREF=\"#TOP\">HAUT DE PAGE<\/A><BR><\/td>\n<\/tr>\n<tr>\n<td><strong>VITAMINE P<\/strong> (<strong>500 mg <\/strong>par jour)<\/td>\n<td>La vitamine P  n&rsquo;est pas une vitamine dans le vrai sens du mot.  Elle est plus souvent connu sous le nom de bioflavono\u00eedes, ou flavine et elle est un antioxydant qu&rsquo;on trouve dans les aliments avec la vitamine C. Le corps ne produit pas cette vitamine. Elle renforce les <strong>parois capillaires<\/strong>, joue un r\u00f4le de protection contre les h\u00e9morragies, soulage les douleurs et aide \u00e0 soigner les blessures sportives, facilite la circulation et s\u00e9cr\u00e9tion de bile, joue un r\u00f4le pour combattre les rhumes en association avec la vitamine C et elle favorise l&rsquo;absorption du vitamine C. Une carence comme les vitamines du groupe C peut provoquer le <strong>Scorbut <\/strong>(scurvy en anglais), une vieille maladie de marins courante du XVe et XVIIIe si\u00e8cle. Ses sympt\u00f4mes se caracterisent par l&rsquo;an\u00e9mie, les gencives saignantes, la perte des dents et la d\u00e9g\u00e9n\u00e9rescence des muscles .<\/td>\n<td>Cela se trouve dans l&rsquo;oignon rouge, les agrumes (la pulpe et l&rsquo;\u00e9corce), les poivrons verts et certains fruits comme les cerises,les mangues, les abricots, les tomates. <A HREF=\"#TOP\">HAUT DE PAGE<\/A><BR><\/td>\n<\/tr>\n<tr>\n<td><\/td>\n<td>.<\/td>\n<td><A HREF=\"#TOP\">HAUT DE PAGE<\/A><BR><\/td>\n<\/tr>\n<\/tbody>\n<\/table>\n","protected":false},"excerpt":{"rendered":"<p>ANTI-OXYDANTS Les antioxydants jouent un r\u00f4le essentiel contre le vieillissement cellulaire. IIs sont important pour les corps Les antioxydants prot\u00e8gent les cellules du corps contre les dommages caus\u00e9s par les radicaux libres. Les radicaux libres sont des molecules tr\u00e8s r\u00e9actives et instables qui lorsqu&rsquo;elles ne sont pas neutralis\u00e9 par des antioxydants (vitamines, enzymes, min\u00e9raux) endommagent [&hellip;]<\/p>\n","protected":false},"author":1,"featured_media":0,"parent":201,"menu_order":10,"comment_status":"open","ping_status":"closed","template":"","meta":{"_monsterinsights_skip_tracking":false,"_monsterinsights_sitenote_active":false,"_monsterinsights_sitenote_note":"","_monsterinsights_sitenote_category":0,"slim_seo":{"title":"VITAMINES - Holistic Attitude","description":"ANTI-OXYDANTS Les antioxydants jouent un r\u00f4le essentiel contre le vieillissement cellulaire . IIs sont important pour les corps Les antioxydants prot\u00e8gent les c"},"footnotes":""},"class_list":["post-793","page","type-page","status-publish","hentry"],"_links":{"self":[{"href":"https:\/\/www.holisticattitude.com\/index.php?rest_route=\/wp\/v2\/pages\/793","targetHints":{"allow":["GET"]}}],"collection":[{"href":"https:\/\/www.holisticattitude.com\/index.php?rest_route=\/wp\/v2\/pages"}],"about":[{"href":"https:\/\/www.holisticattitude.com\/index.php?rest_route=\/wp\/v2\/types\/page"}],"author":[{"embeddable":true,"href":"https:\/\/www.holisticattitude.com\/index.php?rest_route=\/wp\/v2\/users\/1"}],"replies":[{"embeddable":true,"href":"https:\/\/www.holisticattitude.com\/index.php?rest_route=%2Fwp%2Fv2%2Fcomments&post=793"}],"version-history":[{"count":15,"href":"https:\/\/www.holisticattitude.com\/index.php?rest_route=\/wp\/v2\/pages\/793\/revisions"}],"predecessor-version":[{"id":17308,"href":"https:\/\/www.holisticattitude.com\/index.php?rest_route=\/wp\/v2\/pages\/793\/revisions\/17308"}],"up":[{"embeddable":true,"href":"https:\/\/www.holisticattitude.com\/index.php?rest_route=\/wp\/v2\/pages\/201"}],"wp:attachment":[{"href":"https:\/\/www.holisticattitude.com\/index.php?rest_route=%2Fwp%2Fv2%2Fmedia&parent=793"}],"curies":[{"name":"wp","href":"https:\/\/api.w.org\/{rel}","templated":true}]}}