{"id":7834,"date":"2013-09-22T16:58:46","date_gmt":"2013-09-22T14:58:46","guid":{"rendered":"https:\/\/www.holisticattitude.com\/wordpress\/?page_id=7834"},"modified":"2019-06-19T15:40:39","modified_gmt":"2019-06-19T13:40:39","slug":"le-sommeil","status":"publish","type":"page","link":"https:\/\/www.holisticattitude.com\/tete\/le-sommeil\/","title":{"rendered":"LE SOMMEIL"},"content":{"rendered":"<p>Nous passons le TIERS de notre vie \u00e0 dormir que se passe-t-il dans notre corps et notre cerveau pendant notre sommeil ?<\/p>\n<p>Notre sommeil se divise en TROIS phases qui s&rsquo;appellent :-<br \/>\n1) LA PHASE DU SOMMEIL LEGER (40-45 mins)<br \/>\n2) LA PHASE DU SOMMEIL PROFOND (20-30 mins)<br \/>\n3) LA PHASE DU SOMMEIL PARADOXAL (la phase des r\u00eaves) 10 \u00e0 15 minutes  aussi sous\u00a0l&rsquo;appellation\u00a0de\u00a0REM.<\/p>\n<p><div id=\"attachment_7849\" style=\"width: 286px\" class=\"wp-caption alignleft\"><a href=\"https:\/\/www.holisticattitude.com\/?attachment_id=7849\" rel=\"attachment wp-att-7849\"><img loading=\"lazy\" decoding=\"async\" aria-describedby=\"caption-attachment-7849\" src=\"https:\/\/www.holisticattitude.com\/wp-content\/uploads\/\/oursendormi.jpg\" alt=\"\" title=\"oursendormi\" width=\"276\" height=\"182\" class=\"size-full wp-image-7849\" \/><\/a><p id=\"caption-attachment-7849\" class=\"wp-caption-text\">C'est le paradis<\/p><\/div><br \/>\nII n&rsquo;y a rien de mieux qu&rsquo;une bonne nuit de sommeil \ud83d\ude42<br \/>\n<\/Br><\/p>\n<table width=\"300\" border=\"3\">\n<tr>\n<td width=\"10%\"><strong>QUESTIONS<\/strong> <\/td>\n<td><strong>FAITS<\/strong><\/td>\n<\/tr>\n<tr>\n<td><strong>QUELLES SONT LES PHASES DE CHAQUE CYCLE ?<\/strong> <div id=\"attachment_7836\" style=\"width: 160px\" class=\"wp-caption alignleft\"><a href=\"https:\/\/www.holisticattitude.com\/?attachment_id=7836\" rel=\"attachment wp-att-7836\"><img loading=\"lazy\" decoding=\"async\" aria-describedby=\"caption-attachment-7836\" src=\"https:\/\/www.holisticattitude.com\/wp-content\/uploads\/\/sommeil-cycledusommeil_sept2013-150x150.jpg\" alt=\"\" title=\"sommeil-cycledusommeil_sept2013\" width=\"150\" height=\"150\" class=\"size-thumbnail wp-image-7836\" \/><\/a><p id=\"caption-attachment-7836\" class=\"wp-caption-text\">FIGURE 1 LES PHASES DE SOMMEIL<\/p><\/div><\/td>\n<td>\n<li><strong>1) LA PHASE SOMMEIL LEGER :<\/strong>  (sommeil non REM)  le d\u00e9but du cycle de sommeil, consid\u00e9r\u00e9 comme une <strong>TRANSITION <\/strong> entre l&rsquo;\u00e9tat de la veille et de la somnolence. <\/li>\n<li> Le DORMEUR est dans un \u00e9tat d\u00e9tendu.   <\/li>\n<li> C&rsquo;est une phase de sommeil NON  REM <\/strong>: une p\u00e9riode de sommeil <strong>lent <\/strong>o\u00f9 la plupart des muscles y compris le  C\u0152UR SE RALENTISSENT. Le coeur bat r\u00e9guli\u00e8rement mais plus doucement qu&rsquo;on est r\u00e9veill\u00e9. <\/li>\n<li>Les vaisseaux superficiels se dilatent. La TEMP\u00c9RATURE du corps  diminue afin de se pr\u00e9parer pour un sommeil<strong> plus profond<\/strong>. Elle passe de 37,5\u00b0C \u00e0 36,5 \u00b0C. <\/li>\n<p>li>La RESPIRATION est maintenue gr\u00e2ce au moment du diaphragme. II fait fonctionner les poumons.<\/li>\n<li> <strong> 2) LA PHASE DU SOMMEIL PROFOND<\/strong>  <strong>(sommeil non REM)  <\/strong> est lent et une phase <strong>R\u00c9CUP\u00c9RATRICE.<\/strong> II est difficile de se r\u00e9veiller pendant cette phase. <\/li>\n<li> L&rsquo;hypothalamus ordonne la <strong>thyro\u00efde<\/strong> de produire des hormones de <strong>croissances<\/strong>. La croissance des enfants se fait la  nuit et chez les adultes les hormones de croissance servent \u00e0 r\u00e9parer les <strong>cellules ab\u00eem\u00e9es<\/strong>. <\/li>\n<li> Le cerveau ordonne aux intestins de produire les hormones, la <strong> ghr\u00e9line<\/strong> et la <strong> leptine.<\/strong> Ce sont des <strong>hormones<\/strong>  qui r\u00e9gulent l&rsquo;app\u00e9tit. La leptine, \u00ab\u00a0<strong>l&rsquo;hormone de sati\u00e9t\u00e9\u00a0\u00bb <\/strong>est une <strong>hormone digestive peptidique<\/strong> qui r\u00e9gule les r\u00e9serves de graisses dans l&rsquo;organisme et la <strong>ghr\u00e9line <\/strong>\u00ab\u00a0<strong>l&rsquo;hormone de la faim\u00a0\u00bb,<\/strong> est une hormone digestive qui stimule l&rsquo;app\u00e9tit : son taux est \u00e9lev\u00e9 avant les repas et diminue \u00e0 mesure que l&rsquo;estomac se remplit. Le foie, le cerveau et les muscles fondent la r\u00e9serve du sucre et dans le sang le taux du GLUCIDE, LIPIDE et PROT\u00c9INE augmentent. <\/li>\n<\/td>\n<\/tr>\n<tr>\n<td> <strong>3) LE SOMMEIL PARADOXALE<\/strong> ou <strong>LA PHASE REM<\/strong>    <\/td>\n<td>\n<li><strong>La phase REM<\/strong> a \u00e9t\u00e9 d\u00e9couverte en 1953 par des chercheurs am\u00e9ricains \u00e0 l&rsquo;universit\u00e9 de Chicago. <\/li>\n<li>C&rsquo;est la phase de <strong>R\u00caVES<\/strong> d&rsquo;o\u00f9 on extrait nos m\u00e9moires des images, des sons qui sont agenc\u00e9s en r\u00eave.<\/li>\n<li>  Le corps est <strong> immobile<\/strong>, les muscles du corps sont d\u00e9tendus, la <strong>respiration<\/strong> est lente et profonde, les battements du <strong>c\u0153ur<\/strong> s&rsquo;acc\u00e9l\u00e8rent. Seulement les muscles des YEUX continuent \u00e0 fonction ainsi que l&rsquo;oreille interne (tympan, cochl\u00e9e, osselets). <\/li>\n<li><strong>L&rsquo;activit\u00e9 du cerveau<\/strong> est intense, la consomption de <strong>l&rsquo;oxyg\u00e8ne<\/strong> est \u00e9lev\u00e9. C&rsquo;est pendant cette phase o\u00f9 nous fixon ses SOUVENIRS ce que l&rsquo;on a appris la veille. L&rsquo;esprit est tr\u00e8s actif.<\/li>\n<li> La phase <strong>REM facilite L&rsquo;APPRENTISSAGE et la M\u00c9MOIRE. <\/strong> <strong> Prenez note les \u00e9tudiants !<\/strong> Pendant la p\u00e9riode de r\u00e9vision les \u00e9tudiants qui ont fait <strong>une nuit blanche<\/strong> sauvegardent MOINS D&rsquo;INFORMATION que des \u00e9tudiants qui ont pass\u00e9 une bonne nuit.  Notre maman avait raison &lsquo;une bonne nuit de sommeil est important. \ud83d\ude42 <\/li>\n<li> <strong> Les exp\u00e9riences empiriques <\/strong> ont montr\u00e9 qu&rsquo;on fait l&rsquo;exp\u00e9rience de R\u00caVES pratiquement R\u00c9ELS durant la phase du sommeil  dite \u00ab phase de r\u00eave&rsquo; \u00bb qui est aussi sous l&rsquo;appellation de <strong>REM<\/strong>   <\/li>\n<li> A mesure que la nuit progresse le temps consacr\u00e9 \u00e0 la phase<strong> REM <\/strong>augmente. <\/li>\n<li>Un cycle du sommeil Se termine avec la phase du SOMMEIL PARADOXAL<\/li>\n<\/td>\n<\/tr>\n<tr>\n<td><strong>SOMMEIL<\/strong> <\/td>\n<td>\n<li> Au fil de <strong>la nuit <\/strong> le dormeur exp\u00e9rience plus de <strong> SOMMEIL PARADOXAL (phase de r\u00eaves)<\/strong> et moins de<strong> SOMMEIL PROFOND<\/strong> (phase de r\u00e9cup\u00e9ration)    <\/li>\n<li> Suite \u00e0 la fin du SOMMEIL PARADOXAL le cerveau reprend le contr\u00f4le des membres. Souvent on bouge au d\u00e9but de la phase du sommeil Paradoxale. On se retourne dans notre lit. Cette \u00e9tape s&rsquo;appelle <em>le micro-\u00e9veil <\/em>dont on ne se souvient pas. Ensuite nous repartons pour un nouveau cycle du sommeil.  <\/li>\n<li> Chaque nuit ou pendant un bon SOMMEIL <strong> de 3 \u00e0 5 cycles de 90 minutes <\/strong> se succ\u00e8dent.<\/li>\n<\/td>\n<\/tr>\n<tr>\n<td><strong>LES ONDES C\u00c9R\u00c9BRALES <\/strong><div id=\"attachment_7835\" style=\"width: 160px\" class=\"wp-caption alignleft\"><a href=\"https:\/\/www.holisticattitude.com\/?attachment_id=7835\" rel=\"attachment wp-att-7835\"><img loading=\"lazy\" decoding=\"async\" aria-describedby=\"caption-attachment-7835\" src=\"https:\/\/www.holisticattitude.com\/wp-content\/uploads\/\/exemplesdesondes_sept2013-150x150.jpg\" alt=\"\" title=\"exemplesdesondes_sept2013\" width=\"150\" height=\"150\" class=\"size-thumbnail wp-image-7835\" \/><\/a><p id=\"caption-attachment-7835\" class=\"wp-caption-text\">FIGURE 2 Le type des ondes c\u00e9r\u00e9brales<\/p><\/div>      <div id=\"attachment_7837\" style=\"width: 160px\" class=\"wp-caption alignleft\"><a href=\"https:\/\/www.holisticattitude.com\/?attachment_id=7837\" rel=\"attachment wp-att-7837\"><img loading=\"lazy\" decoding=\"async\" aria-describedby=\"caption-attachment-7837\" src=\"https:\/\/www.holisticattitude.com\/wp-content\/uploads\/\/sommeil_k-complexet_faisceaux_sept2013-150x133.jpg\" alt=\"\" title=\"sommeil_k-complexet_faisceaux_sept2013\" width=\"150\" height=\"133\" class=\"size-thumbnail wp-image-7837\" \/><\/a><p id=\"caption-attachment-7837\" class=\"wp-caption-text\">FIGURE 3 Exemple du 'k' complexe et faisceaux du Sommeil<\/p><\/div><\/td>\n<td>\n<li> <strong>Le HERTZ est<\/strong> une unit\u00e9 de mesure par seconde. II mesure la fr\u00e9quence des ondes \u00e9lectromagn\u00e9tiques(ondes lumineuses, radio sonores, micro-onde, wifi, cerveau..) qui se r\u00e9p\u00e8tent chaque seconde. Le Hertz (une unit\u00e9 de mesure pour les ondes) comme les grammes sont une unit\u00e9 de mesure pour le sucre. <\/li>\n<li>Lorsque nous sommes \u00e9veill\u00e9s,  notre cerveau est en \u00e9tat <strong>B\u00caTA<\/strong> (activit\u00e9 des ondes) (14-40Hz). <\/li>\n<li> Au d\u00e9but de la phase du SOMMEIL le cerveau est en<strong> l&rsquo;\u00e9tat ALPHA<\/strong> (activit\u00e9 des ondes \u00e9lectromagn\u00e9tiques  Alpha (7.5-14Hz)   et ensuite en activit\u00e9<strong> TH\u00caTA<\/strong>  (4-7.5Hz) <\/li>\n<li> Pendant<strong> le sommeil <\/strong> le cerveau produit des ONDES c\u00e9r\u00e9brales au rythme rapide au nom des \u00ab <strong>FUSEAUX DU SOMMEIL<\/strong> \u00bb  (sleep spindles en anglais).  Elles sont g\u00e9n\u00e9r\u00e9es par le <strong>THALAMUS<\/strong>. Les fuseaux sont des salves <strong>d&rsquo;hyperactivit\u00e9 des neurones.<\/strong> Elles permettent le dormeur de MODULER l&rsquo;influence du <strong>stimulus ext\u00e9rieur<\/strong>.  <\/li>\n<li> Le cerveau produit \u00e9galement le <strong>\u00ab K-complex \u00bb<\/strong> qui est un syst\u00e8me de <strong>VIGILANCE INN\u00c9<\/strong> permettant le dormeur de se r\u00e9veiller imm\u00e9diatement en cas de besoin. <\/li>\n<li> Pendant <strong>la phase du SOMMEIL PROFOND <\/strong>le dormeur est dans l&rsquo;\u00e9tat DELTA -des ondes \u00e9lectromagn\u00e9tique d&rsquo;amplitude tr\u00e8s \u00e9lev\u00e9e et lentes (0.5-4Hz).  <\/li>\n<\/td>\n<\/tr>\n<tr>\n<td><strong>QUI A D\u00c9COUVERT LES CYCLES DU SOMMEIL ?<\/strong><\/td>\n<td>\n<li> En 1937 <strong>Alfred Lee Lomis <\/strong> a d\u00e9couvert <strong> QUATRE <\/strong>phases du sommeil <\/li>\n<li>Suite \u00e0 la r\u00e9vision en 2007 par <em>The AASM Manual for the Scoring of Sleep and Associated Events<\/em> on parle plus souvent de <strong>TROIS  phases qui se r\u00e9sume \u00e0 la partie du SOMMEIL non REM<\/strong> puis de la <strong> partie REM  <\/strong>et  enfin <strong>la phase du sommeil PARADOXALE<\/strong> (<em>voir FIGURE 2. <\/em>)  <\/li>\n<li>Les phases trois et quatre ont \u00e9t\u00e9 regroup\u00e9s pour former <strong>la phase 3. <\/strong>  <\/li>\n<li> D&rsquo;un point de vue technique, au matin  le<strong> SOMMEIL <\/strong>est compos\u00e9 des <strong>phases 1, et 2,<\/strong> (le sommeil non REM) et du sommeil <strong> REM <\/strong>(le mouvement oculaire rapide ou  <em>Rapid Eye mouvement<\/em>).  <\/li>\n<li><strong> II n&rsquo;est pas exclu<\/strong> que nous ne r\u00eavions pendant les autres phases du sommeil. <\/li>\n<\/td>\n<\/tr>\n<tr>\n<td> <\/td>\n<td> <\/td>\n<\/tr>\n<\/table>\n","protected":false},"excerpt":{"rendered":"<p>Nous passons le TIERS de notre vie \u00e0 dormir que se passe-t-il dans notre corps et notre cerveau pendant notre sommeil ? Notre sommeil se divise en TROIS phases qui s&rsquo;appellent :- 1) LA PHASE DU SOMMEIL LEGER (40-45 mins) 2) LA PHASE DU SOMMEIL PROFOND (20-30 mins) 3) LA PHASE DU SOMMEIL PARADOXAL (la [&hellip;]<\/p>\n","protected":false},"author":1,"featured_media":0,"parent":197,"menu_order":7,"comment_status":"open","ping_status":"closed","template":"","meta":{"_monsterinsights_skip_tracking":false,"_monsterinsights_sitenote_active":false,"_monsterinsights_sitenote_note":"","_monsterinsights_sitenote_category":0,"slim_seo":{"title":"LE SOMMEIL - Holistic Attitude","description":"Nous passons le TIERS de notre vie \u00e0 dormir que se passe-t-il dans notre corps et notre cerveau pendant notre sommeil ? Notre sommeil se divise en TROIS phases"},"footnotes":""},"class_list":["post-7834","page","type-page","status-publish","hentry"],"_links":{"self":[{"href":"https:\/\/www.holisticattitude.com\/wp-json\/wp\/v2\/pages\/7834","targetHints":{"allow":["GET"]}}],"collection":[{"href":"https:\/\/www.holisticattitude.com\/wp-json\/wp\/v2\/pages"}],"about":[{"href":"https:\/\/www.holisticattitude.com\/wp-json\/wp\/v2\/types\/page"}],"author":[{"embeddable":true,"href":"https:\/\/www.holisticattitude.com\/wp-json\/wp\/v2\/users\/1"}],"replies":[{"embeddable":true,"href":"https:\/\/www.holisticattitude.com\/wp-json\/wp\/v2\/comments?post=7834"}],"version-history":[{"count":15,"href":"https:\/\/www.holisticattitude.com\/wp-json\/wp\/v2\/pages\/7834\/revisions"}],"predecessor-version":[{"id":14575,"href":"https:\/\/www.holisticattitude.com\/wp-json\/wp\/v2\/pages\/7834\/revisions\/14575"}],"up":[{"embeddable":true,"href":"https:\/\/www.holisticattitude.com\/wp-json\/wp\/v2\/pages\/197"}],"wp:attachment":[{"href":"https:\/\/www.holisticattitude.com\/wp-json\/wp\/v2\/media?parent=7834"}],"curies":[{"name":"wp","href":"https:\/\/api.w.org\/{rel}","templated":true}]}}