{"id":7820,"date":"2013-09-18T17:58:11","date_gmt":"2013-09-18T15:58:11","guid":{"rendered":"http:\/\/www.holisticattitude.com\/wordpress\/?page_id=7820"},"modified":"2020-04-04T08:38:28","modified_gmt":"2020-04-04T06:38:28","slug":"glossaire-theorique","status":"publish","type":"page","link":"https:\/\/www.holisticattitude.com\/?page_id=7820","title":{"rendered":"GLOSSAIRE : TH\u00c9ORIQUE"},"content":{"rendered":"<div id=\"attachment_5563\" style=\"width: 156px\" class=\"wp-caption alignright\"><a href=\"https:\/\/www.holisticattitude.com\/?attachment_id=5563\" rel=\"attachment wp-att-5563\"><img loading=\"lazy\" decoding=\"async\" aria-describedby=\"caption-attachment-5563\" src=\"https:\/\/www.holisticattitude.com\/wp-content\/uploads\/\/sherlockholmes.jpg\" alt=\"\" title=\"sherlockholmes\" width=\"146\" height=\"148\" class=\"size-full wp-image-5563\" \/><\/a><p id=\"caption-attachment-5563\" class=\"wp-caption-text\">Chercher \u00e0 comprendre<\/p><\/div>\n<div id=\"attachment_5558\" style=\"width: 180px\" class=\"wp-caption alignleft\"><a href=\"https:\/\/www.holisticattitude.com\/?attachment_id=5558\" rel=\"attachment wp-att-5558\"><img loading=\"lazy\" decoding=\"async\" aria-describedby=\"caption-attachment-5558\" src=\"https:\/\/www.holisticattitude.com\/wp-content\/uploads\/\/glossaire-technique.jpg\" alt=\"\" title=\"glossaire technique\" width=\"170\" height=\"170\" class=\"size-full wp-image-5558\" srcset=\"https:\/\/www.holisticattitude.com\/wp-content\/uploads\/glossaire-technique.jpg 170w, https:\/\/www.holisticattitude.com\/wp-content\/uploads\/glossaire-technique-150x150.jpg 150w\" sizes=\"auto, (max-width: 170px) 100vw, 170px\" \/><\/a><p id=\"caption-attachment-5558\" class=\"wp-caption-text\">Glossaire m\u00e9taphysique<\/p><\/div>\n<table border=\"\u201d1\u2033\" cellspacing=\"\u201d0\u2033\" cellpadding=\"\u201d0\u2033\" width=\"\u201d390\u2033\">\n<tbody>\n<tr>\n<td><strong>TERMINOLOGIE<\/strong><\/td>\n<td><strong>D\u00c9FINITION<\/strong><\/td>\n<\/tr>\n<tr>\n<td><strong>  JUNG -L&rsquo;IMAGINATION ACTIVE (JUNG) &#8211;<a href=\"https:\/\/www.holisticattitude.com\/?page_id=7947\"> <strong> analyse des r\u00eaves. <\/strong> <\/a><br \/>\n <\/strong><\/td>\n<td>\n<li>Le r\u00eaveur m\u00e9dite sur l&rsquo;une des images emprunt\u00e9e de son r\u00eave qu&rsquo;il a choisi et ensuite le r\u00eaveur examine sa libre \u00e9volution au fil du temps <\/li>\n<\/td>\n<\/tr>\n<tr>\n<td><strong>  AMPLIFICATION (JUNG) &#8211; <a href=\"https:\/\/www.holisticattitude.com\/?page_id=7947\"> <strong> analyse des r\u00eaves. <\/strong> <\/a> <\/strong><\/td>\n<td>\n<li> Ce processus comprend \u00e0 d\u00e9velopper une IMAGE emprunt\u00e9e du r\u00eave pour comprendre sa signification en utilisant la technique d&rsquo;association direct (personnel) et indirect (mat\u00e9riaux historiques: folkloriques, mythiques, religions, contes)  <\/li>\n<\/td>\n<\/tr>\n<tr>\n<td>    <a href=\"https:\/\/www.holisticattitude.com\/?page_id=7947\"> <strong>ARCH\u00c9TYPES (JUNG) <\/strong> <\/a> <\/td>\n<td>\n<li>Jung D\u00c9FINIT l&rsquo;arch\u00e9type comme \u00a0\u00bb\u00a0une<strong> image originelle<\/strong> existant dans l&rsquo;inconscient\u00a0\u00bb <\/li>\n<li>Ils sont des <strong>ENTIT\u00c9S AUTONOMES<\/strong> dot\u00e9s d&rsquo;une \u00e9nergie vitale propre<\/li>\n<li> Selon Jung l&rsquo;homme est<strong> NA\u00ceT<\/strong> avec une certaine mani\u00e8re comportement, de fonctionnement. L&rsquo;homme a naturellement des<strong> SCH\u00c9MAS INN\u00c9S<\/strong> de fonctionnement<\/li>\n<li>  Ses arch\u00e9types ou images primordiales se seraient form\u00e9s pendant des milliers ann\u00e9es<\/li>\n<li> Il y a des centaines, et m\u00eame des milliers d&rsquo;arch\u00e9types. Parmi les plus importants :-de la Persona (le masque), de l&rsquo;Ombre, de l&rsquo;Anima (f\u00e9minin), de l&rsquo;Animus (masculine) du Soi, de la Grand M\u00e8re, du Vieux Sage, du diable, du pr\u00eatre, de la nonne, du p\u00e8re, de la m\u00e8re, de l&rsquo;enfant, du h\u00e9ros, du dragon, de la sorci\u00e8re, du divin, de la mort <\/li>\n<li> La notion d&rsquo;arch\u00e9types s&rsquo;oppose \u00e0 celle des FANTASMES chez FREUD <\/li>\n<\/td>\n<\/tr>\n<tr>\n<td><strong>  CONTENU MANIFESTE et LATENT (FREUD) <\/strong><\/td>\n<td>\n<li>  Ces deux termes appartiennent \u00e0 la TH\u00c9ORIE FREUDIENNE<\/li>\n<li>Le CONTENU MANIFESTE est  le sc\u00e9nario du r\u00eave \u00a0dont on\u00a0se souvient d&#8217;embl\u00e9e en se r\u00e9veillant.   D&rsquo;habitude le r\u00eave est confus et absurde   <\/li>\n<li>  Le CONTENU LATENT: Ceci est le vrai sens du r\u00eave, qui r\u00e9sulte de l&rsquo;interpr\u00e9tation, de l&rsquo;\u00e9laboration du CONTENU MANIFESTE <\/li>\n<\/td>\n<\/tr>\n<tr>\n<td>  <a href=\"https:\/\/www.holisticattitude.com\/?page_id=13969\"> <strong><br \/>\nL\u2019INCONSCIENT COLLECTIF. (JUNG) <\/strong> <\/a>  <\/td>\n<td>\n<li> II est fait d&rsquo;instincts et d&rsquo;arch\u00e9types h\u00e9rit\u00e9s de l&rsquo;histoire pass\u00e9e de l&rsquo;humanit\u00e9 qui se seraient form\u00e9s durant des milliers d&rsquo;ann\u00e9es  <\/li>\n<\/td>\n<\/tr>\n<tr>\n<td>  <a href=\"https:\/\/www.holisticattitude.com\/?page_id=7939\"> <strong> LAPSUS (Freud) <\/strong> <\/a>   <\/td>\n<td>\tIl existe diff\u00e9rents types de  <a href=\"https:\/\/www.holisticattitude.com\/?page_id=7939\"> <strong> lapsus :<\/strong> <\/a>  \t<\/p>\n<li>\u00a0lapsus\u00a0<strong> L\u2019ORAL <\/strong>(le\u00a0lapsus\u00a0lingua), <strong>L\u2019\u00c9CRIT<\/strong> (le\u00a0lapsuscalami), et <strong>le M\u00c9MORIEL <\/strong>(lapsus\u00a0memoriae) qui se manifeste par un trou ou une modification de la m\u00e9moire  <\/li>\n<\/td>\n<\/tr>\n<tr>\n<td>  <a href=\"https:\/\/www.holisticattitude.com\/?page_id=7947\"> <strong> LA PSYCHOLOGIE TRANSPERSONNELLE. <\/strong> <\/a> <\/td>\n<td>\n<li>Un domaine qui explore <strong>AU DEL\u00c0<\/strong> de la personnalit\u00e9, de l&rsquo;ego, de l&rsquo;individu, des \u00e9tats de conscience ordinaires.\n<li>L&rsquo;un de ces buts est de <strong>TRANSGRESSER<\/strong> les limitations mentales et \u00e9motives  <\/li>\n<li>De donner acc\u00e8s \u00e0 une <strong>CONSCIENCE<\/strong> plus vaste que l&rsquo;esprit puisse concevoir <\/li>\n<li> La<strong> DIMENSION SPIRITUELLE<\/strong> fait partie de ce domaine : De reconna\u00eetre les <strong>BESOINS PROFONDS<\/strong> de l&rsquo;\u00eatre humain pour l&rsquo;amour, la paix et la pleine r\u00e9alisation de son \u00e2me  <\/li>\n<li> Les individus ressentent naturellement un sentiment de  <strong>CONNEXION<\/strong> avec l&rsquo;univers et la nature  <\/li>\n<li> L&rsquo;\u00eatre humain est<strong> RESPONSABLE de TOUT<\/strong> ce qui lui arrive dans sa vie <\/li>\n<li> Que tout ce qui arrive dans NOTRE VIE que ce soit positive ou n\u00e9gative<strong> PORTE<\/strong> un sens  <\/li>\n<li>  Que l&rsquo;\u00eatre humain peut \u00eatre <strong>DESTRUCTEUR<\/strong> ou <strong>CR\u00c9ATEUR<\/strong>.  II est son propre <strong>ENNEMI<\/strong> <\/td>\n<\/tr>\n<tr>\n<td><strong>  TRAME DRAMATIQUE &#8211; <\/strong>   <a href=\"https:\/\/www.holisticattitude.com\/?page_id=7947\"> <strong> analyse des R\u00caVES (JUNG). <\/strong> <\/a> <\/td>\n<td> II COMPREND <strong>4 parties<\/strong>\t<\/p>\n<li> A) L&rsquo;EXPOSITION (lieu, caract\u00e8res, le probl\u00e8me)<\/li>\n<li> B) LE D\u00c9VELOPPEMENT DE L&rsquo;INTRIGUE<\/li>\n<li> C) LE N\u0152UD DRAMATIQUE <\/li>\n<li> D) LE D\u00c9NOUEMENT (la partie le plus important selon JUNG) <\/li>\n<\/td>\n<\/tr>\n<tr>\n<td><strong>  \u00c0 ajouter <\/strong><\/td>\n<td> \u00c0 ajouter<\/td>\n<\/tr>\n<\/tbody>\n<\/table>\n","protected":false},"excerpt":{"rendered":"<p>TERMINOLOGIE D\u00c9FINITION JUNG -L&rsquo;IMAGINATION ACTIVE (JUNG) &#8211; analyse des r\u00eaves. Le r\u00eaveur m\u00e9dite sur l&rsquo;une des images emprunt\u00e9e de son r\u00eave qu&rsquo;il a choisi et ensuite le r\u00eaveur examine sa libre \u00e9volution au fil du temps AMPLIFICATION (JUNG) &#8211; analyse des r\u00eaves. Ce processus comprend \u00e0 d\u00e9velopper une IMAGE emprunt\u00e9e du r\u00eave pour comprendre sa [&hellip;]<\/p>\n","protected":false},"author":1,"featured_media":0,"parent":197,"menu_order":17,"comment_status":"open","ping_status":"closed","template":"","meta":{"_monsterinsights_skip_tracking":false,"_monsterinsights_sitenote_active":false,"_monsterinsights_sitenote_note":"","_monsterinsights_sitenote_category":0,"slim_seo":{"title":"GLOSSAIRE : TH\u00c9ORIQUE - Holistic Attitude","description":"Chercher \u00e0 comprendre Glossaire m\u00e9taphysique TERMINOLOGIE D\u00c9FINITION JUNG -L'IMAGINATION ACTIVE (JUNG) - analyse des r\u00eaves. Le r\u00eaveur m\u00e9dite sur l'une des image"},"footnotes":""},"class_list":["post-7820","page","type-page","status-publish","hentry"],"_links":{"self":[{"href":"https:\/\/www.holisticattitude.com\/index.php?rest_route=\/wp\/v2\/pages\/7820","targetHints":{"allow":["GET"]}}],"collection":[{"href":"https:\/\/www.holisticattitude.com\/index.php?rest_route=\/wp\/v2\/pages"}],"about":[{"href":"https:\/\/www.holisticattitude.com\/index.php?rest_route=\/wp\/v2\/types\/page"}],"author":[{"embeddable":true,"href":"https:\/\/www.holisticattitude.com\/index.php?rest_route=\/wp\/v2\/users\/1"}],"replies":[{"embeddable":true,"href":"https:\/\/www.holisticattitude.com\/index.php?rest_route=%2Fwp%2Fv2%2Fcomments&post=7820"}],"version-history":[{"count":7,"href":"https:\/\/www.holisticattitude.com\/index.php?rest_route=\/wp\/v2\/pages\/7820\/revisions"}],"predecessor-version":[{"id":15304,"href":"https:\/\/www.holisticattitude.com\/index.php?rest_route=\/wp\/v2\/pages\/7820\/revisions\/15304"}],"up":[{"embeddable":true,"href":"https:\/\/www.holisticattitude.com\/index.php?rest_route=\/wp\/v2\/pages\/197"}],"wp:attachment":[{"href":"https:\/\/www.holisticattitude.com\/index.php?rest_route=%2Fwp%2Fv2%2Fmedia&parent=7820"}],"curies":[{"name":"wp","href":"https:\/\/api.w.org\/{rel}","templated":true}]}}