{"id":7740,"date":"2013-09-13T13:06:23","date_gmt":"2013-09-13T11:06:23","guid":{"rendered":"http:\/\/www.holisticattitude.com\/wordpress\/?page_id=7740"},"modified":"2014-12-28T15:09:51","modified_gmt":"2014-12-28T13:09:51","slug":"cinq-rites-tibetains","status":"publish","type":"page","link":"https:\/\/www.holisticattitude.com\/?page_id=7740","title":{"rendered":"CINQ RITES TIB\u00c9TAINS"},"content":{"rendered":"<p>Les Cinq rites Tib\u00e9tains ont \u00e9t\u00e9 pratiqu\u00e9s par les moines Tib\u00e9tains depuis plus de 2500 ans. Ils  utilisent ces exercices comme \u00ab\u00a0Fontaine de Jouvence.\u00a0\u00bb <\/p>\n<p>Dans les ann\u00e9es trente Colonel BRADFORD un militaire britannique \u00e0 la retraite, a visit\u00e9 un monast\u00e8re cach\u00e9 au plus profond de l\u2019Himalaya.  II  apprend des Lamas (enseignants religieux du bouddhisme tib\u00e9tain), les secrets longtemps bien gard\u00e9 de <strong>5 Rites Tib\u00e9tains<\/strong>. II a transmis ses connaissances \u00e0 un ami \u00e9crivain Peter KELDER qui par cons\u00e9quence a publi\u00e9 un livre <strong> \u00ab\u00a0Eye of revelation\u00a0\u00bb<\/strong>, (en fran\u00e7ais le livre s&rsquo;appelle \u00ab\u00a0les cinq Tib\u00e9tains les secrets de jeunesse et de vitalit\u00e9).\u00a0\u00bb  Ce livre a \u00e9t\u00e9 traduit en plusieurs langues.<\/p>\n<p><strong>Les BIENFAITS<\/strong> de Cinq Rites Tib\u00e9tains <\/p>\n<li>Accro\u00eetre la vitalit\u00e9<\/li>\n<li>Am\u00e9liorer la sant\u00e9 <\/li>\n<li>Ralentir ou inverser le processus de vieillissement  <\/li>\n<li>Activer les centres \u00e9nerg\u00e9tiques, les  (<strong>chakras<\/strong>) ou les <strong>vortex<\/strong> qui agissent sur le syst\u00e8me endocrinien qui \u00e0 son tour agit sur le syst\u00e8me nerveux, respiratoire, circulatoire, <\/li>\n<p><\/BR><br \/>\n<strong>LA PRATIQUE<\/strong><\/p>\n<li>Au d\u00e9but commencez cette pratique LENTEMENT, au moins 5 minutes par jour<\/li>\n<li>Le BUT est de pratiquer chaque rite 21 fois en commen\u00e7ant progressivement (<strong>3 r\u00e9p\u00e9titions<\/strong> de chaque rite une fois par jour, pendant <strong>deux <\/strong>semaines ) jusqu&rsquo;\u00e0 atteindre 21 r\u00e9p\u00e9titions de chacun, deux fois par jour !<\/li>\n<li>LA DUR\u00c9E de ces 5 rites est entre<strong> 15-20 minutes<\/strong> en fonction de votre niveau de forme physique <\/li>\n<li> Ne forcez rien et \u00c9COUTEZ toujours votre corps<\/li>\n<li>II est conseill\u00e9 de respecter<strong> L&rsquo;ORDRE<\/strong> de chaque rite en commen\u00e7ant avec Rite 1 en position debout    <\/li>\n<p><\/BR><br \/>\n <strong> CONTRE-INDICATIONS<\/strong><br \/>\nSi vous avez des <strong>probl\u00e8mes de sant\u00e9, si vous <\/strong>avez subi une<strong> op\u00e9ration chirurgicale<\/strong>,  si vous souffrez de <strong>scl\u00e9rose en plaques,<\/strong>ou de <strong>maladie de Parkinson<\/strong>, si vous avez des probl\u00e8mes de vertige, si vous<strong> \u00eates enceinte <\/strong>avec des probl\u00e8mes de naus\u00e9e, ou si vous souffrez des probl\u00e8mes <strong>d\u2019hypertension<\/strong> demandez<strong> l&rsquo;avis de votre m\u00e9decin.<\/strong> afin de commencer cet entrainement.<br \/>\nEn cas de doute demandez toujours <strong>l&rsquo;avis d&rsquo;un professionnel<\/strong><\/p>\n<p>Avant de vous laisser<strong> EMPORTER<\/strong> par ces nouvelles et de croire que vous allez inverser le processus de vieillissement <strong>comme par magie<\/strong>,  il existe <strong>un sixi\u00e8me rite<\/strong>. <\/p>\n<li>Ce rite comprend \u00e0  <strong>renoncer \u00e0 l&rsquo;activit\u00e9 sexuelle, <\/strong>\u00e0 la viande, au poisson et \u00e0 la volaille.  La raison derri\u00e8re <strong>l&rsquo;abstention <\/strong>est que<strong> l\u2019\u00e9nergie sexuelle <\/strong>nourrit les autres chakras ou les vortex <\/li>\n<div id=\"attachment_7806\" style=\"width: 85px\" class=\"wp-caption alignleft\"><a href=\"https:\/\/www.holisticattitude.com\/?attachment_id=7806\" rel=\"attachment wp-att-7806\"><img loading=\"lazy\" decoding=\"async\" aria-describedby=\"caption-attachment-7806\" src=\"https:\/\/www.holisticattitude.com\/wp-content\/uploads\/\/symbolenote.jpg\" alt=\"\" title=\"symbolenote\" width=\"75\" height=\"77\" class=\"size-full wp-image-7806\" \/><\/a><p id=\"caption-attachment-7806\" class=\"wp-caption-text\">ATTENTION<\/p><\/div>\n<li>N&rsquo;oubliez pas aussi que les <strong>moines tib\u00e9tains <\/strong>ne m\u00e8nent  pas le <strong>mode de vie<\/strong> que nous suivons les Occidentaux et ils ne subissent  pas le m\u00eame niveau de stress que nous :le harc\u00e8lement morale, les horaires \u00e9pouvantables, les transports communs, la surcharge de travail, la peur du licenciement  la mal bouffe, l&rsquo;huile de palme, pata et patati,<\/li>\n<p><\/BR><br \/>\nCependant ces exercices ne pourraient que vous faire du bien \ud83d\ude42<\/p>\n<p>Une<strong> ATTITUDE HOLISTIQUE<\/strong> prendre soin du corps, de l&rsquo;esprit et de l&rsquo;\u00e2me EST  primordial.  Ce  ne sert rien \u00e0 vous engager dans la pratique de ces rites si vous continuez \u00e0 mal nourrir votre corps, votre esprit et  votre \u00e2me \ud83d\ude42<\/p>\n<table width=\"300\" border=\"3\">\n<tr>\n<td width=\"10%\"><strong>RITES<\/strong><\/td>\n<td><strong>COMMENT FAIRE<\/strong><\/td>\n<\/tr>\n<div id=\"attachment_10455\" style=\"width: 300px\" class=\"wp-caption alignleft\"><a href=\"https:\/\/www.holisticattitude.com\/?attachment_id=10455\" rel=\"attachment wp-att-10455\"><img loading=\"lazy\" decoding=\"async\" aria-describedby=\"caption-attachment-10455\" src=\"https:\/\/www.holisticattitude.com\/wp-content\/uploads\/\/rite01tib\u00e9tain1.jpg\" alt=\"\" title=\"rite01tib\u00e9tain\" width=\"290\" height=\"224\" class=\"size-full wp-image-10455\" \/><\/a><p id=\"caption-attachment-10455\" class=\"wp-caption-text\">RITE 1: Tournez autour de soi-m\u00eame<\/p><\/div>\n<\/td>\n<td>\n<li> Mettez-vous debout.  \u00c9CARTEZ les bras et les paumes tourn\u00e9s vers le sol <\/li>\n<li>  TOURNEZ sur vous-m\u00eame dans le sens des aiguilles d&rsquo;une montre et n&rsquo;oubliez pas de respirer. <\/li>\n<li><strong>CONSIGNES : <\/strong>Tournez autour de soi-m\u00eame peut provoquer des naus\u00e9es, de maux de t\u00eate ou de perte d&rsquo;\u00e9quilibre.  Au d\u00e9part tournez <strong>lentement<\/strong>. Une PETITE ASTUCE: <strong>FIXEZ UN POINT<\/strong> imaginaire entre vos deux yeux pendant que vous tournez autour de vous-m\u00eame, afin de r\u00e9duire le <strong>sentiment de naus\u00e9e<\/strong><\/li>\n<\/td>\n<\/tr>\n<tr>\n<td> <strong>RITE 2. <\/strong><\/p>\n<p><div id=\"attachment_10447\" style=\"width: 300px\" class=\"wp-caption alignleft\"><a href=\"https:\/\/www.holisticattitude.com\/?attachment_id=10447\" rel=\"attachment wp-att-10447\"><img loading=\"lazy\" decoding=\"async\" aria-describedby=\"caption-attachment-10447\" src=\"https:\/\/www.holisticattitude.com\/wp-content\/uploads\/\/rite02tib\u00e9tain.jpg\" alt=\"\" title=\"rite02tib\u00e9tain\" width=\"290\" height=\"117\" class=\"size-full wp-image-10447\" \/><\/a><p id=\"caption-attachment-10447\" class=\"wp-caption-text\">RITE 2: T\u00eate soulev\u00e9e et jambes droites<\/p><\/div>\n<\/td>\n<td>\n<li>Allongez-vous sur le dos, le bras les bras le long du corps.  <\/li>\n<li>SOULEVEZ votre t\u00eate et ramenez le menton vers la poitrine <\/li>\n<li>LEVEZ les jambes en position verticale en gardant les genoux droits  <\/li>\n<li><strong>RESPIRATION: <\/strong>INSPIREZ profond\u00e9ment quand vous soulevez les jambes et la t\u00eate. EXPIREZ quand vous les baissez<\/li>\n<\/td>\n<\/tr>\n<tr>\n<td><strong>RITE 3. <\/strong><\/p>\n<div id=\"attachment_10448\" style=\"width: 300px\" class=\"wp-caption alignleft\"><a href=\"https:\/\/www.holisticattitude.com\/?attachment_id=10448\" rel=\"attachment wp-att-10448\"><img loading=\"lazy\" decoding=\"async\" aria-describedby=\"caption-attachment-10448\" src=\"https:\/\/www.holisticattitude.com\/wp-content\/uploads\/\/rite03tib\u00e9tain.jpg\" alt=\"\" title=\"rite03tib\u00e9tain\" width=\"290\" height=\"136\" class=\"size-full wp-image-10448\" \/><\/a><p id=\"caption-attachment-10448\" class=\"wp-caption-text\">RITE 3: Agenouill\u00e9, t\u00eate en arri\u00e8re et colonne vert\u00e9brale en forme de courbe<\/p><\/div>\n<\/td>\n<td>\n<li> METTEZ-VOUS \u00e0 quatre pattes et le dos est droit <\/li>\n<li>POSEZ les mains sur le dos des cuisses  et AMENEZ le menton vers la poitrine <\/li>\n<li> PLIEZ doucement la t\u00eate et le cou en arri\u00e8re. En m\u00eame temps CAMBREZ votre colonne vert\u00e9brale <\/li>\n<li> <strong>RESPIRATION : <\/strong> INSPIREZ profond\u00e9ment lorsque vous pliez en arri\u00e8re.  Surtout ne RETENEZ pas votre respiration <\/li>\n<\/td>\n<\/tr>\n<tr>\n<td><strong>RITE 4.<\/strong> <\/p>\n<div id=\"attachment_10450\" style=\"width: 300px\" class=\"wp-caption alignleft\"><a href=\"https:\/\/www.holisticattitude.com\/?attachment_id=10450\" rel=\"attachment wp-att-10450\"><img loading=\"lazy\" decoding=\"async\" aria-describedby=\"caption-attachment-10450\" src=\"https:\/\/www.holisticattitude.com\/wp-content\/uploads\/\/rite04tib\u00e9tain.jpg\" alt=\"\" title=\"rite04tib\u00e9tain\" width=\"290\" height=\"113\" class=\"size-full wp-image-10450\" \/><\/a><p id=\"caption-attachment-10450\" class=\"wp-caption-text\">RITE 4: Dos parall\u00e8le au sol et bras, genoux perpendiculaires au sol<\/p><\/div>\n<\/td>\n<td>\n<li> ASSEYEZ-VOUS parterre, les jambes tendues, les pieds l\u00e9g\u00e8rement \u00e9cartes et les mains \u00e0 c\u00f4te de vos fesses <\/li>\n<li>AMENEZ le menton vers la poitrine.  INCLINEZ la t\u00eate doucement en arri\u00e8re <\/li>\n<li>PLIEZ les genoux et MONTEZ le corps en position horizontale. Les jambes et les bras sont droits et perpendiculaires au sol <\/li>\n<li>TENDEZ les muscles et retenez le souffle  <\/li>\n<li> <strong>RESPIRATION : <\/strong> INSPIREZ profond\u00e9ment quand vous MONTEZ le corps vers le haut. EXPIREZ en descendant le corps.  D\u00e9tendez-vous avant de r\u00e9p\u00e9ter l&rsquo;exercice <\/li>\n<\/td>\n<\/tr>\n<tr>\n<td><strong>RITE 5<\/strong> <\/p>\n<p><div id=\"attachment_10451\" style=\"width: 300px\" class=\"wp-caption alignleft\"><a href=\"https:\/\/www.holisticattitude.com\/?attachment_id=10451\" rel=\"attachment wp-att-10451\"><img loading=\"lazy\" decoding=\"async\" aria-describedby=\"caption-attachment-10451\" src=\"https:\/\/www.holisticattitude.com\/wp-content\/uploads\/\/rite05tib\u00e9tain.jpg\" alt=\"\" title=\"rite05tib\u00e9tain\" width=\"290\" height=\"120\" class=\"size-full wp-image-10451\" \/><\/a><p id=\"caption-attachment-10451\" class=\"wp-caption-text\">RITE 5: Du cobra au chien t\u00eate en bas<\/p><\/div>\n<\/td>\n<td>\n<li>ALLONGEZ-VOUS sur le ventre.  Les bras DROITS, les jambes parall\u00e8les au sol, SOULEVEZ le TRONC, l\u00e9g\u00e8rement courb\u00e9.  Le bassin et le ventre ne touchent pas le sol, seulement les pieds et les paumes des mains <\/li>\n<li> INCLINEZ la t\u00eate en arri\u00e8re.  Sans d\u00e9placer les pieds et les mains en se d\u00e9pliant aux hanches, portez le corps vers le haut en position d\u2019un &lsquo;<strong> V<\/strong> &lsquo; invers\u00e9.  Ramenez le menton vers la poitrine  <\/li>\n<li>REVENEZ \u00e0 la position initiale et r\u00e9p\u00e9tez le mouvement <\/li>\n<li><strong>RESPIRATION :<\/strong> INSPIREZ profond\u00e9ment en adoptant la position d&rsquo;un <strong>&lsquo;V&rsquo;<\/strong> inverse et EXPIREZ en baissant le corps  <\/li>\n<\/td>\n<\/tr>\n<tr>\n<td>CONTRA-POSTURE :<div id=\"attachment_1331\" style=\"width: 237px\" class=\"wp-caption aligncenter\"><a href=\"https:\/\/www.holisticattitude.com\/?attachment_id=1331\" rel=\"attachment wp-att-1331\"><img loading=\"lazy\" decoding=\"async\" aria-describedby=\"caption-attachment-1331\" src=\"https:\/\/www.holisticattitude.com\/wp-content\/uploads\/\/Garbhasana_balasana.jpg\" alt=\"enfant_balasana\" title=\"Garbhasana_balasana\" width=\"227\" height=\"141\" class=\"size-full wp-image-1331\" \/><\/a><p id=\"caption-attachment-1331\" class=\"wp-caption-text\">Posture de r\u00e9cup\u00e9ration-\u00e0 faire \u00e0 la fin de chaque Rite<\/p><\/div><\/td>\n<td>\n<li>Entre chaque RITE vous pouvez adoptez la position de l&rsquo;enfant, (posture de r\u00e9cup\u00e9ration) <\/li>\n<li> ASSEYEZ-VOUS sur les talons, vos bras de chaque c\u00f4t\u00e9 du corps <\/li>\n<li> \u00c9CARTEZ vos genoux, d&rsquo;une distance \u00e9gale \u00e0 la largeur de vos hanches  <\/li>\n<li>BAISSEZ votre buste et positionnez-le entre vos cuisses  <\/li>\n<li>Posez lentement le FRONT au sol (la t\u00eate est dans la prolongation de la colonne vert\u00e9brale) et les bras en avant et les paumes tourn\u00e9s vers le sol? Maintenez la posture  jusqu&rsquo;\u00e0 une minute. <\/td>\n<\/tr>\n<\/table>\n","protected":false},"excerpt":{"rendered":"<p>Les Cinq rites Tib\u00e9tains ont \u00e9t\u00e9 pratiqu\u00e9s par les moines Tib\u00e9tains depuis plus de 2500 ans. Ils utilisent ces exercices comme \u00ab\u00a0Fontaine de Jouvence.\u00a0\u00bb Dans les ann\u00e9es trente Colonel BRADFORD un militaire britannique \u00e0 la retraite, a visit\u00e9 un monast\u00e8re cach\u00e9 au plus profond de l\u2019Himalaya. II apprend des Lamas (enseignants religieux du bouddhisme tib\u00e9tain), [&hellip;]<\/p>\n","protected":false},"author":1,"featured_media":0,"parent":6743,"menu_order":9,"comment_status":"open","ping_status":"closed","template":"","meta":{"_monsterinsights_skip_tracking":false,"_monsterinsights_sitenote_active":false,"_monsterinsights_sitenote_note":"","_monsterinsights_sitenote_category":0,"slim_seo":{"title":"CINQ RITES TIB\u00c9TAINS - Holistic Attitude","description":"Les Cinq rites Tib\u00e9tains ont \u00e9t\u00e9 pratiqu\u00e9s par les moines Tib\u00e9tains depuis plus de 2500 ans. Ils utilisent ces exercices comme \"Fontaine de Jouvence.\" Dans les"},"footnotes":""},"class_list":["post-7740","page","type-page","status-publish","hentry"],"_links":{"self":[{"href":"https:\/\/www.holisticattitude.com\/index.php?rest_route=\/wp\/v2\/pages\/7740","targetHints":{"allow":["GET"]}}],"collection":[{"href":"https:\/\/www.holisticattitude.com\/index.php?rest_route=\/wp\/v2\/pages"}],"about":[{"href":"https:\/\/www.holisticattitude.com\/index.php?rest_route=\/wp\/v2\/types\/page"}],"author":[{"embeddable":true,"href":"https:\/\/www.holisticattitude.com\/index.php?rest_route=\/wp\/v2\/users\/1"}],"replies":[{"embeddable":true,"href":"https:\/\/www.holisticattitude.com\/index.php?rest_route=%2Fwp%2Fv2%2Fcomments&post=7740"}],"version-history":[{"count":5,"href":"https:\/\/www.holisticattitude.com\/index.php?rest_route=\/wp\/v2\/pages\/7740\/revisions"}],"predecessor-version":[{"id":10457,"href":"https:\/\/www.holisticattitude.com\/index.php?rest_route=\/wp\/v2\/pages\/7740\/revisions\/10457"}],"up":[{"embeddable":true,"href":"https:\/\/www.holisticattitude.com\/index.php?rest_route=\/wp\/v2\/pages\/6743"}],"wp:attachment":[{"href":"https:\/\/www.holisticattitude.com\/index.php?rest_route=%2Fwp%2Fv2%2Fmedia&parent=7740"}],"curies":[{"name":"wp","href":"https:\/\/api.w.org\/{rel}","templated":true}]}}