{"id":7700,"date":"2013-09-01T12:57:11","date_gmt":"2013-09-01T10:57:11","guid":{"rendered":"http:\/\/www.holisticattitude.com\/wordpress\/?page_id=7700"},"modified":"2014-03-11T16:16:04","modified_gmt":"2014-03-11T14:16:04","slug":"ne-renoncez-jamais","status":"publish","type":"page","link":"https:\/\/www.holisticattitude.com\/?page_id=7700","title":{"rendered":"NE RENONCEZ JAMAIS"},"content":{"rendered":"<p>Voici un message de sagesse imprim\u00e9 sur une chemise achet\u00e9e en Inde.<br \/>\nCe message a un sens, surtout aujourd&rsquo;hui o\u00f9 nous accordons trop d&rsquo;importance \u00e0 l&rsquo;intelligence du cerveau  plut\u00f4t que l&rsquo;intelligence du c\u0153ur<\/p>\n<div id=\"attachment_7701\" style=\"width: 160px\" class=\"wp-caption aligncenter\"><a href=\"https:\/\/www.holisticattitude.com\/?attachment_id=7701\" rel=\"attachment wp-att-7701\"><img loading=\"lazy\" decoding=\"async\" aria-describedby=\"caption-attachment-7701\" src=\"https:\/\/www.holisticattitude.com\/wp-content\/uploads\/\/fleur_orchide1-150x150.jpg\" alt=\"\" title=\"fleur_orchide\" width=\"150\" height=\"150\" class=\"size-thumbnail wp-image-7701\" \/><\/a><p id=\"caption-attachment-7701\" class=\"wp-caption-text\">Ouvrez votre coeur<\/p><\/div>\n<p>Peu importe ce qui se passe<br \/>\nNe renoncez jamais<br \/>\nD\u00e9veloppez votre c\u0153ur<br \/>\nTrop d&rsquo;\u00e9nergie dans votre pays<br \/>\nest consacr\u00e9e \u00e0 d\u00e9velopper votre cerveau<br \/>\nau lieu de votre c\u0153ur.<br \/>\nD\u00e9velopper votre c\u0153ur<br \/>\nFaites preuve de compassion<br \/>\nPas seulement \u00e0 vos amis<br \/>\nmais \u00e0 tout le monde<br \/>\nFaites preuve de compassion<br \/>\nTravaillez pour la paix<br \/>\ndans votre c\u0153ur et dans votre monde<br \/>\net je r\u00e9p\u00e8te encore<br \/>\nNe renoncez jamais<br \/>\nPeu importe ce qui se passe<br \/>\nPeu importe ce qui se passe autour de vous<br \/>\nNe renoncez jamais<\/p>\n<p>                                                             <em><strong>H.H.   Le quatorzi\u00e8me Dala\u00ef-lama<\/strong><\/em><\/p>\n","protected":false},"excerpt":{"rendered":"<p>Voici un message de sagesse imprim\u00e9 sur une chemise achet\u00e9e en Inde. Ce message a un sens, surtout aujourd&rsquo;hui o\u00f9 nous accordons trop d&rsquo;importance \u00e0 l&rsquo;intelligence du cerveau plut\u00f4t que l&rsquo;intelligence du c\u0153ur Peu importe ce qui se passe Ne renoncez jamais D\u00e9veloppez votre c\u0153ur Trop d&rsquo;\u00e9nergie dans votre pays est consacr\u00e9e \u00e0 d\u00e9velopper votre [&hellip;]<\/p>\n","protected":false},"author":1,"featured_media":0,"parent":784,"menu_order":2,"comment_status":"open","ping_status":"closed","template":"","meta":{"_monsterinsights_skip_tracking":false,"_monsterinsights_sitenote_active":false,"_monsterinsights_sitenote_note":"","_monsterinsights_sitenote_category":0,"slim_seo":{"title":"NE RENONCEZ JAMAIS - Holistic Attitude","description":"Voici un message de sagesse imprim\u00e9 sur une chemise achet\u00e9e en Inde. Ce message a un sens, surtout aujourd'hui o\u00f9 nous accordons trop d'importance \u00e0 l'intellige"},"footnotes":""},"class_list":["post-7700","page","type-page","status-publish","hentry"],"_links":{"self":[{"href":"https:\/\/www.holisticattitude.com\/index.php?rest_route=\/wp\/v2\/pages\/7700","targetHints":{"allow":["GET"]}}],"collection":[{"href":"https:\/\/www.holisticattitude.com\/index.php?rest_route=\/wp\/v2\/pages"}],"about":[{"href":"https:\/\/www.holisticattitude.com\/index.php?rest_route=\/wp\/v2\/types\/page"}],"author":[{"embeddable":true,"href":"https:\/\/www.holisticattitude.com\/index.php?rest_route=\/wp\/v2\/users\/1"}],"replies":[{"embeddable":true,"href":"https:\/\/www.holisticattitude.com\/index.php?rest_route=%2Fwp%2Fv2%2Fcomments&post=7700"}],"version-history":[{"count":0,"href":"https:\/\/www.holisticattitude.com\/index.php?rest_route=\/wp\/v2\/pages\/7700\/revisions"}],"up":[{"embeddable":true,"href":"https:\/\/www.holisticattitude.com\/index.php?rest_route=\/wp\/v2\/pages\/784"}],"wp:attachment":[{"href":"https:\/\/www.holisticattitude.com\/index.php?rest_route=%2Fwp%2Fv2%2Fmedia&parent=7700"}],"curies":[{"name":"wp","href":"https:\/\/api.w.org\/{rel}","templated":true}]}}