{"id":7659,"date":"2013-08-30T13:52:53","date_gmt":"2013-08-30T11:52:53","guid":{"rendered":"https:\/\/www.holisticattitude.com\/wordpress\/?page_id=7659"},"modified":"2014-02-23T19:08:15","modified_gmt":"2014-02-23T17:08:15","slug":"la-cystite-b-a-ba","status":"publish","type":"page","link":"https:\/\/www.holisticattitude.com\/le-corps\/la-cystite-b-a-ba\/","title":{"rendered":"LA CYSTITE B.A.- BA"},"content":{"rendered":"<div id=\"attachment_7712\" style=\"width: 160px\" class=\"wp-caption aligncenter\"><a href=\"https:\/\/www.holisticattitude.com\/?attachment_id=7712\" rel=\"attachment wp-att-7712\"><img loading=\"lazy\" decoding=\"async\" aria-describedby=\"caption-attachment-7712\" src=\"https:\/\/www.holisticattitude.com\/wp-content\/uploads\/\/cystite_2013-150x150.jpg\" alt=\"\" title=\"cystite_2013\" width=\"150\" height=\"150\" class=\"size-thumbnail wp-image-7712\" \/><\/a><p id=\"caption-attachment-7712\" class=\"wp-caption-text\">Un peu d'anatomie<\/p><\/div>\n<p><strong>QU\u2019EST-CE QUE LA CYSTITE?<\/strong><\/p>\n<li>  LA CYSTITE est une inflammation de la vessie associ\u00e9e aux infections bact\u00e9riennes  qui p\u00e9n\u00e8trent dans la vessie des deux sexes \u00e0 tous \u00e2ges <\/li>\n<p><\/BR><br \/>\n<strong>  LES CAUSES<\/strong><\/p>\n<li> Les bact\u00e9ries PARTENT parfois de la r\u00e9gion anale pour se concentrer dans le vagin, puis elles s\u2019introduisent dans L\u2019UR\u00c8TRE (un canal qui transport urine de la vessie vers l&rsquo;ext\u00e9rieur) pour finalement INFECTER la vessie. Savez-vous que l&rsquo;urine normale et la vessie ne contiennent habituellement AUCUNE bact\u00e9rie c&rsquo;est \u00e0 dire qu&rsquo;elles ne contiennent \u00e0 l&rsquo;\u00e9tat normal ni microbe, ni virus ni champignon. <\/li>\n<li>Les femmes souffrent plus de cystite que les hommes.    L&rsquo;ur\u00e8tre f\u00e9minin est plus COURT que l&rsquo;ur\u00e8tre masculin et plus proche des organes g\u00e9nitaux <\/li>\n<li>  La prise de drogues pendant la chimioth\u00e9rapie  <\/li>\n<li>  La cause de la cystite pourrait \u00eatre psychosomatique, li\u00e9e \u00e0 la peur, au stress inhabituel, au peur des examens, aux changements  <\/li>\n<li>  Quelque fois les  causes restent inconnues    <\/li>\n<p><\/BR><\/p>\n<p><strong>  LES SYMPT\u00d4MES   HABITUELS?<\/strong><\/p>\n<li>Envies FR\u00c9QUENTES d&rsquo;uriner  <\/li>\n<li>  Une SENSATION DE BR\u00dbLURE ou de la douleur lorsque vous urinez (MICTION) <\/li>\n<li> \u00c9coulement de l&rsquo;urine EN PETITES QUANTIT\u00c9S  <\/li>\n<li> La DOULEUR AU BAS-VENTRE, au-dessus de l\u2019os pubien<\/li>\n<li> Des urines malodorantes<\/li>\n<li> Du SANG DANS L&rsquo;URINE (les reins sont atteints) <\/li>\n<li>Une FI\u00c8VRE (infections des reins possible)  <\/li>\n<p>En cas d&rsquo;attaque II est IMPORTANT de consulter <strong>votre m\u00e9decin <\/strong>ou votre gyn\u00e9cologue d\u00e8s les 1ers signes de l&rsquo;infection,  dans les 48h maximum, et si vous ressentez une douleur aux rein, aller imm\u00e9diatement <strong>aux urgences.  <\/strong><br \/>\n<\/BR><\/p>\n<p>II existe <strong>DEUX <\/strong> types <\/p>\n<li>Les CYSTITES<strong> \u00c0 R\u00c9P\u00c9TITION<\/strong>    sont des infections qui surviennent moins de 4 fois par an.<\/li>\n<li>CYSTITES<strong> R\u00c9CIDIVANT<\/strong> sont des infections qui surviennent plus de 3 fois par an, elles arrivent plus souvent<\/li>\n<p>Familiarisez-vous avec les <strong>  R\u00c8GLES PR\u00c9VENTIVES <\/strong> afin d&rsquo;\u00e9viter une crise de cystite<\/p>\n<table width=\"300\" border=\"3\">\n<tr>\n<td width=\"50%\"><strong>REM\u00c8DE<\/strong><\/td>\n<td><strong>M\u00c9THODE<\/strong><\/td>\n<\/tr>\n<tr>\n<td> ESSUYEZ d&rsquo;avant en arri\u00e8re apr\u00e8s avoir urin\u00e9<\/td>\n<td>\n<li> La  BONNE HYGI\u00c8NE est essentielle. Essuyez dans le mauvais sens apporte un gros risque d&rsquo;infection. II apporte des germes ( E. Coli) \u00e0 la vulve (sexe ext\u00e9rieur de la femme) de l&rsquo;anus <\/li>\n<\/td>\n<\/tr>\n<tr>\n<td>PORTEZ des <strong>SOUS-V\u00caTEMENT EN COTON<\/strong> surtout en cas de crise.  Bannir le port des tissus synth\u00e9tiques (le bas en NYLON, les pantalons moulants \u00e0 \u00e9viter \u00e0 tout prix).   <\/td>\n<td> Le port des v\u00eatements en coton assure la circulation de l&rsquo;air.  Ce geste limite la croissance bact\u00e9rienne <\/td>\n<\/tr>\n<tr>\n<td>\u00c9VITER de vous<strong> DOUCHER<\/strong> et de vous <strong>LAVER<\/strong> d&rsquo;une fa\u00e7on excessive.<\/td>\n<td>\n<li> Cela perturbe l&rsquo;\u00e9quilibre naturel de la flore-vaginale  <\/li>\n<\/td>\n<\/tr>\n<tr>\n<td>URINEZ fr\u00e9quemment. Ne le retenez pas.  <\/td>\n<td>\n<li> Lorsque vous retenez trop longtemps votre urine cela favorise le d\u00e9veloppement et la colonisation des bact\u00e9ries dans votre vessie ainsi que leur reproduction jusqu&rsquo;\u00e0 votre vessie soit pleine. <\/li>\n<li>Cela augmente le risque d&rsquo;infections.  <\/li>\n<\/td>\n<\/tr>\n<tr>\n<td>PRIVIL\u00c9GIER les <strong> LES SERVIETTES HYGI\u00c9NIQUES <\/strong>(n&rsquo;oubliez pas de changer les TAMPONS r\u00e9guli\u00e8rement ou les SERVIETTES HYGI\u00c9NIQUES)  <\/td>\n<td>\n<li> ATTENTION : les serviettes hygi\u00e9niques  absorbent les bact\u00e9ries en les gardant la zone humide et chaude qui favorisent la croissance bact\u00e9rienne.  <\/li>\n<\/td>\n<\/tr>\n<tr>\n<td>  \u00c9VITER les <strong>STRINGS <\/strong> <\/td>\n<td>\n<li> \u00c7a augmente les frottements irritants et l&rsquo;humidit\u00e9 locale qui conduisent les microbes \u00e0 migrer plus facilement de l&rsquo;anus vers l&rsquo;ur\u00e8tre. <\/li>\n<\/td>\n<\/tr>\n<tr>\n<td>VIDEZ votre vessie avant et apr\u00e8s chaque relation sexuelle<\/td>\n<td>\n<li>Pour \u00e9liminer le plus de bact\u00e9rie <\/li>\n<\/td>\n<\/tr>\n<tr>\n<td>LAVEZ-VOUS avec un <strong>SAVON <\/strong> DOUX et  intime  <\/td>\n<td>\n<li>  \u00c9vitez le savon agressif parce qu&rsquo;il est trop acide. Visez un savon basique o\u00f9 le pH est sup\u00e9rieur \u00e0 7. Demandez conseil \u00e0 votre pharmacien <\/li>\n<\/td>\n<\/tr>\n<\/table>\n","protected":false},"excerpt":{"rendered":"<p>QU\u2019EST-CE QUE LA CYSTITE? LA CYSTITE est une inflammation de la vessie associ\u00e9e aux infections bact\u00e9riennes qui p\u00e9n\u00e8trent dans la vessie des deux sexes \u00e0 tous \u00e2ges LES CAUSES Les bact\u00e9ries PARTENT parfois de la r\u00e9gion anale pour se concentrer dans le vagin, puis elles s\u2019introduisent dans L\u2019UR\u00c8TRE (un canal qui transport urine de la [&hellip;]<\/p>\n","protected":false},"author":1,"featured_media":0,"parent":38,"menu_order":6,"comment_status":"open","ping_status":"closed","template":"","meta":{"_monsterinsights_skip_tracking":false,"_monsterinsights_sitenote_active":false,"_monsterinsights_sitenote_note":"","_monsterinsights_sitenote_category":0,"slim_seo":{"title":"LA CYSTITE B.A.- BA - Holistic Attitude","description":"Un peu d'anatomie QU\u2019EST-CE QUE LA CYSTITE? LA CYSTITE est une inflammation de la vessie associ\u00e9e aux infections bact\u00e9riennes qui p\u00e9n\u00e8trent dans la vessie des d"},"footnotes":""},"class_list":["post-7659","page","type-page","status-publish","hentry"],"_links":{"self":[{"href":"https:\/\/www.holisticattitude.com\/wp-json\/wp\/v2\/pages\/7659","targetHints":{"allow":["GET"]}}],"collection":[{"href":"https:\/\/www.holisticattitude.com\/wp-json\/wp\/v2\/pages"}],"about":[{"href":"https:\/\/www.holisticattitude.com\/wp-json\/wp\/v2\/types\/page"}],"author":[{"embeddable":true,"href":"https:\/\/www.holisticattitude.com\/wp-json\/wp\/v2\/users\/1"}],"replies":[{"embeddable":true,"href":"https:\/\/www.holisticattitude.com\/wp-json\/wp\/v2\/comments?post=7659"}],"version-history":[{"count":0,"href":"https:\/\/www.holisticattitude.com\/wp-json\/wp\/v2\/pages\/7659\/revisions"}],"up":[{"embeddable":true,"href":"https:\/\/www.holisticattitude.com\/wp-json\/wp\/v2\/pages\/38"}],"wp:attachment":[{"href":"https:\/\/www.holisticattitude.com\/wp-json\/wp\/v2\/media?parent=7659"}],"curies":[{"name":"wp","href":"https:\/\/api.w.org\/{rel}","templated":true}]}}