{"id":7652,"date":"2013-09-04T19:47:48","date_gmt":"2013-09-04T17:47:48","guid":{"rendered":"https:\/\/www.holisticattitude.com\/wordpress\/?page_id=7652"},"modified":"2014-07-09T15:08:16","modified_gmt":"2014-07-09T13:08:16","slug":"bonne-alimentation-cystite","status":"publish","type":"page","link":"https:\/\/www.holisticattitude.com\/alimentation\/bonne-alimentation-cystite\/","title":{"rendered":"BONNE ALIMENTATION -SOIGNER LA CYSTITE"},"content":{"rendered":"<div id=\"attachment_7715\" style=\"width: 160px\" class=\"wp-caption aligncenter\"><a href=\"https:\/\/www.holisticattitude.com\/?attachment_id=7715\" rel=\"attachment wp-att-7715\"><img loading=\"lazy\" decoding=\"async\" aria-describedby=\"caption-attachment-7715\" src=\"https:\/\/www.holisticattitude.com\/wp-content\/uploads\/\/jusdecucumber_2013-150x150.jpg\" alt=\"\" title=\"jusdecucumber_2013\" width=\"150\" height=\"150\" class=\"size-thumbnail wp-image-7715\" srcset=\"https:\/\/www.holisticattitude.com\/wp-content\/uploads\/jusdecucumber_2013-150x150.jpg 150w, https:\/\/www.holisticattitude.com\/wp-content\/uploads\/jusdecucumber_2013.jpg 180w\" sizes=\"auto, (max-width: 150px) 100vw, 150px\" \/><\/a><p id=\"caption-attachment-7715\" class=\"wp-caption-text\">Jus de concombre- diur\u00e9tique puissant et naturel<\/p><\/div>\n<li>Une <strong>bonne alimentation<\/strong> est importante contre la  cystite<\/li>\n<li>Un <strong>r\u00e9gime ad\u00e9quat <\/strong>est essentiel pour contr\u00f4ler la maladie et \u00e9viter les crises<\/li>\n<li>Une<strong> alimentation trop acidifiante<\/strong> peut jouer un r\u00f4le dans les sympt\u00f4mes de la cystite<\/li>\n<li>En r\u00e8gle g\u00e9n\u00e9rale, \u00e9vitez les aliments<strong> trop gras<\/strong> ou <strong>trop sucr\u00e9s<\/strong> en grande quantit\u00e9 <\/li>\n<p><\/BR><\/p>\n<table width=\"300\" border=\"3\">\n<tr>\n<td width=\"50%\"><strong>REM\u00c8DE<\/strong><\/td>\n<td><strong>M\u00c9THODE<\/strong><\/td>\n<\/tr>\n<tr>\n<td> \u00c9LIMINATION DES ALIMENTS DANS VOTRE ALIMENTATION PENDANT UNE CRISE DE CYSTITE<\/td>\n<td>\n<li>LES FRUITS et les BOISSONS <strong>ACIDES<\/strong> :- les ananas,  les dates, les prunes, <\/li>\n<li>Les BOISSONS avec de <strong>la CAF\u00c9INE<\/strong> \u00e9liminer le caf\u00e9, le th\u00e9 (pr\u00e9sence de la caf\u00e9ine)   le th\u00e9 vert (tanin tr\u00e8s acides) les boissons sucr\u00e9es, les sodas le cola,  <\/li>\n<li><strong>L&rsquo;ALCOOL<\/strong>, la bi\u00e8re et le vin <\/li>\n<li> <strong>Les TOMATES,<\/strong>  la sauce tomate, le pizza \u00e0 la sauce tomate, le ketchup<\/li>\n<li> Les <strong>PLATS \u00c9PIC\u00c9S<\/strong>  <\/li>\n<li> Les <strong>PLATS PR\u00c9PAR\u00c9S<\/strong><\/li>\n<li> Les <strong>\u00c9DULCORANT<\/strong>S (Des produits faites avec Nutrasweet, Aspartame) \u00a0<\/li>\n<li> Le\u00a0<strong>GLUTAMATE\u00a0MONOSODIQUE<\/strong> d\u00e9clenche les sympt\u00f4mes et les troubles de la cystite<\/li>\n<li> Le <strong>VINAIGRE <\/strong><\/li>\n<li> Le <strong>RIZ<\/strong> (aliment \u00e0 r\u00e9action acide dans le corps)<\/li>\n<li><strong>L\u2019ARTICHAUT<\/strong> de J\u00e9rusalem et les<strong> ASPERGES <\/strong>(trop acides)<\/li>\n<li>Les <strong>LENTILLES<\/strong> (aliment \u00e0 r\u00e9action acide dans le corps) <\/li>\n<li>LE <strong>BL\u00c9,<\/strong> les Nouilles(aliment \u00e0 r\u00e9action acide dans le corps) <\/li>\n<li>LES <strong>GRAINES<\/strong> <\/li>\n<li>L&rsquo;<strong>AVOINE<\/strong> (aliment \u00e0 r\u00e9action acide dans le corps)  <\/li>\n<li>L<strong>\u2019\u0152UF<\/strong>  (aliment \u00e0 r\u00e9action acide dans le corps)<\/li>\n<li>LE <strong>SEL <\/strong>dans vos repas, <\/li>\n<li>Les produits <strong>LAITIERS PASTEURIS\u00c9S<\/strong> et le FROMAGE<\/li>\n<li>le <strong>CHOCOLAT<\/strong> (il contient de l&rsquo;histamine, (d\u00e9clenche les troubles de la cystite ). de la caf\u00e9ine, de la th\u00e9obromine ,  \u00a0des phenyl\u00e9thylamine,  des tanins et des oxalates  ) <\/li>\n<\/td>\n<\/tr>\n<tr>\n<td><strong>INCLUSION <\/strong> DES ALIMENTS DANS  VOTRE ALIMENTATION <\/td>\n<td>\n<li>Les <strong>FRUITS<\/strong> comme les bananes (sauf en cas de constipation) les Myrtilles, les Poires, les Melons, les Raisins. <\/li>\n<li>Privil\u00e9gier les<strong> L\u00c9GUMES<\/strong> :- Aubergines, Brocoli, Carottes, C\u00e9leri, Choux de Bruxelles Choux, Choux fleur,  Champignons,Concombre, Courge Ignames Petit-pois, pomme de terre, Radis<\/li>\n<\/td>\n<\/tr>\n<tr>\n<td> BOIRE BEAUCOUP <strong>D&rsquo;EAU<\/strong> au moins 1,5L<\/td>\n<td>\n<li> L&rsquo;eau aide \u00e0 \u00e9vacuer les microbes de la VESSIE surtout les <strong>bact\u00e9ries qui stagnent<\/strong> et se rassemblent par erreur \u00e0 l&rsquo;entr\u00e9e de  L&rsquo;UR\u00c8TRE  <\/li>\n<\/td>\n<\/tr>\n<tr>\n<td>     BUVEZ <strong> DE L&rsquo;EAU CITRONN\u00c9E<\/strong> toutes les DEUX heures ou aussi souvent que vous le souhaitez <\/td>\n<td>\n<li> Ajoutez une cuill\u00e8re de<strong> jus de CITRON<\/strong> \u00e0 200 ml d&rsquo;eau bouillante. Laissez la boisson REFROIDIR<\/li>\n<li> Le citron est un super<strong> ANTIBACT\u00c9RIEN <\/strong><\/li>\n<li> Contrairement \u00e0 ce qu&rsquo;on pourrait penser, il pourrait <strong>r\u00e9duire L&rsquo;ACIDIT\u00c9 <\/strong>de votre vessie.  <\/li>\n<li>  II r\u00e9duit \u00e9galement la sensation de br\u00fblures et de douleurs \u00e0 la MICTION.  <\/li>\n<\/td>\n<\/tr>\n<tr>\n<td> Faites une CURE de jus de <strong>RADIS<\/strong>    <\/td>\n<td>\n<li>Ce jus <strong>ATT\u00c9NUE<\/strong> les sympt\u00f4mes douloureux de cystite et traite l&rsquo;infection.   <\/li>\n<li>BUVEZ ce jus fait des feuilles du RADIS  <strong>le matin.<\/strong>  <\/li>\n<\/td>\n<\/tr>\n<tr>\n<td>  Faites une CURE de jus de<strong> CONCOMBRE<\/strong>   <\/td>\n<td>\n<li>  Cette boisson agit comme un <strong>diur\u00e9tique.<\/strong>  <\/li>\n<li>  Buvez le <strong>jus FRAIS <\/strong>avec une cuill\u00e8re du miel  <\/li>\n<li>Buvez 2 fois par jour au moins pendant <strong>2 semaines<\/strong>.  <\/li>\n<\/td>\n<\/tr>\n<tr>\n<td> CONSOMMEZ DE La CANNEBERGE<\/td>\n<td>\n<li> Achetez  des CANNEBERGES <strong>fra\u00eeches \/congel\u00e9es<\/strong> ou de CANNEBERGE  <strong>pur\u00e9es<\/strong> surgel\u00e9es ou du <strong>jus concentr\u00e9s<\/strong> ou des <strong>sachets de poudres<\/strong> demandez conseil \u00e0 votre pharmacien <\/li>\n<li>\u00c9vitez le jus de <strong>CANNEBERGE<\/strong> disponible dans les supermarch\u00e9s &#8211;  <strong>trop sucr\u00e9<\/strong> <\/li>\n<li>  La CANNEBERGE contient une substance qui s&rsquo;appelle <strong>proanthocyanidins<\/strong>, qui bloque l&rsquo;adh\u00e9sion des bact\u00e9ries sur les parois urinaires et facilite leur \u00e9vacuation.  Autrement dit elle joue un r\u00f4le pr\u00e9ventif des infections urinaires r\u00e9cidivantes (ref l&rsquo;Agence Fran\u00e7aise de s\u00e9curit\u00e9 sanitaire des aliments (Afssa).   <\/li>\n<li>Elle est aussi un <strong>antioxydant puissant<\/strong> <\/li>\n<li>Elle est une source de vitamine C<\/li>\n<li>Quelques milliers de femmes <strong>jurent<\/strong> qu&rsquo;elles soulagent leurs sympt\u00f4mes y compris ma fille \ud83d\ude42   A vous d&rsquo;exp\u00e9rimenter.  <\/li>\n<\/td>\n<\/tr>\n<tr>\n<td> La CANNEBERGE n&rsquo;est pas une rem\u00e8de miracle <\/p>\n<li> II se peut que la CANNEBERGE ne vous convienne pas.   <\/li>\n<\/td>\n<td>\n<li> II existe des \u00e9tudes qui <strong>remettent en question l&rsquo;efficacit\u00e9 <\/strong>de la CANNEBERGE <\/li>\n<li><strong>2. <\/strong>II existe une \u00e9tude qui montre que la CANNEBERGE pourrait ralentir la prolif\u00e9ration des cellules canc\u00e9reuses (une \u00e9tude publi\u00e9e en 2006 par l&rsquo;universit\u00e9 du Massachusetts Darmouth). <\/li>\n<li>   II est conseill\u00e9 de l&rsquo;utiliser \u00e0 <strong>titre pr\u00e9ventif <\/strong>  <\/li>\n<li> Elle a  une\u00a0action pr\u00e9ventive (et non curative)\u00a0(REF : <strong>L\u2019AFSSAPS,<\/strong> c\u2019est l\u2019Agence Fran\u00e7aise de S\u00e9curit\u00e9 Sanitaire des Produits de Sant\u00e9. En juin 2008)   <\/li>\n<\/td>\n<\/tr>\n<tr>\n<td>Le jus de PAMPLEMOUSSE <\/td>\n<td>\n<li>Le pamplemousse qui est riche en <strong>vitamine C<\/strong> pourrait <strong>SOULAGER<\/strong> les sympt\u00f4mes de la CYSTITE  <\/li>\n<li>Dans la lutte contre contre l\u2019acidification de l\u2019organisme il est important de prendre en consid\u00e9ration les aliments qui laissent un <strong>R\u00c9SIDU D&rsquo;ALCALIN<\/strong> dans l\u2019organisme<\/li>\n<li>Ne pas confondre aliment <strong>ACIDE<\/strong> et <strong>aliment \u00e0 R\u00c9ACTION ACIDE <\/strong> ou <strong>le <em>r\u00e9sidu acido-basique<\/em> <\/strong>\n<li>Par exemple: le ph du pamplemousse est environ <strong>3.4 <\/strong>dans <strong>la bouche <\/strong>cependant dans le corps humain il provoquera dans l&rsquo;estomac (ph du suc gastrique est 2.0) une r\u00e9action<strong> ALCALINE<\/strong>)  pH= +6.40 <\/li>\n<li>exemples de <strong>r\u00e9sidu acido-basique <\/strong> CITRON  +7.7 et ORANGE  +7.1<\/li>\n<\/td>\n<\/tr>\n<\/table>\n<p><\/BR><\/p>\n","protected":false},"excerpt":{"rendered":"<p>Une bonne alimentation est importante contre la cystite Un r\u00e9gime ad\u00e9quat est essentiel pour contr\u00f4ler la maladie et \u00e9viter les crises Une alimentation trop acidifiante peut jouer un r\u00f4le dans les sympt\u00f4mes de la cystite En r\u00e8gle g\u00e9n\u00e9rale, \u00e9vitez les aliments trop gras ou trop sucr\u00e9s en grande quantit\u00e9 REM\u00c8DE M\u00c9THODE \u00c9LIMINATION DES ALIMENTS DANS [&hellip;]<\/p>\n","protected":false},"author":1,"featured_media":0,"parent":201,"menu_order":17,"comment_status":"open","ping_status":"closed","template":"","meta":{"_monsterinsights_skip_tracking":false,"_monsterinsights_sitenote_active":false,"_monsterinsights_sitenote_note":"","_monsterinsights_sitenote_category":0,"slim_seo":{"title":"BONNE ALIMENTATION -SOIGNER LA CYSTITE - Holistic Attitude","description":"Jus de concombre- diur\u00e9tique puissant et naturel Une bonne alimentation est importante contre la cystite Un r\u00e9gime ad\u00e9quat est essentiel pour contr\u00f4ler la malad"},"footnotes":""},"class_list":["post-7652","page","type-page","status-publish","hentry"],"_links":{"self":[{"href":"https:\/\/www.holisticattitude.com\/wp-json\/wp\/v2\/pages\/7652","targetHints":{"allow":["GET"]}}],"collection":[{"href":"https:\/\/www.holisticattitude.com\/wp-json\/wp\/v2\/pages"}],"about":[{"href":"https:\/\/www.holisticattitude.com\/wp-json\/wp\/v2\/types\/page"}],"author":[{"embeddable":true,"href":"https:\/\/www.holisticattitude.com\/wp-json\/wp\/v2\/users\/1"}],"replies":[{"embeddable":true,"href":"https:\/\/www.holisticattitude.com\/wp-json\/wp\/v2\/comments?post=7652"}],"version-history":[{"count":0,"href":"https:\/\/www.holisticattitude.com\/wp-json\/wp\/v2\/pages\/7652\/revisions"}],"up":[{"embeddable":true,"href":"https:\/\/www.holisticattitude.com\/wp-json\/wp\/v2\/pages\/201"}],"wp:attachment":[{"href":"https:\/\/www.holisticattitude.com\/wp-json\/wp\/v2\/media?parent=7652"}],"curies":[{"name":"wp","href":"https:\/\/api.w.org\/{rel}","templated":true}]}}