{"id":7639,"date":"2013-08-30T13:31:02","date_gmt":"2013-08-30T11:31:02","guid":{"rendered":"http:\/\/www.holisticattitude.com\/wordpress\/?page_id=7639"},"modified":"2013-09-04T19:43:45","modified_gmt":"2013-09-04T17:43:45","slug":"cystite-huiles-essentielles","status":"publish","type":"page","link":"https:\/\/www.holisticattitude.com\/?page_id=7639","title":{"rendered":"CYSTITE : HUILES ESSENTIELLES"},"content":{"rendered":"<div id=\"attachment_7707\" style=\"width: 160px\" class=\"wp-caption aligncenter\"><a href=\"https:\/\/www.holisticattitude.com\/?attachment_id=7707\" rel=\"attachment wp-att-7707\"><img loading=\"lazy\" decoding=\"async\" aria-describedby=\"caption-attachment-7707\" src=\"https:\/\/www.holisticattitude.com\/wp-content\/uploads\/\/huilesessentiels_2013.jpg\" alt=\"\" title=\"huilesessentiels_2013\" width=\"150\" height=\"150\" class=\"size-full wp-image-7707\" \/><\/a><p id=\"caption-attachment-7707\" class=\"wp-caption-text\">Elles pourraient aider pendant une crise de cystite<\/p><\/div>\n<p>HUILES ESSENTIELLES CONTRE LA CYSTITE<\/p>\n<li> <strong>Arbre \u00e0 th\u00e9<\/strong> (Melaleuca alternifolia\u00a0) \u2013 Des propri\u00e9t\u00e9s antibact\u00e9riennes<\/li>\n<li><strong>Basilic Tropical<\/strong> (Ocimum basilicum\u00a0Citrus bergamia) \u2013 Des propri\u00e9t\u00e9s antiseptiques, des propri\u00e9t\u00e9s  d\u00e9sinfectantes<\/li>\n<li><strong>C\u00e8dre\u00a0de l&rsquo;ATLAS <\/strong>(Cedrus atlantica) \u2013  De bonnes propri\u00e9t\u00e9s diur\u00e9tiques,<\/li>\n<li><strong>Camomille Noble <\/strong>(Matricaria recutita) \u2013 Des propri\u00e9t\u00e9s ANTIBACT\u00c9RIENNES<\/li>\n<li><strong>Cypr\u00e8s<\/strong> (Cupressus sempervirens) \u2013 De bonnes propri\u00e9t\u00e9s DIUR\u00c9TIQUES<\/li>\n<li><strong>ENCENS oliban<\/strong> (Boswellia carterii) \u2013   Des propri\u00e9t\u00e9s ANTIBACT\u00c9RIENNES, des propri\u00e9t\u00e9s ANTISEPTIQUES<\/li>\n<li><strong>Eucalyptus <\/strong>(Eucalyptus globulus) \u2013 Des propri\u00e9t\u00e9s  ANTISEPTIQUES<\/li>\n<li>Le\u00a0<strong>Gen\u00e9vrier<\/strong> (Juniperus communis\u00a0\u2013 De bonnes propri\u00e9t\u00e9s DIUR\u00c9TIQUES<\/li>\n<li><strong>Lavande Fine <\/strong> Lavendula angustifolia) \u2013 Des propri\u00e9t\u00e9s ANTIBACT\u00c9RIENNES et  une huile APAISANTE<\/li>\n<li><strong>Niaouli<\/strong> (Melaleuca quinquinervia CT cineole) \u2013 Des propri\u00e9t\u00e9s ANTIBACT\u00c9RIENNES<\/li>\n<li><strong>Palmarosa <\/strong>(Cymbopogon martinii) \u2013 Un super ANTIBACT\u00c9RIEN<\/li>\n<li><strong>Pin Sylvestre<\/strong> (Pinus sylvestris) \u2013 De bonnes propri\u00e9t\u00e9s DIUR\u00c9TIQUES, ANTI-INFLAMMATOIRES  et des propri\u00e9t\u00e9s  ANTISEPTIQUES<\/li>\n<li><strong>Santal Blanc<\/strong> (Santalum album) \u2013 Des propri\u00e9t\u00e9s ANTIBACT\u00c9RIENNES et de bonnes propri\u00e9t\u00e9s DIUR\u00c9TIQUES,<\/li>\n<li><strong>Thym \u00e0 Thuyanol <\/strong>(Thymus vulgaris) \u2013 Des propri\u00e9t\u00e9s ANTIBACT\u00c9RIENNES  et de bonnes propri\u00e9t\u00e9s DIUR\u00c9TIQUES,<\/li>\n<p><\/BR><br \/>\n<strong>LIRE LES R\u00c8GLES D&rsquo;OR<\/strong><br \/>\n<\/BR><br \/>\nCOMMENT SOIGNER  LA CYSTITE AVEC LES HUILES ESSENTIELLES<\/p>\n<p>\tII existe trois m\u00e9thodes douces pour vous SOIGNER :-<\/p>\n<li> Un <strong>Bain de si\u00e8ge (assis dans un bain, vous trempez vos hanches et vos fesses dans de l&rsquo;eau chaude) <\/li>\n<li><\/strong>Une <strong>compresse chaude <\/strong> tremp\u00e9e dans le m\u00e9lange de votre choix<\/li>\n<li> Un <strong>massage<\/strong> avec le m\u00e9lange de votre choix <\/li>\n<p><\/Br><\/p>\n<table border=\"3\" width=\"300\">\n<tbody>\n<tr>\n<td width=\"35%\"><strong>QUELLE M\u00c9THODE<\/strong><\/td>\n<td><strong>COMMENT FAIRE<\/strong><\/td>\n<\/tr>\n<tr>\n<td><strong>UN BAIN DE SI\u00c8GE <\/strong>OU (<strong>SITZ  BATH<\/strong>) qui se r\u00e9f\u00e8re \u00e0 un\u00a0bain\u00a0d&rsquo;eau chaude. Utilis\u00e9 pour la gu\u00e9rison ou le nettoyage  <\/td>\n<td\n\t\n\n<li> AJOUTEZ <strong>8<\/strong> gouttes de votre <strong>M\u00c9LANGE DE CHOIX (voir tableau ci-dessous) <\/strong>\u00e0 une huile v\u00e9g\u00e9tale ou une huile de base. <\/li>\n<li>Asseyez vous  dans une baignoire avec de l&rsquo;eau chaude couvrant les hanches et les fesses.<\/li>\n<li>\u00a0Ajoutez 5-8 gouttes de votre m\u00e9lange \u00e0 l&rsquo;eau.  Remuer bien. <\/li>\n<li>Laissez-vous tremper dans ce \u00ab\u00a0SITZ BATH\u00a0\u00bb pendant 15  mins. R\u00e9p\u00e9tez 2 fois par jour  <\/li>\n<\/td>\n<\/tr>\n<tr>\n<td>UNE <strong>COMPRESSE CHAUDE<\/strong> SUR LA ZONE CONCERN\u00c9E <\/td>\n<td>\n<li>Remplissez un bol avec de l&rsquo;eau chaude.  <\/li>\n<li>Ajoutez 4-6 gouttes de votre M\u00c9LANGE de choix (voir tableau ci-dessous)<\/li>\n<li>  REMUEZ bien.  TREMPEZ votre serviette avec le m\u00e9lange.    <\/li>\n<li>SERREZ pour\u00a0\u00e9liminer l&rsquo;exc\u00e8s\u00a0d&rsquo;eau  <\/li>\n<li> POSEZ la compresse chaude sur la zone douloureuse, les reins ou l&rsquo;estomac pendant 2-3 minutes <\/li>\n<li>  R\u00c9P\u00c9TEZ plusieurs fois dans la journ\u00e9e  <\/li>\n<\/td>\n<\/tr>\n<tr>\n<td><strong>HUILE\/CR\u00c8ME de MASSAGE<\/strong><\/td>\n<td>\n<li>AJOUTEZ <strong>5<\/strong> gouttes de CE M\u00c9LANGE \u00e0<strong> 15ml<\/strong> de L&rsquo;HUILE DE MASSAGE dans\u00a0une\u00a0huile de base (huile d&rsquo;amande, d&rsquo;huile d&rsquo;olive, l&rsquo;huile de p\u00e9pin de raison&#8230;) ou une cr\u00e8me de base. MASSEZ, le bas du dos,  l&rsquo;estomac, les cuisses  2-3 fois par jour.  <\/li>\n<\/td>\n<\/tr>\n<\/tbody>\n<\/table>\n<p><\/BR><br \/>\nDES M\u00c9LANGES D&rsquo;HUILES ESSENTIELLES POUR <strong>la CYSTITE<\/strong><\/p>\n<li> En synergie (plusieurs sont souvent plus efficaces qu&rsquo;une seule)<\/li>\n<p><\/BR><\/p>\n<table border=\"3\" width=\"300\">\n<tbody>\n<tr>\n<td width=\"10%\"><strong><span style=\"color: #008000;\">M\u00c9LANGE 1<\/span><\/strong><\/td>\n<td><strong><span style=\"color: #008000;\">M\u00c9LANGE2<\/span><\/strong><\/td>\n<td><strong><span style=\"color: #008000;\">M\u00c9LANGE 3<\/span><\/strong><\/td>\n<td><strong><span style=\"color: #008000;\">M\u00c9LANGE 4<\/span><\/strong><\/td>\n<\/tr>\n<tr>\n<td><strong>3<\/strong> gouttes de <strong>BERGAMOTE<\/strong><\/td>\n<td><strong>1<\/strong> goutte de <strong>CAMOMILLE<\/strong><\/td>\n<td><strong>4<\/strong> gouttes de <strong>BERGAMOTE<\/strong><\/td>\n<td><strong>3<\/strong> gouttes de <strong>CYPR\u00c8S<\/strong><\/td>\n<\/tr>\n<tr>\n<td><strong>3<\/strong> gouttes de <strong>CYPR\u00c8S<\/strong><\/td>\n<td><strong>6<\/strong> gouttes de <strong>LAVANDE<\/strong><\/td>\n<td><strong>3 <\/strong> gouttes de <strong>LAVANDE<\/strong><\/td>\n<td><strong>1<\/strong> goutte de <strong>PIN SYLVESTRE<\/strong><\/td>\n<\/tr>\n<tr>\n<td><strong>1<\/strong> goutte de <strong>PALMAROSA<\/strong><\/td>\n<td><strong>3<\/strong> gouttes de <strong>SANTAL BLANC<\/strong><\/td>\n<td><strong>1<\/strong> goutte de <strong> PALMAROSA<\/strong><\/td>\n<td><strong>1<\/strong> goutte de <strong> ARBRE TH\u00c9<\/strong><\/td>\n<\/tr>\n<\/tbody>\n<\/table>\n<p><\/BR><\/p>\n<table border=\"3\" width=\"300\">\n<tbody>\n<tr>\n<td width=\"30%\"><strong><span style=\"color: #008000;\">M\u00c9LANGE 5 <\/span><\/strong><\/td>\n<td><strong>Les CONTRE-INDICATIONS<\/strong><\/td>\n<\/tr>\n<tr>\n<td>\n<li>Ajoutez <strong>10<\/strong> gouttes de HE DE la<strong> BERGAMOTE<\/strong><\/li>\n<li> <strong>10<\/strong> gouttes\u00a0de HE de la <strong>LAVANDE<\/strong><\/li>\n<li> <strong>10<\/strong> gouttes de HE de L&rsquo;<strong>ENCENS\u00a0 OLIBAN<\/strong><\/li>\n<\/td>\n<td>\n<li> Faire toujours\u00a0un <strong>TEST D&rsquo;ALLERGIE<\/strong> si vous avez la peau sensible. Mettez <strong>2 <\/strong>gouttes sur la\u00a0face interne\u00a0de POIGNET ou sur le pli du COUDE<\/li>\n<li> La BERGAMOTE est<strong> photosensibilisante<\/strong>, pas d&rsquo;application avant l&rsquo;exposition au soleil<\/li>\n<li> La LAVANDE VRAI D\u00e9conseill\u00e9 en cas\u00a0D&rsquo;HYPERTENSION ou et de PSORIASIS<\/li>\n<li> L&rsquo;ENCENS OLIBAN dans les<strong> <strong>D\u00e9conseill\u00e9 <\/strong>les trois premiers mois de grossesse<\/strong><\/li>\n<\/td>\n<\/tr>\n<\/tbody>\n<\/table>\n","protected":false},"excerpt":{"rendered":"<p>HUILES ESSENTIELLES CONTRE LA CYSTITE Arbre \u00e0 th\u00e9 (Melaleuca alternifolia\u00a0) \u2013 Des propri\u00e9t\u00e9s antibact\u00e9riennes Basilic Tropical (Ocimum basilicum\u00a0Citrus bergamia) \u2013 Des propri\u00e9t\u00e9s antiseptiques, des propri\u00e9t\u00e9s d\u00e9sinfectantes C\u00e8dre\u00a0de l&rsquo;ATLAS (Cedrus atlantica) \u2013 De bonnes propri\u00e9t\u00e9s diur\u00e9tiques, Camomille Noble (Matricaria recutita) \u2013 Des propri\u00e9t\u00e9s ANTIBACT\u00c9RIENNES Cypr\u00e8s (Cupressus sempervirens) \u2013 De bonnes propri\u00e9t\u00e9s DIUR\u00c9TIQUES ENCENS oliban (Boswellia carterii) [&hellip;]<\/p>\n","protected":false},"author":1,"featured_media":0,"parent":7494,"menu_order":2,"comment_status":"open","ping_status":"closed","template":"","meta":{"_monsterinsights_skip_tracking":false,"_monsterinsights_sitenote_active":false,"_monsterinsights_sitenote_note":"","_monsterinsights_sitenote_category":0,"slim_seo":{"title":"CYSTITE : HUILES ESSENTIELLES - Holistic Attitude","description":"Elles pourraient aider pendant une crise de cystite HUILES ESSENTIELLES CONTRE LA CYSTITE Arbre \u00e0 th\u00e9 (Melaleuca alternifolia\u00a0) \u2013 Des propri\u00e9t\u00e9s antibact\u00e9rienne"},"footnotes":""},"class_list":["post-7639","page","type-page","status-publish","hentry"],"_links":{"self":[{"href":"https:\/\/www.holisticattitude.com\/index.php?rest_route=\/wp\/v2\/pages\/7639","targetHints":{"allow":["GET"]}}],"collection":[{"href":"https:\/\/www.holisticattitude.com\/index.php?rest_route=\/wp\/v2\/pages"}],"about":[{"href":"https:\/\/www.holisticattitude.com\/index.php?rest_route=\/wp\/v2\/types\/page"}],"author":[{"embeddable":true,"href":"https:\/\/www.holisticattitude.com\/index.php?rest_route=\/wp\/v2\/users\/1"}],"replies":[{"embeddable":true,"href":"https:\/\/www.holisticattitude.com\/index.php?rest_route=%2Fwp%2Fv2%2Fcomments&post=7639"}],"version-history":[{"count":0,"href":"https:\/\/www.holisticattitude.com\/index.php?rest_route=\/wp\/v2\/pages\/7639\/revisions"}],"up":[{"embeddable":true,"href":"https:\/\/www.holisticattitude.com\/index.php?rest_route=\/wp\/v2\/pages\/7494"}],"wp:attachment":[{"href":"https:\/\/www.holisticattitude.com\/index.php?rest_route=%2Fwp%2Fv2%2Fmedia&parent=7639"}],"curies":[{"name":"wp","href":"https:\/\/api.w.org\/{rel}","templated":true}]}}