{"id":7272,"date":"2013-07-17T17:54:50","date_gmt":"2013-07-17T15:54:50","guid":{"rendered":"http:\/\/www.holisticattitude.com\/wordpress\/?page_id=7272"},"modified":"2020-05-06T10:50:01","modified_gmt":"2020-05-06T08:50:01","slug":"l%e2%80%99ete-indien-la-medecine-chinoise","status":"publish","type":"page","link":"https:\/\/www.holisticattitude.com\/?page_id=7272","title":{"rendered":"L\u2019\u00c9T\u00c9 INDIEN -la m\u00e9decine Chinoise"},"content":{"rendered":"<p><strong>CONSEILS PRATIQUES  <\/strong><\/p>\n<div id=\"attachment_4522\" style=\"width: 249px\" class=\"wp-caption aligncenter\"><a href=\"https:\/\/www.holisticattitude.com\/?attachment_id=4522\" rel=\"attachment wp-att-4522\"><img loading=\"lazy\" decoding=\"async\" aria-describedby=\"caption-attachment-4522\" src=\"https:\/\/www.holisticattitude.com\/wp-content\/uploads\/\/changementdessaisons.jpg\" alt=\"changement _saisons\" title=\"changementdessaisons\" width=\"239\" height=\"211\" class=\"size-full wp-image-4522\" \/><\/a><p id=\"caption-attachment-4522\" class=\"wp-caption-text\">EN JAUNE LES P\u00c9RIODES DES INTERSAISONS <\/p><\/div>\n<li>METTEZ VOUS EN CONTACT\u00a0avec <strong>la\u00a0Qi<\/strong>\u00a0de la TERRE, l&rsquo;\u00e9l\u00e9ment associ\u00e9 \u00e0 la cinqui\u00e8me saison.  Privil\u00e9gier les activit\u00e9s comme  la poterie, le jardinage et les massages. Le TOUCHER est tr\u00e8s important pour l&rsquo;\u00e9l\u00e9ment TERRE. Un \u00e9tat d&rsquo;agitation pourrait \u00eatre expliqu\u00e9 par un manque de cet \u00e9l\u00e9ment dans vos organes plus particuli\u00e8rement la RATE-PANCR\u00c9AS et l&rsquo;ESTOMAC<\/li>\n<li>\u00c9VITEZ une ALIMENTATION trop FROID (Voir liste en bas).  Manger trop des aliments froids nuisent \u00e0 la RATE et \u00e0 L&rsquo;ESTOMAC .<\/li>\n<li>\u00c9VITEZ un exc\u00e8s des aliments CHAUDS et SECS qui blessent le YIN de l&rsquo;estomac (Le viande rouge, le poivre, le gingembre&#8230;)<\/li>\n<p><\/BR><\/p>\n<table width=\"300\" border=\"3\">\n<tr>\n<td width=\"30%\"><strong>CARACT\u00c9RISTIQUES<\/strong><\/td>\n<td><strong>RATE<\/strong><\/td>\n<\/tr>\n<tr>\n<td>LA DI\u00c9T\u00c9TIQUE est la  CL\u00c9 pour renforcer l&rsquo;\u00e9nergie de <strong> LA  RATE<\/strong>\n\t <\/td>\n<td>\n<li>Une alimentation  \u00c9QUILIBR\u00c9E et \u00e0 des heures  R\u00c9GULI\u00c8RES sont importantes pour le bon fonctionnement du corps. <\/li>\n<li>Ne n\u00e9gligez pas de prendre votre PETIT D\u00c9JEUNER et surtout AVANT <a href=\"https:\/\/www.holisticattitude.com\/?page_id=1196\"> <strong>9 HEURES<\/strong><\/a>  <\/li>\n<li>Manger L\u00c9GER le soir <\/li>\n<li> Arr\u00eatez le GRIGNOTAGE <\/li>\n<li> MANGER dans le CALME et PRENEZ votre TEMPS <\/li>\n<li> Buvez D&rsquo;EAU \u00e0 la fin du repas pr\u00e9f\u00e9rablement temp\u00e9r\u00e9e ou chaude.  Mod\u00e9rez votre consomption d&rsquo;eau. Contrairement \u00e0 ce qu&rsquo;on croit TROP D&rsquo;EAU fatigue la RATE et les REINS.<\/li>\n<\/td>\n<\/tr>\n<tr>\n<td> LE MAUVAIS CLIMAT AFFECTE La RATE. <\/td>\n<td>\n<li> L&rsquo;\u00e9l\u00e9ment TERRE est associ\u00e9e au climat humide.  Elle n&rsquo;aime pas LA HUMIDIT\u00c9 ou LE FROID. Ces climats peuvent  rendre l&rsquo;organisme LOURD et la RATE FAIBLE.  <\/li>\n<li>  C&rsquo;est durant une p\u00e9riode humide que la RATE est le plus souvent bless\u00e9e. \t<\/li>\n<li>\u00c9VITEZ l&rsquo;exc\u00e8s  d&rsquo;humidit\u00e9 dans la maison, dans votre environnement et le brouillard.  Rester longtemps dans un endroit humide comme la hammam peut nuire \u00e0 la RATE.  \t  <\/li>\n<\/td>\n<\/tr>\n<tr>\n<td>La SALIVE  est r\u00e9gie par la RATE<\/td>\n<td>\n<li> MASTIQUER bien vos portions MOD\u00c9R\u00c9ES.  SURALIMENTER le corps est nuisible pour la RATE, L&rsquo;ESTOMAC et le corps quelque soit la saison. \ud83d\ude42  En plus le QI de l&rsquo;estomac \u00e9prouvera de la difficult\u00e9 \u00e0 descendre. <\/li>\n<\/td>\n<\/tr>\n<tr>\n<td>LA\u00a0SAVEUR\u00a0  douce, sucr\u00e9e et fade (comme le lait maternel)  sont associ\u00e9es \u00e0 l&rsquo;\u00e9l\u00e9ment TERRE<\/td>\n<td>\n<li>  Une fort envie de manger des choses SUCR\u00c9ES, des g\u00e2teaux, du pain, des produits laitiers, du chocolat ? Un d\u00e9s\u00e9quilibre de la RATE peut \u00eatre la cause. <\/li>\n<\/td>\n<\/tr>\n<tr>\n<td>Les ALIMENTS SUIVANTS, bien cuits et r\u00e9confortants aident \u00e0 renforcer la RATE et son <strong>Qi<\/strong> <\/td>\n<td>\n<li> LES L\u00c9GUMES :-  l\u00e9gumes racines, carotte,  courge,  navet, oignon,  patate douce, poireau, rutabaga. <\/li>\n<li> Les POTAGES :  Le potage du citrouille, le rago\u00fbt, les soupes \u00e9paisses, le miso.  <\/li>\n<li> LES C\u00c9R\u00c9ALES  avoine, graines, mais, millet, orge, quinoa, riz, sarrasin.  <\/li>\n<li> LES L\u00c9GUMINEUSES : : pois chiches, haricots, soja, lentilles&#8230;<\/li>\n<li> LES FRUITS : banane, cerise, figue, fraise, framboise, mangue, p\u00eache, pomme, raisin. <\/li>\n<li> LES HERBES : &#8211; basilic, cannelle, cardamone, fenouil, gingembre, muscade, poivre noire, sauge, thym.  <\/li>\n<li> LES BOISSONS : th\u00e9 \u00e0 la cannelle, th\u00e9 au gingembre,  th\u00e9 \u00e0 l&rsquo;orge,  th\u00e9 noir,.  <\/li>\n<li> La RATE aime la nourriture avec un go\u00fbt sucr\u00e9. Favorisez LE SUCRE SAIN et non-raffin\u00e9s :-  le miel, la m\u00e9lasse,  le sirop d&rsquo;\u00e9rable toujours en mod\u00e9ration et en petite quantit\u00e9. \u00c9vitez les sucreries,  trop d&rsquo;aliments sucr\u00e9s engendrent l&rsquo;humidit\u00e9 qui est MAUVAIS pour la RATE.  <\/li>\n<li> \u00c9VITEZ Les aliments crus et froids, boissons froids, caf\u00e9, \u00e9pices, gras et huiles graisses  <\/li>\n<li> \u00c9VITEZ bl\u00e9, glace et  produits laitiers qui provoquent la mucosit\u00e9 dans le corps  <\/li>\n<li> \u00c9VITEZ agrumes, alcool, beignets, charcuteries, fritures   <\/li>\n<\/td>\n<\/tr>\n<\/table>\n<table width=\"300\" border=\"3\">\n<tr>\n<td width=\"30%\"> <strong>FONCTIONS <\/strong><\/td>\n<td><strong>ESTOMAC<\/strong><\/td>\n<\/tr>\n<tr>\n<td>  L&rsquo;ESTOMAC  contr\u00f4le  le \u00ab\u00a0m\u00fbrissement\u00a0\u00bb et le \u00ab\u00a0pourrissement\u00a0\u00bb de la nourriture.  <\/td>\n<td>\n<li> L&rsquo;ESTOMAC est un organe associ\u00e9 \u00e0 la DIGESTION.  <\/li>\n<li>L&rsquo;estomac RE\u00c7OIT et  D\u00c9COMPOSE les boissons et les aliments en PARTICULES pour les rendre plus g\u00e9rable pour le corps.<\/li>\n<li> II est connu comme le P\u00c8RE des m\u00e9ridiens YANG.  <\/li>\n<\/td>\n<\/tr>\n<tr>\n<td> L&rsquo;ESTOMAC contr\u00f4le la descente de QI contrairement au Qi de la RATE qui monte <\/li>\n<\/td>\n<td>\n<li> II fait descendre L&rsquo;IMPUR pour \u00eatre \u00e9liminer du corps. <\/li>\n<li> II TRANSPORTE le Qi de l&rsquo;estomac pour rendre le corps et ses membres plus ROBUSTES. \u00abL\u00e0 o\u00f9 est le Qi de l&rsquo;Estomac, il y a la vie ; l\u00e0 o\u00f9 il n&rsquo;y a plus le Qi de l&rsquo;Estomac, il y a la mort\u00bb.  <\/li>\n<\/td>\n<\/tr>\n<tr>\n<td>  DIGESTION DE L&rsquo;ESTOMAC <\/td>\n<td>\n<li> Si le Qi de l&rsquo;Estomac DESCEND, la DIGESTION est BONNE et sans probl\u00e8me.  <\/li>\n<li> Si l&rsquo;\u00e9nergie de l&rsquo;ESTOMAC et la RATE (les deux sont \u00e9troitement li\u00e9s) sont PERTURB\u00c9ES il y aura une perte d&rsquo;app\u00e9tit, de la  mauvaise digestion, du ballonnement  des naus\u00e9es et des SELLES molles. <\/li>\n<\/li>\n<\/td>\n<\/tr>\n<\/table>\n<table width=\"300\" border=\"3\">\n<tr>\n<td width=\"30%\"><strong>FONCTIONS<\/strong><\/td>\n<td><strong>ORGANE<\/strong><\/td>\n<\/tr>\n<tr>\n<td> LA RATE assure le TRANSPORT et la TRANSFORMATION des nutriments dans le sang au foie<\/td>\n<td>\n<li> La RATE re\u00e7oit les particules <strong>PURES<\/strong> de l&rsquo;estomac et les TRANSPORTE dans le SANG aux divers parties du corps y compris les membres. <\/li>\n<li>   La RATE est la M\u00c8RE des m\u00e9ridiens YIN. <\/li>\n<li>Le rapport entre l&rsquo;estomac et la RATE sont \u00e9troitement li\u00e9s. <\/li>\n<\/td>\n<\/tr>\n<tr>\n<td>La RATE est l&rsquo;organe central de<strong> PRODUCTION du Qi<\/strong><\/td>\n<td>\n<li> Lorsque l&rsquo;\u00eatre humain arrive \u00e0 se \u00ab\u00a0nourrir\u00a0\u00bb elle EXTRAIT des aliments et des boissons le <strong>Qi<\/strong> des Aliments (<strong>Gu Q<\/strong>i ) que l&rsquo;estomac l&rsquo;envoie suite \u00e0 la digestion.  <\/li>\n<li>Les personnes qui sont souvent FATIGU\u00c9ES, \u00e9prouvent de la difficult\u00e9 \u00e0 \u00ab\u00a0GO\u00dbTER LA VIE\u00a0\u00bb et elles ont souvent  un vide de la RATE Qi ou un exc\u00e8s de YANG dans l&rsquo;ESTOMAC     <\/li>\n<\/td>\n<\/tr>\n<tr>\n<td>La RATE est l&rsquo;organe centrale de production du SANG. <\/td>\n<td>\n<li> Elle participe \u00e0 la FORMATION du sang.   <\/li>\n<li>Elle est aussi responsable pour CONTR\u00d4LER le flux du sang en le RETENANT dans les vaisseaux sanguins. <\/li>\n<\/td>\n<\/tr>\n<tr>\n<td> La RATE gouverne la FORME du CORPS <\/td>\n<td>\n<li> La RATE gouverne les muscles, la chair (la partie charnue du muscles) et les 4 membres ( 2 bras et 2 pieds) \ud83d\ude42 <\/li>\n<li> Un d\u00e9s\u00e9quilibre de l\u2019\u00e9l\u00e9ment TERRE est indiqu\u00e9 par les signes suivant :muscles molles, chevilles lourdes et  r\u00e9tention d&rsquo;eau. <\/li>\n<\/td>\n<\/tr>\n<tr>\n<td>LA  BOUCHE  est l&rsquo;organe des SENS en rapport avec la RATE<\/td>\n<td>\n<li>Le M\u00c9RIDIEN de la RATE s&rsquo;ouvre \u00e0 la bouche. <\/li>\n<li>Lorsque  le <strong>Qi<\/strong> de la RATE est en bonne sant\u00e9 et en harmonie les L\u00c8VRES sont pleines, roses et humides.  <\/li>\n<\/td>\n<\/tr>\n<tr>\n<td>L&rsquo;APP\u00c9TIT et les SENSATIONS GUSTATIVES  sont gouvern\u00e9s par la RATE<\/td>\n<td>\n<li> Les <strong>troubles d&rsquo;alimentation<\/strong> l&rsquo;anorexie (perte d&rsquo;app\u00e9tit) et la boulimie (exc\u00e8s d&rsquo;app\u00e9tit) sont dus \u00e0 un d\u00e9s\u00e9quilibre de la  RATE. <\/li>\n<\/td>\n<\/tr>\n<tr>\n<td>La RATE ABRITE L&rsquo;UN des 5 ESPRIT (entit\u00e9s psychiques) Le <strong>\u00ab\u00a0YI\u00a0\u00bb<\/strong> (LA PENS\u00c9E) <\/td>\n<td>\n<li>Le <strong>YI<\/strong> d\u00e9signe La CONSCIENCE dans le sens \u00ab\u00a0prendre conscience\u00a0\u00bb (de son corps, d&rsquo;un mouvement, de la respiration).  <\/li>\n<li>Le <strong>\u00ab\u00a0YI\u00a0\u00bb<\/strong> est notre FICHIER HISTORIQUE, il enregistre toute INFORMATION depuis notre CONCEPTION. II nous donne la capacit\u00e9 de comprendre, de discerner et d&rsquo;imaginer.   Le <strong>YI<\/strong> TIRE des conclusions bas\u00e9e sur les PERCEPTIONS de la situation ACTUELLE, celle du PASS\u00c9  et les estimations du FUTUR.  C&rsquo;est pour cette raison qu&rsquo;il est consid\u00e9r\u00e9 comme la PENS\u00c9E CR\u00c9ATRICE.<\/li>\n<li> Tout cette information CONSCIENTE est utilis\u00e9 par le <strong>SHEN<\/strong>-entit\u00e9.<\/li>\n<li>Le <strong>\u00ab\u00a0YI\u00a0\u00bb<\/strong> nous aide \u00e0 cr\u00e9er des INTENTIONS et de nous INDIQUER une direction\u00a0\u00bb de prendre dans notre vie .  Lorsque nous ne savons pas quelle direction CHOISIR ou \u00ab\u00a0sur quel pied danser\u00a0\u00bb nous nous sentons D\u00c9BOUSSOL\u00c9S et la RATE souffre. <\/li>\n<li>UN ESPRIT trop actif (les r\u00e9flexions, la rumination, les obsessions, la concentration excessive, la m\u00e9morisation excessive, l&rsquo;exc\u00e8s de travail intellectuel ou les \u00e9tudes intensives) ainsi que un exc\u00e8s de SOUCIS tourmentent  et blessent LA RATE. Parfois la difficult\u00e9 \u00e0 arriver \u00e0 se lever  le matin est due \u00e0 un d\u00e9s\u00e9quilibre de la RATE. Calmer vos soucis, vos pens\u00e9es. Tranquillisez-vous. <\/li>\n<li>\u00c9VITEZ LE surabondance des PENS\u00c9ES, le bavardage int\u00e9rieur, les id\u00e9es fixes, les angoisses, tout \u00e7a  m\u00e8ne \u00e0 un Vide de RATE, une RATE faible.  <\/li>\n<li> Lorsque l\u2019\u00e9nergie de RATE est \u00ab\u00a0bien \u00e9quilibr\u00e9\u00a0\u00bb la personne pense clairement et est sereine<\/li>\n<\/td>\n<\/tr>\n<tr>\n<td>LE PIC D&rsquo;ACTIVIT\u00c9S <\/td>\n<td>\n<li>Les heures de <a href=\"https:\/\/www.holisticattitude.com\/?page_id=1196\"> pic<\/a>  d&rsquo;activit\u00e9s sont de 7 heures \u00e0 9 heures pour L&rsquo;ESTOMAC et de 9h \u00e0 11 pour LA  RATE <\/li>\n<\/td>\n<\/tr>\n<tr>\n<td>LE SON <\/td>\n<td>\n<li> La tonalit\u00e9 d&rsquo;une voix pourrait r\u00e9v\u00e9ler l&rsquo;existence d&rsquo;un d\u00e9s\u00e9quilibre de l&rsquo;\u00e9l\u00e9ment TERRE et de la RATE.<\/li>\n<li> Une personne avec une voix chantante (une voix qui monte et descend)  pourrait souffrir d&rsquo;un RATE faible.  \u00ab\u00a0UNE hirondelle ne fait pas  le printemps\u00a0\u00bb, un sympt\u00f4me isol\u00e9 ne fait pas une raison pour s&rsquo;inqui\u00e9ter.  \ud83d\ude42<\/li>\n<\/td>\n<\/tr>\n<tr>\n<td>LA COULEUR <\/td>\n<td>\n<li>\u00a0JAUNE  est la couleur de l&rsquo;\u00e9l\u00e9ment TERRE; les champs de bl\u00e9 et  le colza viennent \u00e0 l&rsquo;esprit. <\/li>\n<li> C&rsquo;est la couleur de l&rsquo;intellect et de l&rsquo;esprit. Le jaune CITRON vous aide \u00e0 mieux r\u00e9fl\u00e9chir. <\/li>\n<\/td>\n<\/tr>\n<\/table>\n<p><strong>VOICI QUELQUES SYMPT\u00d4MES LES PLUS COURANTS SONT DUS \u00c0 UN D\u00c9S\u00c9QUILIBRE DE L\u2019\u00c9L\u00c9MENT TERRE (LA RAT&rsquo;E-PANCREAS et L&rsquo;ESTOMAC)   <\/strong><br \/>\n<\/BR><\/p>\n<table width=\"300\" border=\"3\">\n<tr>\n<td width=\"30%\"> <strong>SYMPT\u00d4MES<\/strong> <\/td>\n<td> <strong>EXPLICATIONS<\/strong><\/td>\n<\/tr>\n<tr>\n<td>SAIGNEMENTS du nez, des gencives, des r\u00e8gles abondantes (m\u00e9norragie), des h\u00e9morro\u00efdes, des ruptures de vaisseaux ou un cycle menstruel irr\u00e9gulier <\/td>\n<td>\n<li>Lorsque l&rsquo;\u00e9nergie de la RATE est perturb\u00e9e  (un vide) le sang \u00e9chappe des vaisseaux sanguins.  <\/li>\n<li>   Un cycle menstruel irr\u00e9gulier, des extr\u00e9mit\u00e9s froides et pales indiquent qu&rsquo;il y a un MANQUE de sang. La RATE exp\u00e9rience de la difficult\u00e9 \u00e0 TRANSFORMER LES ALIMENTS de l&rsquo;estomac en SANG et en QI .<\/td>\n<\/tr>\n<tr>\n<td> UNE DESCENTE des ORGANES   (prolapsus d&rsquo;organes) <\/td>\n<td>\n<li>La RATE maintient les organes en place. \t<\/li>\n<li>Lorsque la m\u00e9ridien de la RATE est faible une descentes des organes pourrait arriver.<\/li>\n<\/li>\n<\/td>\n<\/tr>\n<tr>\n<td>L&rsquo;EMBONPOINT ou un MAIGREUR d\u00e9s\u00e9quilibre <\/td>\n<td>\n<li> Ces \u00e9tats sont DUS \u00e0 un D\u00c9S\u00c9QUILIBRE de l&rsquo;\u00e9l\u00e9ment TERRE et de la RATE soit un vide de YIN (QI) de la RATE (embonpoint\/ob\u00e9sit\u00e9) ou un vide de YANG (QI) de la Rate (maigreur). <\/li>\n<\/td>\n<\/tr>\n<tr>\n<td>LES ALLERGIES <\/td>\n<td>\n<li> ELLES sont souvent des r\u00e9actions dues \u00e0 des nourritures qui augmentent L&rsquo;HUMIDIT\u00c9 dans le corps et l&rsquo;int\u00e9rieur de la RATE.<\/li>\n<\/td>\n<\/tr>\n<tr>\n<td>LES APHTES et L&rsquo;INFLAMMATION dans la cavit\u00e9 buccale <\/td>\n<td>\n<li> Ils sont li\u00e9es \u00e0 un D\u00c9S\u00c9QUILIBRE de l\u2019\u00e9nergie de l\u2019estomac<\/li>\n<\/td>\n<\/tr>\n<tr>\n<td>Le HALLUX VALGUS (les oignons) est une d\u00e9viation du gros orteil <\/td>\n<td>\n<li> Cette d\u00e9formation de l&rsquo;OS pourrait \u00eatre expliqu\u00e9e par une faiblesse de la RATE YANG.  Cette condition peut \u00eatre h\u00e9r\u00e9ditaire <\/li>\n<li>Si les TOXINES (qualit\u00e9s de pens\u00e9es, de la nourriture) accumulent dans la RATE ceci entravent  la circulation du <strong>Qi<\/strong> dans le SANG.  Sa congestion dans les capillaires sanguins engendrent l&rsquo;enflure des pieds et les difformit\u00e9s du pied comme le HALLUX VALGUS <\/li>\n<\/td>\n<\/tr>\n<tr>\n<td>L\u2019AN\u00c9MIE et LE MANQUE DE GLOBULES BLANCS \u00a0\u00a0<\/td>\n<td> La  RATE\u00a0joue un r\u00f4le majeur dans l&rsquo;immunit\u00e9\u00a0cellulaire. Ces conditions pourraient \u00eatre expliqu\u00e9 par une insuffisance de YIN ou un vide de sang.<\/td>\n<p><\/t><\/p>\n<tr>\n<td> LES TISSUS ADIPEUX, CELLULITE, SINUSITE, BRONCHITE (accumulation de glaires)\u00a0<\/td>\n<td> La  RATE\u00a0contr\u00f4le les liquides du corps. Lorsque son \u00e9nergie est perturb\u00e9e  de STAGNATION des liquides apparaissent.<\/td>\n<p><\/t><\/p>\n<\/table>\n<p><strong>  EXEMPLES DES EXERCICES POUR RENFORCER L&rsquo;ESTOMAC et LA RATE<\/strong><\/p>\n<li>Avoir une ACTIVIT\u00c9 PHYSIQUE et R\u00c9GULI\u00c8RE, Bougez-vous ne restez pas scotch\u00e9 sur votre chaise trop longtemps.  Une activit\u00e9 physique active la circulation de l&rsquo;\u00e9nergie et aide \u00e0 \u00e9liminer les resserves de graisses. Entretenez la <a href=\"https:\/\/www.holisticattitude.com\/?page_id=946\"> remise en forme<\/a><\/li>\n<p><\/BR><\/p>\n<li>Les \u00c9TIREMENTS du M\u00c9RIDIEN de la <a href=\"https:\/\/www.holisticattitude.com\/?page_id=858\"> RATE <\/a> et de <a href=\"https:\/\/www.holisticattitude.com\/?page_id=858\"> L&rsquo;ESTOMAC <\/a><\/li>\n<p><\/BR><\/p>\n<li>  Effectuez  <a href=\"https:\/\/www.holisticattitude.com\/?page_id=3734\"> Brocart no 1 <\/a> \u00a0Soutenir le ciel <\/li>\n<li> Effectuez <a href=\"https:\/\/www.holisticattitude.com\/?page_id=3734\"> Brocart no 3 <\/a>Toucher la terre et le ciel r\u00e9gularise la RATE et l&rsquo;estomac  <\/li>\n<li> Effectuez <a href=\"https:\/\/www.holisticattitude.com\/?page_id=3734\"> Brocart no 5 <\/a> Regardez par dessus l&rsquo;\u00e9paule et \u00e9loigner les 5 faiblesses  <\/li>\n<p><\/BR><\/p>\n<li>Les SONS ont un effet gu\u00e9rissant sur le c\u0153ur. II existe plusieurs SONS gu\u00e9rissants qui sont li\u00e9s \u00e0 la vibration du c\u0153ur. Le SON  <a href=\"https:\/\/www.holisticattitude.com\/?page_id=4657\"> WHOOO<\/a> comme un hibou a  un effet positif sur la RATE.  Pratiquez le  <a href=\"https:\/\/www.holisticattitude.com\/?page_id=3734\"> Brocart no 3 en \u00e9mettant le<strong> SON <\/strong>WHOO qui vient de la gorge.<\/li>\n<p><\/BR><\/p>\n<li> Le massage du <a href=\"https:\/\/www.holisticattitude.com\/?page_id=1181\"> VENTRE<\/a> avec deux mains dans le sens des aiguilles d&rsquo;une montre<\/li>\n<p><\/BR><\/p>\n<li>La  <a href=\"https:\/\/www.holisticattitude.com\/?page_id=75\"> RESPIRATION ABDOMINALE <\/a> La respiration profonde lib\u00e8re les blocages <strong> du diaphragme<\/strong> et <strong>des \u00e9motions<\/strong><\/li>\n<p><\/BR><\/p>\n<li>  La <a href=\"https:\/\/www.holisticattitude.com\/?page_id=6342\"> VISUALISATION <\/a> est un outil tr\u00e8s puissant.  Comme montr\u00e9 dans le film de \u00ab\u00a0Peter Pan\u00a0\u00bb il suffit tout simplement d&rsquo;y croire ! FAITES  <a href=\"https:\/\/www.holisticattitude.com\/?page_id=6342\"> LE SOURIRE INT\u00c9RIEUR<\/a> et <a href=\"https:\/\/www.holisticattitude.com\/?page_id=6342\"> le PLEIN DE LA RATE<\/a>   qui renforce les organes de digestion et procure un sentiment de paix<\/li>\n<p><\/BR><\/p>\n<li>Embrassez un \u00a0<a href=\"https:\/\/www.holisticattitude.com\/?page_id=2081\"><strong> ARBRE<\/strong> <\/a> et  faites descendez l\u2019\u00e9nergie vers le bas du corps.<\/li>\n<p><\/BR><\/p>\n<li>La posture de  <a href=\"https:\/\/www.holisticattitude.com\/?page_id=4660\"> <strong>L&rsquo;OURS <\/strong><\/a>  Avez-vous remarqu\u00e9 comment un ours marche?  II est grand, imposant et confiant. II bascule son corps d&rsquo;un c\u00f4t\u00e9 \u00e0 un autre en s&rsquo;ancrant bien dans la terre avec pieds. II prend sa place avec son corps et son poids.  Marcher comme un <strong>OURS <\/strong> favorisent <strong>l&rsquo;enracinement <\/strong>et vous aide \u00e0<strong> OSER<\/strong>.  AFFIRMEZ-VOUS <\/li>\n<p> prenez votre PLACE dans le monde. \ud83d\ude42<br \/>\n<\/BR><\/p>\n<li> <strong>YOGA :<\/strong> La SALUTATION AU SOLEIL (SURYA NAMASKAR)<\/li>\n<div id=\"attachment_7273\" style=\"width: 167px\" class=\"wp-caption aligncentre\"><a href=\"https:\/\/www.holisticattitude.com\/?attachment_id=7273\" rel=\"attachment wp-att-7273\"><img loading=\"lazy\" decoding=\"async\" aria-describedby=\"caption-attachment-7273\" src=\"https:\/\/www.holisticattitude.com\/wp-content\/uploads\/\/Salutationausoleil.jpg\" alt=\"\" title=\"Salutationausoleil\" width=\"157\" height=\"200\" class=\"size-full wp-image-7273\" \/><\/a><p id=\"caption-attachment-7273\" class=\"wp-caption-text\">Cette posture \u00e9quilibre et active tous les m\u00e9ridiens<\/p><\/div>\n<li> <strong>YOGA :<\/strong> La posture de la <a href=\"https:\/\/www.holisticattitude.com\/?page_id=1643\"> FOUDRE<\/a> (VAJRASANA) \u00e9quilibre la RATE et l&rsquo;estomac<\/li>\n<li> <strong>YOGA :<\/strong> La posture  de la <a href=\"https:\/\/www.holisticattitude.com\/?page_id=6407\"> BARQUE<\/a> (NAUKSASANA) \u00e9quilibre la RATE et l&rsquo;estomac.<\/li>\n","protected":false},"excerpt":{"rendered":"<p>CONSEILS PRATIQUES METTEZ VOUS EN CONTACT\u00a0avec la\u00a0Qi\u00a0de la TERRE, l&rsquo;\u00e9l\u00e9ment associ\u00e9 \u00e0 la cinqui\u00e8me saison. Privil\u00e9gier les activit\u00e9s comme la poterie, le jardinage et les massages. Le TOUCHER est tr\u00e8s important pour l&rsquo;\u00e9l\u00e9ment TERRE. Un \u00e9tat d&rsquo;agitation pourrait \u00eatre expliqu\u00e9 par un manque de cet \u00e9l\u00e9ment dans vos organes plus particuli\u00e8rement la RATE-PANCR\u00c9AS et l&rsquo;ESTOMAC [&hellip;]<\/p>\n","protected":false},"author":1,"featured_media":0,"parent":3040,"menu_order":10,"comment_status":"open","ping_status":"closed","template":"","meta":{"_monsterinsights_skip_tracking":false,"_monsterinsights_sitenote_active":false,"_monsterinsights_sitenote_note":"","_monsterinsights_sitenote_category":0,"slim_seo":{"title":"L\u2019\u00c9T\u00c9 INDIEN -la m\u00e9decine Chinoise - Holistic Attitude","description":"CONSEILS PRATIQUES EN JAUNE LES P\u00c9RIODES DES INTERSAISONS METTEZ VOUS EN CONTACT\u00a0avec la\u00a0Qi \u00a0de la TERRE, l'\u00e9l\u00e9ment associ\u00e9 \u00e0 la cinqui\u00e8me saison. Privil\u00e9gier l"},"footnotes":""},"class_list":["post-7272","page","type-page","status-publish","hentry"],"_links":{"self":[{"href":"https:\/\/www.holisticattitude.com\/index.php?rest_route=\/wp\/v2\/pages\/7272","targetHints":{"allow":["GET"]}}],"collection":[{"href":"https:\/\/www.holisticattitude.com\/index.php?rest_route=\/wp\/v2\/pages"}],"about":[{"href":"https:\/\/www.holisticattitude.com\/index.php?rest_route=\/wp\/v2\/types\/page"}],"author":[{"embeddable":true,"href":"https:\/\/www.holisticattitude.com\/index.php?rest_route=\/wp\/v2\/users\/1"}],"replies":[{"embeddable":true,"href":"https:\/\/www.holisticattitude.com\/index.php?rest_route=%2Fwp%2Fv2%2Fcomments&post=7272"}],"version-history":[{"count":7,"href":"https:\/\/www.holisticattitude.com\/index.php?rest_route=\/wp\/v2\/pages\/7272\/revisions"}],"predecessor-version":[{"id":15491,"href":"https:\/\/www.holisticattitude.com\/index.php?rest_route=\/wp\/v2\/pages\/7272\/revisions\/15491"}],"up":[{"embeddable":true,"href":"https:\/\/www.holisticattitude.com\/index.php?rest_route=\/wp\/v2\/pages\/3040"}],"wp:attachment":[{"href":"https:\/\/www.holisticattitude.com\/index.php?rest_route=%2Fwp%2Fv2%2Fmedia&parent=7272"}],"curies":[{"name":"wp","href":"https:\/\/api.w.org\/{rel}","templated":true}]}}