{"id":6743,"date":"2013-07-12T14:25:46","date_gmt":"2013-07-12T12:25:46","guid":{"rendered":"http:\/\/www.holisticattitude.com\/wordpress\/?page_id=6743"},"modified":"2014-10-16T13:55:33","modified_gmt":"2014-10-16T11:55:33","slug":"yoga","status":"publish","type":"page","link":"https:\/\/www.holisticattitude.com\/?page_id=6743","title":{"rendered":"YOGA"},"content":{"rendered":"\n<li>Le <strong>YOGA<\/strong> qui est originaire de l&rsquo;Inde a \u00e9t\u00e9 \u00e9tabli par les anciens philosophes et sages indiens<\/li>\n<li> II est un <strong>MODE DE VIE,<\/strong> une discipline, un syst\u00e8me d&rsquo;enseignement pour le corps, l&rsquo;esprit et l&rsquo;\u00e2me, une approche vraiment HOLISTIQUE  <\/li>\n<li>Le YOGA est <strong>la prise de conscience du SOUFFLE<\/strong> et l&rsquo;effet de votre souffle sur le CORPS et L&rsquo;ESPRIT.  Le SOUFFLE est tout, sans le SOUFFLE nous ne serions pas ici. <\/li>\n<li>II n&rsquo;est  <strong>ni un sport<\/strong> de\u00a0performance\u00a0<strong>ni de comp\u00e9tition <\/strong><\/li>\n<li>  Le YOGA ,  n\u2019a ni religion, ni temple,  et un YOGI est quelqu&rsquo;un qui cherche a atteindre un certain degr\u00e9 de r\u00e9alisation dans les domaines physique, mental ou spirituel. Un<strong> \u00eatre holistique<\/strong> \ud83d\ude42  Un yogi peut \u00eatre hindou, chr\u00e9tien, bouddhiste, juif, musulman ou n\u2019appartenir \u00e0 aucune religion.<\/li>\n<li> YOGA pourrait signifier<strong> SOMME<\/strong> (r\u00e9sultat) ou <strong>UNION<\/strong>   <\/li>\n<p><\/BR><br \/>\n<strong>LES BIENFAITS DU YOGA<\/strong><\/p>\n<li>Am\u00e9lioration du <strong>corps physique<\/strong><\/li>\n<li> Conservation de <strong>la forme physique<\/strong><\/li>\n<li>Am\u00e9lioration de la<strong> respiration<\/strong> et de la <strong>concentration<\/strong><\/li>\n<li> Pr\u00e9vention et traitement de certains <strong>probl\u00e8mes de sant\u00e9<\/strong><\/li>\n<p><\/BR><br \/>\nCONTINEUR \u00e0 LIRE &#8230;..POUR SAVOIR PLUS<\/p>\n<li>Les premiers TEXTES\u00a0qui l\u2019abordent sont les <strong>UPANISHADS<\/strong> (la spiritualit\u00e9  hindoue, la partie philosophique des V\u00e9das, traitent de la voie du SOI)  \u00e9labor\u00e9s dans des \u00e9coles de sagesse qui se sont d\u00e9velopp\u00e9es \u00e0 partir du VII\u00b0 si\u00e8cle avant J\u00e9sus-Christ.\u00a0<\/li>\n<li>  Dans ces textes, les SAGES font part d\u2019exp\u00e9riences d&rsquo;IMMOBILIT\u00c9 M\u00c9DITATIVE ou de  CONCENTRATION sur le mouvement du SOUFFLE.<\/li>\n<li> Le YOGA-SUTRA (SUTRA veut dire fil du collier en sanskrit) l&rsquo;un texte des r\u00e9f\u00e9rence est un vieux manuscrit qui contient la philosophie de YOGA codifi\u00e9 par Patanjali RISHI, un sage Indien qui a v\u00e9cu il y a 2300 ans. Tr\u00e8s peu est connu sur lui. Il n&rsquo;a pas invent\u00e9 le yoga, il a class\u00e9 et r\u00e9pertori\u00e9 des pratiques yogiques de son temps.\n<li> Ses textes font r\u00e9f\u00e9rence aux  <strong>LOIS DE LA DUALIT\u00c9<\/strong>, aux <strong>VRITTIS <\/strong> (l&rsquo;expression de notre esprit)  \u00e0 la pratique de la suspension de l&rsquo;activit\u00e9 de l&rsquo;esprit, \u00e0 la pratique de la concentration sur un objet.   Les mots comme UNION,  BONHEUR, FUSION avec le SOI SUPR\u00caME sont absents. <\/li>\n<p><\/BR><br \/>\n<strong>D\u00c9FINITION DU MOT YOGA<\/strong><\/p>\n<li>D&rsquo;apr\u00e8s Prabhat Rainjan Sarkar ou (Shrii Shrii\u00a0 ANANDAMURTI son nom spirituel)   un philosophe indien, r\u00e9formateur social, po\u00e8te, linguiste et professeur spirituel qui a v\u00e9cu dans le vingti\u00e8me si\u00e8cle (1921-1990)  le mot YOGA a deux significations que l&rsquo;occident souvent ignore.<\/li>\n<p><\/BR><\/p>\n<p><strong>LA D\u00c9FINITION DU MOT SANSKRIT YOGI NIVEAU 1 LE PLUS SIMPLE<\/strong><\/p>\n<li>Le mot Yoga signifie la SOMME (r\u00e9sultat)  en sanskrit (dont la racine est <strong>Yuj <\/strong>et le suffixe est <strong>Ghan<\/strong>) \u00ab\u00a0comme 2 plus 2 \u00e9galent\u00a0\u00bb  ni plus ni moins<\/li>\n<li>  On consid\u00e8re que le YOGA  n&rsquo;est qu&rsquo;une pratique des exercices physiques <\/li>\n<p><\/BR><br \/>\n<strong>  NIVEAU 2 VISE UNE D\u00c9MARCHE SPIRITUELLE<\/strong><\/p>\n<li>Le mot YOGA signifie UNION en sanskrit  (dont la racine du mot est YUINIJ et le suffixe est ghan) C&rsquo;est  l&rsquo;unification de L&rsquo;\u00c2ME INDIVIDUEL (l&rsquo;\u00e2tman) avec L&rsquo;\u00c2ME SUPR\u00caME (Paramatman). Le Soi individuel ne fait qu&rsquo;un avec le Soi Supr\u00eame, (l&rsquo;\u00e2me divin, l&rsquo;Esprit Supr\u00eame, le principe supr\u00eame  ou l&rsquo;esprit universel sont des synonymes de l&rsquo;\u00e2me Supr\u00eame).  <\/li>\n<li> Une BONNE ANALOGIE pour comprendre le CONCEPT DE L&rsquo;UNION est celle du sucre et de l&rsquo;eau. Lorsqu&rsquo;on m\u00e9lange l&rsquo;eau et le sucre il deviennent  transparent, homog\u00e8ne. On observe un constituant, UNE IDENTITI\u00c9<\/li>\n<p><\/BR><br \/>\n<strong>LES VOIES DU YOGA<\/strong> il en existe quatre.<\/p>\n<li>  Le<strong> JNANA<\/strong> Yoga (yoga de la connaissance) c&rsquo;est une recherche de Soi d&rsquo;ordre \u00ab\u00a0qui suis-je\u00a0\u00bb <\/li>\n<li> Le<strong> BHAKTI<\/strong> Yoga  (yoga de la d\u00e9votion- tr\u00e8s difficile)  <\/li>\n<li> Le <strong>KARMA<\/strong> Yoga (yoga de l&rsquo;action, effectuer des t\u00e2ches en plein conscience dans un esprit de SERVICE D\u00c9SINT\u00c9RESS\u00c9)<\/li>\n<p><\/BR><\/p>\n<li>  LE<strong> RAJA<\/strong> yoga (la voie royale) est LA MA\u00ceTRISE DE L&rsquo;ESPRIT ET DU CORPS afin de comprendre ce qui nous limite dans notre vie.  II nous aide \u00e0 lib\u00e9rer de nos cha\u00eenes, de notre ego pour trouver notre NATURE SUP\u00c9RIEUR<\/li>\n<li> Le <strong>RAJA<\/strong> yoga comprend <strong>8 membres<\/strong> (\u00e9tapes)    <\/li>\n<li>YAMA : commandements moraux universels &#8211; Discipline ext\u00e9rieure  <\/li>\n<li>NIYAMA :r\u00e8gles de conduite de chaque individu -Discipline int\u00e9rieure  <\/li>\n<li>ASANA.- posture  <\/li>\n<li>PRANAYAMA :contr\u00f4le rythmique de la respiration  <\/li>\n<li>PRATHYARARA :d\u00e9tachement de l&rsquo;esprit, retrait des sens  <\/li>\n<li>DHARANA :concentration  <\/li>\n<li>DHYANA :contemplation , m\u00e9ditation   <\/li>\n<li>SAMADHI : \u00e9tat de supr\u00eame conscience apport\u00e9 par une m\u00e9ditation profonde dans laquelle le chercheur individuel devient UN avec l&rsquo;objet de sa concentration. II y a absorption. Ce concept se base sur une connaissance directe de la r\u00e9alit\u00e9.  <\/li>\n<p><\/BR><\/p>\n<p><strong>Le HATHA yoga <\/strong><\/p>\n<li>II est une subdivision du <strong>RAJA<\/strong> yoga, il est tr\u00e8s populaire  en Europe<\/li>\n<li>  Le <strong>\u00ab\u00a0HA\u00a0\u00bb<\/strong>  repr\u00e9sente le soleil, l&rsquo;effort, l&rsquo;action, le c\u00f4t\u00e9 actif \u00a0de notre \u00eatre et le \u00a0\u00bb\u00a0<strong>THA<\/strong>\u00a0\u00bb  repr\u00e9sente la lune, la fra\u00eecheur, la r\u00e9flexion, l&rsquo;abandon, le c\u00f4t\u00e9 passif de notre \u00eatre. <\/li>\n<li>  Le HATHA yoga est une union puissante du<strong> Yang<\/strong> et du<strong> Yin<\/strong><\/li>\n","protected":false},"excerpt":{"rendered":"<p>Le YOGA qui est originaire de l&rsquo;Inde a \u00e9t\u00e9 \u00e9tabli par les anciens philosophes et sages indiens II est un MODE DE VIE, une discipline, un syst\u00e8me d&rsquo;enseignement pour le corps, l&rsquo;esprit et l&rsquo;\u00e2me, une approche vraiment HOLISTIQUE Le YOGA est la prise de conscience du SOUFFLE et l&rsquo;effet de votre souffle sur le CORPS [&hellip;]<\/p>\n","protected":false},"author":1,"featured_media":0,"parent":0,"menu_order":9,"comment_status":"open","ping_status":"closed","template":"","meta":{"_monsterinsights_skip_tracking":false,"_monsterinsights_sitenote_active":false,"_monsterinsights_sitenote_note":"","_monsterinsights_sitenote_category":0,"slim_seo":{"title":"YOGA - Holistic Attitude","description":"Le YOGA qui est originaire de l'Inde a \u00e9t\u00e9 \u00e9tabli par les anciens philosophes et sages indiens II est un MODE DE VIE, une discipline, un syst\u00e8me d'enseignement"},"footnotes":""},"class_list":["post-6743","page","type-page","status-publish","hentry"],"_links":{"self":[{"href":"https:\/\/www.holisticattitude.com\/index.php?rest_route=\/wp\/v2\/pages\/6743","targetHints":{"allow":["GET"]}}],"collection":[{"href":"https:\/\/www.holisticattitude.com\/index.php?rest_route=\/wp\/v2\/pages"}],"about":[{"href":"https:\/\/www.holisticattitude.com\/index.php?rest_route=\/wp\/v2\/types\/page"}],"author":[{"embeddable":true,"href":"https:\/\/www.holisticattitude.com\/index.php?rest_route=\/wp\/v2\/users\/1"}],"replies":[{"embeddable":true,"href":"https:\/\/www.holisticattitude.com\/index.php?rest_route=%2Fwp%2Fv2%2Fcomments&post=6743"}],"version-history":[{"count":2,"href":"https:\/\/www.holisticattitude.com\/index.php?rest_route=\/wp\/v2\/pages\/6743\/revisions"}],"predecessor-version":[{"id":10825,"href":"https:\/\/www.holisticattitude.com\/index.php?rest_route=\/wp\/v2\/pages\/6743\/revisions\/10825"}],"wp:attachment":[{"href":"https:\/\/www.holisticattitude.com\/index.php?rest_route=%2Fwp%2Fv2%2Fmedia&parent=6743"}],"curies":[{"name":"wp","href":"https:\/\/api.w.org\/{rel}","templated":true}]}}