{"id":6584,"date":"2013-07-05T16:34:40","date_gmt":"2013-07-05T14:34:40","guid":{"rendered":"https:\/\/www.holisticattitude.com\/wordpress\/?page_id=6584"},"modified":"2013-08-30T13:34:58","modified_gmt":"2013-08-30T11:34:58","slug":"huiles-essentielles-pour-les-regles-douloureuses","status":"publish","type":"page","link":"https:\/\/www.holisticattitude.com\/huiles-essentielles\/huiles-essentielles-pour-les-regles-douloureuses\/","title":{"rendered":"HUILES ESSENTIELLES: SOULAGER LES R\u00c8GLES  DOULOUREUSES"},"content":{"rendered":"<p>N&rsquo;OUBLIEZ PAS DE LIRE <a href=\"https:\/\/www.holisticattitude.com\/?page_id=677\"> REGLES D&rsquo;OR<\/a> AVANT DE L&rsquo;UTILISER LES HUILES ESSENTIELLES (HE)<\/p>\n<div id=\"attachment_5396\" style=\"width: 250px\" class=\"wp-caption aligncenter\"><a href=\"https:\/\/www.holisticattitude.com\/?attachment_id=5396\" rel=\"attachment wp-att-5396\"><img loading=\"lazy\" decoding=\"async\" aria-describedby=\"caption-attachment-5396\" src=\"https:\/\/www.holisticattitude.com\/wp-content\/uploads\/\/massage-huiles-essentielles.jpg\" alt=\"\" title=\"massage-huiles-essentielles\" width=\"240\" height=\"160\" class=\"size-full wp-image-5396\" \/><\/a><p id=\"caption-attachment-5396\" class=\"wp-caption-text\">Un havre de paix<\/p><\/div>\n<p>R\u00c8GLES  DOULOUREUSES : sont li\u00e9es au chamboulement hormonal du cycle, elles s\u2019aggravent en p\u00e9riode <strong> de stress ou de fatigue.<\/strong><br \/>\n<\/BR><\/p>\n<table style=\u201dtext-align: center; height: 152px;\u201d border=\u201d1\u2033 cellspacing=\u201d0\u2033 cellpadding=\u201d0\u2033 width=\u201d390\u2033>\n<tbody>\n<tr style=\u201dbackground-color: #e9e9e9; font-weight:bolder;\u201d>\n<td><strong>INDICATIONS<\/strong><\/td>\n<td><strong>HUILE (s) ESSENTIELLE (s)<\/strong><\/td>\n<td><strong>USAGE EXTERNE<\/strong><\/td>\n<\/tr>\n<tr>\n<td> R\u00c8GLES  DOULOUREUSES : <strong>Massage du bas-ventre<\/strong><\/td>\n<td> HE de CAMOMILLE NOBLE: elle  apaise les tensions musculaires et calme les r\u00e8gles douloureuses.  <\/td>\n<td>\n<li>Ajoutez <strong>3 <\/strong>gouttes de HE de <strong> CAMOMILLE NOBLE<\/strong> dans 1 caf\u00e9 \u00e0 th\u00e9 d&rsquo;huile de massage v\u00e9g\u00e9tal.\n<li>Massez votre bras ventre avec des <strong>gestes concentriques <\/strong> <\/li>\n<\/td>\n<\/tr>\n<tr>\n<td> R\u00c8GLES  DOULOUREUSES : <strong> Massage du bas-ventre  <\/strong><\/td>\n<td>HE de CYPR\u00c8S : elle  apaise les tensions musculaires et calme les r\u00e8gles douloureuses. <\/td>\n<td>\n<li>Ajoutez 2 gouttes de HE de <strong> CYPR\u00c8S<\/strong> dans 1 caf\u00e9 \u00e0 th\u00e9 d&rsquo;huile v\u00e9g\u00e9tale (onagre ou germe de bl\u00e9). <\/li>\n<li> Massez votre bas-ventre et vos membres inf\u00e9rieurs avec des gestes concentriques. <\/li>\n<\/td>\n<\/tr>\n<tr>\n<td> R\u00c8GLES  DOULOUREUSES : <strong>Massage du bas-ventre<\/strong>. \t<\/p>\n<li> L&rsquo;HE d&rsquo;estragon ne pas utiliser chez <strong>les femmes enceintes.<\/li>\n<p>  <\/strong> <\/td>\n<td> Huile de massage aromatique :<strong>ESTRAGON<\/strong> Apaise les CRAMPES et les tensions musculaires. <\/td>\n<td>\n<li> Prenez <strong>UNE<\/strong> goutte sous la langue. <\/li>\n<li> Appliquez doucement votre HE aromatique<strong> (estragon)<\/strong> \u00e0 votre huile de massage sur les zones qui tirent g\u00e9n\u00e9ralement <strong>le bas-ventre<\/strong> et le<strong> bas du dos<\/strong>.   <\/li>\n<li> Ajoutez <strong> 3 gouttes<\/strong> d&rsquo;estragon dilu\u00e9<strong> dans 1 cuil. \u00e0 caf\u00e9 d&rsquo;huile v\u00e9g\u00e9tale<\/strong> (amande douce, avocat, jojoba,  noyau d&rsquo;abricot, p\u00e9pin de raisin, olive, rose musqu\u00e9e,  s\u00e9same&#8230;) <\/li>\n<li>Renouvelez toutes les heures jusqu&rsquo;\u00e0 ce que vous obteniez une <strong>nette am\u00e9lioration.<\/strong><\/li>\n<\/td>\n<\/tr>\n<tr>\n<td>R\u00c8GLES  DOULOUREUSES: \t<\/p>\n<li> Un produit naturel. <\/li>\n<li> Des Les effets b\u00e9n\u00e9fiques peuvent prendre de 3 \u00e0 6 mois avant de se faire son effet.<\/li>\n<\/td>\n<td>\n<li> L&rsquo;huile essentielle <strong> D&rsquo;ONAGRE<\/strong> apporte de nombreux vertus pour <strong> le syndrome pr\u00e9menstruel <\/strong> et pour certains probl\u00e8mes de peau. <\/li>\n<li> <strong>L&rsquo;huile d&rsquo;onagre<\/strong> se pr\u00e9sente le plus souvent sous forme de capsules <\/li>\n<\/td>\n<td>\n<li>  Elle peut \u00eatre prise \u00e0 la dose de 2 capsules, du 10\u00e8me au 28\u00e8me jour du cycle. <\/li>\n<\/td>\n<\/tr>\n<tr>\n<td>R\u00c8GLES  DOULOUREUSES:  Une huile essentielle pour<strong> le bain <\/strong><\/td>\n<td>L&rsquo;huile essentielle de LAVANDE VRAIE<\/td>\n<td>\n<li>Ajoutez 5 gouttes m\u00e9lang\u00e9es \u00e0 une base v\u00e9g\u00e9tale pour bain. <\/li>\n<li>DILUEZ le tout sous le robinet du bain. <\/li>\n<li>Restez 20 minutes MAXIMUM dans votre bain. <\/li>\n<\/td>\n<\/tr>\n<\/tbody>\n<\/table>\n","protected":false},"excerpt":{"rendered":"<p>N&rsquo;OUBLIEZ PAS DE LIRE REGLES D&rsquo;OR AVANT DE L&rsquo;UTILISER LES HUILES ESSENTIELLES (HE) R\u00c8GLES DOULOUREUSES : sont li\u00e9es au chamboulement hormonal du cycle, elles s\u2019aggravent en p\u00e9riode de stress ou de fatigue. INDICATIONS HUILE (s) ESSENTIELLE (s) USAGE EXTERNE R\u00c8GLES DOULOUREUSES : Massage du bas-ventre HE de CAMOMILLE NOBLE: elle apaise les tensions musculaires et [&hellip;]<\/p>\n","protected":false},"author":1,"featured_media":0,"parent":7494,"menu_order":3,"comment_status":"open","ping_status":"closed","template":"","meta":{"_monsterinsights_skip_tracking":false,"_monsterinsights_sitenote_active":false,"_monsterinsights_sitenote_note":"","_monsterinsights_sitenote_category":0,"slim_seo":{"title":"HUILES ESSENTIELLES: SOULAGER LES R\u00c8GLES DOULOUREUSES - Holistic Attitude","description":"N'OUBLIEZ PAS DE LIRE REGLES D'OR AVANT DE L'UTILISER LES HUILES ESSENTIELLES (HE) Un havre de paix R\u00c8GLES DOULOUREUSES : sont li\u00e9es au chamboulement hormonal d"},"footnotes":""},"class_list":["post-6584","page","type-page","status-publish","hentry"],"_links":{"self":[{"href":"https:\/\/www.holisticattitude.com\/wp-json\/wp\/v2\/pages\/6584","targetHints":{"allow":["GET"]}}],"collection":[{"href":"https:\/\/www.holisticattitude.com\/wp-json\/wp\/v2\/pages"}],"about":[{"href":"https:\/\/www.holisticattitude.com\/wp-json\/wp\/v2\/types\/page"}],"author":[{"embeddable":true,"href":"https:\/\/www.holisticattitude.com\/wp-json\/wp\/v2\/users\/1"}],"replies":[{"embeddable":true,"href":"https:\/\/www.holisticattitude.com\/wp-json\/wp\/v2\/comments?post=6584"}],"version-history":[{"count":0,"href":"https:\/\/www.holisticattitude.com\/wp-json\/wp\/v2\/pages\/6584\/revisions"}],"up":[{"embeddable":true,"href":"https:\/\/www.holisticattitude.com\/wp-json\/wp\/v2\/pages\/7494"}],"wp:attachment":[{"href":"https:\/\/www.holisticattitude.com\/wp-json\/wp\/v2\/media?parent=6584"}],"curies":[{"name":"wp","href":"https:\/\/api.w.org\/{rel}","templated":true}]}}