{"id":6575,"date":"2013-07-05T14:09:25","date_gmt":"2013-07-05T12:09:25","guid":{"rendered":"https:\/\/www.holisticattitude.com\/wordpress\/?page_id=6575"},"modified":"2014-04-16T16:52:47","modified_gmt":"2014-04-16T14:52:47","slug":"fleurs-de-bach-pour-les-regles-douloureuses","status":"publish","type":"page","link":"https:\/\/www.holisticattitude.com\/ame\/fleurs-de-bach-pour-les-regles-douloureuses\/","title":{"rendered":"FLEURS DE BACH POUR LES R\u00c8GLES DOULOUREUSES"},"content":{"rendered":"<p>Que vous soyez atteint de crampes, des exc\u00e8s de col\u00e8re, de sauts d&rsquo;humeurs, d&rsquo;\u00e9puisement, de culpabilit\u00e9, d&rsquo;un sentiment d&rsquo;impuret\u00e9, \u2026. ne vous inqui\u00e9tez pas, il y a un <strong>rem\u00e8de naturel <\/strong>pour vous aider \u00e0 retrouver l&rsquo;\u00e9quilibre \u00e9motionnel.<\/p>\n<li>Quelle <strong>Fleur de Bach<\/strong> choisir pendant ce moment ?<\/li>\n<li>II est important de <strong>reconna\u00eetre votre \u00e9tat \u00e9motionnel,<\/strong> physique, en vous posant quelques questions simples. <\/li>\n<li>Quelle \u00e9motion vivez- vous en ce moment ?<\/li>\n<p>   en ce moment je me sens&#8230;&#8230;<\/p>\n<p><strong>SITUATION D&rsquo;URGENCE <\/strong><br \/>\nSi vous avez besoin d&rsquo;une aide imm\u00e9diate des <strong>crampes incontr\u00f4lables <\/strong>prenez le \u00ab\u00a0rem\u00e8de d&rsquo;urgence\u00a0\u00bb <strong>RESCUE<\/strong><\/p>\n<div id=\"attachment_497\" style=\"width: 124px\" class=\"wp-caption aligncenter\"><a href=\"https:\/\/www.holisticattitude.com\/?attachment_id=497\" rel=\"attachment wp-att-497\"><img loading=\"lazy\" decoding=\"async\" aria-describedby=\"caption-attachment-497\" src=\"https:\/\/www.holisticattitude.com\/wp-content\/uploads\/\/rescueremedie.jpg\" alt=\"\" title=\"rescueremedie\" width=\"114\" height=\"114\" class=\"size-full wp-image-497\" \/><\/a><p id=\"caption-attachment-497\" class=\"wp-caption-text\">Harmonie interne<\/p><\/div>\n<li>Placez <strong>3-4 gouttes<\/strong> sous la langue ou dans un petit verre d&rsquo;eau.<\/li>\n<li> <strong>Maintenez <\/strong>les gouttes ou chaque gorg\u00e9e) sous la langue pendant quelques instants avant d&rsquo;avaler.<\/li>\n<li>R\u00e9p\u00e9tez la prise<strong> 3 fois<\/strong> par<strong> jour le matin, au r\u00e9veil <\/strong>en milieu de journ\u00e9e  et le soir au coucher.<\/li>\n<table width=\"300\" border=\"3\">\n<tr>\n<td width=\"50%\"><strong>VOTRE \u00c9TAT<\/strong><\/td>\n<td><strong>FLEUR DE BACH <\/strong><\/td>\n<\/tr>\n<tr>\n<td>\n<li>PEUR IRRAISONN\u00c9E, PEUR VAGUE, PEUR PANIQUE <\/li>\n<li> CAUCHEMARS <\/li>\n<li> des SUEURS FROIDES<\/li>\n<li>des TREMBLEMENTS<\/li>\n<li> HYPERSENSIBILIT\u00c9<\/li>\n<\/td>\n<td> <strong>ASPEN<\/strong> vous apporte de l&rsquo;assurance et de la force int\u00e9rieure pour retrouver le calme<\/td>\n<\/tr>\n<tr>\n<td>\n<li>Des <strong>CRAMPES INCONTR\u00d4LABLES,<\/strong><\/li>\n<li> En train de PERDRE LES P\u00c9DALES,  de craquer<\/li>\n<\/td>\n<td><strong>CHERRY PLUM<\/strong> vous aidera \u00e0 retrouver le CALME INT\u00c9RIEUR et de vous exprimer calmement. De garder votre sang froid pendant ce MOMENT PASSAGER  <\/td>\n<\/tr>\n<tr>\n<td>\n<li><strong>R\u00caVEUSE<\/strong> dans les nuages  <\/li>\n<li> ABSENTE<\/li>\n<li>MALADROITE  <\/li>\n<\/td>\n<td><strong>CLEMATIS <\/strong>vous aide \u00e0 vivre dans le pr\u00e9sent, d&rsquo;avoir les pieds sur terre et vous recentrer.<\/td>\n<\/tr>\n<tr>\n<td><strong>\t<\/p>\n<li>Sentiment D&rsquo;IMPURET\u00c9,<\/strong> de SALET\u00c9,<\/li>\n<li> Envie  de tout NETTOYER  un comportement PRESQUE OBSESSIONNEL <\/li>\n<p>. <\/td>\n<td><strong>CRAB APPLE<\/strong> va vous apporte de la DOUCEUR et de l&rsquo;amour envers soi.<\/td>\n<\/tr>\n<tr>\n<td>\n<li>Des <strong>EXC\u00c8S DE COL\u00c8RE<\/strong> <\/li>\n<li> Des EXC\u00c8S DE JALOUSIE, <\/li>\n<li> Des  EXC\u00c8S DE HAINE&#8230;..<\/li>\n<\/td>\n<td><strong>HOLLY<\/strong> vous aide \u00e0 mettre du BAUME AU C\u0152UR et \u00e0 l\u00e2cher prise<\/td>\n<\/tr>\n<tr>\n<td>\n<li> NE SUPPORTE PAS LA COMPAGNIE des autres, besoin D&rsquo;\u00caTRE SEULE <\/li>\n<li>nerveuse, rougit facilement<\/li>\n<li> <strong>  BOULE DANS LE VENTRE <\/strong><\/li>\n<li>  R\u00c9SERV\u00c9E <\/li>\n<li> PEUR  IDENTIFIABLE  peur de bruit,  peur de situations ext\u00e9rieures,  peur de tout , <\/li>\n<li> EXCIT\u00c9E, <strong>emporte facilement<\/strong>   <\/li>\n<\/td>\n<td> <strong>MIMULUS <\/strong>  vous aide \u00e0 surmonter vos peurs et vous apporte le calme et le courage. Vous vous sentez PLUS OPTIMISTE.<\/td>\n<\/tr>\n<tr>\n<td>\n<li><strong>\u00c9PUIS\u00c9E <\/strong>sur le plan \u00e9motionnel, physique et mentale. <\/li>\n<li>Envie de RESTER SOUS LES COUETTES, de faire DU COCOONING.<\/li>\n<\/td>\n<td><strong>OLIVE<\/strong> vous donnera la force et de l&rsquo;\u00e9nergie de SURMONTER toutes ces \u00e9preuves.<\/td>\n<\/tr>\n<tr>\n<td>\n<li><strong>G\u00caN\u00c9E <\/strong>par votre corps de femme, de vos r\u00e8gles, <\/li>\n<li>sentiment de CULPABILIT\u00c9  <\/li>\n<\/td>\n<td><strong>PINE<\/strong> vous aidera \u00e0 \u00eatre plus INDULGENTE envers vous m\u00eame, de vous respecter, de vous d\u00e9culpabiliser.<\/td>\n<\/tr>\n<tr>\n<td>\n<li>Des SAUTES D&rsquo;HUMEUR, HEUREUSE une minute puis \u00c9NERV\u00c9E, triste et anxieuse l&rsquo;instant  SUIVANT<\/li>\n<li> <strong>COMPORTEMENT LUNATIQUE<\/strong><\/li>\n<li> des DOUTES <\/li>\n<\/td>\n<td> <strong>SCLERANTHUS<\/strong>  vous aide \u00e0 trouver L&rsquo;\u00c9QUILIBRE \u00c9MOTIONNEL et l&rsquo;harmonie int\u00e9rieure <\/td>\n<\/tr>\n<tr>\n<td>\n<li>un \u00c9TAT DE CHOC,  FAIBLE, blocages <strong>PHYSIQUES<\/strong>et PSYCHOLOGIQUES <\/li>\n<li> <strong>MIGRAINES<\/strong> TREMBLEMENT, SUEUR<\/li>\n<\/td>\n<td> <strong>STAR OF BETHLEHEM<\/strong> APAISE Les douleurs et les soucis, vous apportera la s\u00e9r\u00e9nit\u00e9\n<\/td>\n<\/tr>\n<tr>\n<td>\n<li>Votre CORPS F\u00c9MININE a chang\u00e9 <\/li>\n<li> VOS PREMIERS R\u00c8GLES, un  <strong>tournant <\/strong> important dans votre vie <\/li>\n<\/td>\n<td><strong>WALNUT<\/strong> va vous aider \u00e0 traverser cette \u00e9tape de  VIE DE FEMME   tranquillement.<\/td>\n<\/tr>\n<tr>\n<td>\n<li>SENTIMENT de <strong>SENSIBILIT\u00c9<\/strong> <\/li>\n<li> SENTIMENT de <strong>VULN\u00c9RABILIT\u00c9 face aux agressions ext\u00e9rieures<\/strong><\/li>\n<li>Envie de PLAIRE aux autres, facilement MALL\u00c9ABLE <\/li>\n<\/td>\n<td> <strong>WALNUT<\/strong> vous apportera l&rsquo;assurance et le sentiment de s\u00e9curit\u00e9.<\/td>\n<\/tr>\n<\/table>\n","protected":false},"excerpt":{"rendered":"<p>Que vous soyez atteint de crampes, des exc\u00e8s de col\u00e8re, de sauts d&rsquo;humeurs, d&rsquo;\u00e9puisement, de culpabilit\u00e9, d&rsquo;un sentiment d&rsquo;impuret\u00e9, \u2026. ne vous inqui\u00e9tez pas, il y a un rem\u00e8de naturel pour vous aider \u00e0 retrouver l&rsquo;\u00e9quilibre \u00e9motionnel. Quelle Fleur de Bach choisir pendant ce moment ? II est important de reconna\u00eetre votre \u00e9tat \u00e9motionnel, physique, [&hellip;]<\/p>\n","protected":false},"author":1,"featured_media":0,"parent":784,"menu_order":7,"comment_status":"open","ping_status":"closed","template":"","meta":{"_monsterinsights_skip_tracking":false,"_monsterinsights_sitenote_active":false,"_monsterinsights_sitenote_note":"","_monsterinsights_sitenote_category":0,"slim_seo":{"title":"FLEURS DE BACH POUR LES R\u00c8GLES DOULOUREUSES - Holistic Attitude","description":"Que vous soyez atteint de crampes, des exc\u00e8s de col\u00e8re, de sauts d'humeurs, d'\u00e9puisement, de culpabilit\u00e9, d'un sentiment d'impuret\u00e9, \u2026. ne vous inqui\u00e9tez pas, i"},"footnotes":""},"class_list":["post-6575","page","type-page","status-publish","hentry"],"_links":{"self":[{"href":"https:\/\/www.holisticattitude.com\/wp-json\/wp\/v2\/pages\/6575","targetHints":{"allow":["GET"]}}],"collection":[{"href":"https:\/\/www.holisticattitude.com\/wp-json\/wp\/v2\/pages"}],"about":[{"href":"https:\/\/www.holisticattitude.com\/wp-json\/wp\/v2\/types\/page"}],"author":[{"embeddable":true,"href":"https:\/\/www.holisticattitude.com\/wp-json\/wp\/v2\/users\/1"}],"replies":[{"embeddable":true,"href":"https:\/\/www.holisticattitude.com\/wp-json\/wp\/v2\/comments?post=6575"}],"version-history":[{"count":0,"href":"https:\/\/www.holisticattitude.com\/wp-json\/wp\/v2\/pages\/6575\/revisions"}],"up":[{"embeddable":true,"href":"https:\/\/www.holisticattitude.com\/wp-json\/wp\/v2\/pages\/784"}],"wp:attachment":[{"href":"https:\/\/www.holisticattitude.com\/wp-json\/wp\/v2\/media?parent=6575"}],"curies":[{"name":"wp","href":"https:\/\/api.w.org\/{rel}","templated":true}]}}