{"id":6556,"date":"2013-07-05T12:47:12","date_gmt":"2013-07-05T10:47:12","guid":{"rendered":"http:\/\/www.holisticattitude.com\/wordpress\/?page_id=6556"},"modified":"2019-01-30T16:49:44","modified_gmt":"2019-01-30T14:49:44","slug":"massages-anti-regles-douloureuses","status":"publish","type":"page","link":"https:\/\/www.holisticattitude.com\/?page_id=6556","title":{"rendered":"AUTOMASSAGES:R\u00c8GLES DOULOUREUSES"},"content":{"rendered":"<p>MASSAGE<\/p>\n<table border=\"1\">\n<tr>\n<td width=\"20%\">\n<ul>\n<li><strong>TECHNIQUE<\/strong><\/li>\n<\/ul>\n<\/td>\n<td>\n<ul>\n<li><strong>M\u00c9THODE<\/strong><\/li>\n<\/ul>\n<\/td>\n<td>\n<ul>\n<li><strong>L&rsquo;EMPLACEMENT<\/strong><\/li>\n<\/ul>\n<\/td>\n<\/tr>\n<tr>\n<td>\n<li>Le massage des SIENS est une pratique inspir\u00e9e du gi gong. <\/li>\n<\/td>\n<td>\n<li>Placez vos mains sur les seins et suivez le contour de vos seins. La t\u00eate et les \u00e9paules suivent naturellement le mouvement. <\/li>\n<li>Effectuez une <strong> vingtaine de cercles<\/strong> complets en faisant doucement des gestes concentriques avec la main.<\/li>\n<li>Inspirez quand vous ouvrez la cage thoracique (mouvement active) et expirez quand vous fermez la cage thoracique (mouvement passif). <\/li>\n<li>Effectuez une vingtaine de cercles dans l&rsquo;autre sens. <\/li>\n<\/td>\n<td>\n<li>Cet exercice peut \u00eatre effectu\u00e9 assis ou debout <\/li>\n<li> 1. <div id=\"attachment_6557\" style=\"width: 137px\" class=\"wp-caption aligncenter\"><a href=\"https:\/\/www.holisticattitude.com\/?attachment_id=6557\" rel=\"attachment wp-att-6557\"><img loading=\"lazy\" decoding=\"async\" aria-describedby=\"caption-attachment-6557\" src=\"https:\/\/www.holisticattitude.com\/wp-content\/uploads\/\/massage_des_seins1.jpg\" alt=\"\" title=\"massage_des_seins\" width=\"127\" height=\"137\" class=\"size-full wp-image-6557\" \/><\/a><p id=\"caption-attachment-6557\" class=\"wp-caption-text\">Suivez le contour des seins<\/p><\/div><\/li>\n<\/td>\n<\/tr>\n<tr>\n<td>\n<li><strong>LE BAS VENTRE -les plis de l&rsquo;aine <\/strong>. (Le point du Dantian ou le foyer inf\u00e9rieur)\n<li>    Le<strong> foyer inf\u00e9rieur<\/strong> sert \u00e0 r\u00e9gulier les sph\u00e8res uro-g\u00e9nitales et digestives.<\/li>\n<\/td>\n<td>\n<li>Placez les <strong>mains en oblique<\/strong> au milieu du pli de l&rsquo;aine.<\/li>\n<li> Frottez vigoureusement du haut vers le bas, . <\/li>\n<li>A renouveler 10-15 fois. <\/li>\n<\/li>\n<\/td>\n<td>\n<li> 2.<br \/>\n<div id=\"attachment_10472\" style=\"width: 187px\" class=\"wp-caption aligncenter\"><a href=\"https:\/\/www.holisticattitude.com\/?attachment_id=10472\" rel=\"attachment wp-att-10472\"><img loading=\"lazy\" decoding=\"async\" aria-describedby=\"caption-attachment-10472\" src=\"https:\/\/www.holisticattitude.com\/wp-content\/uploads\/\/r\u00e8glesdouloureuses_foyerinf\u00e9rieur_dantian.jpg\" alt=\"\" title=\"r\u00e8glesdouloureuses_foyerinf\u00e9rieur_dantian\" width=\"177\" height=\"265\" class=\"size-full wp-image-10472\" \/><\/a><p id=\"caption-attachment-10472\" class=\"wp-caption-text\">4 cm en dessous du nombril<\/p><\/div><\/p>\n<\/li>\n<\/td>\n<\/tr>\n<tr>\n<td>\n<li>Ce point d&rsquo;acupuncture s&rsquo;appelle le SAN YIN JIAO\u00a0  II est <strong>le croisement de trois m\u00e9ridiens<\/strong> yin (la rate, le rein et le foie).  <\/li>\n<li>Stimuler le point r\u00e9flex de la Rate. La Rate <strong>gouverne le SANG <\/strong>, elle tient un r\u00f4le dans l\u2019\u00e9puration sanguine et des toxines <\/li>\n<\/li>\n<\/td>\n<td>\n<li> Le point d&rsquo;acupuncture de la <strong>rate <\/strong> stimuler les points ANTI-DOULEURS.   <\/li>\n<li>Stimuler ce point d&rsquo;acupuncture va <strong>r\u00e9\u00e9quilibrer la circulation du sang<\/strong> et favoriser <strong>l&rsquo;harmonie int\u00e9rieure<\/strong>.<\/li>\n<li> Posez quatre doigts au dessus de l&rsquo;os de cheville et masser en appuyant une certaine pression autour de cette zone.  <\/li>\n<\/td>\n<td> 3. <\/p>\n<li>  <div id=\"attachment_6559\" style=\"width: 181px\" class=\"wp-caption aligncenter\"><a href=\"https:\/\/www.holisticattitude.com\/?attachment_id=6559\" rel=\"attachment wp-att-6559\"><img loading=\"lazy\" decoding=\"async\" aria-describedby=\"caption-attachment-6559\" src=\"https:\/\/www.holisticattitude.com\/wp-content\/uploads\/\/stimulerlarate.jpg\" alt=\"\" title=\"stimulerlarate\" width=\"171\" height=\"134\" class=\"size-full wp-image-6559\" \/><\/a><p id=\"caption-attachment-6559\" class=\"wp-caption-text\">San Jin Jiao est le point de r\u00e9flexe de la rate<\/p><\/div> <\/li>\n<\/td>\n<\/tr>\n<tr>\n<td>\n<li> II existe un point d&rsquo;acupuncture (le m\u00e9ridien du foie (F3)) qui s&rsquo;appelle le TAI CHONG. Ce point se trouve sur le dessus de chaque pied, en avant de l&rsquo;articulation du gros orteil et du deuxi\u00e8me orteil.  <\/li>\n<\/td>\n<td>\n<li> Selon la m\u00e9decine chinoise le stress et les \u00e9motions comme la col\u00e8re et la frustration peuvent induire une stagnation du <strong>qi<\/strong> du Foie.   <\/li>\n<li> Massez ce point en appuyant une certaine pression quelques minutes.   <\/li>\n<\/td>\n<td>    Le point TAI CHONG se trouve entre l&rsquo;articulation de gros et de deuxi\u00e8me orteil sur le dessus du pied<\/p>\n<li>\n4. <div id=\"attachment_14042\" style=\"width: 157px\" class=\"wp-caption aligncenter\"><img loading=\"lazy\" decoding=\"async\" aria-describedby=\"caption-attachment-14042\" src=\"https:\/\/www.holisticattitude.com\/wp-content\/uploads\/\/Foie_F3.png\" alt=\"\" width=\"147\" height=\"260\" class=\"size-full wp-image-14042\" \/><p id=\"caption-attachment-14042\" class=\"wp-caption-text\">\u00ab\u00a0Le point r\u00e9flexe du FOIE (F3) Tai Chong\u00a0\u00bb<\/p><\/div><\/p>\n<\/td>\n<\/tr>\n<tr>\n<td>\n<li><strong> Le DAN TIAN<\/strong>   <\/li>\n<\/td>\n<td>\n<li>Placez quatre doigts sous le nombril (le m\u00e9ridien de vaisseau conception). <\/li>\n<p> Massez la zone qui se trouve sous le bord externe de votre petit doigt. <\/li>\n<\/td>\n<td>    5 <div id=\"attachment_6561\" style=\"width: 166px\" class=\"wp-caption aligncenter\"><a href=\"https:\/\/www.holisticattitude.com\/?attachment_id=6561\" rel=\"attachment wp-att-6561\"><img loading=\"lazy\" decoding=\"async\" aria-describedby=\"caption-attachment-6561\" src=\"https:\/\/www.holisticattitude.com\/wp-content\/uploads\/\/regles_douleureuse1.jpg\" alt=\"\" title=\"regles_douleureuse\" width=\"156\" height=\"253\" class=\"size-full wp-image-6561\" \/><\/a><p id=\"caption-attachment-6561\" class=\"wp-caption-text\">Masser dans le sens d'aiguilles d'une montre<\/p><\/div>   <\/td>\n<\/tr>\n<\/table>\n<p><\/BR><\/p>\n<li><strong>R\u00e9flexologie plantaire<\/strong> ou <strong>palmaire: <\/strong>zones \u00e0 traiter en priorit\u00e9 le point r\u00e9flexe  de<strong> L\u2019UT\u00c9RUS <\/strong> et le point r\u00e9flexe des<strong> OVAIRES <\/strong>. <\/li>\n<li>Masser en appuyant fort le point r\u00e9flexe de <strong>REINS<\/strong> en cas de <strong>gonflement<\/strong><\/li>\n<p><\/BR><\/p>\n<table width=\"300\" border=\"3\">\n<tr>\n<td width=\"42%\">TECHNIQUE<\/td>\n<td>M\u00c9THODE<\/td>\n<td>IMAGE<\/td>\n<\/tr>\n<tr>\n<td><strong>PIEDS :<\/strong> Le point r\u00e9flexe  des OVAIRES est situ\u00e9 sur le bordure du<strong> pied ext\u00e9rieur.<\/strong>\n <\/td>\n<td>Masser en appuyant fort le point r\u00e9flexe des OVAIRES <\/td>\n<td>1. <div id=\"attachment_10274\" style=\"width: 163px\" class=\"wp-caption aligncenter\"><a href=\"https:\/\/www.holisticattitude.com\/?attachment_id=10274\" rel=\"attachment wp-att-10274\"><img loading=\"lazy\" decoding=\"async\" aria-describedby=\"caption-attachment-10274\" src=\"https:\/\/www.holisticattitude.com\/wp-content\/uploads\/\/pied_ovaire_ext\u00e9rieur.gif\" alt=\"\" title=\"pied_ovaire_ext\u00e9rieur\" width=\"153\" height=\"102\" class=\"size-full wp-image-10274\" \/><\/a><p id=\"caption-attachment-10274\" class=\"wp-caption-text\">Appuyez fort<\/p><\/div><\/p>\n<\/td>\n<\/tr>\n<tr>\n<td><strong>MAINS : <\/strong>le point de r\u00e9flexe des OVAIRES se trouve sur le dos de chaque main, (le c\u00f4t\u00e9 de l&rsquo;index) pr\u00e8s de la poign\u00e9e \u00e0 l&rsquo;int\u00e9rieur d&rsquo;une bande \u00e9troite. <\/td>\n<td>Column 2<\/td>\n<td>2. <div id=\"attachment_6562\" style=\"width: 213px\" class=\"wp-caption aligncenter\"><a href=\"https:\/\/www.holisticattitude.com\/?attachment_id=6562\" rel=\"attachment wp-att-6562\"><img loading=\"lazy\" decoding=\"async\" aria-describedby=\"caption-attachment-6562\" src=\"https:\/\/www.holisticattitude.com\/wp-content\/uploads\/\/dessusdelamain_droite_ovaire.jpg\" alt=\"\" title=\"dessusdelamain_droite_ovaire\" width=\"203\" height=\"283\" class=\"size-full wp-image-6562\" \/><\/a><p id=\"caption-attachment-6562\" class=\"wp-caption-text\">Sur le dos de la main<\/p><\/div><\/td>\n<\/tr>\n<tr>\n<td>\n<li><strong>PIEDS:<\/strong> le point r\u00e9flexe  de L\u2019UT\u00c9RUS de chaque pied est situ\u00e9 sur le  bordure du pied int\u00e9rieur, au dessous de la cheville en oblique vers le talon.<\/li>\n<\/td>\n<td>Placez le pouce sur le point r\u00e9flexe de l&rsquo;ut\u00e9rus<br \/>\nMassez en appuyant une certaine pression sur cette zone.<\/td>\n<td>3.   <div id=\"attachment_6564\" style=\"width: 177px\" class=\"wp-caption aligncenter\"><a href=\"https:\/\/www.holisticattitude.com\/?attachment_id=6564\" rel=\"attachment wp-att-6564\"><img loading=\"lazy\" decoding=\"async\" aria-describedby=\"caption-attachment-6564\" src=\"https:\/\/www.holisticattitude.com\/wp-content\/uploads\/\/reflexologie_pied_interieur_uterus.jpg\" alt=\"\" title=\"reflexologie_pied_interieur_uterus\" width=\"167\" height=\"250\" class=\"size-full wp-image-6564\" \/><\/a><p id=\"caption-attachment-6564\" class=\"wp-caption-text\">Appuyez fort sur le point r\u00e9flexe de l'ut\u00e9rus<\/p><\/div><\/td>\n<\/tr>\n<tr>\n<td><strong>MAINS :<\/strong> le point de r\u00e9flexe de L\u2019UT\u00c9RUS se trouve sur le dos de chaque main, pr\u00e8s de la poign\u00e9e (le c\u00f4te du pouce) \u00e0 l&rsquo;ext\u00e9rieur d&rsquo;une bande \u00e9troite. <\/td>\n<td>Masser en appuyant fort le point r\u00e9flexe de L&rsquo;UT\u00c9RUS<\/td>\n<td>4. <div id=\"attachment_6565\" style=\"width: 183px\" class=\"wp-caption aligncenter\"><a href=\"https:\/\/www.holisticattitude.com\/?attachment_id=6565\" rel=\"attachment wp-att-6565\"><img loading=\"lazy\" decoding=\"async\" aria-describedby=\"caption-attachment-6565\" src=\"https:\/\/www.holisticattitude.com\/wp-content\/uploads\/\/dessusdelamain_droite_uterus.jpg\" alt=\"\" title=\"dessusdelamain_droite_uterus\" width=\"173\" height=\"285\" class=\"size-full wp-image-6565\" \/><\/a><p id=\"caption-attachment-6565\" class=\"wp-caption-text\">Sur le dos de la main<\/p><\/div><\/td>\n<\/tr>\n<tr>\n<td><strong>PIEDS<\/strong> Le point r\u00e9flexe des REINS se situe juste au dessus,  aux centres des pieds. Il d\u00e9passe la ligne de la taille en son milieu. <\/td>\n<td>      Masser en appuyant fort le point r\u00e9flexe des REINS <\/td>\n<td>5.  <div id=\"attachment_6566\" style=\"width: 193px\" class=\"wp-caption aligncenter\"><a href=\"https:\/\/www.holisticattitude.com\/?attachment_id=6566\" rel=\"attachment wp-att-6566\"><img loading=\"lazy\" decoding=\"async\" aria-describedby=\"caption-attachment-6566\" src=\"https:\/\/www.holisticattitude.com\/wp-content\/uploads\/\/paumedelamain_gauche_rein.jpg\" alt=\"\" title=\"paumedelamain_gauche_rein\" width=\"183\" height=\"200\" class=\"size-full wp-image-6566\" \/><\/a><p id=\"caption-attachment-6566\" class=\"wp-caption-text\">Appuyez une certaine pression<\/p><\/div><\/td>\n<\/tr>\n<tr>\n<td><strong>MAINS <\/strong>   Le point r\u00e9flexe des REINS  se trouve surs  la dessous (paume) de la main \u00e0 un angle entre le pouce et le 2\u00e8me\/3\u00e8me doigt  <\/td>\n<td>      Masser en appuyant fort le point r\u00e9flexe des REINS <\/td>\n<td>6.  <div id=\"attachment_6567\" style=\"width: 126px\" class=\"wp-caption aligncenter\"><a href=\"https:\/\/www.holisticattitude.com\/?attachment_id=6567\" rel=\"attachment wp-att-6567\"><img loading=\"lazy\" decoding=\"async\" aria-describedby=\"caption-attachment-6567\" src=\"https:\/\/www.holisticattitude.com\/wp-content\/uploads\/\/PIED_DROIT_REIN.jpg\" alt=\"\" title=\"PIED_DROIT_REIN\" width=\"116\" height=\"191\" class=\"size-full wp-image-6567\" \/><\/a><p id=\"caption-attachment-6567\" class=\"wp-caption-text\">Le point r\u00e9flexe des reins<\/p><\/div><\/td>\n<\/tr>\n<\/table>\n","protected":false},"excerpt":{"rendered":"<p>MASSAGE TECHNIQUE M\u00c9THODE L&rsquo;EMPLACEMENT Le massage des SIENS est une pratique inspir\u00e9e du gi gong. Placez vos mains sur les seins et suivez le contour de vos seins. La t\u00eate et les \u00e9paules suivent naturellement le mouvement. Effectuez une vingtaine de cercles complets en faisant doucement des gestes concentriques avec la main. Inspirez quand vous [&hellip;]<\/p>\n","protected":false},"author":1,"featured_media":0,"parent":1176,"menu_order":9,"comment_status":"open","ping_status":"closed","template":"","meta":{"_monsterinsights_skip_tracking":false,"_monsterinsights_sitenote_active":false,"_monsterinsights_sitenote_note":"","_monsterinsights_sitenote_category":0,"slim_seo":{"title":"AUTOMASSAGES:R\u00c8GLES DOULOUREUSES - Holistic Attitude","description":"MASSAGE TECHNIQUE M\u00c9THODE L'EMPLACEMENT Le massage des SIENS est une pratique inspir\u00e9e du gi gong. Placez vos mains sur les seins et suivez le contour de vos se"},"footnotes":""},"class_list":["post-6556","page","type-page","status-publish","hentry"],"_links":{"self":[{"href":"https:\/\/www.holisticattitude.com\/index.php?rest_route=\/wp\/v2\/pages\/6556","targetHints":{"allow":["GET"]}}],"collection":[{"href":"https:\/\/www.holisticattitude.com\/index.php?rest_route=\/wp\/v2\/pages"}],"about":[{"href":"https:\/\/www.holisticattitude.com\/index.php?rest_route=\/wp\/v2\/types\/page"}],"author":[{"embeddable":true,"href":"https:\/\/www.holisticattitude.com\/index.php?rest_route=\/wp\/v2\/users\/1"}],"replies":[{"embeddable":true,"href":"https:\/\/www.holisticattitude.com\/index.php?rest_route=%2Fwp%2Fv2%2Fcomments&post=6556"}],"version-history":[{"count":7,"href":"https:\/\/www.holisticattitude.com\/index.php?rest_route=\/wp\/v2\/pages\/6556\/revisions"}],"predecessor-version":[{"id":14043,"href":"https:\/\/www.holisticattitude.com\/index.php?rest_route=\/wp\/v2\/pages\/6556\/revisions\/14043"}],"up":[{"embeddable":true,"href":"https:\/\/www.holisticattitude.com\/index.php?rest_route=\/wp\/v2\/pages\/1176"}],"wp:attachment":[{"href":"https:\/\/www.holisticattitude.com\/index.php?rest_route=%2Fwp%2Fv2%2Fmedia&parent=6556"}],"curies":[{"name":"wp","href":"https:\/\/api.w.org\/{rel}","templated":true}]}}