{"id":6342,"date":"2013-06-22T08:50:58","date_gmt":"2013-06-22T06:50:58","guid":{"rendered":"http:\/\/www.holisticattitude.com\/wordpress\/?page_id=6342"},"modified":"2013-07-13T10:57:41","modified_gmt":"2013-07-13T08:57:41","slug":"le-sourire-interieur-du-coeur","status":"publish","type":"page","link":"https:\/\/www.holisticattitude.com\/?page_id=6342","title":{"rendered":"VISUALISATIONS  pour les organes"},"content":{"rendered":"<p><strong>LES VISUALISATIONS<\/strong> ONT un effet  tr\u00e8s positif sur le coeur. Comme montr\u00e9 dans le film de \u00ab\u00a0Peter Pan\u00a0\u00bb il suffit tout simplement d&rsquo;y croire !<\/p>\n<li><strong>LE SOURIRE INT\u00c9RIEUR<\/strong> :ASSEYEZ-VOUS <strong>en tailleur<\/strong> <\/li>\n<li>REDRESSEZ le buste et baissez les \u00e9paules. Posez les mains sur les cuisses et fermez vos yeux <\/li>\n<li>\u00c9VOQUEZ <strong>un souvenir heureux <\/strong>ou une image attendrissante qui \u00e9veille en vous une sensation du bonheur et de la joie et que vous ressentez au centre de votre COEUR<\/li>\n<li>SOURIREZ ou ressentez une sensation de <strong>b\u00e9atitude<\/strong> qui \u00e9mergent dans le centre de votre COEUR et qui diffuse partout dans votre corps  <\/li>\n<li>LAISSEZ tout votre esprit et votre corps immerger dans ce bonheur aussi longtemps que vous voulez <\/li>\n<p><\/BR><\/p>\n<li><strong>VISUALISATION POUR LA RATE-L&rsquo;ESTOMAC<\/strong> :- Asseyez-vous sur une chaise, les pieds \u00e9cart\u00e9s, le dos droit.  <\/li>\n<li>Placez les DEUX mains sur la zone de la RATE et de l&rsquo;estomac (le c\u00f4t\u00e9 gauche, le haut du ventre). <\/li>\n<li>Visualisez la couleur JAUNE et remplissez la zone de la RATE et de l&rsquo;estomac avec cette couleur par la RESPIRATION<\/li>\n<li>IMAGINEZ un sentiment agr\u00e9able et de chaleur.  Ressentez la JOIE.  R\u00e9p\u00e9tez 25 fois au minimum.<\/li>\n","protected":false},"excerpt":{"rendered":"<p>LES VISUALISATIONS ONT un effet tr\u00e8s positif sur le coeur. Comme montr\u00e9 dans le film de \u00ab\u00a0Peter Pan\u00a0\u00bb il suffit tout simplement d&rsquo;y croire ! LE SOURIRE INT\u00c9RIEUR :ASSEYEZ-VOUS en tailleur REDRESSEZ le buste et baissez les \u00e9paules. Posez les mains sur les cuisses et fermez vos yeux \u00c9VOQUEZ un souvenir heureux ou une image [&hellip;]<\/p>\n","protected":false},"author":1,"featured_media":0,"parent":66,"menu_order":6,"comment_status":"open","ping_status":"closed","template":"","meta":{"_monsterinsights_skip_tracking":false,"_monsterinsights_sitenote_active":false,"_monsterinsights_sitenote_note":"","_monsterinsights_sitenote_category":0,"slim_seo":{"title":"VISUALISATIONS pour les organes - Holistic Attitude","description":"LES VISUALISATIONS ONT un effet tr\u00e8s positif sur le coeur. Comme montr\u00e9 dans le film de \u00ab\u00a0Peter Pan\u00a0\u00bb il suffit tout simplement d'y croire ! LE SOURIRE INT\u00c9RIEU"},"footnotes":""},"class_list":["post-6342","page","type-page","status-publish","hentry"],"_links":{"self":[{"href":"https:\/\/www.holisticattitude.com\/index.php?rest_route=\/wp\/v2\/pages\/6342","targetHints":{"allow":["GET"]}}],"collection":[{"href":"https:\/\/www.holisticattitude.com\/index.php?rest_route=\/wp\/v2\/pages"}],"about":[{"href":"https:\/\/www.holisticattitude.com\/index.php?rest_route=\/wp\/v2\/types\/page"}],"author":[{"embeddable":true,"href":"https:\/\/www.holisticattitude.com\/index.php?rest_route=\/wp\/v2\/users\/1"}],"replies":[{"embeddable":true,"href":"https:\/\/www.holisticattitude.com\/index.php?rest_route=%2Fwp%2Fv2%2Fcomments&post=6342"}],"version-history":[{"count":0,"href":"https:\/\/www.holisticattitude.com\/index.php?rest_route=\/wp\/v2\/pages\/6342\/revisions"}],"up":[{"embeddable":true,"href":"https:\/\/www.holisticattitude.com\/index.php?rest_route=\/wp\/v2\/pages\/66"}],"wp:attachment":[{"href":"https:\/\/www.holisticattitude.com\/index.php?rest_route=%2Fwp%2Fv2%2Fmedia&parent=6342"}],"curies":[{"name":"wp","href":"https:\/\/api.w.org\/{rel}","templated":true}]}}