{"id":6043,"date":"2013-04-29T15:22:15","date_gmt":"2013-04-29T13:22:15","guid":{"rendered":"https:\/\/www.holisticattitude.com\/wordpress\/?page_id=6043"},"modified":"2024-02-18T16:44:14","modified_gmt":"2024-02-18T14:44:14","slug":"les-legumes-naturels-et-la-sante","status":"publish","type":"page","link":"https:\/\/www.holisticattitude.com\/alimentation\/les-legumes-naturels-et-la-sante\/","title":{"rendered":"LES LEGUMES NATURELLES et LA SANT\u00c9"},"content":{"rendered":"<table border=\"\u201d1\u2033\" cellspacing=\"\u201d0\u2033\" cellpadding=\"\u201d0\u2033\" width=\"\u201d390\u2033\">\n<tbody>\n<tr>\n<td><strong>SOURCE<\/strong><\/td>\n<td><strong>LEGUMES<\/strong><\/td>\n<\/tr>\n<tr>\n<td>1 <div id=\"attachment_1018\" style=\"width: 110px\" class=\"wp-caption alignleft\"><a href=\"https:\/\/www.holisticattitude.com\/wp-content\/uploads\/l1.jpg\"><img loading=\"lazy\" decoding=\"async\" aria-describedby=\"caption-attachment-1018\" src=\"https:\/\/www.holisticattitude.com\/wp-content\/uploads\/l1.jpg\" alt=\"carotte orange\" title=\"carotte ]\" width=\"100\" height=\"96\" class=\"alignleft size-full wp-image-1004\" \/><\/a><p id=\"caption-attachment-1018\" class=\"wp-caption-text\">Comme un oeil<\/p><\/div><\/td>\n<td>Une <strong>carotte<\/strong> coup\u00e9e en rondelle ressemble \u00e0<strong> l&rsquo;\u0153il humain.<\/strong> Une telle\u00a0co\u00efncidence;\u00a0la pupille, l&rsquo;iris et les lignes radiales ressemblent \u00e0 l&rsquo;\u0153il. La science confirme aujourd&rsquo;hui que les carottes am\u00e9liorent la<strong> circulation  sanguine<\/strong> et la<strong> vision.<\/strong><A HREF=\"#TOP\">HAUT DE PAGE<\/A><BR><\/td>\n<\/tr>\n<tr>\n<td>2 <div id=\"attachment_1018\" style=\"width: 110px\" class=\"wp-caption alignleft\"><a href=\"https:\/\/www.holisticattitude.com\/wp-content\/uploads\/k1.jpg\"><img loading=\"lazy\" decoding=\"async\" aria-describedby=\"caption-attachment-1018\" src=\"https:\/\/www.holisticattitude.com\/wp-content\/uploads\/k1.jpg\" alt=\"tomate rouge\" title=\"tomate]\" width=\"100\" height=\"100\" class=\"alignleft size-full wp-image-1006\" \/><\/a><p id=\"caption-attachment-1018\" class=\"wp-caption-text\">4 chambres comme le coeur<\/p><\/div><\/td>\n<td>Une<strong> tomate<\/strong> qui est rouge, a <strong>quatre chambres<\/strong>. <strong> Le c\u0153ur<\/strong> qui est rouge a \u00e9galement quatre chambres. Toutes les recherches scientifiques aujourd&rsquo;hui d\u00e9montrent que les tomates contiennent de la<strong> lycop\u00e8ne <\/strong> (efficace contre les radicaux libres) et sont excellentes pour le <strong>c\u0153ur<\/strong> et le <strong>sang<\/strong>.<A HREF=\"#TOP\">HAUT DE PAGE<\/A><BR><\/td>\n<\/tr>\n<tr>\n<td>3 <div id=\"attachment_1018\" style=\"width: 110px\" class=\"wp-caption alignleft\"><a href=\"https:\/\/www.holisticattitude.com\/wp-content\/uploads\/j1.jpg\"><img loading=\"lazy\" decoding=\"async\" aria-describedby=\"caption-attachment-1018\" src=\"https:\/\/www.holisticattitude.com\/wp-content\/uploads\/j1.jpg\" alt=\"raisins verts\" title=\"raisins ]\" width=\"100\" height=\"119\" class=\"alignleft size-full wp-image-1007\" \/><\/a><p id=\"caption-attachment-1018\" class=\"wp-caption-text\">En forme de coeur<\/p><\/div><\/td>\n<td>Les <strong>raisins <\/strong>pendent en grappes et ont la m\u00eame forme qu&rsquo;un<strong> c\u0153ur.<\/strong>  Chaque<strong> raisin <\/strong>ressemble<strong> \u00e0 une globule cellule <\/strong>et toutes les recherches d\u00e9montrent que ces aliments sont importants pour le <strong>c\u0153ur <\/strong>et le<strong> sang<\/strong>.<A HREF=\"#TOP\">HAUT DE PAGE<\/A><BR><\/td>\n<\/tr>\n<tr>\n<td>4 <div id=\"attachment_1018\" style=\"width: 110px\" class=\"wp-caption alignleft\"><a href=\"https:\/\/www.holisticattitude.com\/wp-content\/uploads\/i1.jpg\"><img loading=\"lazy\" decoding=\"async\" aria-describedby=\"caption-attachment-1018\" src=\"https:\/\/www.holisticattitude.com\/wp-content\/uploads\/i1.jpg\" alt=\"noix brune\" title=\"noix ]\" width=\"100\" height=\"58\" class=\"alignleft size-full wp-image-1008\" \/><\/a><p id=\"caption-attachment-1018\" class=\"wp-caption-text\">Le cerneau de noix est comme le cerveau<\/p><\/div><\/td>\n<td>Le <strong>cerneau <\/strong> de noix ressemble \u00e0 un <strong>petit cerveau<\/strong>, une h\u00e9misph\u00e8re gauche et une h\u00e9misph\u00e8re droite avec le <strong>cortex c\u00e9r\u00e9bral <\/strong>et le <strong>cervelets<\/strong>.  M\u00eame les rides comme les plis sur la noix ressemblent \u00e0 notre <strong>neo-cortex<\/strong>.  Nous savons maintenant que les noix aider \u00e0 d\u00e9velopper plus de <strong>3 douzaines neuro-transmetteurs <\/strong>important pour le fonction du cerveau.   Pleine <strong>d&rsquo;acides gras,<\/strong> des <strong>min\u00e9raux <\/strong>et <strong>d&rsquo;oligo-\u00e9l\u00e9ments<\/strong> tels que le<strong> zinc<\/strong> la noix a pour propri\u00e9t\u00e9s de stimuler la <strong>m\u00e9moire<\/strong> et le bon <strong>fonctionnement<\/strong> du cerveau. <A HREF=\"#TOP\">HAUT DE PAGE<\/A><BR><\/td>\n<\/tr>\n<tr>\n<td>5 <div id=\"attachment_1018\" style=\"width: 110px\" class=\"wp-caption alignleft\"><a href=\"https:\/\/www.holisticattitude.com\/wp-content\/uploads\/h1.jpg\"><img loading=\"lazy\" decoding=\"async\" aria-describedby=\"caption-attachment-1018\" src=\"https:\/\/www.holisticattitude.com\/wp-content\/uploads\/h1.jpg\" alt=\"haricots rouges\" title=\"haricots ]\" width=\"100\" height=\"77\" class=\"alignleft size-full wp-image-1009\" \/><\/a><p id=\"caption-attachment-1018\" class=\"wp-caption-text\">En forme de rein<\/p><\/div><\/td>\n<td>Les <strong>haricots rouges<\/strong> aident \u00e0 la <strong>cicatrisation <\/strong>et \u00e0 aider maintenir la <strong>fonction r\u00e9nale <\/strong>et ce n&rsquo;est pas par hasard qu&rsquo;ils ressemblent aux reins humains.<A HREF=\"#TOP\">HAUT DE PAGE<\/A><BR><\/td>\n<\/tr>\n<tr>\n<td>6 <div id=\"attachment_1018\" style=\"width: 110px\" class=\"wp-caption alignleft\"><a href=\"https:\/\/www.holisticattitude.com\/wp-content\/uploads\/g1.jpg\"><img loading=\"lazy\" decoding=\"async\" aria-describedby=\"caption-attachment-1018\" src=\"https:\/\/www.holisticattitude.com\/wp-content\/uploads\/g1.jpg\" alt=\"c\u00e9leri vert\" title=\"c\u00e9leri]\" width=\"100\" height=\"59\" class=\"alignleft size-full wp-image-1010\" \/><\/a><p id=\"caption-attachment-1018\" class=\"wp-caption-text\">Notre syst\u00e8me osseux<\/p><\/div><\/td>\n<td>Le<strong> c\u00e8leri, le bok choy (le choux chinois) et la rhubarbe <\/strong>et autre membres de leur famille ressemblent <strong>aux os.<\/strong>  Ces aliments visent \u00e0 renforcer les os.  Les os contiennent <strong>23% sodium,<\/strong> la m\u00eame quantit\u00e9 que ces aliments.  Si vous n&rsquo;avez pas assez de <strong>sodium<\/strong> dans votre alimentation le corps le pr\u00e9l\u00e8vent de <strong>vos os<\/strong> donc rendant les os fragile.<A HREF=\"#TOP\">HAUT DE PAGE<\/A><BR><\/td>\n<\/tr>\n<tr>\n<td>7 <div id=\"attachment_1018\" style=\"width: 110px\" class=\"wp-caption alignleft\"><a href=\"https:\/\/www.holisticattitude.com\/wp-content\/uploads\/f1.jpg\"><img loading=\"lazy\" decoding=\"async\" aria-describedby=\"caption-attachment-1018\" src=\"https:\/\/www.holisticattitude.com\/wp-content\/uploads\/f1.jpg\" alt=\"avocat vert\" title=\"avocat mur]\" width=\"100\" height=\"77\" class=\"alignleft size-full wp-image-1011\" \/><\/a><p id=\"caption-attachment-1018\" class=\"wp-caption-text\">L'organe feminin<\/p><\/div><\/td>\n<td>Les<strong> <strong>avocats<\/strong>, les <strong>aubergine<\/strong>s et les<strong> poires<\/strong><\/strong> ciblent la sant\u00e9 et la fonction du<strong> col cervical<\/strong> des femmes. Ils ressemblent \u00e0 <strong>l&rsquo;organe f\u00e9minin.<\/strong> Aujourd&rsquo;hui la recherche d\u00e9montre lorsque qu&rsquo;une femme mange au moins<strong> un avocat <\/strong>par semaine, elle \u00e9liminera l&rsquo;<strong>exc\u00e8s du poids <\/strong>suite \u00e0 une naissance, qui r\u00e9- <strong>\u00e9quilibre le syst\u00e8me hormonal <\/strong>et emp\u00eache le <strong>cancer du col de l&rsquo;ut\u00e9rus<\/strong> (mieux qu&rsquo;une vaccine peut-\u00eatre). Une co\u00efncidence de la nature ; un avocat \u00e9galement prend <strong>neuf mois de la floraison<\/strong> \u00e0 la maturation du fruit. II y a plus de <strong>14 milles constituants nutriments<\/strong> chimiques photolytics (sensible \u00e0 la lumi\u00e8re) dans chacun de ses fruits.<A HREF=\"#TOP\">HAUT DE PAGE<\/A><BR><\/td>\n<\/tr>\n<tr>\n<td>8 <div id=\"attachment_1018\" style=\"width: 110px\" class=\"wp-caption alignleft\"><a href=\"https:\/\/www.holisticattitude.com\/wp-content\/uploads\/e11.jpg\"><img loading=\"lazy\" decoding=\"async\" aria-describedby=\"caption-attachment-1018\" src=\"https:\/\/www.holisticattitude.com\/wp-content\/uploads\/e11.jpg\" alt=\"figues d\u00e9lices\" title=\"figues]\" width=\"100\" height=\"62\" class=\"alignleft size-full wp-image-1019\" \/><\/a><p id=\"caption-attachment-1018\" class=\"wp-caption-text\">Les organes masculins<\/p><\/div><\/td>\n<td>Les <strong>figues <\/strong>sont pleines de graines et en poussant elles pendent<strong> en paires.<\/strong> Les figues augmentent la mobilit\u00e9 et le <strong>nombre de sperme<\/strong>. \u00a0Elles emp\u00eachent \u00e9galement <strong>la st\u00e9rilit\u00e9 des homme<\/strong>s.<A HREF=\"#TOP\">HAUT DE PAGE<\/A><BR><\/td>\n<\/tr>\n<tr>\n<td>9 <div id=\"attachment_1018\" style=\"width: 110px\" class=\"wp-caption alignleft\"><a href=\"https:\/\/www.holisticattitude.com\/wp-content\/uploads\/d1.jpg\"><img loading=\"lazy\" decoding=\"async\" aria-describedby=\"caption-attachment-1018\" src=\"https:\/\/www.holisticattitude.com\/wp-content\/uploads\/d1.jpg\" alt=\"les patates douces\" title=\"les patates douces]\" width=\"100\" height=\"95\" class=\"alignleft size-full wp-image-1015\" \/><\/a><p id=\"caption-attachment-1018\" class=\"wp-caption-text\">La forme de pancr\u00e9as<\/p><\/div><\/td>\n<td>Les <strong>patates douces<\/strong> ressemblent au pancr\u00e9as et en fait \u00e9quilibre<strong> l&rsquo;index Glyc\u00e9mie des diab\u00e9tiques<\/strong>.<A HREF=\"#TOP\">HAUT DE PAGE<\/A><BR><\/td>\n<\/tr>\n<tr>\n<td>10 <div id=\"attachment_1018\" style=\"width: 110px\" class=\"wp-caption alignleft\"><a href=\"https:\/\/www.holisticattitude.com\/wp-content\/uploads\/b1.jpg\"><img loading=\"lazy\" decoding=\"async\" aria-describedby=\"caption-attachment-1018\" src=\"https:\/\/www.holisticattitude.com\/wp-content\/uploads\/b1.jpg\" alt=\"les agrumes oranges\" title=\"les agrumes]\" width=\"100\" height=\"67\" class=\"alignleft size-full wp-image-1016\" \/><\/a><p id=\"caption-attachment-1018\" class=\"wp-caption-text\">Les glandes mammaires<\/p><\/div><\/td>\n<td>Les<strong> oranges, les pamplemousse et les autres agrumes<\/strong> ressemblent aux<strong> glandes mammaires<\/strong>.  Les<strong> agrumes<\/strong> stimulent la sant\u00e9 des <strong>seins<\/strong> et la <strong>circulation lymphatique<\/strong> dans la glande mammaire.<A HREF=\"#TOP\">HAUT DE PAGE<\/A><BR><\/td>\n<\/tr>\n<tr>\n<td>11 <div id=\"attachment_1018\" style=\"width: 110px\" class=\"wp-caption alignleft\"><a href=\"https:\/\/www.holisticattitude.com\/wp-content\/uploads\/a1.jpg\"><img loading=\"lazy\" decoding=\"async\" aria-describedby=\"caption-attachment-1018\" src=\"https:\/\/www.holisticattitude.com\/wp-content\/uploads\/a1.jpg\" alt=\"les oignons\" title=\"les oignons]\" width=\"100\" height=\"61\" class=\"alignleft size-full wp-image-1017\" \/><\/a><p id=\"caption-attachment-1018\" class=\"wp-caption-text\">Les cellules du corps<\/p><\/div><\/td>\n<td>Les <strong>oignons<\/strong> ressemblent aux<strong> cellules du corps<\/strong>. La recherche d&rsquo;aujourd&rsquo;hui d\u00e9montrent que les oignons aident \u00e0 <strong>\u00e9liminer les d\u00e9chets du corps <\/strong>et de la d\u00e9toxifier.  Ils produisent m\u00eame des larmes qui nettoient les couches \u00e9pith\u00e9liales des yeux. Son partenaire<strong> l&rsquo;ail<\/strong> aide \u00e9galement \u00e0 <strong>\u00e9liminer les d\u00e9chets <\/strong>et les <strong>radicaux libre<\/strong>s du corps et est un bact\u00e9ricide puissant. \u00a0On attribue les propri\u00e9t\u00e9s suivantes; <strong>antibiotique<\/strong>, <strong>anti-tumorale,<\/strong> <strong>antihypertenseur, <\/strong><strong>anticoagulant<\/strong> et <strong>anti-ath\u00e9roscl\u00e9rose<\/strong>.<A HREF=\"#TOP\">HAUT DE PAGE<\/A><BR><\/td>\n<\/tr>\n<tr>\n<td>12 <div id=\"attachment_1018\" style=\"width: 110px\" class=\"wp-caption alignleft\"><a href=\"https:\/\/www.holisticattitude.com\/?attachment_id=1018\" rel=\"attachment wp-att-1018\"><img loading=\"lazy\" decoding=\"async\" aria-describedby=\"caption-attachment-1018\" src=\"https:\/\/www.holisticattitude.com\/wp-content\/uploads\/\/c1.jpg\" alt=\"les olives vertes et noires\" title=\"les olives ]\" width=\"100\" height=\"68\" class=\"size-full wp-image-1018\" \/><\/a><p id=\"caption-attachment-1018\" class=\"wp-caption-text\">La sant\u00e9 feminine<\/p><\/div><\/td>\n<td>Les<strong> olives<\/strong> aide la sant\u00e9 et la<strong> fonctionnement des ovaires<\/strong>.<A HREF=\"#TOP\">HAUT DE PAGE<\/A><BR><\/td>\n<\/tr>\n<\/tbody>\n<\/table>\n","protected":false},"excerpt":{"rendered":"<p>SOURCE LEGUMES 1 Une carotte coup\u00e9e en rondelle ressemble \u00e0 l&rsquo;\u0153il humain. Une telle\u00a0co\u00efncidence;\u00a0la pupille, l&rsquo;iris et les lignes radiales ressemblent \u00e0 l&rsquo;\u0153il. La science confirme aujourd&rsquo;hui que les carottes am\u00e9liorent la circulation sanguine et la vision.HAUT DE PAGE 2 Une tomate qui est rouge, a quatre chambres. Le c\u0153ur qui est rouge a \u00e9galement [&hellip;]<\/p>\n","protected":false},"author":1,"featured_media":0,"parent":201,"menu_order":9,"comment_status":"open","ping_status":"closed","template":"","meta":{"_monsterinsights_skip_tracking":false,"_monsterinsights_sitenote_active":false,"_monsterinsights_sitenote_note":"","_monsterinsights_sitenote_category":0,"slim_seo":{"title":"LES LEGUMES NATURELLES et LA SANT\u00c9 - Holistic Attitude","description":"SOURCE LEGUMES 1 Comme un oeil Une carotte coup\u00e9e en rondelle ressemble \u00e0 l'\u0153il humain. Une telle\u00a0co\u00efncidence;\u00a0la pupille, l'iris et les lignes radiales ressemb"},"footnotes":""},"class_list":["post-6043","page","type-page","status-publish","hentry"],"_links":{"self":[{"href":"https:\/\/www.holisticattitude.com\/wp-json\/wp\/v2\/pages\/6043","targetHints":{"allow":["GET"]}}],"collection":[{"href":"https:\/\/www.holisticattitude.com\/wp-json\/wp\/v2\/pages"}],"about":[{"href":"https:\/\/www.holisticattitude.com\/wp-json\/wp\/v2\/types\/page"}],"author":[{"embeddable":true,"href":"https:\/\/www.holisticattitude.com\/wp-json\/wp\/v2\/users\/1"}],"replies":[{"embeddable":true,"href":"https:\/\/www.holisticattitude.com\/wp-json\/wp\/v2\/comments?post=6043"}],"version-history":[{"count":4,"href":"https:\/\/www.holisticattitude.com\/wp-json\/wp\/v2\/pages\/6043\/revisions"}],"predecessor-version":[{"id":15400,"href":"https:\/\/www.holisticattitude.com\/wp-json\/wp\/v2\/pages\/6043\/revisions\/15400"}],"up":[{"embeddable":true,"href":"https:\/\/www.holisticattitude.com\/wp-json\/wp\/v2\/pages\/201"}],"wp:attachment":[{"href":"https:\/\/www.holisticattitude.com\/wp-json\/wp\/v2\/media?parent=6043"}],"curies":[{"name":"wp","href":"https:\/\/api.w.org\/{rel}","templated":true}]}}