{"id":5449,"date":"2013-04-05T17:19:40","date_gmt":"2013-04-05T15:19:40","guid":{"rendered":"http:\/\/www.holisticattitude.com\/wordpress\/?page_id=5449"},"modified":"2014-05-31T07:31:00","modified_gmt":"2014-05-31T05:31:00","slug":"produits-laitiers-le-revers-de-la-medaille","status":"publish","type":"page","link":"https:\/\/www.holisticattitude.com\/?page_id=5449","title":{"rendered":"PRODUITS LAITIERS -le revers de la m\u00e9daille"},"content":{"rendered":"<div id=\"attachment_5444\" style=\"width: 230px\" class=\"wp-caption aligncenter\"><a href=\"https:\/\/www.holisticattitude.com\/?attachment_id=5444\" rel=\"attachment wp-att-5444\"><img loading=\"lazy\" decoding=\"async\" aria-describedby=\"caption-attachment-5444\" src=\"https:\/\/www.holisticattitude.com\/wp-content\/uploads\/\/produits_laitiers.jpg\" alt=\"\" title=\"produits_laitiers\" width=\"220\" height=\"220\" class=\"size-full wp-image-5444\" srcset=\"https:\/\/www.holisticattitude.com\/wp-content\/uploads\/produits_laitiers.jpg 220w, https:\/\/www.holisticattitude.com\/wp-content\/uploads\/produits_laitiers-150x150.jpg 150w\" sizes=\"auto, (max-width: 220px) 100vw, 220px\" \/><\/a><p id=\"caption-attachment-5444\" class=\"wp-caption-text\">Ami ou ennemi<\/p><\/div>\n<p>Nous sommes tous  uniques.  Ce qui est bien tol\u00e9r\u00e9 par une personne n&rsquo;est pas forc\u00e9ment bien tol\u00e9r\u00e9 par une autre.  Si vous \u00eates comme moi et vous avez un terrain sensible au niveau digestif il se peut que vous ayez tout int\u00e9r\u00eat \u00e0 arr\u00eater le lait et les produits laitiers \u00e0 la suite de la lecture de cet article.<\/p>\n<table width=\"300\" border=\"3\">\n<tr>\n<td width=\"10%\"><\/td>\n<td><\/td>\n<\/tr>\n<tr>\n<td><strong>QUI CONSOMME LE PLUS DE LAIT ?<\/strong> <\/td>\n<td> \u00ab\u00a0C&rsquo;est aux pays scandinaves (Su\u00e8de,  Norv\u00e8ge, Finlande), aux \u00c9tat Unis, en Allemande, en Irlande, au Royaume uni et en Australie que l&rsquo;on consomme le plus de lait par personne par an.  C&rsquo;est aussi dans ces pays que le nombre annuel de fractures de la hanche (pour un \u00e2ge donn\u00e9) est le plus \u00e9lev\u00e9.  Les su\u00e9dois d\u00e9tiennent deux records mondiaux; celui de la consommation de laitages et celui des fractures du col de f\u00e9mur..\u00a0\u00bb (extrait du livre Lait, mensonges et propagande par Thierry Souccar 2007, un biochimiste de formation).\n<\/td>\n<\/tr>\n<tr>\n<td><strong>MYTHE<\/strong><\/td>\n<td>Des exag\u00e9rations de la v\u00e9rit\u00e9 provenant des soci\u00e9t\u00e9s agro alimentaires :-<\/p>\n<li>Les laitages pr\u00e9viennent l\u2019ost\u00e9oporose FAUX<\/li>\n<li>Nos os ont besoin d&rsquo;un maximum de calcium FAUX<\/li>\n<li> On est plus mince qu&rsquo;on boit du lait FAUX <\/li>\n<li> II n&rsquo;y a aucun risque du cancer avec les laitages FAUX <\/li>\n<li> Les buveurs de lait on moins de diab\u00e8te FAUX <\/li>\n<li> II affirme que manger plus de 2 produits laitiers par jour est n\u00e9faste pour la sant\u00e9<\/li>\n<p>(Source \u00ab\u00a0lait, mensonges et propagande\u00a0\u00bb par Thierry Souccar). <\/li>\n<p>Depuis plus d&rsquo;un demi-si\u00e8cle, nous avons \u00e9t\u00e9 amen\u00e9 \u00e0 faire croire que les laitages sont <strong>primordiales<\/strong> tout au long de la vie qui est en effet FAUX. <\/p>\n<li>Dr Mark Hegsted un m\u00e9decin \u00e9minent de l&rsquo;universit\u00e9  Harvard qu&rsquo;\u00e0 croire que l\u2019ost\u00e9oporose est attribuable \u00e0 un manque de calcium c&rsquo;est croire que les infections sont attribuables \u00e0 un manque de p\u00e9nicilline\u00a0\u00bb<\/li>\n<\/td>\n<\/tr>\n<tr>\n<td><strong>TRAITEMENT DU LAIT DE VACHE<\/strong><\/td>\n<td>La lait de vache est pasteuris\u00e9, homog\u00e9n\u00e9is\u00e9, st\u00e9rilis\u00e9, condens\u00e9, \u00e9cr\u00e9m\u00e9, concentr\u00e9, aromatis\u00e9, enrichi en vitamines. C&rsquo;est l&rsquo;un des produits industriels parmi <strong>les plus trait\u00e9s<\/strong>.<\/td>\n<\/tr>\n<tr>\n<td><strong>L\u2019INTOL\u00c9RANCE<\/strong><\/td>\n<td>\n<p>Des \u00e9tudes montrent que l&rsquo;intol\u00e9rance au lactose concerne<\/p>\n<li> 2% \u00e0 15% des nord-europ\u00e9ens <\/li>\n<li> 9 % \u00e0 23% des centres europ\u00e9ens <\/li>\n<li> 60% \u00e0 80% des noirs <\/li>\n<li> 50% \u00e0 80% des latino-am\u00e9ricains <\/li>\n<li> 80% \u00e0 100% des am\u00e9rindiens <\/li>\n<li> 95% \u00e0 100% des asiatiques <\/li>\n<li> Le lactose est <strong>un sucre<\/strong> naturellement pr\u00e9sent dans le lait.  L&rsquo;enzyme, la LACTASE  permet le corps de dig\u00e9rer et de d\u00e9grader <strong> le lactose <\/strong>.<\/li>\n<li>La consommation de lait de vache est inadapt\u00e9e \u00e0 notre esp\u00e8ce. Savez-vous que chez tous les <strong>mammif\u00e8res terrestres<\/strong> la production de lactase cesse presque compl\u00e8tement <strong>apr\u00e8s le sevrage<\/strong> ? <\/li>\n<li>Chez les \u00eatres humains la lactase  d\u00e9croit en moyenne de 90% \u00e0 95 % au d\u00e9but de la petite enfance.\t<\/li>\n<li> Nous sommes <strong>la seule esp\u00e8ce animale <\/strong>\u00e0 prolonger la consommation de lait d&rsquo;origine animal au del\u00e0 de la p\u00e9riode de sevrage et la seule esp\u00e8ce animale \u00e0 se nourrir du lait d&rsquo;une autre esp\u00e8ce d&rsquo;animale (\u00e0 part les animaux domestiques).<\/li>\n<li>Lorsque nous buvons du lait et si l&rsquo;enzyme lactase est absente (dans 95% des cas) le lait n&rsquo;est plus assimilable et sa consommation est accompagn\u00e9 des <strong>sympt\u00f4mes d\u00e9sagr\u00e9ables<\/strong><\/li>\n<\/td>\n<\/tr>\n<tr>\n<td><strong>SYMPT\u00d4MES DE L\u2019INTOL\u00c9RANCE<\/strong> <\/td>\n<td>\n<li>Ces sympt\u00f4me surviennent entre <strong>20 minutes \u00e0 plusieurs heures <\/strong>apr\u00e8s avoir bu du lait de vache ou mang\u00e9 du fromage.<\/li>\n<li> De nombreuse \u00e9tudes scientifiques ont montr\u00e9 que les laitages sont sources de <strong>troubles digestifs<\/strong> (ballonnements, spasmophile, diarrh\u00e9es, crampes abdominales, ..), ils <strong>d\u00e9min\u00e9ralisent les os<\/strong>,  engendrent des <strong>r\u00e9actions allergiques<\/strong>, favorisent <strong>maladies cardiovasculaires<\/strong>, <strong>diab\u00e8te<\/strong>, <strong>cancer de la prostate.<\/strong><\/li>\n<\/td>\n<\/tr>\n<tr>\n<td><strong>D\u00c9MIN\u00c9RALISATION DE L&rsquo;OS<\/strong><\/td>\n<td>\nLe lait et les produits laitiers sont <strong>acidifiants<\/strong> pour le corps ce qui a pour cons\u00e9quence de <strong>d\u00e9min\u00e9raliser l&rsquo;os<\/strong> s&rsquo;ils sont consomm\u00e9s en forte quantit\u00e9.<br \/>\nAfin de retenir le calcium que l&rsquo;on a dans nos os il faut privil\u00e9gier les aliments avec un <strong>pH basique<\/strong>, c&rsquo;est-\u00e0-dire les <strong>aliments v\u00e9g\u00e9taux<\/strong>.<\/td>\n<\/tr>\n<tr>\n<td><strong>LE NEZ COULE parce que<\/strong><\/td>\n<td>\nLorsque les <strong>muqueuses<\/strong> du nez sont<strong> agress\u00e9s<\/strong> par les irritants (fum\u00e9e, pouss\u00e9e,), un virus, ou une allerg\u00e8ne (comme le pollen) elles r\u00e9agissent par un <strong>\u00e9ternuement, <\/strong>ensuite les vaisseaux se dilatent,<strong> lib\u00e8rant<\/strong> des cellules de d\u00e9fense (les <strong>globules blanc<\/strong>) et des anticorps destin\u00e9s \u00e0 lutter contre les <strong>particules agressives.<\/strong>  Le <strong>liquide qui coule du nez<\/strong> contient des <strong>globules blancs<\/strong> qui viennent \u00ab\u00a0dig\u00e9rer\u00a0\u00bb les particules agressives. Pour ceux qui ont un terrain sensible ou qui sont intol\u00e9rante au lactose l&rsquo;une des r\u00e9actions allergiques inclut le nez qui coule. <\/td>\n<\/tr>\n<tr>\n<td><strong>LES PRODUITS LAITIERS G\u00c9N\u00c8RENT DE MUCOSIT\u00c9<\/strong><\/td>\n<td>\n<li>Le lait et le fromage tendent \u00e0 g\u00e9n\u00e9rer trop de<strong> mucosit\u00e9s<\/strong> dans les<strong> intestins,<\/strong><strong> le sinus (les cavit\u00e9s) <\/strong>et les <strong>poumons<\/strong>. L\u2019exc\u00e8s de mucosit\u00e9 dans les intestins <strong>SE DURCIT<\/strong> et forme une couche sur la paroi intestinale qui est relativement <strong>imperm\u00e9able aux nutriments<\/strong>. Cela signifie, une <strong>absorption pauvre<\/strong> et donc une<strong> fatigue chronique.<\/strong><\/li>\n<li>La production de mucus fait partie de la <strong>m\u00e9canisme de d\u00e9fense<\/strong> du syst\u00e8me immunitaire.  Le mucus contient des<strong> anticorps,<\/strong> des<strong> enzymes <\/strong>pour lutter contre les pathog\u00e8nes et les corps \u00e9trangers. De r\u00e8gle g\u00e9n\u00e9rale le corps augmente sa production de mucus lorsqu&rsquo;il se sent agress\u00e9.   La <strong>cas\u00e9ine<\/strong>, prot\u00e9ine principale dans les produits laitiers (elle repr\u00e9sente 80% du prot\u00e9ine) est difficile \u00e0 dig\u00e9rer. Elle stagne et fermente dans l&rsquo;intestin, ballonne le ventre, entra\u00eene du gaz. Elle favorise \u00e9galement la production du <strong>mucus<\/strong> dans le corps  parce que parfois le corps le consid\u00e8re comme un corps \u00e9tranger. Je suis la preuve vivante m\u00eame si l&rsquo;ensemble de la communaut\u00e9 m\u00e9dicale n&rsquo;accepte pas cette id\u00e9e.<\/li>\n<\/td>\n<\/tr>\n<tr>\n<td><strong>QUE CONTIENT-ELLE LA LAIT DU VACHE<\/strong><\/td>\n<td>\n<li>II contient des <strong>acides gras satur\u00e9s <\/strong>qui sont inutiles et nocifs pour le corps humain.<br \/>\nLe corps a besoin d&rsquo;un apport <strong>en graisses de bonnes qualit\u00e9s<\/strong> pour son d\u00e9veloppement principalement des graisses insatur\u00e9s comme des graisses v\u00e9g\u00e9tales. <\/li>\n<li>Le lait contient le m\u00eame substance que la vache aura \u00e9t\u00e9 amen\u00e9e \u00e0 ing\u00e9rer pendant sa croissance qui pourrait \u00eatre d<strong>&lsquo;antibiotiques<\/strong>, de cortico\u00efdes&#8230;.\u00a0\u00bb  Le lait de vache est un concentr\u00e9 d&rsquo;antibiotiques (OMS du 12 juin 2000) de <strong>cortico\u00efdes<\/strong>, des<strong>hormones de croissance<\/strong>, des pesticides. \u00ab\u00a0 <\/li>\n<\/td>\n<\/tr>\n<tr>\n<td><strong>FIXER LES TOXINES<\/strong><\/td>\n<td>\nLe lait de vache a la capacit\u00e9 de FIXER les toxines  qui sont d\u00e9j\u00e0 pr\u00e9sentes dans notre corps.  C&rsquo;est pourquoi souvent lorsque nous souffrons d&rsquo;une maladie chronique comme la grippe ou l&rsquo;infection des angines le m\u00e9decin nous conseille de <strong>supprimer le lait <\/strong>de notre alimentation afin de faciliter la gu\u00e9rison.  La <strong>CAS\u00c9INE<\/strong>,  prot\u00e9ine du lait irrite le syst\u00e8me immunitaire de l&rsquo;homme.<\/li>\n<li>  Pour certaines personnes la cas\u00e9ine <strong>n&rsquo;est pas trait\u00e9 par le foie <\/strong>parce qu&rsquo;il est trop grosse.  Par cons\u00e9quent la cas\u00e9ine pourrait se trouver dans les <strong>poumons<\/strong>. Le lait aggraverait certains maladies comme <strong>l&rsquo;asthme<\/strong> ou les<strong> bronchites<\/strong>.  Ceux qui ont de l&rsquo;asthme ont tout int\u00e9r\u00eat \u00e0 arr\u00eater le lait, la cas\u00e9ine du lait est une source <strong>de colle respiratoire<\/li>\n<\/td>\n<\/tr>\n<tr>\n<td><strong>CASEINE \u00e0 USAGE INDUSTRIELLE<\/strong><\/td>\n<td>La <strong>cas\u00e9ine<\/strong> (prot\u00e9ine du lait) est utilis\u00e9 dans l&rsquo;industrie du contreplaqu\u00e9 (superposition de plaques de bois), pour coller les \u00e9tiquettes sur les bocaux en verre, dans le collage du bois et m\u00eame des \u00e9tiquettes plac\u00e9 sur des fromages. Autrefois elle \u00e9tait utilis\u00e9 pour am\u00e9liorer l&rsquo;adh\u00e9rence des enduits et<em> badigeons \u00e0 la chaux<\/em> (un enduit pour peindre les murs) ainsi que pour la pr\u00e9paration de peintures.  Si<strong> cas\u00e9ine <\/strong>peut permettre de <strong>fixer deux objets ensemble<\/strong> imaginez ce qu&rsquo;il peut faire pour vos sinus.\n<\/td>\n<tr>\n<td><strong>L&rsquo;HOMME A AGIT CONTRE LA NATURE<\/strong><\/td>\n<td>L&rsquo;homme n&rsquo;a pas respect\u00e9 les lois de la nature et la vache qui \u00e9tait un animal herbivore, a \u00e9t\u00e9 transform\u00e9e en carnivore.  II a \u00e9t\u00e9 oblig\u00e9 d&rsquo;ingurgiter des produits peu co\u00fbteux \u00e0 base de farine animales (carcasse de moutons malades et autres d\u00e9chets animaux). \u00ab\u00a0Au del\u00e0 du non sens de transformer des animaux herbivores en carnivores, ceci a d\u00e9clench\u00e9 des d\u00e9sastres sanitaires avec en particulier l&rsquo;apparition de la <strong>vache folle<\/strong>\u00a0\u00a0\u00bb (source : la politique agricole commune). <\/td>\n<\/tr>\n<\/table>\n","protected":false},"excerpt":{"rendered":"<p>Nous sommes tous uniques. Ce qui est bien tol\u00e9r\u00e9 par une personne n&rsquo;est pas forc\u00e9ment bien tol\u00e9r\u00e9 par une autre. Si vous \u00eates comme moi et vous avez un terrain sensible au niveau digestif il se peut que vous ayez tout int\u00e9r\u00eat \u00e0 arr\u00eater le lait et les produits laitiers \u00e0 la suite de la [&hellip;]<\/p>\n","protected":false},"author":1,"featured_media":0,"parent":201,"menu_order":5,"comment_status":"open","ping_status":"closed","template":"","meta":{"_monsterinsights_skip_tracking":false,"_monsterinsights_sitenote_active":false,"_monsterinsights_sitenote_note":"","_monsterinsights_sitenote_category":0,"slim_seo":{"title":"PRODUITS LAITIERS -le revers de la m\u00e9daille - Holistic Attitude","description":"Ami ou ennemi Nous sommes tous uniques. Ce qui est bien tol\u00e9r\u00e9 par une personne n'est pas forc\u00e9ment bien tol\u00e9r\u00e9 par une autre. Si vous \u00eates comme moi et vous av"},"footnotes":""},"class_list":["post-5449","page","type-page","status-publish","hentry"],"_links":{"self":[{"href":"https:\/\/www.holisticattitude.com\/index.php?rest_route=\/wp\/v2\/pages\/5449","targetHints":{"allow":["GET"]}}],"collection":[{"href":"https:\/\/www.holisticattitude.com\/index.php?rest_route=\/wp\/v2\/pages"}],"about":[{"href":"https:\/\/www.holisticattitude.com\/index.php?rest_route=\/wp\/v2\/types\/page"}],"author":[{"embeddable":true,"href":"https:\/\/www.holisticattitude.com\/index.php?rest_route=\/wp\/v2\/users\/1"}],"replies":[{"embeddable":true,"href":"https:\/\/www.holisticattitude.com\/index.php?rest_route=%2Fwp%2Fv2%2Fcomments&post=5449"}],"version-history":[{"count":0,"href":"https:\/\/www.holisticattitude.com\/index.php?rest_route=\/wp\/v2\/pages\/5449\/revisions"}],"up":[{"embeddable":true,"href":"https:\/\/www.holisticattitude.com\/index.php?rest_route=\/wp\/v2\/pages\/201"}],"wp:attachment":[{"href":"https:\/\/www.holisticattitude.com\/index.php?rest_route=%2Fwp%2Fv2%2Fmedia&parent=5449"}],"curies":[{"name":"wp","href":"https:\/\/api.w.org\/{rel}","templated":true}]}}