{"id":4977,"date":"2013-03-26T19:17:52","date_gmt":"2013-03-26T17:17:52","guid":{"rendered":"https:\/\/www.holisticattitude.com\/wordpress\/?page_id=4977"},"modified":"2014-08-18T17:54:09","modified_gmt":"2014-08-18T15:54:09","slug":"massage-pour-le-retour-veineux","status":"publish","type":"page","link":"https:\/\/www.holisticattitude.com\/massage\/massage-pour-le-retour-veineux\/","title":{"rendered":"AUTOMASSAGE : FAVORISE LE RETOUR VEINEUX"},"content":{"rendered":"<li><a href=\"https:\/\/www.holisticattitude.com\/?page_id=4939\"> Le <strong>retour veineux<\/strong> <\/a> est le retour de la circulation sanguine dans les <strong>veines<\/strong> des jambes et de la vo\u00fbte plantaire vers le coeur. Le sang doivent remonter le long des jambes et des cuisses, contre l&rsquo;effet de la gravit\u00e9.  <\/li>\n<p><\/BR><\/p>\n<table width=\"300\" border=\"3\">\n<tr>\n<td width=\"10%\"> Les <strong>FACTEURS<\/strong> qui aggravent le retour veineux <\/td>\n<td>\n<li><strong> L\u2019h\u00e9r\u00e9dit\u00e9 <\/strong>, des personnes avec des ant\u00e9c\u00e9dent familiaux et des varices. <\/li>\n<li>Des <strong>facteurs hormonaux<\/strong> et contraception.<\/li>\n<li> Le <strong>surpoids<\/strong>.  Les kilos superflus sous forme de <strong><a href=\"https:\/\/www.holisticattitude.com\/?page_id=213\">  cellulite <\/a> <\/strong>peuvent comprimer les vaisseaux sous la peau et g\u00eaner le retour veineux.<\/li>\n<li>La<strong> constipation<\/strong>, la grossesse (compression de veines dans l&rsquo;abdomen).<\/li>\n<li>La <strong>position statique<\/strong> prolong\u00e9 qui touche surtout le m\u00e9tier d&rsquo; enseignants, d&rsquo;infirmi\u00e8res, de coiffeurs, des serveurs&#8230; <strong>L&rsquo;immobilit\u00e9<\/strong> associ\u00e9 aux effets de la gravit\u00e9 provoque une <strong>accumulation <\/strong>du sang dans les jambes avec <strong>augmentation de la pression sanguine<\/strong> et la distension des parois (le mur) des vaisseaux. Aujourd&rsquo;hui notre vie moderne est gouvern\u00e9 par la <strong>s\u00e9dentarit\u00e9<\/strong>.<\/li>\n<li>La <strong>chaleur<\/strong> qui provoque une <strong>dilatation de vaisseaux<\/strong> et diminue leur tonicit\u00e9. <\/li>\n<li>Les <strong>chausseurs \u00e0 haut talons <\/strong>qui entra\u00eenent une trop forte compression de veines et favorisent la<strong> stagnation du sang veineux.<\/strong>   N&rsquo;oubliez pas que c&rsquo;est le contact de la<strong> vo\u00fbte plantaire<\/strong> contre le sol qui propulse le sang vers le c\u0153ur, le haut du corps.<\/li>\n<\/td>\n<\/tr>\n<\/table>\n<p><\/BR><\/p>\n<table width=\"300\" border=\"3\">\n<tr>\n<td width=\"10%\"> <strong>PRATIQUE<\/strong> <\/td>\n<td> <strong>M\u00c9THODE<\/strong> <\/td>\n<\/tr>\n<tr>\n<td><strong>Marche active<\/strong><\/td>\n<td>\n<li><strong>Marchez au moins 30 <\/strong>minutes par jour avec des chausseurs plates<\/li>\n<div id=\"attachment_10277\" style=\"width: 170px\" class=\"wp-caption aligncenter\"><a href=\"https:\/\/www.holisticattitude.com\/?attachment_id=10277\" rel=\"attachment wp-att-10277\"><img loading=\"lazy\" decoding=\"async\" aria-describedby=\"caption-attachment-10277\" src=\"https:\/\/www.holisticattitude.com\/wp-content\/uploads\/\/marcher_\u00e7afaitdubien.jpg\" alt=\"\" title=\"marcher_\u00e7afaitdubien\" width=\"160\" height=\"106\" class=\"size-full wp-image-10277\" \/><\/a><p id=\"caption-attachment-10277\" class=\"wp-caption-text\">\u00e7a fait du bien<\/p><\/div>\n<\/td>\n<\/tr>\n<tr>\n<td>\n<li> Le <a href=\"https:\/\/www.holisticattitude.com\/?page_id=1178\"> <strong> p\u00e9trissage <\/strong> <\/a>une technique pour <strong>faire affluer <\/strong>le sang vers la peau.\n\t<\/td>\n<td><div id=\"attachment_4974\" style=\"width: 179px\" class=\"wp-caption alignleft\"><a href=\"https:\/\/www.holisticattitude.com\/wp-content\/uploads\/muscles_mollets_massage.jpg\"><img loading=\"lazy\" decoding=\"async\" aria-describedby=\"caption-attachment-4974\" src=\"https:\/\/www.holisticattitude.com\/wp-content\/uploads\/muscles_mollets_massage.jpg\" alt=\"massagedumollet_retourveineux\" title=\"muscles_mollets_massage\" width=\"169\" height=\"179\" class=\"size-full wp-image-4974\" \/><\/a><p id=\"caption-attachment-4974\" class=\"wp-caption-text\">Massage du mollet<\/p><\/div><\/p>\n<li><strong>MASSER les jambes<\/strong>, les chevilles et les mollets pour favoriser le <strong>retour veineux<\/strong>. <\/li>\n<li>P\u00e9trir la peau de vos jambes avec <strong> l\u2019extr\u00e9mit\u00e9 de la paume<\/strong> de la main et<strong> les doigts<\/strong>.  Le geste peut \u00eatre l\u00e9ger ou profond.<\/li>\n<\/td>\n<\/tr>\n<\/table>\n","protected":false},"excerpt":{"rendered":"<p>Le retour veineux est le retour de la circulation sanguine dans les veines des jambes et de la vo\u00fbte plantaire vers le coeur. Le sang doivent remonter le long des jambes et des cuisses, contre l&rsquo;effet de la gravit\u00e9. Les FACTEURS qui aggravent le retour veineux L\u2019h\u00e9r\u00e9dit\u00e9 , des personnes avec des ant\u00e9c\u00e9dent familiaux et [&hellip;]<\/p>\n","protected":false},"author":1,"featured_media":0,"parent":1176,"menu_order":10,"comment_status":"open","ping_status":"closed","template":"","meta":{"_monsterinsights_skip_tracking":false,"_monsterinsights_sitenote_active":false,"_monsterinsights_sitenote_note":"","_monsterinsights_sitenote_category":0,"slim_seo":{"title":"AUTOMASSAGE : FAVORISE LE RETOUR VEINEUX - Holistic Attitude","description":"Le retour veineux est le retour de la circulation sanguine dans les veines des jambes et de la vo\u00fbte plantaire vers le coeur. Le sang doivent remonter le long d"},"footnotes":""},"class_list":["post-4977","page","type-page","status-publish","hentry"],"_links":{"self":[{"href":"https:\/\/www.holisticattitude.com\/wp-json\/wp\/v2\/pages\/4977","targetHints":{"allow":["GET"]}}],"collection":[{"href":"https:\/\/www.holisticattitude.com\/wp-json\/wp\/v2\/pages"}],"about":[{"href":"https:\/\/www.holisticattitude.com\/wp-json\/wp\/v2\/types\/page"}],"author":[{"embeddable":true,"href":"https:\/\/www.holisticattitude.com\/wp-json\/wp\/v2\/users\/1"}],"replies":[{"embeddable":true,"href":"https:\/\/www.holisticattitude.com\/wp-json\/wp\/v2\/comments?post=4977"}],"version-history":[{"count":3,"href":"https:\/\/www.holisticattitude.com\/wp-json\/wp\/v2\/pages\/4977\/revisions"}],"predecessor-version":[{"id":10280,"href":"https:\/\/www.holisticattitude.com\/wp-json\/wp\/v2\/pages\/4977\/revisions\/10280"}],"up":[{"embeddable":true,"href":"https:\/\/www.holisticattitude.com\/wp-json\/wp\/v2\/pages\/1176"}],"wp:attachment":[{"href":"https:\/\/www.holisticattitude.com\/wp-json\/wp\/v2\/media?parent=4977"}],"curies":[{"name":"wp","href":"https:\/\/api.w.org\/{rel}","templated":true}]}}