{"id":4929,"date":"2013-03-25T18:41:56","date_gmt":"2013-03-25T16:41:56","guid":{"rendered":"http:\/\/www.holisticattitude.com\/wordpress\/?page_id=4929"},"modified":"2021-10-17T11:08:34","modified_gmt":"2021-10-17T09:08:34","slug":"graisseshuiles","status":"publish","type":"page","link":"https:\/\/www.holisticattitude.com\/?page_id=4929","title":{"rendered":"GRAISSES V\u00c9G\u00c9TALES: HUILES"},"content":{"rendered":"<div id=\"attachment_5393\" style=\"width: 190px\" class=\"wp-caption aligncenter\"><a href=\"https:\/\/www.holisticattitude.com\/?attachment_id=5393\" rel=\"attachment wp-att-5393\"><img loading=\"lazy\" decoding=\"async\" aria-describedby=\"caption-attachment-5393\" src=\"https:\/\/www.holisticattitude.com\/wp-content\/uploads\/\/huiles_lipides_graisses.jpg\" alt=\"\" title=\"huiles_lipides_graisses\" width=\"180\" height=\"183\" class=\"size-full wp-image-5393\" \/><\/a><p id=\"caption-attachment-5393\" class=\"wp-caption-text\">Visible ou cach\u00e9 dans les aliments<\/p><\/div>\n<table width=\"300\" border=\"3\">\n<tr>\n<td width=\"10%\"><\/td>\n<td><\/td>\n<\/tr>\n<tr>\n<td><strong>GRAISSE <\/strong><\/td>\n<td><strong>EFFETS<\/strong><\/td>\n<td><strong>SOURCE<\/strong><\/td>\n<\/tr>\n<tr>\n<td><strong>BEURRE<\/strong> <\/td>\n<td>\n<li>Les fran\u00e7ais sont les plus<strong> gros consommateurs de beurre<\/strong> en Europe.<\/li>\n<li>II contient des gras satur\u00e9s (60% \u00e0 65%) et insatur\u00e9s (35% \u00e0 40 %). <\/li>\n<li>Pr\u00e9f\u00e9rez plut\u00f4t <strong>le beurre <\/strong>(la graisse) le matin que plus tard dans l\u2019apr\u00e8s-midi parce que <strong>le foie est repos\u00e9<\/strong> et peut accueillir et \u00e9liminer la graisse facilement. <\/li>\n<li><strong>Deux<\/strong> cuill\u00e8res \u00e0 caf\u00e9 de beurre repr\u00e9sentent une source <strong>de vitamine A<\/strong>. <\/li>\n<li>Le beurre supporte<strong> mal la cuisson,<\/strong> chauff\u00e9 \u00e0 haute temp\u00e9rature il produit les toxines et il devient une substance <strong>canc\u00e9rig\u00e8ne<\/strong> lorsqu&rsquo;il est br\u00fbl\u00e9 dans une po\u00eale. <\/li>\n<\/td>\n<td> On le retrouve dans les g\u00e2teaux, du pain, les biscuits,les  p\u00e2tisseries.  <\/td>\n<\/tr>\n<tr>\n<td> Le <strong>Beurre <\/strong> ou la <strong>Margarine<\/strong> ?<\/td>\n<td>\n<li>Les deux contiennent la m\u00eame quantit\u00e9 de<strong> lipides.<\/strong><\/li>\n<li>Le beurre contient du cholest\u00e9rol ( 250mg pour 100mg) et la margarine <strong> non-hydrog\u00e9n\u00e9e<\/strong> ne contient aucune trace de cholest\u00e9rol selon la campagne marketing de margarine.   D&rsquo;une formation initiale en biologie j&rsquo;ai du mal \u00e0 accepter ce fait.  <\/li>\n<li>La margarine <strong>hydrog\u00e9n\u00e9e<\/strong> (\u00ab\u00a0<strong>trans-fats\u00a0\u00bb<\/strong>, qui augmente les risques de maladies cardio-vasculaires) contient de gras satur\u00e9s (20%) et insatur\u00e9s. <\/li>\n<li>Le<strong> beurre<\/strong> contient des <strong>gras satur\u00e9s<\/strong> (60% \u00e0 65%) et insatur\u00e9s (35% \u00e0 40 %). <\/li>\n<li>La margarine<strong> hydrog\u00e9n\u00e9e<\/strong> contient des acides gras dit \u00ab\u00a0TRANS\u00a0\u00bb (durs) souvent appel\u00e9s \u00ab\u00a0mauvaises graisses\u00a0\u00bb. C&rsquo;est le processus de transformation  <strong>l&rsquo;hydrog\u00e9nation partielle<\/strong>) de l&rsquo;huile (liquide) pour devenir margarine (solide) qui rendent le produit final \u00ab\u00a0mauvais\u00a0\u00bb pour la sant\u00e9. Une partie de bons gras (mono et poly satur\u00e9s) est<strong> transform\u00e9e en mauvais gras<\/strong> (gras INsatur\u00e9s) qui provoque l&rsquo;apparition de <strong>gras- \u00ab\u00a0trans\u00a0\u00bb<\/strong> (tr\u00e8s mauvais pour le c\u0153ur).<\/li>\n<li> La margarine peut contenir des huiles <strong>satur\u00e9es<\/strong> comme de palme ou de coco (augmentent le risque de maladies cardio vasculaires) qui sont mauvaises pour la sant\u00e9.<\/li>\n<li>La margarine supporte mieux<strong> la cuisson<\/strong> que le beurre et produit <strong>moins des toxines canc\u00e9rig\u00e8nes<\/strong>.\n<li>Le beurre est <strong>un produit naturel<\/strong> et la fabrication de la margarine n&rsquo;est pas un processus naturel.<\/li>\n<li>Le<strong> go\u00fbt <\/strong>de la margarine laisse beaucoup \u00e0 d\u00e9sirer. <\/li>\n<\/td>\n<td>\n<li> Offerte sous plusieurs compositions (huile d&rsquo;olive, hydrog\u00e9n\u00e9e ou non hydrog\u00e9n\u00e9e.<\/li>\n<\/td>\n<\/tr>\n<tr>\n<td><strong>GRAS<\/strong> <\/td>\n<td>\n<li> <strong>Les bons:<\/strong> les gras insatur\u00e9s (mono-insatur\u00e9s et poly-insatur\u00e9s).<\/li>\n<li> Les mauvais : les gras <strong>satur\u00e9s<\/strong> <\/li>\n<li> Dangereux pour la sant\u00e9 les <strong>gras -\u00ab\u00a0trans\u00a0\u00bb<\/strong>. Les gras &#8211; \u00ab\u00a0trans\u00a0\u00bb font grimper les taux de cholest\u00e9rol LDL (mauvais cholest\u00e9rol) comme les gras satur\u00e9s mais ils font aussi BAISSER les taux de cholest\u00e9rol HDL (le bon cholest\u00e9rol). qui constitue un risque li\u00e9 au maladie du c\u0153ur.<\/li>\n<\/td>\n<td>\n<li> Les <strong>gras insatur\u00e9s<\/strong> :avocats, les huiles v\u00e9g\u00e9tales, les noix et les graines, les poissons.<\/li>\n<li>Le<strong> gras satur\u00e9 <\/strong>: la viande, l&rsquo;huile de coco, de palme et de palmiste, les produits laitiers, le saindoux.<\/li>\n<li>Les <strong>gras- \u00ab\u00a0trans\u00a0\u00bb <\/strong>: les margarines durs, les aliments commerciaux frits, les produits de boulangerie, g\u00e2teaux, biscuits, croissants, p\u00e2tisseries.<\/li>\n<\/td>\n<\/tr>\n<tr>\n<td><strong>HUILES HYDROG\u00c9N\u00c9ES<\/strong>.  L&rsquo;HUILE DE PALME<\/td>\n<td>\n<li>C&rsquo;est le must de <strong>LA MALBOUFFE<\/strong> : de l&rsquo;huile de palme ou de ma\u00efs solidifi\u00e9e par injection d&rsquo;hydrog\u00e8ne pour rendre plus croustillants.<\/li>\n<li><strong>1 produit sur 3<\/strong> en contient. <\/li>\n<li>Nous en avalons en moyenne <strong>2,7 grammes par jour<\/strong>, alors que la consommation quotidienne d&rsquo;un seul gramme peut faire grimper de<strong> 20 % le risque de maladies cardiovasculaire<\/strong>s en raison de la quantit\u00e9 de <strong>mauvais gras (acides gras satur\u00e9s <\/strong>) qu&rsquo;elles contiennent et qui s&rsquo;attaquent aux art\u00e8res, elles <strong>bloquent les art\u00e8res<\/strong>. <\/li>\n<li>Elles font grimper le <strong>taux de cholest\u00e9rol dans le sang.<\/strong>   <\/li>\n<li>Les huiles dites \u00ab <strong>partiellement hydrog\u00e9n\u00e9es<\/strong> \u00bb favoriseraient aussi l&rsquo;apparition des<strong> cancers du sein <\/strong>et de la <strong>prostate<\/strong>.<\/li>\n<li> D&rsquo;ailleurs, au Danemark,<strong> l&rsquo;industrie alimentaire n&rsquo;a plus le droit de les utiliser.<\/strong> A bannir de votre chariot.<\/li>\n<\/td>\n<td>\n<li>L\u2019huile de noix de coco, les acides gras principalement se trouvent dans les <strong>biscuits,<\/strong> les frites industrielles, les <strong>chips,<\/strong> les<strong> cornets de glace<\/strong>, les <strong>barres de c\u00e9r\u00e9ales, <\/strong>la <strong>p\u00e2te \u00e0 pizza,<\/strong> les <strong>viennoiseries, <\/strong>les<strong> p\u00e2tes \u00e0 tartiner. <\/strong>  <\/li>\n<li> Les <strong>huiles hydrog\u00e9n\u00e9es <\/strong>(huile de palme), nous en trouvons dans les <strong>tablettes de chocolat,<\/strong> les<strong> sauces pr\u00e9par\u00e9es<\/strong>, les <strong>pains industriels, <\/strong>les biscottes, les<strong> cornets de glace, <\/strong>, certaines <strong>margarine<\/strong>s, les<strong> mayonnaises, <\/strong>les<strong> biscuits ap\u00e9ritifs<\/strong> et m\u00eame dans certains produits \u00ab bio \u00bb. <strong> <\/li>\n<li> L&rsquo;agroalimentaire en raffole<\/strong> parce que l\u2019huile de palme a un go\u00fbt neutre et <strong>qu&rsquo;elle n&rsquo;est pas ch\u00e8re.<\/strong> <\/li>\n<li> Sa pr\u00e9sence se devine aussi sur l&rsquo;\u00e9tiquette derri\u00e8re l&rsquo;intitul\u00e9 <strong>\u00ab acides gras satur\u00e9s \u00bb, \u00ab mati\u00e8re graisse v\u00e9g\u00e9tale \u00bb <\/strong>ou \u00ab MGV \u00bb.<\/td>\n<\/tr>\n<tr>\n<td><strong>L&rsquo;HUILE D&rsquo;OLIVE<\/strong><\/td>\n<td>\n<li>II est <strong>pr\u00e9f\u00e9rable de limiter<\/strong> les <strong>apports en beurre<\/strong> et cr\u00e8me (en raison de leur teneur en graisses satur\u00e9e).<\/li>\n<li> Utilisez-le sur la tartine au lieu du beurre.<\/li>\n<li> Tous les produits <strong>d&rsquo;origine v\u00e9g\u00e9tale<\/strong>, n&rsquo;apportent pas de cholest\u00e9rol. <\/li>\n<li> De toutes les huiles, l&rsquo;huile d&rsquo;olive est celle qui conf\u00e8re le plus la sensation de sati\u00e9t\u00e9. Deux chercheurs (Dr. Peter Schieberle et un chercheur viennois), attribuent cet effet \u00e0 une concentration plus \u00e9lev\u00e9e de <a href=\"https:\/\/www.holisticattitude.com\/?page_id=5598\">s\u00e9rotonine <\/a>  l&rsquo;hormone de la sati\u00e9t\u00e9. (Ref : le Point 21 mars 2013) <\/td>\n<td>Huile d&rsquo;olive. Source de lipide 100g:100g.<\/td>\n<\/tr>\n<tr>\n<td><strong>OM\u00c9GA 3<\/strong> (acides gras <strong>essentiels)<\/strong>  et <strong>OM\u00c9GA 6<\/strong> (consid\u00e9r\u00e9 comme le <strong>mauvais gras<\/strong>)<\/strong><\/td>\n<td>\n<li>Le corps ne sait pas fabriquer l\u2019om\u00e9ga 3. <\/li>\n<li>Nous avons besoin d&rsquo;entre <strong>2-3 cuill\u00e8re de soupe<\/strong> par jour. <\/li>\n<li>Mieux m\u00e9langer l&rsquo;huile de Colza (om\u00e9ga 3) avec l&rsquo;huile d&rsquo;olive (om\u00e9ga 3)<strong>50:50.<\/strong><\/li>\n<li> Le <strong>cerveau contient<\/strong><strong> 60% d<strong>&lsquo;acides gras<\/strong> dont 14% sont des om\u00e9ga 3<\/strong>. <\/li>\n<li>Le gras est important  pour <strong>la m\u00e9moire<\/strong>, il a des effets anti-inflammatoire, il agit contre la pr\u00e9vention des maladies cardiovasculaires.  Le gras est important pour les hormones, le fonctionnement des cellules du corps et il agit contre le stress\u00a0;\u2019l\u2019anxi\u00e9t\u00e9 et la d\u00e9pression saisonni\u00e8re.<\/li>\n<\/td>\n<td>\n<li><strong>L\u2019om\u00e9ga 3 <\/strong> est notamment pr\u00e9sent dans l\u2019huile de <strong>colza, <\/strong>de noix,  du<strong> lin, <\/strong>et du<strong> poisson gras.<\/strong> <\/li>\n<li>Il favorise la s\u00e9cr\u00e9tion d\u2019une hormone (l\u2019<strong>adinopectine<\/strong>) qui permet de <strong>diminuer le taux d\u2019insuline.<\/strong>  Moins d\u2019insuline c\u2019est moins de stockage dans les cellules graisseuse. <\/li>\n<\/td>\n<\/tr>\n<\/table>\n","protected":false},"excerpt":{"rendered":"<p>GRAISSE EFFETS SOURCE BEURRE Les fran\u00e7ais sont les plus gros consommateurs de beurre en Europe. II contient des gras satur\u00e9s (60% \u00e0 65%) et insatur\u00e9s (35% \u00e0 40 %). Pr\u00e9f\u00e9rez plut\u00f4t le beurre (la graisse) le matin que plus tard dans l\u2019apr\u00e8s-midi parce que le foie est repos\u00e9 et peut accueillir et \u00e9liminer la graisse [&hellip;]<\/p>\n","protected":false},"author":1,"featured_media":0,"parent":201,"menu_order":8,"comment_status":"open","ping_status":"closed","template":"","meta":{"_monsterinsights_skip_tracking":false,"_monsterinsights_sitenote_active":false,"_monsterinsights_sitenote_note":"","_monsterinsights_sitenote_category":0,"slim_seo":{"title":"GRAISSES V\u00c9G\u00c9TALES: HUILES - Holistic Attitude","description":"Visible ou cach\u00e9 dans les aliments GRAISSE EFFETS SOURCE BEURRE Les fran\u00e7ais sont les plus gros consommateurs de beurre en Europe. II contient des gras satur\u00e9s"},"footnotes":""},"class_list":["post-4929","page","type-page","status-publish","hentry"],"_links":{"self":[{"href":"https:\/\/www.holisticattitude.com\/index.php?rest_route=\/wp\/v2\/pages\/4929","targetHints":{"allow":["GET"]}}],"collection":[{"href":"https:\/\/www.holisticattitude.com\/index.php?rest_route=\/wp\/v2\/pages"}],"about":[{"href":"https:\/\/www.holisticattitude.com\/index.php?rest_route=\/wp\/v2\/types\/page"}],"author":[{"embeddable":true,"href":"https:\/\/www.holisticattitude.com\/index.php?rest_route=\/wp\/v2\/users\/1"}],"replies":[{"embeddable":true,"href":"https:\/\/www.holisticattitude.com\/index.php?rest_route=%2Fwp%2Fv2%2Fcomments&post=4929"}],"version-history":[{"count":2,"href":"https:\/\/www.holisticattitude.com\/index.php?rest_route=\/wp\/v2\/pages\/4929\/revisions"}],"predecessor-version":[{"id":16760,"href":"https:\/\/www.holisticattitude.com\/index.php?rest_route=\/wp\/v2\/pages\/4929\/revisions\/16760"}],"up":[{"embeddable":true,"href":"https:\/\/www.holisticattitude.com\/index.php?rest_route=\/wp\/v2\/pages\/201"}],"wp:attachment":[{"href":"https:\/\/www.holisticattitude.com\/index.php?rest_route=%2Fwp%2Fv2%2Fmedia&parent=4929"}],"curies":[{"name":"wp","href":"https:\/\/api.w.org\/{rel}","templated":true}]}}