{"id":4660,"date":"2013-03-18T16:33:47","date_gmt":"2013-03-18T14:33:47","guid":{"rendered":"http:\/\/www.holisticattitude.com\/wordpress\/?page_id=4660"},"modified":"2024-02-12T15:03:38","modified_gmt":"2024-02-12T13:03:38","slug":"cinq-animaux","status":"publish","type":"page","link":"https:\/\/www.holisticattitude.com\/?page_id=4660","title":{"rendered":"CINQ ANIMAUX"},"content":{"rendered":"\n<div id=\"attachment_17423\" style=\"width: 260px\" class=\"wp-caption aligncenter\"><img loading=\"lazy\" decoding=\"async\" aria-describedby=\"caption-attachment-17423\" src=\"https:\/\/www.holisticattitude.com\/wp-content\/uploads\/\/Lesinge_frimeur.png\" alt=\"\" width=\"250\" height=\"91\" class=\"size-full wp-image-17423\" \/><p id=\"caption-attachment-17423\" class=\"wp-caption-text\">D\u00e9tendu comme un singe frimeur<\/p><\/div>\n<li>Le jeu des cinq animaux peut renforcer le corps et l&rsquo;\u00e9nergie vitale, le <strong>\u00ab\u00a0qi\u00a0\u00bb<\/strong>.<\/li>\n<li>  Le jeu (les formes) a \u00e9galement des effets importants contre<strong> le stress<\/strong><\/li>\n<li>L&rsquo;un des cinq animaux est <strong>le TIGRE<\/strong>, l&rsquo;animal qui est associ\u00e9 au <strong>printemps<\/strong> et au \u00e9l\u00e9ment <strong> bois<\/strong>. <\/li>\n<p>\t<\/BR><br \/>\nLes QUATRE autres animaux sont <strong> :-<\/p>\n<li> L&rsquo;OURS  <\/strong> associ\u00e9 \u00e0 la <strong>fin d&rsquo;\u00e9t\u00e9-intersaison <\/strong>et au \u00e9l\u00e9ment <strong> terre<\/strong> Les Intersaisons sont les 18 jours qui pr\u00e9c\u00e8dent le d\u00e9but de chaque saison.<\/li>\n<li> La <strong>GRUE<\/strong>  associ\u00e9e \u00e0 <strong>l&rsquo;automne<\/strong> et  au \u00e9l\u00e9ment  <strong>m\u00e9tal<\/strong> et <\/li>\n<li> Le <strong>CERF<\/strong>  associ\u00e9 \u00e0 <strong>l&rsquo;hiver <\/strong>et au \u00e9l\u00e9ment<strong> l&rsquo;eau<\/strong><\/li>\n<li><em>Le dernier mais pas le moindre<\/em> le<strong> SINGE (parfois serpent) <\/strong> associ\u00e9 \u00e0 <strong>l&rsquo;\u00e9t\u00e9<\/strong> et au \u00e9l\u00e9ment<strong> feu<\/strong>.<\/li>\n<p><\/BR><\/p>\n<p> <strong>LE CRI DU TIGRE <\/strong><br \/>\nLa forme surtout le cri du tigre a une <strong>action de stimulation<\/strong> sur <strong>le foie<\/strong><\/p>\n<table border=\"1\">\n<tr>\n<td width=\"70%\">\n<ul>\n<li><strong>Mettez-vous debout<\/strong>, les talons rapproch\u00e9s. D\u00e9tendez-vous compl\u00e8tement. Fl\u00e9chissez les genoux. <\/li>\n<li>Placez<strong> les poings ferm\u00e9s<\/strong> (les 4 doigts repli\u00e9s couvrent le pouce) \u00e0 c\u00f4t\u00e9 de la taille, la paume tourn\u00e9s vers le ciel. Le regard est devant vous, <strong> vif<\/strong>. <\/li>\n<li>Sur<strong> l&rsquo;inspiration <\/strong>levez les poings \u00e0 hauteur de vos \u00e9paules.  <\/li>\n<li><strong>Tournez votre corps vers le coin gauche de la pi\u00e8ce; les pieds perpendiculaires et les talons joints (le pas en T). Faites un pas en avant <\/strong> avec le pied gauche et ensuite un demi-pas en avant avec le pied droit, repositionnez la jambe gauche.<br \/>\nVous \u00eates maintenant <strong>pr\u00eat \u00e0 bondir<\/strong> sur votre proie (votre adversaire imaginaire). <\/li>\n<li>En <strong>d\u00e9pla\u00e7ant le poids de votre corps<\/strong> sur la jambe droite <strong>vous faites jaillir<\/strong> vos <strong>deux griffes<\/strong> en un brusque mouvement circulaire (le dos d\u00e9roule comme une vague qui va et vient). Le d\u00e9roulement du dos vient de la taille <\/li>\n<li>Le <strong>yeux suivent le mouvement<\/strong>. Vous pourriez \u00e9mettre un cri de tigre soit silencieusement ou soit \u00e0 haute voix. <\/li>\n<li><strong>Faites revenir les griffes<\/strong> vers le corps <\/li>\n<li><strong>VARIANTE -(fente genou au sol): <\/strong>En appui sur le jambe avant, placez les mains au sol devant le pied gauche, la jambe droite glisse vers l&rsquo;arri\u00e8re.  Les talons sont <strong>d\u00e9coll\u00e9s du sol <\/strong>et votre t\u00eate tourn\u00e9 le ciel en appui sur les pointes des doigts <\/li>\n<li><strong>Levez-vous<\/strong>doucement  en ramenant la jambe arri\u00e8re (droite) vers la jambe gauche <\/li>\n<li><strong>R\u00e9p\u00e9tez l&rsquo;exercice <\/strong>en tournant le corps vers le coin droit de la pi\u00e8ce, faites un pas en avant sur la jambe droite   <\/li>\n<\/ul>\n<\/td>\n<td>\n<ul> D\u00c9CHARGER les tensions retenues et faites du BRUIT  <div id=\"attachment_5353\" style=\"width: 160px\" class=\"wp-caption aligncenter\"><a href=\"https:\/\/www.holisticattitude.com\/?attachment_id=5353\" rel=\"attachment wp-att-5353\"><img loading=\"lazy\" decoding=\"async\" aria-describedby=\"caption-attachment-5353\" src=\"https:\/\/www.holisticattitude.com\/wp-content\/uploads\/\/cri-de-tigre-150x150.jpg\" alt=\"\" title=\"cri de tigre\" width=\"150\" height=\"150\" class=\"size-thumbnail wp-image-5353\" \/><\/a><p id=\"caption-attachment-5353\" class=\"wp-caption-text\">AAAAAAAHHHHHHHHHHH<\/p><\/div> <\/ul>\n<\/td>\n<\/tr>\n<tr>\n<td>\n<li> FAITES LE SERPENT : Formez une pince avec les doigts de l&rsquo;un de votre bras (les doigts repr\u00e9sentent la t\u00eate du serpent) <\/li>\n<li>Bougez et rouler l&rsquo;un votre bras comme un serpent pendant quelques minutes<br \/>\nD\u00e9placez-vous dans la pi\u00e8ce <\/li>\n<li>IMAGINEZ qu&rsquo;un partenaire est en face de (si vous faites cet exercice en solo) <\/li>\n<li>Essayez d&rsquo;HYPNOTISER votre partenaire avec le roulement de votre  bras  <\/li>\n<li>  Lorsque vous vous sentez pr\u00eat REL\u00c2CHEZ vos doigts et lancez  t\u00eate \/langue \u00e0 lui<\/li>\n<li>  Vous pouvez \u00c9METTEZ le son \u00ab\u00a0hisssss\u00a0\u00bb  Am\u00e9liorez la confiance en soi<\/li>\n<p>Amusez-vous bien  <\/li>\n<\/p>\n<\/td>\n<td>   Apprendre \u00e0 mieux se concentrer et r\u00e9aliser les pouvoirs de l&rsquo;esprit <\/p>\n<li> <div id=\"attachment_6649\" style=\"width: 210px\" class=\"wp-caption aligncenter\"><a href=\"https:\/\/www.holisticattitude.com\/?attachment_id=6649\" rel=\"attachment wp-att-6649\"><img loading=\"lazy\" decoding=\"async\" aria-describedby=\"caption-attachment-6649\" src=\"https:\/\/www.holisticattitude.com\/wp-content\/uploads\/\/serpent_bouche.jpg\" alt=\"\" title=\"serpent_bouche\" width=\"200\" height=\"129\" class=\"size-full wp-image-6649\" \/><\/a><p id=\"caption-attachment-6649\" class=\"wp-caption-text\">Hissssssss -le sifflement du serpent<\/p><\/div>  <\/li>\n<\/td>\n<\/tr>\n<tr>\n<td>\n<li>FAIRE L&rsquo;OURS : Mettez vos mains en patte d&rsquo;ours (les doigts pli\u00e9s). <\/li>\n<li> Commencez \u00e0 marcher comme un ours en respirez normalement.  Basculez le poids de votre corps d&rsquo;un c\u00f4te \u00e0 l&rsquo;autre, surement et lentement. Regardez autour de vous d&rsquo;un c\u00f4t\u00e9 \u00e0 l&rsquo;autre.  Prenez votre temps.<\/li>\n<li> Apr\u00e8s quelques minutes imaginez que vous rencontrez un ours adversaire. Lancez un regard furieux \u00e0 lui. Vous pouvez \u00e9mettez le son \u00a0grrrrr grrrrrrrr, ou ROoooaaarR\u00a0 pour faire l&rsquo;effet. <\/li>\n<li>  Amusez-vous bien et bonne improvisation.<\/li>\n<\/td>\n<td>   Apprendre \u00e0 S&rsquo;AFFIRMER, OSER <\/p>\n<li> <div id=\"attachment_6650\" style=\"width: 194px\" class=\"wp-caption aligncenter\"><a href=\"https:\/\/www.holisticattitude.com\/?attachment_id=6650\" rel=\"attachment wp-att-6650\"><img loading=\"lazy\" decoding=\"async\" aria-describedby=\"caption-attachment-6650\" src=\"https:\/\/www.holisticattitude.com\/wp-content\/uploads\/\/ourspolaire.jpg\" alt=\"\" title=\"ourspolaire\" width=\"184\" height=\"144\" class=\"size-full wp-image-6650\" \/><\/a><p id=\"caption-attachment-6650\" class=\"wp-caption-text\">Confiant comme un roi<\/p><\/div> <\/li>\n<\/td>\n<\/tr>\n<tr>\n<td>\n<li>FAITES LA GRUE : Mettez-vous DEBOUT les deux pieds l\u00e9g\u00e8rement \u00e9cartes.<\/li>\n<li>OUVREZ les deux bras sur le c\u00f4t\u00e9 en m\u00eame temps que vous levez la jambe gauche pli\u00e9e.  Le regard est devant vous, une question d&rsquo;\u00e9quilibre et coordination, c&rsquo;est tout \ud83d\ude42<\/li>\n<li>POSEZ la pointe du pied GAUCHE devant vous en pliant les deux bras devant la poitrine et AVANCEZ.  Les deux mains sont \u00e0 plat, les paumes tourn\u00e9s vers la poitrine.<\/li>\n<li>Levez la jambe DROITE pli\u00e9e et POSEZ la pointe du pied DROITE et avancez sur la jambe avant (droite)  gracieusement.<\/li>\n<li>Faites quelques r\u00e9p\u00e9titions  de chaque c\u00f4t\u00e9 et lorsque vous vous sentez pr\u00eat \u00c9METTEZ un grand cri<strong> KAAA<\/strong><\/li>\n<li>Cette posture travaille la VOLONT\u00c9 de l&rsquo;esprit, l&rsquo;aide \u00e0 aller devant, de GARDER le CAP et ne pas baisser les bras. <\/li>\n<\/td>\n<td>Faites LA GRUE  <div id=\"attachment_8312\" style=\"width: 213px\" class=\"wp-caption alignleft\"><a href=\"https:\/\/www.holisticattitude.com\/?attachment_id=8312\" rel=\"attachment wp-att-8312\"><img loading=\"lazy\" decoding=\"async\" aria-describedby=\"caption-attachment-8312\" src=\"https:\/\/www.holisticattitude.com\/wp-content\/uploads\/\/grue_ouvresesailes1.jpg\" alt=\"\" title=\"grue_ouvresesailes\" width=\"203\" height=\"133\" class=\"size-full wp-image-8312\" \/><\/a><p id=\"caption-attachment-8312\" class=\"wp-caption-text\">Une grande trompette KA<\/p><\/div><\/td>\n<\/tr>\n<tr>\n<td>\n<li>Faites le SINGE: Respirez normalement<\/li>\n<li>Commencez \u00e0 IMITER le bruit du singe \u00ab\u00a0ooh ooh ooh eee eee eee aah aah aah\u00a0\u00bb en hurlant et en criant.<\/li>\n<li> D\u00e9placez-vous autour de la pi\u00e8ce, bougez, sautez, tapez le mur, la chaise.  Amusez-vous<\/li>\n<p>\tBonne improvisation<\/li>\n<p> \u00ab\u00a0Ce mouvement aide \u00e0 s&rsquo;ouvrir aux autres, \u00e0 EXT\u00c9RIORISER votre \u00e9nergie int\u00e9rieure<\/p>\n<\/td>\n<td> Ooh ooh ooh eee eee eee aah aah aah <div id=\"attachment_8313\" style=\"width: 202px\" class=\"wp-caption alignleft\"><a href=\"https:\/\/www.holisticattitude.com\/?attachment_id=8313\" rel=\"attachment wp-att-8313\"><img loading=\"lazy\" decoding=\"async\" aria-describedby=\"caption-attachment-8313\" src=\"https:\/\/www.holisticattitude.com\/wp-content\/uploads\/\/singe1.jpg\" alt=\"\" title=\"singe\" width=\"192\" height=\"232\" class=\"size-full wp-image-8313\" \/><\/a><p id=\"caption-attachment-8313\" class=\"wp-caption-text\">Heureux et ouvert<\/p><\/div> <\/tr>\n<\/table>\n","protected":false},"excerpt":{"rendered":"<p>Le jeu des cinq animaux peut renforcer le corps et l&rsquo;\u00e9nergie vitale, le \u00ab\u00a0qi\u00a0\u00bb. Le jeu (les formes) a \u00e9galement des effets importants contre le stress L&rsquo;un des cinq animaux est le TIGRE, l&rsquo;animal qui est associ\u00e9 au printemps et au \u00e9l\u00e9ment bois. Les QUATRE autres animaux sont :- L&rsquo;OURS associ\u00e9 \u00e0 la fin d&rsquo;\u00e9t\u00e9-intersaison [&hellip;]<\/p>\n","protected":false},"author":1,"featured_media":0,"parent":3040,"menu_order":17,"comment_status":"open","ping_status":"closed","template":"","meta":{"_monsterinsights_skip_tracking":false,"_monsterinsights_sitenote_active":false,"_monsterinsights_sitenote_note":"","_monsterinsights_sitenote_category":0,"slim_seo":{"title":"CINQ ANIMAUX - Holistic Attitude","description":"D\u00e9tendu comme un singe frimeur Le jeu des cinq animaux peut renforcer le corps et l'\u00e9nergie vitale, le \"qi\" . Le jeu (les formes) a \u00e9galement des effets importa"},"footnotes":""},"class_list":["post-4660","page","type-page","status-publish","hentry"],"_links":{"self":[{"href":"https:\/\/www.holisticattitude.com\/index.php?rest_route=\/wp\/v2\/pages\/4660","targetHints":{"allow":["GET"]}}],"collection":[{"href":"https:\/\/www.holisticattitude.com\/index.php?rest_route=\/wp\/v2\/pages"}],"about":[{"href":"https:\/\/www.holisticattitude.com\/index.php?rest_route=\/wp\/v2\/types\/page"}],"author":[{"embeddable":true,"href":"https:\/\/www.holisticattitude.com\/index.php?rest_route=\/wp\/v2\/users\/1"}],"replies":[{"embeddable":true,"href":"https:\/\/www.holisticattitude.com\/index.php?rest_route=%2Fwp%2Fv2%2Fcomments&post=4660"}],"version-history":[{"count":3,"href":"https:\/\/www.holisticattitude.com\/index.php?rest_route=\/wp\/v2\/pages\/4660\/revisions"}],"predecessor-version":[{"id":17424,"href":"https:\/\/www.holisticattitude.com\/index.php?rest_route=\/wp\/v2\/pages\/4660\/revisions\/17424"}],"up":[{"embeddable":true,"href":"https:\/\/www.holisticattitude.com\/index.php?rest_route=\/wp\/v2\/pages\/3040"}],"wp:attachment":[{"href":"https:\/\/www.holisticattitude.com\/index.php?rest_route=%2Fwp%2Fv2%2Fmedia&parent=4660"}],"curies":[{"name":"wp","href":"https:\/\/api.w.org\/{rel}","templated":true}]}}