{"id":4491,"date":"2013-02-28T14:25:16","date_gmt":"2013-02-28T12:25:16","guid":{"rendered":"https:\/\/www.holisticattitude.com\/wordpress\/?page_id=4491"},"modified":"2014-08-18T16:33:42","modified_gmt":"2014-08-18T14:33:42","slug":"mind-map-carte-heurestique","status":"publish","type":"page","link":"https:\/\/www.holisticattitude.com\/tete\/mind-map-carte-heurestique\/","title":{"rendered":"MIND MAP -Carte Heurestique"},"content":{"rendered":"<p><\/BR><br \/>\n<strong>Un peu d&rsquo;histoire&#8230;&#8230;..<\/strong><\/p>\n<li>Le Mind Map en fran\u00e7ais est aussi connu sous le nom de la <strong>carte mentale <\/strong>, <strong>carte pens\u00e9e <\/strong>et la <strong>carte heuristique<\/strong>. <\/li>\n<li>Le mot<strong> heuristique<\/strong> vient du mot grec \u00ab\u00a0Eureka\u00a0\u00bb et signifie \u00ab\u00a0de trouver, l&rsquo;art d&rsquo;investir, de faire des d\u00e9couvertes.\u00a0\u00bb <\/li>\n<li>II est une m\u00e9thode perfectionn\u00e9e et brevet\u00e9e par Tony Buzan un psychologue anglais au d\u00e9but des ann\u00e9es 1970. Cependant c&rsquo;est Aristote qui est \u00e0 l&rsquo;origine de ce syst\u00e8me de <strong>repr\u00e9sentation visuelle, <\/strong>un principe qui date du temps de la Gr\u00e8ce antique. II semblerait m\u00eame que<strong> L\u00e9onard Da Vinci <\/strong>les a utilis\u00e9s \u00e9galement.  Je doute fort qu&rsquo;il a pens\u00e9 \u00e0 d\u00e9poser un brevet.  Est-ce le bureau de L&rsquo;INPE a exist\u00e9 \u00e0 cet \u00e9poque ?<\/li>\n<p>    \ud83d\ude42<br \/>\n<div id=\"attachment_10205\" style=\"width: 490px\" class=\"wp-caption aligncenter\"><a href=\"https:\/\/www.holisticattitude.com\/?attachment_id=10205\" rel=\"attachment wp-att-10205\"><img loading=\"lazy\" decoding=\"async\" aria-describedby=\"caption-attachment-10205\" src=\"https:\/\/www.holisticattitude.com\/wp-content\/uploads\/\/carteheuristique_f\u00e9v2013.jpg\" alt=\"\" title=\"carteheuristique_f\u00e9v2013\" width=\"480\" height=\"360\" class=\"size-full wp-image-10205\" srcset=\"https:\/\/www.holisticattitude.com\/wp-content\/uploads\/carteheuristique_f\u00e9v2013.jpg 480w, https:\/\/www.holisticattitude.com\/wp-content\/uploads\/carteheuristique_f\u00e9v2013-300x225.jpg 300w\" sizes=\"auto, (max-width: 480px) 100vw, 480px\" \/><\/a><p id=\"caption-attachment-10205\" class=\"wp-caption-text\">Une carte heuristique ; apprendre une langue<\/p><\/div><\/p>\n<p><strong>Applications<\/strong><\/p>\n<li> Le mindmap sollicite les <strong>deux h\u00e9misph\u00e8res,<\/strong> le droit et le gauche.<\/li>\n<li>II pourrait \u00eatre utilis\u00e9 pour rappeler des faits, organiser des id\u00e9es, structurer une pr\u00e9sentation, r\u00e9viser, se pr\u00e9parer avant un examen.<\/li>\n<li>L&rsquo;utilisation <strong>des couleurs<\/strong> dans carte heuristique est important.  Elle favorise le processus de <strong>la m\u00e9morisation<\/strong> et aide \u00e0 lib\u00e9rer votre cr\u00e9ativit\u00e9.<\/li>\n<li>L&#8217;emploi des images augmentent les possibilit\u00e9s d\u2019association d&rsquo;ide\u00e9es et de rappel<\/li>\n<p><\/BR><br \/>\n<strong>LES R\u00c8GLES D\u2019OR DE LA CARTE HEURISTIQUE<\/strong><\/p>\n<li>Utilisez une <strong>grande feuille<\/strong> (A4) pr\u00e9f\u00e9rablement sans lignes <\/li>\n<li>Orienter votre page <strong>en paysage<\/strong> <\/li>\n<li><strong>Placez<\/strong> votre id\u00e9e ou votre sujet <strong>au centre<\/strong> de la page  Vous pouvez utilisez des mots, des dessins ou des images.<\/li>\n<li>Dessinez<strong> les  branches <\/strong>en forme de <strong>courbes<\/strong> plut\u00f4t que de dessiner des lignes droites. \u00c7a facilite mieux le processus de  l\u2019apprentissage et de la m\u00e9morisation.<\/li>\n<li>Utilisez <strong>une couleur diff\u00e9rente<\/strong> pour <strong>chaque branche<\/strong> qui \u00e9mane de votre sujet centrale.<\/li>\n<li> Dessinez des  branches secondaires (des petites brindilles) pour repr\u00e9senter les <strong>ide\u00e9s secondaires<\/strong> qui se connectent  toujours \u00e0 votre une branche principale.<\/li>\n<li>La<strong> taille<\/strong> des <strong>branches secondaires<\/strong> <strong>sont plus \u00e9troites<\/strong> que les branches principales <\/li>\n<li>II est souhaitable que la ligne de chaque branches et des branches secondaires  doivent \u00eatre la <strong>m\u00eame longueur<\/strong> que les mots \u00e9crits dessus (voir diagramme).<\/li>\n<li>La <strong>couleur<\/strong> des branches secondaires sont les m\u00eames couleurs que leur  branche principale<\/li>\n<p>\tVous ne regretterez pas le temps requis pour ma\u00eetriser cette m\u00e9thode.<\/p>\n","protected":false},"excerpt":{"rendered":"<p>Un peu d&rsquo;histoire&#8230;&#8230;.. Le Mind Map en fran\u00e7ais est aussi connu sous le nom de la carte mentale , carte pens\u00e9e et la carte heuristique. Le mot heuristique vient du mot grec \u00ab\u00a0Eureka\u00a0\u00bb et signifie \u00ab\u00a0de trouver, l&rsquo;art d&rsquo;investir, de faire des d\u00e9couvertes.\u00a0\u00bb II est une m\u00e9thode perfectionn\u00e9e et brevet\u00e9e par Tony Buzan un psychologue [&hellip;]<\/p>\n","protected":false},"author":1,"featured_media":0,"parent":197,"menu_order":12,"comment_status":"open","ping_status":"closed","template":"","meta":{"_monsterinsights_skip_tracking":false,"_monsterinsights_sitenote_active":false,"_monsterinsights_sitenote_note":"","_monsterinsights_sitenote_category":0,"slim_seo":{"title":"MIND MAP -Carte Heurestique - Holistic Attitude","description":"Un peu d'histoire........ Le Mind Map en fran\u00e7ais est aussi connu sous le nom de la carte mentale , carte pens\u00e9e et la carte heuristique . Le mot heuristique vi"},"footnotes":""},"class_list":["post-4491","page","type-page","status-publish","hentry"],"_links":{"self":[{"href":"https:\/\/www.holisticattitude.com\/wp-json\/wp\/v2\/pages\/4491","targetHints":{"allow":["GET"]}}],"collection":[{"href":"https:\/\/www.holisticattitude.com\/wp-json\/wp\/v2\/pages"}],"about":[{"href":"https:\/\/www.holisticattitude.com\/wp-json\/wp\/v2\/types\/page"}],"author":[{"embeddable":true,"href":"https:\/\/www.holisticattitude.com\/wp-json\/wp\/v2\/users\/1"}],"replies":[{"embeddable":true,"href":"https:\/\/www.holisticattitude.com\/wp-json\/wp\/v2\/comments?post=4491"}],"version-history":[{"count":2,"href":"https:\/\/www.holisticattitude.com\/wp-json\/wp\/v2\/pages\/4491\/revisions"}],"predecessor-version":[{"id":10207,"href":"https:\/\/www.holisticattitude.com\/wp-json\/wp\/v2\/pages\/4491\/revisions\/10207"}],"up":[{"embeddable":true,"href":"https:\/\/www.holisticattitude.com\/wp-json\/wp\/v2\/pages\/197"}],"wp:attachment":[{"href":"https:\/\/www.holisticattitude.com\/wp-json\/wp\/v2\/media?parent=4491"}],"curies":[{"name":"wp","href":"https:\/\/api.w.org\/{rel}","templated":true}]}}