{"id":4064,"date":"2013-01-31T17:37:59","date_gmt":"2013-01-31T15:37:59","guid":{"rendered":"http:\/\/www.holisticattitude.com\/wordpress\/?page_id=4064"},"modified":"2014-02-22T11:56:41","modified_gmt":"2014-02-22T09:56:41","slug":"la-relaxation-progressive-de-jacobson-1974","status":"publish","type":"page","link":"https:\/\/www.holisticattitude.com\/?page_id=4064","title":{"rendered":"LA RELAXATION PROGRESSIVE DE DR EDMUND JACOBSON (1930s)"},"content":{"rendered":"<p><div id=\"attachment_1639\" style=\"width: 190px\" class=\"wp-caption aligncenter\"><a href=\"https:\/\/www.holisticattitude.com\/wp-content\/uploads\/cadavre_savasana-_blog.gif\"><img loading=\"lazy\" decoding=\"async\" aria-describedby=\"caption-attachment-1639\" src=\"https:\/\/www.holisticattitude.com\/wp-content\/uploads\/cadavre_savasana-_blog.gif\" alt=\"cadavre_savasana\" title=\"cadavre_savasana _blog\" width=\"180\" height=\"90\" class=\"size-full wp-image-1639\" \/><\/a><p id=\"caption-attachment-1639\" class=\"wp-caption-text\">relaxationprogressivede jacobson<\/p><\/div><br \/>\n La m\u00e9thode Jacobson consiste \u00e0<strong> contracter les muscles pr\u00e9cis<\/strong> de votre corps et de les rel\u00e2cher.<\/p>\n<li>Vous allez apprendre comment <strong>reconna\u00eetre les tensions musculaires <\/strong>et <strong>rel\u00e2cher toute la tension musculaire de votre corps. <\/strong> Le stress et l&rsquo;anxi\u00e9t\u00e9 s&rsquo;accompagnent toujours de tensions musculaire.<\/li>\n<li>Vous allez contracter un muscle fortement <strong>durant 5 secondes<\/strong> et ensuite rel\u00e2chez-les <strong>pendant 5 secondes<\/strong>. <\/li>\n<li>Chaque fois que vous soufflez, laissez la tension dispara\u00eet petit \u00e0 petit pour faire place \u00e0 une sensation de paix dans la r\u00e9gion cibl\u00e9e.<\/li>\n<li>Portez l\u2019attention sur tout les membres partie par partie.<\/li>\n<p><\/BR><br \/>\n<strong>LE BRAS<\/strong><\/p>\n<li>Serrez <strong>le poing droit <\/strong>quelques secondes et desserrez le.  Faites de m\u00eame sur le poing gauche.<\/li>\n<li><strong>Fl\u00e9chissez l&rsquo;avant bras droit <\/strong>sur le bras pour contractez les muscles des biceps en dirigeant vers les \u00e9paules et rel\u00e2chez. Faites de m\u00eame sur l&rsquo;avant bras gauche. Ou sur\u00e9levez sur vos deux coudes et retombez sur le sol. <\/li>\n<li><strong>Tendez vos triceps<\/strong> en dirigeant vos bras bien droit vers le sol.  Rel\u00e2chez.<\/li>\n<p><\/BR><br \/>\n<strong>LES MEMBRES INF\u00c9RIEURS<\/strong><\/p>\n<li>Contractez fortement pendant 3-5 secondes <strong>le pied droit <\/strong>en recourbant les orteils (vers le bas).  A chaque expiration rel\u00e2chez. Ressentez bien la d\u00e9tente procur\u00e9e dans le membre.   Faites de m\u00eame sur le pied gauche.<\/li>\n<li>Soulevez<strong> la jambe droite<\/strong> \u00e0 partir du genou et la laissez tomber. Faites de m\u00eame sur la jambe gauche.<\/li>\n<li>Poussez <strong>la jambe droite<\/strong> (l&rsquo;arri\u00e8re de la cuisse) vers le sol et rel\u00e2chez.  Faites de m\u00eame sur la jambe gauche.<\/li>\n<li>Tendez <strong>les muscles de vos mollets <\/strong>en pointant vos orteils vers le haut. Rel\u00e2chez.<\/li>\n<li>Pliez <strong>la jambe droite,<\/strong> le talon droit  pr\u00e8s de la fesse droite et rel\u00e2chez. Faites de m\u00eame sur sur la jambe gauche.<\/li>\n<li>Serrez<strong> fortement les muscles des cuisses <\/strong>et rel\u00e2chez. <\/li>\n<li>Contractez <strong>au maximum les fesses <\/strong> et rel\u00e2chez.<\/li>\n<p><\/BR><\/p>\n<p><strong>LE TRONC<\/strong><\/p>\n<li>Contractez <strong>les muscles du ventre<\/strong> , en creusant le nombril sur la colonne vert\u00e9brale et rel\u00e2chez.<\/li>\n<li><strong>Contractez le p\u00e9rin\u00e9e<\/strong>  et rel\u00e2chez.<\/li>\n<li><strong>Arquez le dos <\/strong>en avant (tension de chaque c\u00f4t\u00e9 de la colonne vert\u00e9brale) et rel\u00e2chez.<\/li>\n<li>Tendez <strong>les muscles de la poitrine<\/strong> en prenant une inspiration profonde et en retenant pendant 5 secondes, puis expirez lentement.<\/li>\n<li><strong>Haussez les \u00e9paules<\/strong> jusqu&rsquo;aux vos oreilles. Rel\u00e2chez.<\/li>\n<li><strong>Rapprochez des omoplates <\/strong> en reculant les \u00e9paules les plus en arri\u00e8re en possible, rel\u00e2chez.<\/li>\n<li>Tendez <strong>les muscles de votre cou<\/strong>  en penchant votre t\u00eate vers l&rsquo;arri\u00e8re, redressez.<\/li>\n<p><\/BR><\/p>\n<p><strong>LE VISAGE<\/strong><\/p>\n<li><strong>Soulevez les sourcils<\/strong> vers le haut, le front se plisse et rel\u00e2chez. <\/li>\n<li><strong>Serrez les paupi\u00e8res, les yeux <\/strong> et relaxez les muscles autour de vos yeux.<\/li>\n<li><strong>Ouvrez la bouche <\/strong>en grande et rel\u00e2chez.<\/li>\n<li><strong>Serrez les dents et la m\u00e2choire<\/strong> et rel\u00e2chez. <\/li>\n<li><strong>Remuez le bout de votre nez<\/strong> comme un lapin ou (Samantha la gentille sourci\u00e8re ) \ud83d\ude42 et rel\u00e2chez.<\/li>\n<li><strong>Fermer la bouche fortement<\/strong> en rentrant les l\u00e8vres, la bouche en un <strong>cul de poule <\/strong>(les l\u00e8vres sont pinc\u00e9es et arrondies en une moue) que l&rsquo;on maintiendra durant plusieurs secondes    <a href=\"https:\/\/www.holisticattitude.com\/?attachment_id=8027\" rel=\"attachment wp-att-8027\"><img loading=\"lazy\" decoding=\"async\" src=\"https:\/\/www.holisticattitude.com\/wp-content\/uploads\/\/culdepoule_prononcerU-150x150.jpg\" alt=\"\" title=\"culdepoule_prononcerU\" width=\"150\" height=\"150\" class=\"size-thumbnail wp-image-8027\" \/><\/a>   <\/li>\n<li><strong>Toucher au fond de la bouche<\/strong> avec la langue et rel\u00e2chez.<\/li>\n","protected":false},"excerpt":{"rendered":"<p>La m\u00e9thode Jacobson consiste \u00e0 contracter les muscles pr\u00e9cis de votre corps et de les rel\u00e2cher. Vous allez apprendre comment reconna\u00eetre les tensions musculaires et rel\u00e2cher toute la tension musculaire de votre corps. Le stress et l&rsquo;anxi\u00e9t\u00e9 s&rsquo;accompagnent toujours de tensions musculaire. Vous allez contracter un muscle fortement durant 5 secondes et ensuite rel\u00e2chez-les pendant [&hellip;]<\/p>\n","protected":false},"author":1,"featured_media":0,"parent":66,"menu_order":1,"comment_status":"open","ping_status":"closed","template":"","meta":{"_monsterinsights_skip_tracking":false,"_monsterinsights_sitenote_active":false,"_monsterinsights_sitenote_note":"","_monsterinsights_sitenote_category":0,"slim_seo":{"title":"LA RELAXATION PROGRESSIVE DE DR EDMUND JACOBSON (1930s) - Holistic Attitude","description":"relaxationprogressivede jacobson La m\u00e9thode Jacobson consiste \u00e0 contracter les muscles pr\u00e9cis de votre corps et de les rel\u00e2cher. Vous allez apprendre comment re"},"footnotes":""},"class_list":["post-4064","page","type-page","status-publish","hentry"],"_links":{"self":[{"href":"https:\/\/www.holisticattitude.com\/index.php?rest_route=\/wp\/v2\/pages\/4064","targetHints":{"allow":["GET"]}}],"collection":[{"href":"https:\/\/www.holisticattitude.com\/index.php?rest_route=\/wp\/v2\/pages"}],"about":[{"href":"https:\/\/www.holisticattitude.com\/index.php?rest_route=\/wp\/v2\/types\/page"}],"author":[{"embeddable":true,"href":"https:\/\/www.holisticattitude.com\/index.php?rest_route=\/wp\/v2\/users\/1"}],"replies":[{"embeddable":true,"href":"https:\/\/www.holisticattitude.com\/index.php?rest_route=%2Fwp%2Fv2%2Fcomments&post=4064"}],"version-history":[{"count":0,"href":"https:\/\/www.holisticattitude.com\/index.php?rest_route=\/wp\/v2\/pages\/4064\/revisions"}],"up":[{"embeddable":true,"href":"https:\/\/www.holisticattitude.com\/index.php?rest_route=\/wp\/v2\/pages\/66"}],"wp:attachment":[{"href":"https:\/\/www.holisticattitude.com\/index.php?rest_route=%2Fwp%2Fv2%2Fmedia&parent=4064"}],"curies":[{"name":"wp","href":"https:\/\/api.w.org\/{rel}","templated":true}]}}