{"id":3927,"date":"2013-01-29T13:52:19","date_gmt":"2013-01-29T11:52:19","guid":{"rendered":"http:\/\/www.holisticattitude.com\/wordpress\/?page_id=3927"},"modified":"2021-05-14T10:42:22","modified_gmt":"2021-05-14T08:42:22","slug":"les-etats-du-moi-lanalyse-transactionnelle","status":"publish","type":"page","link":"https:\/\/www.holisticattitude.com\/?page_id=3927","title":{"rendered":"LES \u00c9TATS DU MOI -L\u2019ANALYSE TRANSACTIONNELLE"},"content":{"rendered":"<p><strong>Notre personnalit\u00e9<\/strong> est compos\u00e9e <strong>en trois parties<\/strong> ou 3 <strong>\u00e9tats du Moi<\/strong> d&rsquo;apr\u00e8s \u00c9ric Berne, m\u00e9decin psychiatre Am\u00e9ricain, <strong>le p\u00e8re de l&rsquo;Analyse Transactionnelle.<\/strong><\/p>\n<p><strong>Les trois \u00c9tats sont :-<\/strong><\/p>\n<ul>\n<li><span style=\"font-size: 16px;\">L&rsquo;\u00e9tat du Moi Parent,<\/span> agit comme un magn\u00e9toscope<\/li>\n<li><span style=\"font-size: 16px;\">L&rsquo;\u00e9tat de l&rsquo;Adulte,<\/span> agit comme un ordinateur hors \u00e9motion. <\/li>\n<li><span style=\"font-size: 16px;\">L&rsquo;\u00e9tat  de l&rsquo;Enfant,<\/span> agit comme une \u00e9ponge \u00e9motionnelle. <\/li>\n<\/ul>\n<p><a href=\"https:\/\/www.holisticattitude.com\/wp-content\/uploads\/etatdumoi_AT.jpg\"><img loading=\"lazy\" decoding=\"async\" class=\"aligncenter size-full wp-image-3928\" title=\"etatdumoi_AT\" src=\"https:\/\/www.holisticattitude.com\/wp-content\/uploads\/etatdumoi_AT.jpg\" alt=\"trois\u00e9tatsdumoi\" width=\"827\" height=\"682\" srcset=\"https:\/\/www.holisticattitude.com\/wp-content\/uploads\/etatdumoi_AT.jpg 827w, https:\/\/www.holisticattitude.com\/wp-content\/uploads\/etatdumoi_AT-300x247.jpg 300w\" sizes=\"auto, (max-width: 827px) 100vw, 827px\" \/><\/a><\/p>\n<ul>\n<li>A longueur de journ\u00e9e <strong>nous basculons d&rsquo;un \u00e9tat \u00e0 un autre<\/strong> inconsciemment.<\/li>\n<li><span style=\"\"font-size: 16px;\">Un <strong>communicateur efficace<\/strong> utilise les trois \u00e9tats du Moi.<\/strong><\/li>\n<li> <span style=\"\"font-size: 16px;\"> La <strong> difficult\u00e9 se pose<\/strong> lorsqu&rsquo;il nous manque un ou deux des <strong>\u00e9tats du Moi<\/strong> ou plut\u00f4t quand nous ne savons pas comment les appliquer.<\/span><\/li>\n<\/ul>\n<p><strong> Notre message ne passe pas.<\/strong><\/p>\n","protected":false},"excerpt":{"rendered":"<p>Notre personnalit\u00e9 est compos\u00e9e en trois parties ou 3 \u00e9tats du Moi d&rsquo;apr\u00e8s \u00c9ric Berne, m\u00e9decin psychiatre Am\u00e9ricain, le p\u00e8re de l&rsquo;Analyse Transactionnelle. Les trois \u00c9tats sont :- L&rsquo;\u00e9tat du Moi Parent, agit comme un magn\u00e9toscope L&rsquo;\u00e9tat de l&rsquo;Adulte, agit comme un ordinateur hors \u00e9motion. L&rsquo;\u00e9tat de l&rsquo;Enfant, agit comme une \u00e9ponge \u00e9motionnelle. A longueur [&hellip;]<\/p>\n","protected":false},"author":1,"featured_media":0,"parent":197,"menu_order":9,"comment_status":"open","ping_status":"closed","template":"","meta":{"_monsterinsights_skip_tracking":false,"_monsterinsights_sitenote_active":false,"_monsterinsights_sitenote_note":"","_monsterinsights_sitenote_category":0,"slim_seo":{"title":"LES \u00c9TATS DU MOI -L\u2019ANALYSE TRANSACTIONNELLE - Holistic Attitude","description":"Notre personnalit\u00e9 est compos\u00e9e en trois parties ou 3 \u00e9tats du Moi d'apr\u00e8s \u00c9ric Berne, m\u00e9decin psychiatre Am\u00e9ricain, le p\u00e8re de l'Analyse Transactionnelle. Les"},"footnotes":""},"class_list":["post-3927","page","type-page","status-publish","hentry"],"_links":{"self":[{"href":"https:\/\/www.holisticattitude.com\/index.php?rest_route=\/wp\/v2\/pages\/3927","targetHints":{"allow":["GET"]}}],"collection":[{"href":"https:\/\/www.holisticattitude.com\/index.php?rest_route=\/wp\/v2\/pages"}],"about":[{"href":"https:\/\/www.holisticattitude.com\/index.php?rest_route=\/wp\/v2\/types\/page"}],"author":[{"embeddable":true,"href":"https:\/\/www.holisticattitude.com\/index.php?rest_route=\/wp\/v2\/users\/1"}],"replies":[{"embeddable":true,"href":"https:\/\/www.holisticattitude.com\/index.php?rest_route=%2Fwp%2Fv2%2Fcomments&post=3927"}],"version-history":[{"count":3,"href":"https:\/\/www.holisticattitude.com\/index.php?rest_route=\/wp\/v2\/pages\/3927\/revisions"}],"predecessor-version":[{"id":16637,"href":"https:\/\/www.holisticattitude.com\/index.php?rest_route=\/wp\/v2\/pages\/3927\/revisions\/16637"}],"up":[{"embeddable":true,"href":"https:\/\/www.holisticattitude.com\/index.php?rest_route=\/wp\/v2\/pages\/197"}],"wp:attachment":[{"href":"https:\/\/www.holisticattitude.com\/index.php?rest_route=%2Fwp%2Fv2%2Fmedia&parent=3927"}],"curies":[{"name":"wp","href":"https:\/\/api.w.org\/{rel}","templated":true}]}}