{"id":3811,"date":"2012-12-26T20:20:56","date_gmt":"2012-12-26T18:20:56","guid":{"rendered":"https:\/\/www.holisticattitude.com\/wordpress\/?page_id=3811"},"modified":"2014-10-13T08:11:23","modified_gmt":"2014-10-13T06:11:23","slug":"enneagramme-outil-de-developpement-personnel","status":"publish","type":"page","link":"https:\/\/www.holisticattitude.com\/tete\/enneagramme-outil-de-developpement-personnel\/","title":{"rendered":"ENN\u00c9AGRAMME-outil de d\u00e9veloppement personnel"},"content":{"rendered":"<p>Comment cet outil pourra vous aider ?<\/p>\n<div id=\"attachment_10200\" style=\"width: 260px\" class=\"wp-caption aligncenter\"><a href=\"https:\/\/www.holisticattitude.com\/?attachment_id=10200\" rel=\"attachment wp-att-10200\"><img loading=\"lazy\" decoding=\"async\" aria-describedby=\"caption-attachment-10200\" src=\"https:\/\/www.holisticattitude.com\/wp-content\/uploads\/\/enn\u00e9agram_libell\u00e9.jpg\" alt=\"\" title=\"enn\u00e9agram_libell\u00e9\" width=\"250\" height=\"214\" class=\"size-full wp-image-10200\" \/><\/a><p id=\"caption-attachment-10200\" class=\"wp-caption-text\">L'\u00e9nn\u00e9agramme<\/p><\/div>\n<p><strong>Bienfaits<\/strong><\/p>\n<ul>\n<li>Outil de <strong>d\u00e9veloppement personnel<\/strong><\/li>\n<li>Discerner votre <strong>structure dominante<\/strong><\/li>\n<li><strong>Am\u00e9liorer vos relations<\/strong> avec les \tautres<\/li>\n<li>De reconna\u00eetre et de transformer<strong> vos passions<\/strong><\/li>\n<li>Apercevoir que <strong>votre point de vue est partag\u00e9 <\/strong>par des autres<\/li>\n<\/ul>\n<p>STRUCTURE ET ORIGINE<\/p>\n<ul>\n<li>L&rsquo;\u00e9nneagramme est une \u00e9toile \u00e0 \tneuf pointes<\/li>\n<li><strong>Enn\u00e9a<\/strong> signifie NEUF et \t<strong>gramme<\/strong> signifie FIGURE<\/li>\n<li>II est compos\u00e9 d&rsquo;un <strong>triangle<\/strong> et d&rsquo;un <strong>hexagramme<\/strong> (6 points) enferm\u00e9 dans un cercle<\/li>\n<li>II est un <strong>syst\u00e8me de typologie <\/strong>(classification) de structure de personnalit\u00e9s<\/li>\n<li>II trouve ses racines loin dans le temps qui remonte <strong>au philosophe grec Pythagore <\/strong>et chez les \t<strong>SOUFISTES<\/strong> ( mystiques de l&rsquo; moyen orient) .<\/li>\n<li>II a \u00e9t\u00e9 introduite en Europe par <strong>Gurdjieff<\/strong> enseignant russe mystique entre 1920 -1930<\/li>\n<\/ul>\n<p>Ce syst\u00e8me de classification distingue <strong>neuf type de personnalit\u00e9s (les enn\u00e9atypes) dominantes <\/strong>dont les individus d\u00e9 la m\u00eame personnalit\u00e9 <strong>partagent les m\u00eame motivations<\/strong> et la <strong>m\u00eame vision<\/strong> du monde.<\/p>\n<p>1. PERFECTIONNISTE (consciencieux, s\u00e9rieux, organis\u00e9, enseignants)<\/p>\n<p>2. ALTRUISTE -(consolant, d\u00e9sint\u00e9ress\u00e9, chaleureux, attentionn\u00e9)<\/p>\n<p>3. BATTANT -(orient\u00e9 r\u00e9sultat, ambitieuse, s\u00e9duisant, bourreaux de travail)<\/p>\n<p>4. ROMANTIQUE -(introspective, sensitive, r\u00e9serv\u00e9, m\u00e9lancolie)<\/p>\n<p>5. OBSERVATEUR -(curieux, ind\u00e9pendant, perspicace, isolement)<\/p>\n<p>6. QUESTIONNER -(fid\u00e8le, travailleur, engag\u00e9, angoiss\u00e9, ,)<\/p>\n<p>7. \u00c9PICURIEN -(enthousiaste, optimiste, joyeux, spontan\u00e9)<\/p>\n<p>8. CHEF \u2013 (fort, commandant, agressif, intimidant)<\/p>\n<p>9. M\u00c9DIATEUR -(facile \u00e0 vivre, acceptation, digne de confiance, stable)<\/p>\n<p><strong>LES AILES<\/strong> (comme les d&rsquo;un ange) II est rare qu&rsquo;un individu soit 100 % d&rsquo;un seul enn\u00e9atype.  Tr\u00e8s souvent il montre des traits d&rsquo;une autre personnalit\u00e9 (voir diagramme) qui se trouve soit sur son c\u00f4te gauche ou droit. Ces types adjacents sont appel\u00e9s les <strong>ailes<\/strong>. Par exemple un enn\u00e9atype du 3 (le battant) pr\u00e9sente souvent quelques caract\u00e9ristiques de l&rsquo;enn\u00e9atype 2 ou du 4. Selon <strong>la langage de l&rsquo;enn\u00e9agramme<\/strong> on dit \u00ab\u00a0qu&rsquo;il est un 3 avec une aile 2 d\u00e9velopp\u00e9\u00a0\u00bb ou \u00ab\u00a0une aile 4 d\u00e9velopp\u00e9\u00a0\u00bb en fonction de ses traits de caract\u00e8res qu&rsquo;il se manifeste.<\/p>\n<p><strong>TRIADES :<\/strong> On parle du \u00ab<strong> centre<\/strong> \u00bb ou des triades dans <strong>la langage de l&rsquo;enn\u00e9agramme<\/strong>.  Ces <strong>centres <\/strong>correspondent aux trois centres principaux du corps le <strong>c\u0153ur<\/strong> (\u00e9motionnel) la <strong>t\u00eate (<\/strong>mental) et le <strong>ventre<\/strong> (instinctif) (tr\u00e8s holistique). Pour prendre une d\u00e9cision certaines personnes suivent leur instinct, d&rsquo;autres leur c\u0153ur et d&rsquo;autres p\u00e8sent les pour et les contre.  Aucun de ces centres  n&rsquo;est sup\u00e9rieure \u00e0 une autre. Dans chaque triadeil y a 3 enn\u00e9atypes. L&rsquo;un de vos buts avec cet outil est de trouver <strong>dans quelle TRIADE vous \u00eates<\/strong>. <\/p>\n<li>Est-ce que vous \u00eates plut\u00f4t quelqu&rsquo;un domin\u00e9 par<strong> la peur<\/strong>, la <strong>col\u00e8re<\/strong> ou l&rsquo;<strong>image de soi (le regard des autres) ?<\/strong><\/li>\n<p><strong>Les trois enn\u00e9atypes (personnalit\u00e9s) g\u00e9r\u00e9 par le c\u0153ur (N\u00b02\/N\u00b03\/N\u00b04)<\/strong><\/p>\n<p>Chez ces personnes :-<\/p>\n<ul>\n<li>Le <strong>c\u0153ur<\/strong> joue un r\u00f4le important<\/li>\n<li>Leur<strong> intuition<\/strong> passe par le c\u0153ur<\/li>\n<li>Les <strong>sentiments<\/strong> dominent leur vie, l&rsquo;image de soi (le regard des autres)<\/li>\n<li>L&rsquo;\u00e9motion principale est <strong>\u00eatre reconnu<\/strong><\/li>\n<\/ul>\n<p><strong>Les trois enn\u00e9atypes (personnalit\u00e9s) fragilis\u00e9 par les intestins (N\u00b08\/N\u00b09\/N\u00b01)<\/strong><\/p>\n<p>Chez ces personnes :-<\/p>\n<ul>\n<li>Leur <strong>corps<\/strong> est leur centre instinctif, surtout les intestins.<\/li>\n<li>L&rsquo;\u00e9motion dominante est la <strong>col\u00e8re<\/strong>.<\/li>\n<li>II <strong>pr\u00e9f\u00e8re l&rsquo;action<\/strong><\/li>\n<\/ul>\n<p><strong>Les trois enn\u00e9atypes (personnalit\u00e9s) g\u00e9r\u00e9 par le mental (<\/strong>N\u00b05\/N\u00b06\/N\u00b07)<\/p>\n<p>Chez ces personnes :-<\/p>\n<ul>\n<li>Leur centre est <strong>leur t\u00eate<\/strong>.<\/li>\n<li>L&rsquo;\u00e9motion dominant est <strong>la peur<\/strong>.<\/li>\n<li>Ils pr\u00e9f\u00e8rent la compr\u00e9hension et la r\u00e9flexion<\/li>\n<\/ul>\n<p><strong>FL\u00c8CHES (les lignes des diagrammes)<\/strong><\/p>\n<p>Chaque enn\u00e9atypes <strong>a un rapport <\/strong>avec <strong>deux<\/strong> autres enn\u00e9atypes &lsquo;, le lien aux autres enn\u00e9atypes est indiqu\u00e9 par les fl\u00e8ches dans la diagramme.<\/p>\n<p><strong>LES RAPPORTS AVEC LES AUTRE ENN\u00c9ATYPES<\/strong><\/p>\n<table border=\"1\" cellspacing=\"0\" cellpadding=\"4\" width=\"488\" bordercolor=\"#000000\">\n<colgroup>\n<col width=\"101\"><\/col>\n<col width=\"160\"><\/col>\n<col width=\"200\"><\/col>\n<\/colgroup>\n<tbody>\n<tr valign=\"TOP\">\n<td width=\"101\"><strong>Type principal<\/strong><\/td>\n<td width=\"160\"><strong>D\u00e9tendu (int\u00e9gration)<\/strong><\/td>\n<td width=\"200\"><strong>Stress\u00e9 (d\u00e9sint\u00e9gration)<\/strong><\/td>\n<\/tr>\n<tr valign=\"TOP\">\n<td width=\"101\">1<\/td>\n<td width=\"160\">7<\/td>\n<td width=\"200\">4<\/td>\n<\/tr>\n<tr valign=\"TOP\">\n<td width=\"101\">2<\/td>\n<td width=\"160\">4<\/td>\n<td width=\"200\">8<\/td>\n<\/tr>\n<tr valign=\"TOP\">\n<td width=\"101\">3<\/td>\n<td width=\"160\">6<\/td>\n<td width=\"200\">9<\/td>\n<\/tr>\n<tr valign=\"TOP\">\n<td width=\"101\">4<\/td>\n<td width=\"160\">1<\/td>\n<td width=\"200\">2<\/td>\n<\/tr>\n<tr valign=\"TOP\">\n<td width=\"101\">5<\/td>\n<td width=\"160\">8<\/td>\n<td width=\"200\">7<\/td>\n<\/tr>\n<tr valign=\"TOP\">\n<td width=\"101\">6<\/td>\n<td width=\"160\">9<\/td>\n<td width=\"200\">3<\/td>\n<\/tr>\n<tr valign=\"TOP\">\n<td width=\"101\">7<\/td>\n<td width=\"160\">5<\/td>\n<td width=\"200\">1<\/td>\n<\/tr>\n<tr valign=\"TOP\">\n<td width=\"101\">8<\/td>\n<td width=\"160\">2<\/td>\n<td width=\"200\">5<\/td>\n<\/tr>\n<tr valign=\"TOP\">\n<td width=\"101\">9<\/td>\n<td width=\"160\">3<\/td>\n<td width=\"200\">6<\/td>\n<\/tr>\n<\/tbody>\n<\/table>\n<p><strong>Exemple du chef, enn\u00e9atypes 8 (voir diagramme)<\/strong><br \/>\n<div id=\"attachment_10202\" style=\"width: 189px\" class=\"wp-caption aligncenter\"><a href=\"https:\/\/www.holisticattitude.com\/?attachment_id=10202\" rel=\"attachment wp-att-10202\"><img loading=\"lazy\" decoding=\"async\" aria-describedby=\"caption-attachment-10202\" src=\"https:\/\/www.holisticattitude.com\/wp-content\/uploads\/\/enn\u00e9agramme_simple.jpg\" alt=\"\" title=\"enn\u00e9agramme_simple\" width=\"179\" height=\"152\" class=\"size-full wp-image-10202\" \/><\/a><p id=\"caption-attachment-10202\" class=\"wp-caption-text\">Un enn\u00e9agramme simple<\/p><\/div><br \/>\nD\u00e9placement de l&rsquo;\u00e9nergie dans L&rsquo;enn\u00e9agramme<\/p>\n<ul>\n<li>Lorsque l&rsquo;enn\u00e9atype <strong>8<\/strong> <strong>(chef) <\/strong>est  d\u00e9tendu il adopte les qualit\u00e9s <em>positives<\/em> de l&rsquo;enn\u00e9atype types <strong>2 (altruiste)<\/strong> ( suit le sens de la fl\u00e8che )<\/li>\n<li>Lorsque l&rsquo;enn\u00e9atype <strong>8 (chef) <\/strong>est <strong>sous l&#8217;emprise du stress <\/strong>il adopte les caract\u00e9ristiques \t<em>n\u00e9gatives<\/em> de l&rsquo;enn\u00e9atype type <strong>5<\/strong> <strong>(observateur)<\/strong>. \t(aller dans le sens inverse de la fl\u00e8che). Tout cela se passe inconsciemment.<\/li>\n<\/ul>\n<p>C&rsquo;est \u00e0 vous de d\u00e9cider du type <strong>auquel vous appartenez<\/strong> en faisant vos propres recherches, en essayant de vous conna\u00eetre.  M\u00e9fiez-vous des tests de personnalit\u00e9. <\/p>\n<p><strong>Des Personnes C\u00e9l\u00e8bres<\/strong><\/p>\n<p><strong>ENN\u00c9ATYPES 1<\/strong> : Nelson Mandela, Margaret Thatcher, Mahatma Gandhi, Al Gore, Jane Fonda, Celine Dion,  Mr. Spock (Star Trek).<\/p>\n<p><strong>ENN\u00c9ATYPES 2:<\/strong> M\u00e8re Teresa,  Rachel en Friends, Luciano Pavrotti, Dr McMoy (star trek), Bishop Desmond &lsquo;Tutu&rsquo;.<\/p>\n<p><strong>ENN\u00c9ATYPES 3 : <\/strong>Oprah winfrey, Tom Cruise, Madonna, Sting, Arnold Schwarznegger, Barack Obama.<\/p>\n<p><strong>ENN\u00c9ATYPES 4 : <\/strong>acteurs du cinema, acteurs du t\u00e9l\u00e9vision, acteurs du th\u00e9atre, Oscar Wilde, Marlon Brando, Prince Charles, Van Gough, Judy Garland, Michael Jackson, Michel Proust, Jonny Depp.<\/p>\n<p><strong>ENN\u00c9ATYPES 5<\/strong> : Albert Einstein, Jeremy Irons, Bill Gates, John Lennon, Agatha Christie, Tim Burton, Stephen King.<\/p>\n<p><strong>ENN\u00c9ATYPES 6<\/strong> : John MacEnroe, Woody Allen, Robert Redford, Julie Roberts, Sherlock Holmes, Princess Diane.<\/p>\n<p><strong>ENN\u00c9ATYPES 7<\/strong> : Richard Branson, Wolfgang Amadeus, Mozart, Speilberg, Mike Jagger.<\/p>\n<p><strong>ENN\u00c9ATYPES 8 : <\/strong>Michael Moore, Gurdjieff (le pere de l&rsquo;enneagramme moderne) Pablo Picasso, Richard Wagner, Saddham Hussein, Frank Sinatra, Nicola Sarkozy<\/p>\n<p><strong>ENN\u00c9ATYPES 9 : les m\u00e9diateurs<\/strong>, Ringo Starr, Jung, Alfred Hitchcock, Fran\u00e7ois Hollande.<\/p>\n","protected":false},"excerpt":{"rendered":"<p>Comment cet outil pourra vous aider ? Bienfaits Outil de d\u00e9veloppement personnel Discerner votre structure dominante Am\u00e9liorer vos relations avec les autres De reconna\u00eetre et de transformer vos passions Apercevoir que votre point de vue est partag\u00e9 par des autres STRUCTURE ET ORIGINE L&rsquo;\u00e9nneagramme est une \u00e9toile \u00e0 neuf pointes Enn\u00e9a signifie NEUF et gramme [&hellip;]<\/p>\n","protected":false},"author":1,"featured_media":0,"parent":197,"menu_order":10,"comment_status":"open","ping_status":"closed","template":"","meta":{"_monsterinsights_skip_tracking":false,"_monsterinsights_sitenote_active":false,"_monsterinsights_sitenote_note":"","_monsterinsights_sitenote_category":0,"slim_seo":{"title":"ENN\u00c9AGRAMME-outil de d\u00e9veloppement personnel - Holistic Attitude","description":"Comment cet outil pourra vous aider ? L'\u00e9nn\u00e9agramme Bienfaits Outil de d\u00e9veloppement personnel Discerner votre structure dominante Am\u00e9liorer vos relations avec"},"footnotes":""},"class_list":["post-3811","page","type-page","status-publish","hentry"],"_links":{"self":[{"href":"https:\/\/www.holisticattitude.com\/wp-json\/wp\/v2\/pages\/3811","targetHints":{"allow":["GET"]}}],"collection":[{"href":"https:\/\/www.holisticattitude.com\/wp-json\/wp\/v2\/pages"}],"about":[{"href":"https:\/\/www.holisticattitude.com\/wp-json\/wp\/v2\/types\/page"}],"author":[{"embeddable":true,"href":"https:\/\/www.holisticattitude.com\/wp-json\/wp\/v2\/users\/1"}],"replies":[{"embeddable":true,"href":"https:\/\/www.holisticattitude.com\/wp-json\/wp\/v2\/comments?post=3811"}],"version-history":[{"count":4,"href":"https:\/\/www.holisticattitude.com\/wp-json\/wp\/v2\/pages\/3811\/revisions"}],"predecessor-version":[{"id":10201,"href":"https:\/\/www.holisticattitude.com\/wp-json\/wp\/v2\/pages\/3811\/revisions\/10201"}],"up":[{"embeddable":true,"href":"https:\/\/www.holisticattitude.com\/wp-json\/wp\/v2\/pages\/197"}],"wp:attachment":[{"href":"https:\/\/www.holisticattitude.com\/wp-json\/wp\/v2\/media?parent=3811"}],"curies":[{"name":"wp","href":"https:\/\/api.w.org\/{rel}","templated":true}]}}