{"id":38,"date":"2011-02-08T10:22:26","date_gmt":"2011-02-08T10:22:26","guid":{"rendered":"http:\/\/holisticattitude\/wordpress\/?page_id=38"},"modified":"2014-11-29T19:37:53","modified_gmt":"2014-11-29T17:37:53","slug":"le-corps","status":"publish","type":"page","link":"https:\/\/www.holisticattitude.com\/le-corps\/","title":{"rendered":"CORPS"},"content":{"rendered":"<p>Apr\u00e8s de nombreuses ann\u00e9es d&rsquo;exercer des m\u00e9tiers divers (formatrice en developpement personnel, professeur de remise en forme, praticienne de massage) et de nombreuses activit\u00e9es, (yoga, relaxation, Tai Chi, du jogging) aujourd&rsquo;hui j&rsquo;ai compris combien il est essentiel de prendre soin du corps.     <\/p>\n<p>Apr\u00e8s tout, le corps est consid\u00e9r\u00e9 comme <strong>un v\u00e9hicule qui abrite l&rsquo;\u00e2me! <\/strong><br \/>\n<strong> \u00ab\u00a0Prends soin de ton corps afin que ton \u00e2me ait envie d&rsquo;y rester\u00a0\u00bb (proverbe indienne)<\/strong><\/p>\n","protected":false},"excerpt":{"rendered":"<p>Apr\u00e8s de nombreuses ann\u00e9es d&rsquo;exercer des m\u00e9tiers divers (formatrice en developpement personnel, professeur de remise en forme, praticienne de massage) et de nombreuses activit\u00e9es, (yoga, relaxation, Tai Chi, du jogging) aujourd&rsquo;hui j&rsquo;ai compris combien il est essentiel de prendre soin du corps. Apr\u00e8s tout, le corps est consid\u00e9r\u00e9 comme un v\u00e9hicule qui abrite l&rsquo;\u00e2me! \u00ab\u00a0Prends [&hellip;]<\/p>\n","protected":false},"author":1,"featured_media":0,"parent":0,"menu_order":6,"comment_status":"open","ping_status":"closed","template":"","meta":{"_monsterinsights_skip_tracking":false,"_monsterinsights_sitenote_active":false,"_monsterinsights_sitenote_note":"","_monsterinsights_sitenote_category":0,"slim_seo":{"title":"CORPS - Holistic Attitude","description":"Apr\u00e8s de nombreuses ann\u00e9es d'exercer des m\u00e9tiers divers (formatrice en developpement personnel, professeur de remise en forme, praticienne de massage) et de nom"},"footnotes":""},"class_list":["post-38","page","type-page","status-publish","hentry"],"_links":{"self":[{"href":"https:\/\/www.holisticattitude.com\/wp-json\/wp\/v2\/pages\/38","targetHints":{"allow":["GET"]}}],"collection":[{"href":"https:\/\/www.holisticattitude.com\/wp-json\/wp\/v2\/pages"}],"about":[{"href":"https:\/\/www.holisticattitude.com\/wp-json\/wp\/v2\/types\/page"}],"author":[{"embeddable":true,"href":"https:\/\/www.holisticattitude.com\/wp-json\/wp\/v2\/users\/1"}],"replies":[{"embeddable":true,"href":"https:\/\/www.holisticattitude.com\/wp-json\/wp\/v2\/comments?post=38"}],"version-history":[{"count":2,"href":"https:\/\/www.holisticattitude.com\/wp-json\/wp\/v2\/pages\/38\/revisions"}],"predecessor-version":[{"id":11023,"href":"https:\/\/www.holisticattitude.com\/wp-json\/wp\/v2\/pages\/38\/revisions\/11023"}],"wp:attachment":[{"href":"https:\/\/www.holisticattitude.com\/wp-json\/wp\/v2\/media?parent=38"}],"curies":[{"name":"wp","href":"https:\/\/api.w.org\/{rel}","templated":true}]}}