{"id":3734,"date":"2012-12-22T17:41:03","date_gmt":"2012-12-22T15:41:03","guid":{"rendered":"https:\/\/www.holisticattitude.com\/wordpress\/?page_id=3734"},"modified":"2021-03-02T18:11:03","modified_gmt":"2021-03-02T16:11:03","slug":"les-huit-pieces-brocart","status":"publish","type":"page","link":"https:\/\/www.holisticattitude.com\/energie\/les-huit-pieces-brocart\/","title":{"rendered":"LES HUIT PI\u00c8CES DE BROCART"},"content":{"rendered":"<p>Les <strong>Huit pi\u00e8ces de Brocart<\/strong> (\u00e9galement appel\u00e9 <strong>Huit exercices pr\u00e9cieux<\/strong> ou <strong>huit pi\u00e8ces de soie)<\/strong> s&rsquo;agit d&rsquo;une forme classique de &lsquo;QiGong&rsquo; qui \u00e9tait destin\u00e9e \u00e0 entretenir la vitalit\u00e9 des <strong>soldats<\/strong> et des <strong>officiers<\/strong>. <\/p>\n<p>Vieux de cinq mille ans le <strong>Qi gong<\/strong> (prononcez tchi Kong) est issu de la m\u00e9decine chinoise et ressemble \u00e0 une gymnastique douce et tr\u00e8s lente.<\/p>\n<p>Litt\u00e9ralement ce terme d\u00e9signe le \u00ab\u00a0travail de l&rsquo;\u00e9nergie\u00a0\u00bb et vise \u00e0 r\u00e9tablir l&rsquo;\u00e9quilibre entre le corps et l&rsquo;esprit.  le <strong>Qi-Gong<\/strong> vise \u00e0 capter les \u00e9nergies venues du ciel (<strong>YANG)<\/strong> et issues de la terre <strong>(YIN)<\/strong> et \u00e0 les faire circuler librement dans le corps pour \u00e9viter les \u00ab\u00a0blocages\u00a0\u00bb responsables des maladies<\/p>\n<p>Des scientifiques ont m\u00eame montr\u00e9 chez les pratiquants une am\u00e9lioration de la <strong>m\u00e9moire<\/strong>, de la <strong>digestion<\/strong> et une baisse de <strong>l&rsquo;anxi\u00e9t\u00e9.<\/strong><\/p>\n<p>Le <a href=\"https:\/\/www.holisticattitude.com\/?page_id=6556\"> <strong>D\u0101n Ti\u00e1n INF\u00c9RIEUR <\/strong> <\/a> est la r\u00e9gion du bas-ventre situ\u00e9 de 3 \u00e0 4 doigts en dessous du nombril.  Le D\u0101n Ti\u00e1n est un<strong> entrep\u00f4t<\/strong>, une r\u00e9serve d&rsquo;\u00e9nergie CHI<br \/>\nCette zone est aussi appel\u00e9 <strong>Hara<\/strong> en japonais ou <strong>Swadhisthana<\/strong> en sanskrit.  Le DAN TIAN est le point central d&rsquo;\u00e9quilibre.<\/p>\n<p>Les <strong>exercices de Qi Gong<\/strong> aide \u00e0 <\/p>\n<li>Augmenter la <strong> quantit\u00e9 d&rsquo;\u00e9nergie vitale <\/strong> et la faire circuler dans le corps qui permet d&rsquo;augmenter les performances physiques.<\/li>\n<li> Le<strong> Qi Gong<\/strong> renforce <strong>la collag\u00e8ne,<\/strong> une <strong>prot\u00e9ine<\/strong> responsable de l\u2019\u00e9lasticit\u00e9 de la jeunesse  de notre peau qui est pr\u00e9sente dans tous les tissus du soutien de notre organe.<\/li>\n<li> Le <strong>Qi Gong<\/strong> stimule le syst\u00e8me immunitaire et renforcer nos d\u00e9fenses naturelles,  l&rsquo;\u00e9nergie <strong>Weiqi<\/strong>.<\/li>\n<p>\t<\/Br><\/p>\n<p><strong>CONSIGNES POUR PRATIQUER LES EXERCICES<\/strong><\/p>\n<li>Le mouvement vient de la taille  <a href=\"https:\/\/www.holisticattitude.com\/?page_id=1187\"> <strong>DAN TIAN<\/strong> <\/a>   et de la colonne vert\u00e9brale<\/li>\n<li>Soyez <strong>d\u00e9tendu<\/strong>, rel\u00e2chez les \u00e9paules, laissez tomber le coude, d\u00e9tendez les doigts.<\/li>\n<li>Respirez<strong> le plus bas<\/strong> possible<\/li>\n<li>Garder le dos droit (la verticalit\u00e9 du corps est primordial), tous les membres du corps sont d\u00e9contract\u00e9s et pliez <strong>l\u00e9g\u00e8rement les genoux lorsque n\u00e9cessaire<\/strong>.<\/li>\n<li>Votre <strong>regard suit les mains<\/strong>, les <strong>pas suivent le rythme <\/strong>du corps.<\/li>\n<li>Sentez <strong>l&rsquo;enracinement<\/strong>, (le contact des pieds avec la terre).<\/li>\n<li>Focalisez-vous sur <strong>les sensations du corps.<\/strong><\/li>\n<li>Les mouvements sont faits dans <strong>la lenteur<\/strong>.<\/li>\n<li>Videz vous la t\u00eate, votre esprit, facile \u00e0 dire mais ne pas facile \u00e0 faire.<\/li>\n<p>\ud83d\ude42<\/p>\n<p><strong>BIENFAITS<\/strong><\/p>\n<li>R\u00e9\u00e9quilibrer l&rsquo;\u00e9nergie dans la corps.<\/li>\n<li>Stimuler la circulation sanguine.<\/li>\n<li>Lutter contre le stress.<\/li>\n<table border=\"\u201d1\u2033\" cellspacing=\"\u201d0\u2033\" cellpadding=\"\u201d0\u2033\" width=\"\u201d390\u2033\">\n<tbody>\n<tr>\n<td><strong>LES MOUVEMENTS<\/strong><\/td>\n<td><strong>DESCRIPTION<\/strong><\/td>\n<td><strong>BIENFAITS<\/strong><\/td>\n<\/tr>\n<tr>\n<td><strong>Touchez le ciel<\/strong> :<div id=\"attachment_10329\" style=\"width: 118px\" class=\"wp-caption aligncenter\"><a href=\"https:\/\/www.holisticattitude.com\/?attachment_id=10329\" rel=\"attachment wp-att-10329\"><img loading=\"lazy\" decoding=\"async\" aria-describedby=\"caption-attachment-10329\" src=\"https:\/\/www.holisticattitude.com\/wp-content\/uploads\/\/8brocart_num\u00e9ro1_soutenirleciel1.jpg\" alt=\"\" title=\"8brocart_num\u00e9ro1_soutenirleciel\" width=\"108\" height=\"201\" class=\"size-full wp-image-10329\" \/><\/a><p id=\"caption-attachment-10329\" class=\"wp-caption-text\">NO. 1 SOUTENIR LE CIEL<\/p><\/div>\n<\/td>\n<td> NUM\u00c9RO 1 : <strong>SOUTENIR LA TERRE<\/strong> (YIN) <strong>ET LE CIEL<\/strong> (YANG) <strong>AVEC LES MAINS<\/strong><\/td>\n<td>\n<li>R\u00e9gularise les <strong>trois foyers<\/strong> (<strong>SAN<\/strong>&#8211;<em>qui signifie 3<\/em> <strong>JIAO<\/strong>&#8211;<em>qui signifie br\u00fble<\/em>) ou <strong>les 3 r\u00e9chauffeurs<\/strong> (trois zones d\u2019\u00e9nergie) qui comprennent le r\u00e9chauffeur sup\u00e9rieur, moyen et inf\u00e9rieur. <\/li>\n<li>R\u00e9gularise le QI dans le triple foyers<\/li>\n<\/td>\n<\/tr>\n<tr>\n<td><strong>Lancer une fl\u00eache<\/strong>   <div id=\"attachment_10330\" style=\"width: 270px\" class=\"wp-caption aligncenter\"><a href=\"https:\/\/www.holisticattitude.com\/?attachment_id=10330\" rel=\"attachment wp-att-10330\"><img loading=\"lazy\" decoding=\"async\" aria-describedby=\"caption-attachment-10330\" src=\"https:\/\/www.holisticattitude.com\/wp-content\/uploads\/\/8brocart_num\u00e9ro2_viseraigletresloin-e1408381675626.jpg\" alt=\"\" title=\"8brocart_num\u00e9ro2_viseraigletresloin\" width=\"260\" height=\"197\" class=\"size-full wp-image-10330\" \/><\/a><p id=\"caption-attachment-10330\" class=\"wp-caption-text\">No. 2 VISER UN AIGLE DE LOIN<\/p><\/div><\/td>\n<td>NUM\u00c9RO  2 : <strong>VISER UN AIGLE TRES LOIN (s&rsquo;exercer au tir \u00e0 l&rsquo;arc)<\/strong><\/td>\n<td>\n<li>Renforce la taille et les reins<\/li>\n<\/td>\n<\/tr>\n<tr>\n<td><strong>Touchez la terre et le ciel<\/strong> <div id=\"attachment_10332\" style=\"width: 210px\" class=\"wp-caption aligncenter\"><a href=\"https:\/\/www.holisticattitude.com\/?attachment_id=10332\" rel=\"attachment wp-att-10332\"><img loading=\"lazy\" decoding=\"async\" aria-describedby=\"caption-attachment-10332\" src=\"https:\/\/www.holisticattitude.com\/wp-content\/uploads\/\/8brocart_num\u00e9ro3_Separerterreetciel.jpg\" alt=\"\" title=\"8brocart_num\u00e9ro3_Separerterreetciel\" width=\"200\" height=\"240\" class=\"size-full wp-image-10332\" \/><\/a><p id=\"caption-attachment-10332\" class=\"wp-caption-text\">NO. 3 S\u00c9PARER LA TERRE ET LE CIEL<\/p><\/div>   <\/td>\n<td>NUM\u00c9RO 3 : <strong>S\u00c9PARER LA TERRE<\/strong> (YIN) <strong>ET LE CIEL<\/strong> (YANG)<\/td>\n<td>\n<li>R\u00e9gularise la rate et l&rsquo;estomac.<\/li>\n<\/td>\n<\/tr>\n<tr>\n<td><strong>Tournez le tronc d&rsquo;un c\u00f4t\u00e9 \u00e0 un c\u00f4t\u00e9 <\/strong><div id=\"attachment_10333\" style=\"width: 113px\" class=\"wp-caption aligncenter\"><a href=\"https:\/\/www.holisticattitude.com\/?attachment_id=10333\" rel=\"attachment wp-att-10333\"><img loading=\"lazy\" decoding=\"async\" aria-describedby=\"caption-attachment-10333\" src=\"https:\/\/www.holisticattitude.com\/wp-content\/uploads\/\/8brocart_num\u00e9ro4sepenchersurlec\u00f4t\u00e9.gif\" alt=\"\" title=\"8brocart_num\u00e9ro4sepenchersurlec\u00f4t\u00e9\" width=\"103\" height=\"168\" class=\"size-full wp-image-10333\" \/><\/a><p id=\"caption-attachment-10333\" class=\"wp-caption-text\">NO. 4 SE PENCHER SUR LE C\u00d6T\u00c9<\/p><\/div><\/td>\n<td>NUM\u00c9RO 4 : <strong>HOCHER LA T\u00caTE ET BALANCER LA QUEUE<\/strong><\/td>\n<td>\n<li>Apaise le feu du c\u0153ur<\/li>\n<\/td>\n<\/tr>\n<tr>\n<td><strong>Regardez par dessus l&rsquo;\u00e9paule<\/strong>     <div id=\"attachment_10334\" style=\"width: 116px\" class=\"wp-caption aligncenter\"><a href=\"https:\/\/www.holisticattitude.com\/?attachment_id=10334\" rel=\"attachment wp-att-10334\"><img loading=\"lazy\" decoding=\"async\" aria-describedby=\"caption-attachment-10334\" src=\"https:\/\/www.holisticattitude.com\/wp-content\/uploads\/\/8brocart_num\u00e9ro5_regarderenarri\u00e8re.gif\" alt=\"\" title=\"8brocart_num\u00e9ro5_regarderenarri\u00e8re\" width=\"106\" height=\"165\" class=\"size-full wp-image-10334\" \/><\/a><p id=\"caption-attachment-10334\" class=\"wp-caption-text\">NO. 5 SE RETOURNER EN ARRI\u00c8RE<\/p><\/div><\/td>\n<td>NUM\u00c9RO 5 : <strong>REGARDER EN ARRI\u00c8RE <\/strong>\u00c9LOIGNE LES <strong>5 FAIBLESSES<\/strong> et <strong>7 BLESSURES<\/strong><\/td>\n<td>\n<li>S&rsquo;\u00e9loigner les <strong>5 faiblesses<\/strong> (font allusion des cinq organes <strong>internes yin<\/strong> (<strong>c\u0153ur, foie, rate, poumons et reins<\/strong>) et les <strong>7 blessures sont li\u00e9es aux \u00e9motions excessives <\/strong>(<strong>col\u00e8re, joie, tristesse, peur, obsession, inqui\u00e9tude, effroi)<\/strong>. Chacun peut blesser un organe en particulier et engendrer des maladies. <\/li>\n<li>Les <strong>cinq maladie<\/strong>s sont les suivantes : <strong>regarder trop<\/strong> blesse le sang, <strong>s&rsquo;asseoir trop<\/strong> blesse les muscles, <strong>\u00eatre debout trop <\/strong>longtemps blesse les os, <strong>marcher trop<\/strong> blesse les tendons et <strong>s&rsquo;allonger trop<\/strong> blesse le <strong>qi<\/strong> (l&rsquo;\u00e9nergie vitale)<\/li>\n<\/td>\n<\/tr>\n<tr>\n<td><strong>Touchez les pieds<\/strong>  <div id=\"attachment_10337\" style=\"width: 86px\" class=\"wp-caption aligncenter\"><a href=\"https:\/\/www.holisticattitude.com\/?attachment_id=10337\" rel=\"attachment wp-att-10337\"><img loading=\"lazy\" decoding=\"async\" aria-describedby=\"caption-attachment-10337\" src=\"https:\/\/www.holisticattitude.com\/wp-content\/uploads\/\/8brocart_num\u00e9ro6_sepencherenavant.jpg\" alt=\"\" title=\"8brocart_num\u00e9ro6_sepencherenavant\" width=\"76\" height=\"129\" class=\"size-full wp-image-10337\" \/><\/a><p id=\"caption-attachment-10337\" class=\"wp-caption-text\">NO. 6 SE PENCHER EN AVANT<\/p><\/div>     <\/td>\n<td>NUM\u00c9RO 6 : <strong>SE PENCHER EN AVANT POUR TOUCHER LES PIEDS<\/strong><\/td>\n<td>\n<li>Renforce les reins<\/li>\n<\/td>\n<\/tr>\n<tr>\n<td><strong>Donner un coup de poing<\/strong>    <div id=\"attachment_10338\" style=\"width: 112px\" class=\"wp-caption aligncenter\"><a href=\"https:\/\/www.holisticattitude.com\/?attachment_id=10338\" rel=\"attachment wp-att-10338\"><img loading=\"lazy\" decoding=\"async\" aria-describedby=\"caption-attachment-10338\" src=\"https:\/\/www.holisticattitude.com\/wp-content\/uploads\/\/8brocart_num\u00e9ro7menacerdespoings.gif\" alt=\"\" title=\"8brocart_num\u00e9ro7menacerdespoings\" width=\"102\" height=\"171\" class=\"size-full wp-image-10338\" \/><\/a><p id=\"caption-attachment-10338\" class=\"wp-caption-text\">NO. 7 MENACER DES POINGS<\/p><\/div><\/td>\n<td>NUM\u00c9RO 7 : <strong>SERRER LES POINGS AVEC LES YEUX<\/strong><\/td>\n<td>\n<li>Renforce l&rsquo;\u00e9nergie des muscles et stimule le foie.<\/li>\n<li>Cr\u00e9er la puissance interne.<\/li>\n<\/td>\n<\/tr>\n<tr>\n<td><strong>\u00c9quilibre sur la pointe des pieds<\/strong>    <div id=\"attachment_10339\" style=\"width: 111px\" class=\"wp-caption aligncenter\"><a href=\"https:\/\/www.holisticattitude.com\/?attachment_id=10339\" rel=\"attachment wp-att-10339\"><img loading=\"lazy\" decoding=\"async\" aria-describedby=\"caption-attachment-10339\" src=\"https:\/\/www.holisticattitude.com\/wp-content\/uploads\/\/8brocart_num\u00e9ro8_seleversurlespieds.gif\" alt=\"\" title=\"8brocart_num\u00e9ro8_seleversurlespieds\" width=\"101\" height=\"181\" class=\"size-full wp-image-10339\" \/><\/a><p id=\"caption-attachment-10339\" class=\"wp-caption-text\">SE SOULEVER SUR LA POINTE DES PIEDS<\/p><\/div><\/td>\n<td>NUM\u00c9RO 8 : <strong>SE LEVER SUR LES POINTS DES PIEDS<\/strong><\/td>\n<td>\n<li>Gu\u00e9rir les cent maladies et r\u00e9gularise <strong>les 6 m\u00e9ridiens<\/strong><\/li>\n<\/td>\n<\/tr>\n<\/tbody>\n<\/table>\n","protected":false},"excerpt":{"rendered":"<p>Les Huit pi\u00e8ces de Brocart (\u00e9galement appel\u00e9 Huit exercices pr\u00e9cieux ou huit pi\u00e8ces de soie) s&rsquo;agit d&rsquo;une forme classique de &lsquo;QiGong&rsquo; qui \u00e9tait destin\u00e9e \u00e0 entretenir la vitalit\u00e9 des soldats et des officiers. Vieux de cinq mille ans le Qi gong (prononcez tchi Kong) est issu de la m\u00e9decine chinoise et ressemble \u00e0 une gymnastique [&hellip;]<\/p>\n","protected":false},"author":1,"featured_media":0,"parent":3040,"menu_order":14,"comment_status":"closed","ping_status":"closed","template":"","meta":{"_monsterinsights_skip_tracking":false,"_monsterinsights_sitenote_active":false,"_monsterinsights_sitenote_note":"","_monsterinsights_sitenote_category":0,"slim_seo":{"title":"LES HUIT PI\u00c8CES DE BROCART - Holistic Attitude","description":"Les Huit pi\u00e8ces de Brocart (\u00e9galement appel\u00e9 Huit exercices pr\u00e9cieux ou huit pi\u00e8ces de soie) s'agit d'une forme classique de 'QiGong' qui \u00e9tait destin\u00e9e \u00e0 entre"},"footnotes":""},"class_list":["post-3734","page","type-page","status-publish","hentry"],"_links":{"self":[{"href":"https:\/\/www.holisticattitude.com\/wp-json\/wp\/v2\/pages\/3734","targetHints":{"allow":["GET"]}}],"collection":[{"href":"https:\/\/www.holisticattitude.com\/wp-json\/wp\/v2\/pages"}],"about":[{"href":"https:\/\/www.holisticattitude.com\/wp-json\/wp\/v2\/types\/page"}],"author":[{"embeddable":true,"href":"https:\/\/www.holisticattitude.com\/wp-json\/wp\/v2\/users\/1"}],"replies":[{"embeddable":true,"href":"https:\/\/www.holisticattitude.com\/wp-json\/wp\/v2\/comments?post=3734"}],"version-history":[{"count":15,"href":"https:\/\/www.holisticattitude.com\/wp-json\/wp\/v2\/pages\/3734\/revisions"}],"predecessor-version":[{"id":16467,"href":"https:\/\/www.holisticattitude.com\/wp-json\/wp\/v2\/pages\/3734\/revisions\/16467"}],"up":[{"embeddable":true,"href":"https:\/\/www.holisticattitude.com\/wp-json\/wp\/v2\/pages\/3040"}],"wp:attachment":[{"href":"https:\/\/www.holisticattitude.com\/wp-json\/wp\/v2\/media?parent=3734"}],"curies":[{"name":"wp","href":"https:\/\/api.w.org\/{rel}","templated":true}]}}