{"id":34,"date":"2011-02-08T10:03:36","date_gmt":"2011-02-08T08:03:36","guid":{"rendered":"http:\/\/holisticattitude\/wordpress\/?page_id=34"},"modified":"2014-02-23T19:03:40","modified_gmt":"2014-02-23T17:03:40","slug":"le-stress-pourrait-vous-tuer","status":"publish","type":"page","link":"https:\/\/www.holisticattitude.com\/le-corps\/le-stress-pourrait-vous-tuer\/","title":{"rendered":"LE STRESS POURRAIT VOUS TUER"},"content":{"rendered":"<p><strong>Le stress, qu&rsquo;est-ce que c&rsquo;est?<\/strong>\u00a0 <a href=\"https:\/\/www.holisticattitude.com\/wp-content\/uploads\/stresshead1.jpg\"><img loading=\"lazy\" decoding=\"async\" src=\"https:\/\/www.holisticattitude.com\/wp-content\/uploads\/stresshead1.jpg\" alt=\"\" title=\"stresshead\" width=\"128\" height=\"90\" class=\"alignleft size-full wp-image-479\" \/><\/a>Tout le monde\u00a0en parle.\u00a0 Le\u00a0mot <em>stress<\/em> est un mot emprunt\u00e9 \u00e0 la langue\u00a0anglaise qui veut dire SERRER.\u00a0 II y a un c\u00f4t\u00e9<strong> positif<\/strong> aussi bien que <strong>n\u00e9gatif<\/strong> qui est\u00a0n\u00e9cessaire \u00e0 notre vie pour nous <strong>faire \u00e9voluer<\/strong>. II est invisible mais puissant.\u00a0 Le stress envahit le monde de l&rsquo;entreprise.\u00a0<strong> 72%<\/strong> des collaborateurs affirment ressentir du stress au bureau.\u00a0 <strong>11%<\/strong> ont d\u00e9j\u00e0 eu un ou plusieurs arr\u00eats de maladie li\u00e9s au stress.<\/p>\n<p><\/p>\n<li>Le stress, peut-\u00eatre aussi BEAU comme l\u2019\u00e9motion qui accompagne un mariage ou une naissance\u00a0ou MAUVAIS comme <strong> le harc\u00e8lement moral<\/strong>  (un fl\u00e9au de notre soci\u00e9t\u00e9 moderne)\u00a0 ou de nouvelles responsabilit\u00e9s professionnelles.<\/li>\n<p>\nLes <strong>cons\u00e9quences<\/strong> du stress <strong>sont bien diff\u00e9rentes<\/strong> d\u2019un individu \u00e0 l\u2019autre. Pour certains d\u2019entre nous, une simple contrari\u00e9t\u00e9 est v\u00e9cue par l\u2019organisme comme un stress, entra\u00eenant <strong>nervosit\u00e9 <\/strong>et <strong>insomnie<\/strong>, voir <strong>diarrh\u00e9es<\/strong> et <strong>vomissements<\/strong>, alors que chez d\u2019autres, la m\u00eame contrari\u00e9t\u00e9 n\u2019entra\u00eenera qu\u2019indiff\u00e9rence <strong>ou<\/strong> se traduira par un exc\u00e8s de <strong>violence verbale<\/strong> et parfois physique.<\/p>\n<p><\/p>\n<li>Les agressions ext\u00e9rieurs ou les facteurs de STRESS sont aussi connu sous le nom de \u00ab\u00a0STRESSEURS\u00a0\u00bb  (stressors en anglais)  <\/li>\n<li> Les STRESSORS  comprennent la mort, le licenciement, le d\u00e9m\u00e9nagement, le divorce, le surcharge de travail, le surcharge d&rsquo;information, la mise au placard&#8230;<\/li>\n<p>.  <\/p>\n<li>Due \u00e0 notre vie active, (professionnelle, sociale et affective) les <strong>agressions ext\u00e9rieures<\/strong> que ce soit r\u00e9elles ou imaginaires ENGENDRENT toute sorte de sympt\u00f4mes de STRESS  (maux de t\u00eate, maux de ventre, des tensions musculaires; une boule \u00e0 l&rsquo;estomac&#8230;) qui peuvent aller des sympt\u00f4mes <strong>l\u00e9gers<\/strong> \u00e0 des sympt\u00f4mes tr\u00e8s <strong>GRAVE  <\/strong> comme une crise cardiaque.<br \/><\/p>\n","protected":false},"excerpt":{"rendered":"<p>Le stress, qu&rsquo;est-ce que c&rsquo;est?\u00a0 Tout le monde\u00a0en parle.\u00a0 Le\u00a0mot stress est un mot emprunt\u00e9 \u00e0 la langue\u00a0anglaise qui veut dire SERRER.\u00a0 II y a un c\u00f4t\u00e9 positif aussi bien que n\u00e9gatif qui est\u00a0n\u00e9cessaire \u00e0 notre vie pour nous faire \u00e9voluer. II est invisible mais puissant.\u00a0 Le stress envahit le monde de l&rsquo;entreprise.\u00a0 72% des [&hellip;]<\/p>\n","protected":false},"author":1,"featured_media":0,"parent":38,"menu_order":1,"comment_status":"open","ping_status":"closed","template":"","meta":{"_monsterinsights_skip_tracking":false,"_monsterinsights_sitenote_active":false,"_monsterinsights_sitenote_note":"","_monsterinsights_sitenote_category":0,"slim_seo":{"title":"LE STRESS POURRAIT VOUS TUER - Holistic Attitude","description":"Le stress, qu'est-ce que c'est? \u00a0 Tout le monde\u00a0en parle.\u00a0 Le\u00a0mot stress est un mot emprunt\u00e9 \u00e0 la langue\u00a0anglaise qui veut dire SERRER.\u00a0 II y a un c\u00f4t\u00e9 positif"},"footnotes":""},"class_list":["post-34","page","type-page","status-publish","hentry"],"_links":{"self":[{"href":"https:\/\/www.holisticattitude.com\/wp-json\/wp\/v2\/pages\/34","targetHints":{"allow":["GET"]}}],"collection":[{"href":"https:\/\/www.holisticattitude.com\/wp-json\/wp\/v2\/pages"}],"about":[{"href":"https:\/\/www.holisticattitude.com\/wp-json\/wp\/v2\/types\/page"}],"author":[{"embeddable":true,"href":"https:\/\/www.holisticattitude.com\/wp-json\/wp\/v2\/users\/1"}],"replies":[{"embeddable":true,"href":"https:\/\/www.holisticattitude.com\/wp-json\/wp\/v2\/comments?post=34"}],"version-history":[{"count":0,"href":"https:\/\/www.holisticattitude.com\/wp-json\/wp\/v2\/pages\/34\/revisions"}],"up":[{"embeddable":true,"href":"https:\/\/www.holisticattitude.com\/wp-json\/wp\/v2\/pages\/38"}],"wp:attachment":[{"href":"https:\/\/www.holisticattitude.com\/wp-json\/wp\/v2\/media?parent=34"}],"curies":[{"name":"wp","href":"https:\/\/api.w.org\/{rel}","templated":true}]}}