{"id":3182,"date":"2012-06-08T17:02:01","date_gmt":"2012-06-08T15:02:01","guid":{"rendered":"https:\/\/www.holisticattitude.com\/wordpress\/?page_id=3182"},"modified":"2021-01-03T21:31:45","modified_gmt":"2021-01-03T19:31:45","slug":"respiration-ujjayi-ou-la-respiration-de-loceane","status":"publish","type":"page","link":"https:\/\/www.holisticattitude.com\/yoga\/respiration-ujjayi-ou-la-respiration-de-loceane\/","title":{"rendered":"RESPIRATION UJJAYI (LA RESPIRATION DE L\u2019OC\u00c9ANE)"},"content":{"rendered":"<p style=\"margin-bottom: 0cm;\">Ujjayi  qui veut dire <strong>le souffle victorieux<\/strong> est un exercice de respiration profonde de pranayama. Elle produit un son qui ressemble au bruit de l&rsquo;oc\u00e9ane<\/p>\n<p><div id=\"attachment_3200\" style=\"width: 98px\" class=\"wp-caption aligncenter\"><a href=\"https:\/\/www.holisticattitude.com\/wp-content\/uploads\/breatheblue2.jpg\"><img loading=\"lazy\" decoding=\"async\" aria-describedby=\"caption-attachment-3200\" src=\"https:\/\/www.holisticattitude.com\/wp-content\/uploads\/breatheblue2.jpg\" alt=\"respiration_ujjayi\" title=\"breatheblue\" width=\"88\" height=\"133\" class=\"size-full wp-image-3200\" \/><\/a><p id=\"caption-attachment-3200\" class=\"wp-caption-text\">Ujjayi_la bruit des vagues sur la plage<\/p><\/div><br \/>\n<strong>Techniques (jaya = ma\u00eetrise et ud = de l&rsquo;\u00e9l\u00e9vation du niveau d&rsquo;\u00e9nergie)<\/strong><\/p>\n<p style=\"margin-bottom: 0cm;\"><strong>Consignes<\/strong><\/p>\n<ul>\n<li>\n<p style=\"margin-bottom: 0cm;\">Ujjayi est \tune respiration diaphragmatique<\/p>\n<\/li>\n<li>\n<p style=\"margin-bottom: 0cm;\">La \trespiration s&rsquo;effectue par l&rsquo;arri\u00e8re de la gorge (la glotte situ\u00e9e \tau niveau de cordes vocales). La glotte reste l\u00e9g\u00e8rement ferm\u00e9e \tcr\u00e9ant un doux sifflement (comme le bruit de l&rsquo;oc\u00e9an).<\/p>\n<\/li>\n<li>\n<p style=\"margin-bottom: 0cm;\">La \trespiration se fait exclusivement par <strong>les narines<\/strong><\/p>\n<\/li>\n<li>\n<p style=\"margin-bottom: 0cm;\">La bouche \treste ferm\u00e9e<\/p>\n<\/li>\n<li>\n<p style=\"margin-bottom: 0cm;\">Si \tvous voulez vous pouvez tourner <strong>la langue vers le palais,<\/strong> \u00e7a augment le flux d&rsquo;\u00e9nergie.<\/p>\n<\/li>\n<li>\n<p style=\"margin-bottom: 0cm;\">La \trespiration est lente et r\u00e9guli\u00e8re avec une inspiration et \texpiration d&rsquo;\u00e9gale dur\u00e9e.<\/p>\n<\/li>\n<\/ul>\n<p style=\"margin-bottom: 0cm;\"><strong>Elle fait en 3 parties<\/strong><\/p>\n<ul>\n<li>\n<p style=\"margin-bottom: 0cm;\"><strong>Premi\u00e8re partie :<\/strong>Le \tsouffle remplit le bas du ventre (chakra de la racine et du sacr\u00e9)<\/p>\n<\/li>\n<li>\n<p style=\"margin-bottom: 0cm;\"><strong>Deuxi\u00e8me partie :<\/strong>puis \til remplit dans le bas de la  cage thoracique<\/p>\n<\/li>\n<li>\n<p style=\"margin-bottom: 0cm;\"><strong>Troisi\u00e8me partie :<\/strong>puis \til remplit la partie sup\u00e9rieure du thorax et la gorge<\/p>\n<\/li>\n<li>\n<p style=\"margin-bottom: 0cm;\">En expirant l&rsquo;air par les narines \tressentez une sentiment d&rsquo;expansion dans le corps<\/p>\n<\/li>\n<\/ul>\n<p style=\"margin-bottom: 0cm;\">\n<ul>\n<p style=\"margin-bottom: 0cm;\">\n<\/ul>\n<p style=\"margin-bottom: 0cm;\">\n<p style=\"margin-bottom: 0cm;\"><strong>Bienfaits de la technique respiratoire  d&rsquo;ujjayi <\/strong><\/p>\n<ul>\n<li>\n<p style=\"margin-bottom: 0cm;\">Elle est \u00e9nergisante.<\/p>\n<\/li>\n<li>\n<p style=\"margin-bottom: 0cm;\">Efficace contre le stress<\/p>\n<\/li>\n<li>\n<p style=\"margin-bottom: 0cm;\">D\u00e9tend et apaise le mental, se \tpr\u00e9pare l&rsquo;esprit pour la m\u00e9ditation<\/p>\n<\/li>\n<li>\n<p style=\"margin-bottom: 0cm;\">L&rsquo;\u00e9nergie est convertie en chaleur (prana\/chi\/ki) et lors de la pratique vous pouvez transpirer. Le corps est r\u00e9chauff\u00e9 par la respiration UJJAYI. <\/p>\n<\/li>\n<\/ul>\n","protected":false},"excerpt":{"rendered":"<p>Ujjayi qui veut dire le souffle victorieux est un exercice de respiration profonde de pranayama. Elle produit un son qui ressemble au bruit de l&rsquo;oc\u00e9ane Techniques (jaya = ma\u00eetrise et ud = de l&rsquo;\u00e9l\u00e9vation du niveau d&rsquo;\u00e9nergie) Consignes Ujjayi est une respiration diaphragmatique La respiration s&rsquo;effectue par l&rsquo;arri\u00e8re de la gorge (la glotte situ\u00e9e au [&hellip;]<\/p>\n","protected":false},"author":1,"featured_media":0,"parent":6743,"menu_order":18,"comment_status":"open","ping_status":"closed","template":"","meta":{"_monsterinsights_skip_tracking":false,"_monsterinsights_sitenote_active":false,"_monsterinsights_sitenote_note":"","_monsterinsights_sitenote_category":0,"slim_seo":{"title":"RESPIRATION UJJAYI (LA RESPIRATION DE L\u2019OC\u00c9ANE) - Holistic Attitude","description":"Ujjayi qui veut dire le souffle victorieux est un exercice de respiration profonde de pranayama. Elle produit un son qui ressemble au bruit de l'oc\u00e9ane Ujjayi_l"},"footnotes":""},"class_list":["post-3182","page","type-page","status-publish","hentry"],"_links":{"self":[{"href":"https:\/\/www.holisticattitude.com\/wp-json\/wp\/v2\/pages\/3182","targetHints":{"allow":["GET"]}}],"collection":[{"href":"https:\/\/www.holisticattitude.com\/wp-json\/wp\/v2\/pages"}],"about":[{"href":"https:\/\/www.holisticattitude.com\/wp-json\/wp\/v2\/types\/page"}],"author":[{"embeddable":true,"href":"https:\/\/www.holisticattitude.com\/wp-json\/wp\/v2\/users\/1"}],"replies":[{"embeddable":true,"href":"https:\/\/www.holisticattitude.com\/wp-json\/wp\/v2\/comments?post=3182"}],"version-history":[{"count":3,"href":"https:\/\/www.holisticattitude.com\/wp-json\/wp\/v2\/pages\/3182\/revisions"}],"predecessor-version":[{"id":16118,"href":"https:\/\/www.holisticattitude.com\/wp-json\/wp\/v2\/pages\/3182\/revisions\/16118"}],"up":[{"embeddable":true,"href":"https:\/\/www.holisticattitude.com\/wp-json\/wp\/v2\/pages\/6743"}],"wp:attachment":[{"href":"https:\/\/www.holisticattitude.com\/wp-json\/wp\/v2\/media?parent=3182"}],"curies":[{"name":"wp","href":"https:\/\/api.w.org\/{rel}","templated":true}]}}