{"id":3040,"date":"2012-05-29T14:43:00","date_gmt":"2012-05-29T12:43:00","guid":{"rendered":"https:\/\/www.holisticattitude.com\/wordpress\/?page_id=3040"},"modified":"2014-07-23T14:24:17","modified_gmt":"2014-07-23T12:24:17","slug":"energie","status":"publish","type":"page","link":"https:\/\/www.holisticattitude.com\/energie\/","title":{"rendered":"\u00c9NERGIE"},"content":{"rendered":"<p>Selon la <strong>pens\u00e9e chinoise<\/strong> et <strong>certains scientifiques<\/strong> nous sommes des \u00eatres \u00e9nerg\u00e9tiques, une autre fa\u00e7on de voir l&rsquo;\u00eatre humain.<\/p>\n<p>Nous sommes tous compos\u00e9s des <strong>cellules<\/strong> qui sont constitu\u00e9s de<strong> mol\u00e9cules.<\/strong><br \/>\n Ces mol\u00e9cules sont constitu\u00e9s des <strong>atomes, <\/strong>qui eux-m\u00eames sont constitu\u00e9s d&rsquo;\u00e9lectrons.<br \/>\nUn<strong> electron,<\/strong> une particule \u00e9l\u00e9mentaire est un ensemble <strong>d\u2019\u00e9nergie en mouvement.<\/strong><\/p>\n<p><strong>Thomas Edison<\/strong> (un grand inventeur Am\u00e9ricain, invention de l&rsquo;ampoule \u00e9lectrique&#8230;) et <strong>Albert Einstein<\/strong> (un grand inventeur Allemagne; th\u00e9orie de la relativit\u00e9, E=mc\u00b2 qui quantifie l&rsquo;\u00e9nergie disponsible dans la mati\u00e8re) ont prouv\u00e9 scientifiquement qui nous sommes des \u00eatres \u00e9nerg\u00e9tiques.  Ces deux scientifiques ont prouv\u00e9 que notre corps physique est entour\u00e9 <strong>d&rsquo;un champ \u00e9lectromagn\u00e9tique<\/strong> aussi connu sous le nom  <strong>d\u00a0\u00bbune aura<\/strong>\u00ab\u00a0, dont le champ le plus puissant est <strong>le coeur<\/strong>.  La fr\u00e9quence et la vibration sont synonymes du mot <strong>l\u2019\u00e9nergie.<\/strong><\/p>\n<p>Les scientifiques ont m\u00eame montr\u00e9 des importants <strong>changements \u00e9lectromagn\u00e9tiques<\/strong> dans le cerveaux des m\u00e9ditants exp\u00e9riment\u00e9s.<\/p>\n<p>Notre <strong>\u00e9tat \u00e9nerg\u00e9tique<\/strong> est <strong>le PRODUIT <\/strong>de nos pens\u00e9es, de nos \u00e9motions, de notre \u00e9tat physique et les incidents qu&rsquo;il subit.<\/p>\n","protected":false},"excerpt":{"rendered":"<p>Selon la pens\u00e9e chinoise et certains scientifiques nous sommes des \u00eatres \u00e9nerg\u00e9tiques, une autre fa\u00e7on de voir l&rsquo;\u00eatre humain. Nous sommes tous compos\u00e9s des cellules qui sont constitu\u00e9s de mol\u00e9cules. Ces mol\u00e9cules sont constitu\u00e9s des atomes, qui eux-m\u00eames sont constitu\u00e9s d&rsquo;\u00e9lectrons. Un electron, une particule \u00e9l\u00e9mentaire est un ensemble d\u2019\u00e9nergie en mouvement. Thomas Edison (un [&hellip;]<\/p>\n","protected":false},"author":1,"featured_media":0,"parent":0,"menu_order":0,"comment_status":"open","ping_status":"closed","template":"","meta":{"_monsterinsights_skip_tracking":false,"_monsterinsights_sitenote_active":false,"_monsterinsights_sitenote_note":"","_monsterinsights_sitenote_category":0,"slim_seo":{"title":"\u00c9NERGIE - Holistic Attitude","description":"Selon la pens\u00e9e chinoise et certains scientifiques nous sommes des \u00eatres \u00e9nerg\u00e9tiques, une autre fa\u00e7on de voir l'\u00eatre humain. Nous sommes tous compos\u00e9s des cell"},"footnotes":""},"class_list":["post-3040","page","type-page","status-publish","hentry"],"_links":{"self":[{"href":"https:\/\/www.holisticattitude.com\/wp-json\/wp\/v2\/pages\/3040","targetHints":{"allow":["GET"]}}],"collection":[{"href":"https:\/\/www.holisticattitude.com\/wp-json\/wp\/v2\/pages"}],"about":[{"href":"https:\/\/www.holisticattitude.com\/wp-json\/wp\/v2\/types\/page"}],"author":[{"embeddable":true,"href":"https:\/\/www.holisticattitude.com\/wp-json\/wp\/v2\/users\/1"}],"replies":[{"embeddable":true,"href":"https:\/\/www.holisticattitude.com\/wp-json\/wp\/v2\/comments?post=3040"}],"version-history":[{"count":0,"href":"https:\/\/www.holisticattitude.com\/wp-json\/wp\/v2\/pages\/3040\/revisions"}],"wp:attachment":[{"href":"https:\/\/www.holisticattitude.com\/wp-json\/wp\/v2\/media?parent=3040"}],"curies":[{"name":"wp","href":"https:\/\/api.w.org\/{rel}","templated":true}]}}