{"id":2861,"date":"2012-05-15T10:30:44","date_gmt":"2012-05-15T08:30:44","guid":{"rendered":"https:\/\/www.holisticattitude.com\/wordpress\/?page_id=2861"},"modified":"2021-02-03T09:51:58","modified_gmt":"2021-02-03T07:51:58","slug":"un-tableau-des-index-glycemiques-de-quelques-aliments","status":"publish","type":"page","link":"https:\/\/www.holisticattitude.com\/alimentation\/un-tableau-des-index-glycemiques-de-quelques-aliments\/","title":{"rendered":"L\u2019INDEX GLYC\u00c9MIQUE DE QUELQUES ALIMENTS"},"content":{"rendered":"<p><a href=\"https:\/\/www.holisticattitude.com\/wp-content\/uploads\/alimentsquicontientdusucre.jpg\"><img loading=\"lazy\" decoding=\"async\" src=\"https:\/\/www.holisticattitude.com\/wp-content\/uploads\/alimentsquicontientdusucre.jpg\" alt=\"sucre_unpoison\" title=\"alimentsquicontientdusucre\" width=\"320\" height=\"320\" class=\"aligncenter size-full wp-image-2873\" srcset=\"https:\/\/www.holisticattitude.com\/wp-content\/uploads\/alimentsquicontientdusucre.jpg 320w, https:\/\/www.holisticattitude.com\/wp-content\/uploads\/alimentsquicontientdusucre-150x150.jpg 150w, https:\/\/www.holisticattitude.com\/wp-content\/uploads\/alimentsquicontientdusucre-300x300.jpg 300w\" sizes=\"auto, (max-width: 320px) 100vw, 320px\" \/><\/a><\/p>\n<table style=\u201dtext-align: center; height: 152px;\u201d border=\u201d1\u2033 cellspacing=\u201d0\u2033 cellpadding=\u201d0\u2033 width=\u201d390\u2033>\n<tbody>\n<tr style=\u201dbackground-color: #e9e9e9; font-weight:bolder;\u201d>\n<td><strong>ALIMENTS AVEC UN FAIBLE IG<\/strong><\/td>\n<td><strong>ALIMENTS AVEC UN IG MOYEN<\/strong><\/td>\n<td><strong>ALIMENTS AVEC UN IG \u00c9LEV\u00c9<\/strong><\/td>\n<\/tr>\n<tr>\n<td><strong>Inf\u00e9rieur ou \u00e9gal \u00e0 35<\/strong><\/td>\n<td><strong>De 35 et 50<\/strong><\/td>\n<td><strong>Plus que 50<\/strong><\/td>\n<\/tr>\n<tr>\n<td>Avocat<\/td>\n<td>Abricots secs, figues s\u00e8ches Ananas , bananas<\/td>\n<td>Barres chocolat\u00e9es<\/td>\n<\/tr>\n<tr>\n<td>Chocolat (pur +60%)<\/td>\n<td>Biscuits sabl\u00e9s<\/td>\n<td>Bi\u00e8re<\/td>\n<\/tr>\n<tr>\n<td>Fromage blanc<\/td>\n<td>C\u00e9r\u00e9ales compl\u00e8te<\/td>\n<td>Biscuits<\/td>\n<\/tr>\n<tr>\n<td>Haricot blancs, lentilles<\/td>\n<td>Confiture standard, marmelade<\/td>\n<td>Boisson \u00e9nerg\u00e9tique, cola, soda<\/td>\n<\/tr>\n<tr>\n<td>Lait de soja, lait, yaourt au soja<\/td>\n<td>Ketchup, mayonnaise<\/td>\n<td>Boulgour (bl\u00e9 cuit)<\/td>\n<\/tr>\n<tr>\n<td>L\u00e9gumes, \u00e9pinard, poireau<\/td>\n<td>Ma\u00efs<\/td>\n<td>Carottes , navets, cuites, past\u00e8que<\/td>\n<\/tr>\n<tr>\n<td>Ol\u00e9agineux<\/td>\n<td>Muesli, raisin<\/td>\n<td>C\u00e9r\u00e9ale de bl\u00e9, polenta<\/td>\n<\/tr>\n<tr>\n<td>Oranges, pommes<\/td>\n<td>Muffin<\/td>\n<td>C\u00e9r\u00e9ales raffin\u00e9es sucr\u00e9es<\/td>\n<\/tr>\n<tr>\n<td>Poires, fraises \u00e0 l&rsquo;\u00e9tat naturel, myrtilles, cerises, framboises<\/td>\n<td>Noix de cajou<\/td>\n<td>Ch\u00e2taigne, marron<\/td>\n<\/tr>\n<tr>\n<td>Quinoa, sarrasin<\/td>\n<td>Patate douce bouille<\/td>\n<td>Chips, frites, pizza<\/td>\n<\/tr>\n<tr>\n<td>Salade<\/td>\n<td>P\u00e2tes et nouilles<\/td>\n<td>Confiserie<\/td>\n<\/tr>\n<tr>\n<td>Tofu<\/td>\n<td>Tagliatelle<\/td>\n<td>Galette de riz, Ryvita. <\/td>\n<\/tr>\n<tr>\n<td>Vermicelle de soja<\/td>\n<td>Riz basmati, riz brun<\/td>\n<td>G\u00e2teaux, viennoiseries, donuts<\/td>\n<\/tr>\n<tr>\n<td>Fructose, sirop d&rsquo;agave<\/td>\n<td>Semoule, coucous<\/td>\n<td>Lasagne<\/td>\n<\/tr>\n<tr>\n<td>Amandes, noisettes, noix<\/td>\n<td>Sirop d&rsquo;\u00e9rable<\/td>\n<td>Pita, Pain blanc, baguette, bagel, brioche<\/td>\n<\/tr>\n<tr>\n<td><\/td>\n<td>Flocons d&rsquo;avoine<\/td>\n<td>Pomme de terre cuite, pur\u00e9e<\/td>\n<\/tr>\n<tr>\n<td><\/td>\n<td><\/td>\n<td>Riz blanc, risotto<\/td>\n<\/tr>\n<tr>\n<td><\/td>\n<td><\/td>\n<td>Sirop de glucose, m\u00e9lasse, miel, nutella<\/td>\n<\/tr>\n<\/tbody>\n<\/table>\n<table width=\"300\" border=\"3\">\n<tr>\n<td width=\"10%\"><strong>Glyc\u00e9mie<\/strong><\/td>\n<td><strong>La glyc\u00e9mie <\/strong>est <strong>la mesure<\/strong> du taux du sucre (glucose) dans le sang<\/td>\n<\/tr>\n<tr>\n<td><strong>Index Glyc\u00e9mique (IG)<\/strong><\/td>\n<td>L&rsquo;index glyc\u00e9mique permet de classer les aliments en fonction de leur capacit\u00e9 \u00e0 \u00e9lever le taux de sucre dans la sang ( glyc\u00e9mie).\n<\/td>\n<\/tr>\n<tr>\n<td><strong>Charge Glyc\u00e9mique  (CG)<\/strong><\/td>\n<td>\n<li>Elle est une mesure de la <strong>rapidit\u00e9 de digestion des glucides<\/strong><\/li>\n<li>Un concept relativement<strong> nouveau<\/strong> en nutrition depuis quand le professeur <strong>Walter Willet<\/strong> de l&rsquo;universit\u00e9 Harvard a propos\u00e9 la notion de charge glyc\u00e9mique.<\/li>\n<\/td>\n<\/tr>\n<tr>\n<td><strong>Des aliments \u00e0 IG ou CG bas et haut<\/strong><\/td>\n<td>\n<li> Des aliments \u00e0 index glyc\u00e9miques ou charge glyc\u00e9miques<strong> bas<\/strong> ont tendance \u00e0 \u00eatre absorb\u00e9es <strong>plus lentement<\/strong><\/li>\n<li> Les aliments \u00e0 index glyc\u00e9miques ou charge glyc\u00e9miques<strong> \u00e9lev\u00e9s<\/strong> entra\u00eenent une absorption <strong>rapide <\/strong>et l\u2019augmentation cons\u00e9quent  de la glyc\u00e9mie.<\/li>\n<\/td>\n<\/tr>\n<tr>\n<td><strong>Les diff\u00e9rences entre l&rsquo;IG et L&rsquo;CG<\/strong><\/td>\n<td>\n<li>L&rsquo;IG permet de classer les aliments en fonction de leur impact sur<strong> l\u2019\u00e9l\u00e9vation du taux de glucose<\/strong> sanguin qui survient apr\u00e8s leur consommation.  II ne <strong>mesure pas la vitesse<\/strong> de la digestion.<\/li>\n<li> La notion de CG permet de prendre en compte L&rsquo;IG  <strong>aussi que<\/strong> la quantit\u00e9 de glucides r\u00e9elle d&rsquo;un aliment dans une <strong>portion normale<\/strong>.<\/li>\n<li>\nElle tient compte du type du sucre contenue dans l&rsquo;aliment (la teneur en glucides) et de la quantit\u00e9 normalement ing\u00e9r\u00e9e ou consomm\u00e9e (la valeur des <strong>hydrates de carbones<\/strong> mesur\u00e9 en grammes, montre la quantit\u00e9 de glucides consomm\u00e9es suite au transformation des aliments pendant le processus de la digestion). <\/li>\n<li>Elle tient compte \u00e9galement des <strong>fibres alimentaires<\/strong> que l&rsquo;aliment contient.  Plus un aliment contient de<strong> fibres<\/strong> et plus sa<strong> CG est faible<\/strong>, une chose positive pour le corps.<\/li>\n<li>Ces <strong>indices<\/strong> permettent de pr\u00e9dire la r\u00e9percussion qu&rsquo;aura la consommation de certains aliments sur la glyc\u00e9mie et par cons\u00e9quence sur la r\u00e9action de <strong>l\u2019insuline<\/strong> lors d&rsquo;un repas<\/li>\n<li>Lorsque la glyc\u00e9mie grimpe, on secr\u00e8te de l&rsquo;insuline qui favorise le stockage des aliments et on a une tendance \u00e0 grossir, en cr\u00e9ant les conditions favorisant du <strong>diab\u00e8te de type II. <\/strong><\/li>\n<li> <strong>L\u2019insuline<\/strong> transforme et stocke le<strong> glucose<\/strong> des aliments sous forme de <strong>glycog\u00e8ne,<\/strong> pour \u00eatre utilis\u00e9 plus tard comme source d\u2019\u00e9nergie par <strong>les muscles<\/strong>, <strong>le c\u0153ur<\/strong> ou encore le <strong>cerveau.<\/strong> <\/li>\n<li>Notre capacit\u00e9 \u00e0 <strong>stocker<\/strong> du <strong>glycog\u00e8ne<\/strong> est<strong> limit\u00e9e<\/strong>. Lorsque le stock de <strong>glycog\u00e8ne<\/strong> est satur\u00e9, l\u2019insuline va alors transformer<strong> l\u2019exc\u00e8s de glucose<\/strong> en<strong> graisse<\/strong>.  Cette graisse va \u00eatre stock\u00e9e dans les <strong>tissus adipeux<\/strong>, c\u2019est-\u00e0-dire les<strong> r\u00e9serves graisseuses<\/strong> du corps situ\u00e9es sous la peau, comme nos <strong>poign\u00e9es d&rsquo;amour<\/strong>.On vous aura pr\u00e9venus  \ud83d\ude42<\/li>\n<\/td>\n<\/tr>\n<tr>\n<td><strong>Comment les calculer<\/strong><\/td>\n<td>\n<li>II est possible de calculer la CG d&rsquo;un repas en recourant \u00e0 certain nombre <strong>de tableaux<\/strong> et une <strong>calculatrice<\/strong>. \ud83d\ude42<\/li>\n<\/td>\n<\/tr>\n<tr>\n<td><strong>Des exemples<\/strong><\/td>\n<td>\n<li> La charge glyc\u00e9mique s&rsquo;obtient <strong>en multipliant l&rsquo;IG <\/strong>par la <strong>quantit\u00e9 de glucides <\/strong>d&rsquo;une portion de l&rsquo;aliment en question et en divisant <strong>le tout par 100<\/strong>.<\/li>\n<li><strong> L&rsquo;IG d&rsquo;une pomme moyenne = 40<\/strong><br \/>\nUne pomme moyenne contient <strong>15 g de glucides. <\/strong><br \/>\nLa <strong>CG <\/strong>d&rsquo;une pomme est (40&#215;15) divis\u00e9 par 100 =<strong> 6<\/strong><\/p>\n<li><strong>L&rsquo;IG du spaghetti (Une tasse) = 40<\/strong><\/li>\n<p>Une tasse de spaghetti contient environs <strong>45 g de glucides.<\/strong><br \/>\nLa CG du spaghetti est (40&#215;45) divis\u00e9 par 100 = <strong>18<\/strong><\/li>\n<\/td>\n<\/tr>\n<tr>\n<td> <strong>Des inconv\u00e9nients de deux m\u00e9thodes<\/strong><\/td>\n<td>Les IG and CG calculent <strong>la teneur des glucides seulement.<\/strong> Ils ne tiennent pas en compte <strong>la valeur nutritionnelle<\/strong> des composants (teneur en<strong> vitamines, min\u00e9raux, prot\u00e9ines, antioxydants<\/strong>) qui sont importants dans la lutte contre les <strong>maladies du corps<\/strong>.<\/td>\n<\/tr>\n<tr>\n<td><strong>Risque<\/strong><\/td>\n<td>\n<li>A chercher \u00e0 tout prix une alimentation qui apporte une charge glyc\u00e9mique faible, il y a une risque de r\u00e9duire les glucides en g\u00e9n\u00e9ral et \u00e0 les substituer par des aliments trop riches en<strong> graisses<\/strong>.<\/li>\n<li>Le corps a besoin de <a href=\"https:\/\/www.holisticattitude.com\/?page_id=793\"> glucides<\/a> <\/li>\n<li>Ce qui est important dans un repas est <strong>la combinaison des aliments vari\u00e9s<\/strong>  en int\u00e9grant des aliments de chaque groupe alimentaire \u00e0 votre repas (glucides, lipides, prot\u00e9ine).<\/li>\n<\/td>\n<\/tr>\n<\/table>\n<p>Bon app\u00e9tit \ud83d\ude42<\/p>\n","protected":false},"excerpt":{"rendered":"<p>ALIMENTS AVEC UN FAIBLE IG ALIMENTS AVEC UN IG MOYEN ALIMENTS AVEC UN IG \u00c9LEV\u00c9 Inf\u00e9rieur ou \u00e9gal \u00e0 35 De 35 et 50 Plus que 50 Avocat Abricots secs, figues s\u00e8ches Ananas , bananas Barres chocolat\u00e9es Chocolat (pur +60%) Biscuits sabl\u00e9s Bi\u00e8re Fromage blanc C\u00e9r\u00e9ales compl\u00e8te Biscuits Haricot blancs, lentilles Confiture standard, marmelade Boisson [&hellip;]<\/p>\n","protected":false},"author":1,"featured_media":0,"parent":201,"menu_order":7,"comment_status":"open","ping_status":"closed","template":"","meta":{"_monsterinsights_skip_tracking":false,"_monsterinsights_sitenote_active":false,"_monsterinsights_sitenote_note":"","_monsterinsights_sitenote_category":0,"slim_seo":{"title":"L\u2019INDEX GLYC\u00c9MIQUE DE QUELQUES ALIMENTS - Holistic Attitude","description":"ALIMENTS AVEC UN FAIBLE IG ALIMENTS AVEC UN IG MOYEN ALIMENTS AVEC UN IG \u00c9LEV\u00c9 Inf\u00e9rieur ou \u00e9gal \u00e0 35 De 35 et 50 Plus que 50 Avocat Abricots secs, figues s\u00e8che"},"footnotes":""},"class_list":["post-2861","page","type-page","status-publish","hentry"],"_links":{"self":[{"href":"https:\/\/www.holisticattitude.com\/wp-json\/wp\/v2\/pages\/2861","targetHints":{"allow":["GET"]}}],"collection":[{"href":"https:\/\/www.holisticattitude.com\/wp-json\/wp\/v2\/pages"}],"about":[{"href":"https:\/\/www.holisticattitude.com\/wp-json\/wp\/v2\/types\/page"}],"author":[{"embeddable":true,"href":"https:\/\/www.holisticattitude.com\/wp-json\/wp\/v2\/users\/1"}],"replies":[{"embeddable":true,"href":"https:\/\/www.holisticattitude.com\/wp-json\/wp\/v2\/comments?post=2861"}],"version-history":[{"count":6,"href":"https:\/\/www.holisticattitude.com\/wp-json\/wp\/v2\/pages\/2861\/revisions"}],"predecessor-version":[{"id":16217,"href":"https:\/\/www.holisticattitude.com\/wp-json\/wp\/v2\/pages\/2861\/revisions\/16217"}],"up":[{"embeddable":true,"href":"https:\/\/www.holisticattitude.com\/wp-json\/wp\/v2\/pages\/201"}],"wp:attachment":[{"href":"https:\/\/www.holisticattitude.com\/wp-json\/wp\/v2\/media?parent=2861"}],"curies":[{"name":"wp","href":"https:\/\/api.w.org\/{rel}","templated":true}]}}