{"id":28,"date":"2011-02-08T09:54:37","date_gmt":"2011-02-08T07:54:37","guid":{"rendered":"http:\/\/holisticattitude\/wordpress\/?page_id=28"},"modified":"2020-03-01T14:07:10","modified_gmt":"2020-03-01T12:07:10","slug":"lesprit-influence-le-corps","status":"publish","type":"page","link":"https:\/\/www.holisticattitude.com\/tete\/lesprit-influence-le-corps\/","title":{"rendered":"L\u2019ESPRIT INFLUENCE LE CORPS"},"content":{"rendered":"<p>\u00a0<strong>La rapport entre le stress et le peau<\/strong><\/p>\n<p><div id=\"attachment_486\" style=\"width: 133px\" class=\"wp-caption aligncenter\"><a href=\"https:\/\/www.holisticattitude.com\/?attachment_id=486\" rel=\"attachment wp-att-486\"><img loading=\"lazy\" decoding=\"async\" aria-describedby=\"caption-attachment-486\" src=\"https:\/\/www.holisticattitude.com\/wp-content\/uploads\/\/mindmeteo.jpg\" alt=\"\" title=\"mindmeteo\" width=\"123\" height=\"121\" class=\"size-full wp-image-486\" \/><\/a><p id=\"caption-attachment-486\" class=\"wp-caption-text\">Vous \u00eates ce que vous pensez<\/p><\/div><br \/>\n<\/Br><\/p>\n<li> La<strong> peau <\/strong>et le <strong>syst\u00e8me nerveux<\/strong> sont ce qu\u2019on appelle des \u00ab\u00a0<strong>fr\u00e8res embryologiques<\/strong>\u00a0\u00bb des cellules nerveuse et de la cutan\u00e9e provenant du <strong>m\u00eame tissu embryonnaire (un tissu appel\u00e9<strong> l\u2019ectoderme<\/strong>).<\/strong>  La communication entre les cellules cutan\u00e9es se fait avec les m\u00eames substances qu\u2019entre les cellules du cerveau. Notre peau comprend donc les messages \u00e9mis par le cerveau, elle les ressent et les exprime d\u2019une fa\u00e7on tr\u00e8s visible.\n<p>Elle peut \u00e9galement envoyer des messages compr\u00e9hensibles par le cerveau. Le neurobiologiste Jean-Pierre Changeux a m\u00eame compar\u00e9 la peau \u00e0 un cerveau \u00e9tal\u00e9 (auteur de L\u2019Homme neuronal et L\u2019Homme de v\u00e9rit\u00e9).<br \/>\n<\/Br><br \/>\nM\u00eame si au fil de la croissance du f\u0153tus, les deux finissent par se s\u00e9parer, ils restent cependant <strong>en contact extr\u00eamement \u00e9troit<\/strong> et permanent, autant <strong>sur le plan physique et sur le plan psychique<\/strong>. \t<\/li>\n<li> II est donc parfaitement normal que les deux syst\u00e8mes (<strong>cutan\u00e9 et nerveux<\/strong>) soient si li\u00e9s, m\u00eame chez un adulte a priori fort \u00e9loign\u00e9 de l\u2019embryon.<\/li>\n<li> C\u2019est l\u2019illustration \u2018<strong>corps\u2019 et \u2018esprit\u2019<\/strong> ne peuvent en aucun cas \u00eatre s\u00e9par\u00e9s. R\u00e9sultats <strong>les interconnexions entre le stress et la peau bien-\u00eatre sont in\u00e9vitables.<\/strong><\/li>\n<li> Ce qui explique pourquoi\u00a0 lorsqu&rsquo;on <em>pique un fard, <\/em>en cas d<strong>\u2019\u00e9motion forte<\/strong>, ou qu\u2019un <strong>stress intense<\/strong> puisse se traduire par des <strong>plaques d\u2019ecz\u00e9ma<\/strong> ou une pouss\u00e9e <strong>d\u2019acn\u00e9 <\/strong>chez les personnes pr\u00e9dispos\u00e9es. Nous ne sommes pas tous \u00e9gaux face au stress\u00a0<\/li>\n<p><\/Br><\/p>\n<p>Moi qui en tant qu&rsquo;enfant\u00a0 (souvent mal dans sa peau) souffrais beaucoup de <strong>psoriasis<\/strong>.<br \/>\nJe comprends mieux maintenant\u00a0le dicton\u00a0\u00ab\u00a0<strong>vous \u00eates ce que vous pensez<\/strong>\u00ab\u00a0<\/p>\n<div id=\"attachment_15034\" style=\"width: 310px\" class=\"wp-caption aligncenter\"><img loading=\"lazy\" decoding=\"async\" aria-describedby=\"caption-attachment-15034\" src=\"https:\/\/www.holisticattitude.com\/wp-content\/uploads\/\/peau-300x247.png\" alt=\"\" width=\"300\" height=\"247\" class=\"size-medium wp-image-15034\" srcset=\"https:\/\/www.holisticattitude.com\/wp-content\/uploads\/peau-300x247.png 300w, https:\/\/www.holisticattitude.com\/wp-content\/uploads\/peau.png 488w\" sizes=\"auto, (max-width: 300px) 100vw, 300px\" \/><p id=\"caption-attachment-15034\" class=\"wp-caption-text\">Vue sch\u00e9matique du syst\u00e8me nerveux sensoriel de la peau<\/p><\/div>\n","protected":false},"excerpt":{"rendered":"<p>\u00a0La rapport entre le stress et le peau La peau et le syst\u00e8me nerveux sont ce qu\u2019on appelle des \u00ab\u00a0fr\u00e8res embryologiques\u00a0\u00bb des cellules nerveuse et de la cutan\u00e9e provenant du m\u00eame tissu embryonnaire (un tissu appel\u00e9 l\u2019ectoderme). La communication entre les cellules cutan\u00e9es se fait avec les m\u00eames substances qu\u2019entre les cellules du cerveau. Notre [&hellip;]<\/p>\n","protected":false},"author":1,"featured_media":0,"parent":197,"menu_order":2,"comment_status":"open","ping_status":"closed","template":"","meta":{"_monsterinsights_skip_tracking":false,"_monsterinsights_sitenote_active":false,"_monsterinsights_sitenote_note":"","_monsterinsights_sitenote_category":0,"slim_seo":{"title":"L\u2019ESPRIT INFLUENCE LE CORPS - Holistic Attitude","description":"\u00a0 La rapport entre le stress et le peau Vous \u00eates ce que vous pensez La peau et le syst\u00e8me nerveux sont ce qu\u2019on appelle des \u00ab\u00a0 fr\u00e8res embryologiques \u00a0\u00bb des cel"},"footnotes":""},"class_list":["post-28","page","type-page","status-publish","hentry"],"_links":{"self":[{"href":"https:\/\/www.holisticattitude.com\/wp-json\/wp\/v2\/pages\/28","targetHints":{"allow":["GET"]}}],"collection":[{"href":"https:\/\/www.holisticattitude.com\/wp-json\/wp\/v2\/pages"}],"about":[{"href":"https:\/\/www.holisticattitude.com\/wp-json\/wp\/v2\/types\/page"}],"author":[{"embeddable":true,"href":"https:\/\/www.holisticattitude.com\/wp-json\/wp\/v2\/users\/1"}],"replies":[{"embeddable":true,"href":"https:\/\/www.holisticattitude.com\/wp-json\/wp\/v2\/comments?post=28"}],"version-history":[{"count":5,"href":"https:\/\/www.holisticattitude.com\/wp-json\/wp\/v2\/pages\/28\/revisions"}],"predecessor-version":[{"id":15035,"href":"https:\/\/www.holisticattitude.com\/wp-json\/wp\/v2\/pages\/28\/revisions\/15035"}],"up":[{"embeddable":true,"href":"https:\/\/www.holisticattitude.com\/wp-json\/wp\/v2\/pages\/197"}],"wp:attachment":[{"href":"https:\/\/www.holisticattitude.com\/wp-json\/wp\/v2\/media?parent=28"}],"curies":[{"name":"wp","href":"https:\/\/api.w.org\/{rel}","templated":true}]}}