{"id":2469,"date":"2012-03-21T10:51:26","date_gmt":"2012-03-21T08:51:26","guid":{"rendered":"http:\/\/www.holisticattitude.com\/wordpress\/?page_id=2469"},"modified":"2019-09-12T08:35:47","modified_gmt":"2019-09-12T06:35:47","slug":"meditation","status":"publish","type":"page","link":"https:\/\/www.holisticattitude.com\/?page_id=2469","title":{"rendered":"M\u00c9DITATION"},"content":{"rendered":"<p><strong>POURQUOI M\u00c9DITER,<\/strong><br \/>\n<a href=\"https:\/\/www.holisticattitude.com\/wp-content\/uploads\/fleur_orchide.jpg\"><img loading=\"lazy\" decoding=\"async\" src=\"https:\/\/www.holisticattitude.com\/wp-content\/uploads\/fleur_orchide-150x150.jpg\" alt=\"fleur_belle\" title=\"fleur_orchide\" width=\"150\" height=\"150\" class=\"aligncenter size-thumbnail wp-image-2499\" \/><\/a><br \/>\nNous vivons dans une soci\u00e9t\u00e9 o\u00f9 on <strong>a de plus en plus mal <\/strong>de d\u00e9brancher le mental, notre mode de vie nous oblige d&rsquo;\u00eatre branch\u00e9 tout le temps et c&rsquo;est la raison pour laquelle qu&rsquo;il est primordial plus que jamais d&rsquo;apprendre comment <strong>trouver le silence int\u00e9rieur,<\/strong> de reconnecter avec le corps int\u00e9rieur, <strong>le retour \u00e0 l&rsquo;essentiel.<\/strong><\/p>\n<p>Apprendre \u00e0 apaiser l&rsquo;esprit, g\u00e9rer \u00a0\u00bb <strong>le bavardage int\u00e9rieur<\/strong>\u00a0\u00bb est <strong>un entrainement AU QUOTIDIEN.  <\/strong><\/p>\n<p>Le BUT est d&rsquo;apprivoiser notre<strong> inconscient<\/strong> avec notre <strong>conscience<\/strong>.  La philosophie hindoue dit que l&rsquo;inconscient ressemble \u00e0 <strong>un petit singe espi\u00e8gle bondissant d&rsquo;un arbre<\/strong> \u00e0 l&rsquo;autre CRIANT sans cesse. A travers la m\u00e9ditation, et la respiration vous allez \u00e9riger <strong>un poteau<\/strong> dans \u00ab\u00a0le sens figur\u00e9\u00a0\u00bb sur lequel il pourrait monter et descendre tranquillement.  Comme tout le monde <strong> il cherche un but,<\/strong> un SENS \u00e0 son existence.  Le <strong>poteau VIRTUEL<\/strong>  va l&rsquo;aider \u00e0 se centrer et \u00e0 se calmer. La philosophie hindoue nous dit que si nous ne pouvons pas le ma\u00eetriser (respiration, m\u00e9ditation, \u00e9veil de cinq sens)  notre FORCE VITALE \u00e9puise rapidement.<\/p>\n<p>La m\u00e9ditation  <strong>n&rsquo;est li\u00e9e <\/strong>\u00e0 aucune croyance sp\u00e9cifique et n&rsquo;est pas une pratique religieuse.  Vous n&rsquo;avez pas besoin d&rsquo;\u00eatre un bouddhiste ou un moine pour le faire.  Tout le monde pourrait y participer.   La m\u00e9ditation n&rsquo;est pas une question de \u00ab\u00a0<strong>performance<\/strong>\u00ab\u00a0. Au d\u00e9but surtout si vous \u00eates comp\u00e9titif ou une perfectionniste, il est important de faire preuve de l&rsquo;indulgence et d&rsquo;assouplir vos attentes. Il n&rsquo;y a pas de place pour l&rsquo;orgueil et de renoncer \u00e0 la pratique apr\u00e8s le premier essai.<\/p>\n<p>Le m\u00e9ditation c&rsquo;est comme <strong>une balade \u00e0 la campagne <\/strong>ou <strong>une sortie au mus\u00e9e<\/strong> o\u00f9 quand vous contemplez <strong>un tableau.<\/strong>  Vous remarquez les couleurs, les d\u00e9tails, la forme, le fond.<br \/>\nD&rsquo;une fa\u00e7on naturelle vous \u00eates dans <strong>le moment pr\u00e9sent<\/strong>, dans un \u00e9tat passif et vous \u00eates d\u00e9tach\u00e9s des pens\u00e9es envahissements. <\/p>\n<p><em>Le mot <strong>M\u00c9DITER<\/strong><br \/>\nne signifie pas seulement observer, r\u00e9fl\u00e9chir, interroger, soupeser,<br \/>\nil a aussi, en sanskrit, un sens plus profond,<br \/>\ncelui de <strong>DEVENIR<\/strong>.<\/p>\n<p>Jiddu Krishnamurti   (1895-1986)<\/em><\/p>\n<p>En  Angleterre et aux \u00c9tat Unis certains<strong> h\u00f4pitaux<\/strong> ont introduit des s\u00e9ances de m\u00e9ditations pour les patients.  Mais il ne faut pas attendre d&rsquo;\u00eatre malade d&rsquo;en profiter.  Des recherches effectu\u00e9es par des personnes comme Herbert Benson, Jon Kabat et Richard Davidson ont montr\u00e9 les b\u00e9n\u00e9fices d&rsquo;une pratique r\u00e9guli\u00e8re de la m\u00e9ditation.  Si vous cherchez  \u00e0 atteindre \u00ab\u00a0Nirvana\u00a0\u00bb mieux vaut \u00e9couter leur album, le but ici est d&rsquo;\u00eatre r\u00e9aliste.  :).   <\/p>\n<p><strong>Neuf raisons pour  m\u00e9diter<\/strong><br \/>\nLa m\u00e9ditation a des <strong>b\u00e9n\u00e9fices psychologiques et physiques <\/strong><br \/>\nElle vous aide \u00e0 :<\/p>\n<p>1. <strong>Apaiser l&rsquo;esprit <\/strong>(le perroquet se calme) et vous dormez mieux.<\/p>\n<p>2.  <strong>Rester jeune<\/strong>, votre visage apprend \u00e0 se d\u00e9tendre, les muscles se rel\u00e2chent, les yeux adopte un regard vif, c&rsquo;est un anti -vieillissement naturel. <\/p>\n<p>3. <strong>Penser positivement<\/strong> et de prenez confiance en vous.<\/p>\n<p>4. <strong>\u00c9couter<\/strong> et \u00e0 respecter votre corps mieux , \u00e0 mieux g\u00e9rer le stress.<\/p>\n<p>5. <strong>Aiguiser vos 5 sens,<\/strong> vous apprenez \u00e0 rester davantage dans le moment pr\u00e9sent, de profiter d&rsquo;un chant du oiseau, les sons de la nature et de se soucier moins de l&rsquo;avenir.<\/p>\n<p>6. Apprendre <strong>le sens du d\u00e9tachement<\/strong> et du l\u00e2cher prise.  Elle vous aide \u00e0 s\u2019adapter aussi plus facilementElle vous aide \u00e0 mieux g\u00e9rer vos \u00e9motions et l&rsquo;anxi\u00e9t\u00e9.  Les pratiquants sont de<strong> meilleur humeur<\/strong>.  La m\u00e9ditation en pleine conscience a un effet positif sur  la gestion des \u00e9motions. Chez les personnes pratiquant la m\u00e9ditation  le territoire des \u00e9motions positives (cerveau gauche) empi\u00e8te sur celui de l\u2019\u00e9motion n\u00e9gatives (cerveau droit).<\/p>\n<p><div id=\"attachment_11977\" style=\"width: 210px\" class=\"wp-caption aligncenter\"><a href=\"https:\/\/www.holisticattitude.com\/wp-content\/uploads\/\/M\u00e9ditation_gestiondes\u00e9motions.png\"><img loading=\"lazy\" decoding=\"async\" aria-describedby=\"caption-attachment-11977\" src=\"https:\/\/www.holisticattitude.com\/wp-content\/uploads\/\/M\u00e9ditation_gestiondes\u00e9motions.png\" alt=\"Nous devenons des \u00eatres plus positifs\" width=\"200\" height=\"133\" class=\"size-full wp-image-11977\" \/><\/a><p id=\"caption-attachment-11977\" class=\"wp-caption-text\">Nous devenons des \u00eatres plus positifs<\/p><\/div><br \/>\n7. <strong>Ralentissiez le rythme cardiaque<\/strong> et la tension art\u00e9rielle (r\u00e9duire hypotension).  Docteur Herbert Benson d\u00e9montrent  que le fait de m\u00e9diter<strong> au moins 10 minutes par jour<\/strong> peut nous prot\u00e9ger de l&rsquo;anxi\u00e9t\u00e9, de la d\u00e9pression, de l&rsquo;arythmie cardiaque et de l&rsquo;hypertension.<\/p>\n<p>8. Des \u00e9tudes ont montr\u00e9 qu&rsquo;elle augment<strong> le nombre des anticorps<\/strong> dans le sang afin de lutter contre les maladies (r\u00e9f psychosomatique m\u00e9dicinale).<\/p>\n<p>9.  La m\u00e9ditation a <strong>un pouvoir positif sur la <strong>DOULEUR.<\/strong> <\/strong> <\/p>\n<li><strong>Des \u00e9tudes r\u00e9centes <\/strong>ont montr\u00e9 que <strong>la m\u00e9diation <\/strong>peut \u00eatre plus efficace \u00e0<strong> r\u00e9duire la douleur<\/strong> que la morphine (la m\u00e9ditation a r\u00e9duit le niveau de douleur v\u00e9cu par un groupe du 15 volontaires qui ont m\u00e9dit\u00e9 <strong>4 fois<\/strong> pendant <strong>20 minutes<\/strong> en se focalisant notamment sur leur respiration).<\/li>\n<li>Elle vous aider \u00e0 mieux contr\u00f4ler <strong>les douleurs chroniques <\/strong>de certaines maladies.  La pratique de la \u00ab\u00a0<strong>m\u00e9ditation en pleine conscience<\/strong>\u00a0\u00bb (<strong>mindfulness<\/strong> en anglais) aupr\u00e8s de personnes atteint de cancer facilite les effets secondaires d&rsquo;une chimioth\u00e9rapie.<\/li>\n<p>10. Des <strong>\u00e9tudes av\u00e9r\u00e9es<\/strong> ont montr\u00e9 qu\u2019une pratique r\u00e9guli\u00e8re de la m\u00e9ditation en pleine conscience de 20-30 minutes par jour pendant plusieurs ann\u00e9es  La m\u00e9ditation ralentit la diminution de <strong>l\u2019\u00e9paisse couche des neurones<\/strong> qui couvrent le cerveau. Elle ralentit le vieillissement du <strong>cortex c\u00e9r\u00e9bral.<\/strong><\/p>\n<p><div id=\"attachment_11978\" style=\"width: 210px\" class=\"wp-caption aligncenter\"><a href=\"https:\/\/www.holisticattitude.com\/wp-content\/uploads\/\/Cerebral-cortex-m\u00e9ditation.png\"><img loading=\"lazy\" decoding=\"async\" aria-describedby=\"caption-attachment-11978\" src=\"https:\/\/www.holisticattitude.com\/wp-content\/uploads\/\/Cerebral-cortex-m\u00e9ditation.png\" alt=\"La m\u00e9ditation ralentit le vieillissement du c\u00e9r\u00e9bral cortex\" width=\"200\" height=\"88\" class=\"size-full wp-image-11978\" \/><\/a><p id=\"caption-attachment-11978\" class=\"wp-caption-text\">La m\u00e9ditation ralentit le vieillissement du cortex c\u00e9r\u00e9bral.<\/p><\/div><br \/>\n11. Les neurones facilitent la <strong>cr\u00e9ation de nouvelles connexions<\/strong>, <strong>l\u2019information circule mieux<\/strong> \u00e0 l\u2019int\u00e9rieur du cerveau.<br \/>\nOn pouvait r\u00e9cup\u00e9rer l\u2019information plus facilement et on apprendrait mieux des nouvelles choses.<\/p>\n<p>12. Chez les personnes pratiquant la m\u00e9ditation en pleine conscience leur cerveau est plus <strong>performant.<\/strong><\/p>\n<p><strong>Ne m\u00e9ditez pas<\/strong> lorsque <strong>vous \u00eates trop \u00e9motif <\/strong>et <strong>fragile. <\/strong><br \/>\nMieux vaut parler \u00e0 quelqu&rsquo;un qui montre de <strong>la bienveillance<\/strong> et qui est \u00e0 l&rsquo;\u00e9coute.<\/p>\n<p><strong>LA MEDITATION EN PLEINE CONSCIENCE (mindfulness) qu&rsquo;est-ce c&rsquo;est ?<\/strong><\/p>\n<li>C&rsquo;est une <strong>pratique tr\u00e8s simple<\/strong>.<\/li>\n<li>La m\u00e9ditation en pleine conscience demande <strong>d&rsquo;\u00eatre en pleine possession de ses moyens<\/strong>. Apprendre \u00e0 vivre pleinement <strong>L&rsquo;INSTANT PRESENT<\/strong> afin de r\u00e9duire le stress et <strong>de PROFITER <\/strong>de la vie.<\/li>\n<li> D&rsquo;\u00eatre <strong>bienveillant envers soi-m\u00eame<\/strong> <\/li>\n<li><strong>D&rsquo;\u00eatre lucide sur la raison pour laquelle<\/strong> vous voulez la pratiquer (je veux d\u00e9velopper un esprit tranquille, je veux r\u00e9duire mon stress, je veux prendre un moment pour moi&#8230;). <\/li>\n<li>Faites <strong>preuve du discernement<\/strong>: la m\u00e9ditation en pleine conscience est <strong>tr\u00e8s tendance<\/strong> en ce moment.  Il existe des associations, des personnes qui voudraient la vendre \u00ab\u00a0comme la meilleure invention depuis <em>le pain coup\u00e9 en tranches\u00a0\u00bb<\/em> et par cons\u00e9quent demander <strong>des prix exorbitants<\/strong> pour la pratiquer.  <\/li>\n<li><strong>Elle existe depuis plus de 3000 ans<\/strong> pratiqu\u00e9e par les yogis, les moines, les bouddhistes&#8230; Ce n&rsquo;est pas une technique invent\u00e9e dans la 21\u00e8me si\u00e8cle m\u00eame si certaines personnes voudraient se l&rsquo;approprier. \ud83d\ude42<\/li>\n<p><\/BR><br \/>\n<strong>POURQUOI LA RESPIRATION NASALE.<\/strong><br \/>\n<div id=\"attachment_5192\" style=\"width: 118px\" class=\"wp-caption aligncenter\"><a href=\"https:\/\/www.holisticattitude.com\/wp-content\/uploads\/respiration_nasale.jpg\"><img loading=\"lazy\" decoding=\"async\" aria-describedby=\"caption-attachment-5192\" src=\"https:\/\/www.holisticattitude.com\/wp-content\/uploads\/respiration_nasale-108x150.jpg\" alt=\"\" title=\"respiration_nasale\" width=\"108\" height=\"150\" class=\"size-thumbnail wp-image-5192\" \/><\/a><p id=\"caption-attachment-5192\" class=\"wp-caption-text\">Respirer par le nez<\/p><\/div><\/p>\n<li><strong>Le nez<\/strong> qui  a un <strong>syst\u00e8me de filtrage<\/strong> (contrairement \u00e0 la bouche) emp\u00eache les impuret\u00e9s \u00e0 entrer dans les poumons.<\/li>\n<li><strong>La respiration nasale<\/strong> participe \u00e0 l&rsquo;\u00e9quilibr\u00e9 et l&rsquo;harmonie de la personne dans sa globalit\u00e9 <strong>(holistique)<\/strong>. <\/li>\n<li><strong>La philosophie hindoue<\/strong> enseigne que le nez permet l&rsquo;introduction du <strong>prana <\/strong>(l&rsquo;\u00e9nergie vitale), (aussi appelle<strong> Ki ou Chi).<\/strong><\/li>\n<p><\/BR><br \/>\n<strong>M\u00e9thode<\/strong><\/p>\n<li> II est important de <strong>respirer par le nez<\/strong>, laisser <strong> l&rsquo;air entrer<\/strong> et <strong>sortir <\/strong>par les narines.   <\/li>\n<li><strong>L&rsquo;air <\/strong>qui entre dans le corps est r\u00e9chauff\u00e9e, purifi\u00e9e et humidifi\u00e9e par les vibrisses (poils) dans le nez. <\/li>\n<p>Si vous n&rsquo;avez jamais m\u00e9dit\u00e9 le but est de rester <strong>immobile<\/strong> pendant quelques minutes en augmentant  progressivement  la dur\u00e9e de chaque s\u00e9ance ( 5-10 minutes par jour est mieux que rien de tout).<\/p>\n<p><strong>QUEL MOMENT DE LA JOURN\u00c9E EST LE PLUS PROPICE \u00c0 LA PRATIQUE D\u2019UNE M\u00c9DITATION (OU UNE S\u00c9ANCE DE YOGA) ?<\/strong> <\/p>\n<p>C\u2019est <strong>le matin, <\/strong>normalement au lever du soleil que <strong>l\u2019\u00e9nergie vitale<\/strong> (<strong>le \u00ab prana \u00bb <\/strong>)est la plus forte.<\/p>\n<p><strong>POSTURE POUR LA M\u00c9DITATION<\/strong><br \/>\n<div id=\"attachment_6675\" style=\"width: 249px\" class=\"wp-caption aligncenter\"><a href=\"https:\/\/www.holisticattitude.com\/?attachment_id=6675\" rel=\"attachment wp-att-6675\"><img loading=\"lazy\" decoding=\"async\" aria-describedby=\"caption-attachment-6675\" src=\"https:\/\/www.holisticattitude.com\/wp-content\/uploads\/\/sukhasane_tailleur.jpg\" alt=\"\" title=\"sukhasane_tailleur\" width=\"239\" height=\"211\" class=\"size-full wp-image-6675\" \/><\/a><p id=\"caption-attachment-6675\" class=\"wp-caption-text\">SUKHASANE -posture de m\u00e9ditation<\/p><\/div><\/p>\n<p>Essayez de vous r\u00e9veiller une demi-heure avant votre r\u00e9veil habituel si ce n&rsquo;est possible faites-le quand vous pouvez :).<br \/>\n1. Trouver <strong>un endroit calme<\/strong> et rang\u00e9 o\u00f9 vous ne serez pas d\u00e9ranger.<br \/>\n2. <strong>D\u00e9branchez le t\u00e9l\u00e9phone <\/strong>et \u00e9teindre le portable, le smartphone&#8230;<br \/>\n3. Asseyez-vous <strong>dans une position confortable<\/strong>, (en position de tailleur pour les gens souple). <\/p>\n<p>Si vous \u00eates <strong>un d\u00e9butant<\/strong> il vaudrait mieux vous asseoir dans une chaise, ravalez votre fiert\u00e9 surtout si les articulations de vos hanches, de vos genoux et de vos chevilles vous font mal. Le confort et le plaisir sont importants.<br \/>\n4.Les <strong>pieds reposent \u00e0 plat<\/strong> au sol.  S&rsquo;ils ne touchent pas le sol, utilisez des livres sur lesquels vous pouvez mettre vos pieds.<br \/>\n5. Les <strong>deux fessiers sont en contact<\/strong> avec la si\u00e8ge, la colonne vert\u00e9brale droite, la t\u00eate dans le positionnement de la colonne vert\u00e9brale, les \u00e9paules rel\u00e2ches,  les bras sur les genoux avec les paumes ouvertes vert le haut.<br \/>\n6.<strong>Restez immobile<\/strong>.  Essayez de rel\u00e2cher toute tension <strong>(tension = effort) <\/strong>dan le corps avec la respiration par le nez. <\/p>\n<p><strong>M\u00c9DITATION PAR LA RESPIRATION m\u00e9ditation en pleine conscience<\/strong><br \/>\n<a href=\"https:\/\/www.holisticattitude.com\/wp-content\/uploads\/breatheblue1.jpg\"><img loading=\"lazy\" decoding=\"async\" src=\"https:\/\/www.holisticattitude.com\/wp-content\/uploads\/breatheblue1.jpg\" alt=\"respiration bleue\" title=\"breatheblue\" width=\"88\" height=\"133\" class=\"aligncenter size-full wp-image-2477\" \/><\/a><br \/>\nMettez vous dans une posture de m\u00e9ditation confortable. (voir posture de m\u00e9ditation).<br \/>\n1. <strong>Fermez les yeux<\/strong> et <strong>respirer naturellement<\/strong> par le nez, l&rsquo;air entre et sort par le nez.<br \/>\n2.<strong> Soit<\/strong> concentrez-vous sur l&rsquo;air qui p\u00e9n\u00e8tre et qui sortent de vos poumons (la partie haut du dos) ou <strong>soit<\/strong> concentrez-vous  sur la respiration abdominale (le ventre se soul\u00e8ve et s&rsquo;abaisse) pendant quelques minutes.<br \/>\n4. Si votre <strong>esprit commence \u00e0 errer<\/strong>, ramenez votre attention doucement \u00e0 la respiration abdominale ou au mouvement de la cage thoracique. D\u00e9tachez-vous des images et des pens\u00e9es.  Ne fais aucune jugement. Vous \u00eates un observateur de vous m\u00eame.<br \/>\n5. Laissez <strong>la d\u00e9tente s&rsquo;installe graduellement.<\/strong><br \/>\n6. <strong>Revenez lentement<\/strong> dans l&rsquo;endroit o\u00f9 vous vous trouvez, bougez les doigts, sentez la chaise dans le dos<br \/>\n7. <strong>Ouvrez les yeux<\/strong> lorsque vous vous sentez pr\u00eat.<\/p>\n<p><strong>M\u00c9DITATION\u00a0; COMPTER LE NOMBRE DE RESPIRATIONS <\/strong><br \/>\n<div id=\"attachment_5200\" style=\"width: 121px\" class=\"wp-caption aligncenter\"><a href=\"https:\/\/www.holisticattitude.com\/wp-content\/uploads\/papillon2.jpg\"><img loading=\"lazy\" decoding=\"async\" aria-describedby=\"caption-attachment-5200\" src=\"https:\/\/www.holisticattitude.com\/wp-content\/uploads\/papillon2-111x150.jpg\" alt=\"asseyez vous\" title=\"papillon\" width=\"111\" height=\"150\" class=\"size-thumbnail wp-image-5200\" \/><\/a><p id=\"caption-attachment-5200\" class=\"wp-caption-text\">Comptez les nombres de respirations<\/p><\/div><br \/>\n1. Mettez vous dans une posture de m\u00e9ditation confortable. (voir posture de m\u00e9ditation).<br \/>\n2. Gardez les yeux ouverts ou ferm\u00e9s.<br \/>\n3. Observez votre respiration en <strong>comptant les inspirations et les expirations pendant quelques minutes<\/strong>. La phase de l&rsquo;inspiration est la m\u00eame dur\u00e9e que la phase de l&rsquo;expiration Par exemple inspirez par le nez <strong>5 secondes<\/strong> et <strong>expirez 5 <\/strong>secondes pendant 5 minutes. \u00c7a fait <strong>6 cycles<\/strong> de respirations par minute, <strong>30 respirations en 5 minutes<\/strong> .<br \/>\n4. Revenez lentement dans l&rsquo;endroit o\u00f9 vous vous trouvez, bougez les doigts, sentez la chaise dans le dos<br \/>\n5. <strong>Ouvrez les yeux<\/strong> lorsque vous vous sentez pr\u00eat.<\/p>\n<p><strong>M\u00c9DITATION SUR UN OBJET EXT\u00c9RIEUR,  UNE FLAMME DE BOUGIE<\/strong> (Tratak Ext\u00e9rieur ou Bahir Tratak en sanskrit)<br \/>\n<div id=\"attachment_5204\" style=\"width: 129px\" class=\"wp-caption aligncenter\"><a href=\"https:\/\/www.holisticattitude.com\/wp-content\/uploads\/candlesgreen1.jpg\"><img loading=\"lazy\" decoding=\"async\" aria-describedby=\"caption-attachment-5204\" src=\"https:\/\/www.holisticattitude.com\/wp-content\/uploads\/candlesgreen1.jpg\" alt=\"Le regard sur une bougie\" title=\"candlesgreen\" width=\"119\" height=\"119\" class=\"size-full wp-image-5204\" \/><\/a><p id=\"caption-attachment-5204\" class=\"wp-caption-text\">Le regard sur une bougie<\/p><\/div><br \/>\nCette technique de visualisation consiste \u00e0 poser son regard sur un objet,, une bougie allum\u00e9e ou sur une fleur<br \/>\n1. Mettez vous dans <strong>une posture de m\u00e9ditation<\/strong> confortable. (voir posture de m\u00e9ditation).<br \/>\n2. L&rsquo;objet choisi doit \u00eatre <strong>plac\u00e9 au niveau de vos yeux <\/strong>\u00e0 une distance comprise entre 1 m et 1,5m<br \/>\n3. Si vous avez choisi une bougie allum\u00e9e <strong>regardez la flamme de la bougie <\/strong>pendant quelques minutes sans cligner, regardez le petit bout incandescent de la m\u00e8che.<br \/>\n4. <strong>Fermez vos yeux<\/strong> lorsque vous vous sentez pr\u00eat, restez immobile.<br \/>\n5. Au bout d&rsquo;un instant une point lumineuse va appara\u00eetre sur la r\u00e9tine, c&rsquo;est l&#8217;empreinte de la flamme sur la r\u00e9tine.<br \/>\n6. Continuez \u00e0 regarder <strong>jusqu&rsquo;\u00e0 ce qu&rsquo;il <\/strong>disparaisse.<br \/>\n7. <strong>Revenez lentement <\/strong>dans l&rsquo;endroit o\u00f9 vous vous trouvez, bougez les doigts, sentez la chaise dans le dos<br \/>\n8. <strong>Ouvrez les yeux<\/strong> lorsque vous vous sentez pr\u00eat.<\/p>\n<p><strong> VISUALISATION D&rsquo;UN ENDROIT AGR\u00c9ABLE et SUR<\/strong><br \/>\n<div id=\"attachment_2476\" style=\"width: 160px\" class=\"wp-caption aligncenter\"><a href=\"https:\/\/www.holisticattitude.com\/wp-content\/uploads\/Photo-Automne-11.jpg\"><img loading=\"lazy\" decoding=\"async\" aria-describedby=\"caption-attachment-2476\" src=\"https:\/\/www.holisticattitude.com\/wp-content\/uploads\/Photo-Automne-11-150x150.jpg\" alt=\"automne\" title=\"Photo-Automne-1[1]\" width=\"150\" height=\"150\" class=\"size-thumbnail wp-image-2476\" \/><\/a><p id=\"caption-attachment-2476\" class=\"wp-caption-text\">Un endroit agr\u00e9able<\/p><\/div><br \/>\nCette technique est surtout conseill\u00e9e pour les gens dont le<strong> style d&rsquo;apprentissage est visuel.<\/strong><br \/>\n1. Mettez-vous dans <strong>une posture de m\u00e9ditation<\/strong> confortable, (voir posture de m\u00e9ditation).<br \/>\n2. En faisant appel \u00e0 <strong>vos 5 sens<\/strong> imaginez un <strong>paysage agr\u00e9able<\/strong> ou un <strong>\u00e9v\u00e9nement heureux<\/strong>, notez les couleurs, le niveau du temp\u00e9rature, les bruits, les odeurs, la pr\u00e9sence des gens, l&rsquo;ambiance, les sensations&#8230;<br \/>\n3. <strong>Restez dans<\/strong> ce moment aussi longtemps que vous voulez.<br \/>\n4. <strong>Revenez lentement<\/strong> dans l&rsquo;endroit o\u00f9 vous vous trouvez, bougez les doigts, sentez la chaise dans le dos<br \/>\n5. Lorsque vous vous sentez pr\u00eat <strong>ouvrez<\/p>\n","protected":false},"excerpt":{"rendered":"<p>POURQUOI M\u00c9DITER, Nous vivons dans une soci\u00e9t\u00e9 o\u00f9 on a de plus en plus mal de d\u00e9brancher le mental, notre mode de vie nous oblige d&rsquo;\u00eatre branch\u00e9 tout le temps et c&rsquo;est la raison pour laquelle qu&rsquo;il est primordial plus que jamais d&rsquo;apprendre comment trouver le silence int\u00e9rieur, de reconnecter avec le corps int\u00e9rieur, le [&hellip;]<\/p>\n","protected":false},"author":1,"featured_media":0,"parent":66,"menu_order":3,"comment_status":"closed","ping_status":"closed","template":"","meta":{"_monsterinsights_skip_tracking":false,"_monsterinsights_sitenote_active":false,"_monsterinsights_sitenote_note":"","_monsterinsights_sitenote_category":0,"slim_seo":{"title":"M\u00c9DITATION - Holistic Attitude","description":"POURQUOI M\u00c9DITER, Nous vivons dans une soci\u00e9t\u00e9 o\u00f9 on a de plus en plus mal de d\u00e9brancher le mental, notre mode de vie nous oblige d'\u00eatre branch\u00e9 tout le temps e"},"footnotes":""},"class_list":["post-2469","page","type-page","status-publish","hentry"],"_links":{"self":[{"href":"https:\/\/www.holisticattitude.com\/index.php?rest_route=\/wp\/v2\/pages\/2469","targetHints":{"allow":["GET"]}}],"collection":[{"href":"https:\/\/www.holisticattitude.com\/index.php?rest_route=\/wp\/v2\/pages"}],"about":[{"href":"https:\/\/www.holisticattitude.com\/index.php?rest_route=\/wp\/v2\/types\/page"}],"author":[{"embeddable":true,"href":"https:\/\/www.holisticattitude.com\/index.php?rest_route=\/wp\/v2\/users\/1"}],"replies":[{"embeddable":true,"href":"https:\/\/www.holisticattitude.com\/index.php?rest_route=%2Fwp%2Fv2%2Fcomments&post=2469"}],"version-history":[{"count":4,"href":"https:\/\/www.holisticattitude.com\/index.php?rest_route=\/wp\/v2\/pages\/2469\/revisions"}],"predecessor-version":[{"id":14805,"href":"https:\/\/www.holisticattitude.com\/index.php?rest_route=\/wp\/v2\/pages\/2469\/revisions\/14805"}],"up":[{"embeddable":true,"href":"https:\/\/www.holisticattitude.com\/index.php?rest_route=\/wp\/v2\/pages\/66"}],"wp:attachment":[{"href":"https:\/\/www.holisticattitude.com\/index.php?rest_route=%2Fwp%2Fv2%2Fmedia&parent=2469"}],"curies":[{"name":"wp","href":"https:\/\/api.w.org\/{rel}","templated":true}]}}