{"id":206,"date":"2011-03-01T10:12:34","date_gmt":"2011-03-01T08:12:34","guid":{"rendered":"http:\/\/holisticattitude\/wordpress\/?page_id=206"},"modified":"2014-05-31T07:29:50","modified_gmt":"2014-05-31T05:29:50","slug":"le-corps-nest-pas-une-poubelle","status":"publish","type":"page","link":"https:\/\/www.holisticattitude.com\/?page_id=206","title":{"rendered":"LE CORPS N\u2019EST PAS UNE POUBELLE"},"content":{"rendered":"<ul>\n<li><div id=\"attachment_5426\" style=\"width: 116px\" class=\"wp-caption alignleft\"><a href=\"https:\/\/www.holisticattitude.com\/?attachment_id=5426\" rel=\"attachment wp-att-5426\"><img loading=\"lazy\" decoding=\"async\" aria-describedby=\"caption-attachment-5426\" src=\"https:\/\/www.holisticattitude.com\/wp-content\/uploads\/\/poubelle.jpg\" alt=\"\" title=\"poubelle\" width=\"106\" height=\"130\" class=\"size-full wp-image-5426\" \/><\/a><p id=\"caption-attachment-5426\" class=\"wp-caption-text\">REFLECHIR avant de MANGER, je suis un r\u00e9cipient de haute qualit\u00e9<\/p><\/div>\u00ab\u00a0<strong> Nous sommes ce que nous mangeons\u00bb<\/strong>.<\/li>\n<li>\u00ab<strong>\u00a0Dis moi ce que tu manges et je te dirai qui tu es<\/strong>\u00a0\u00bb.<\/li>\n<\/ul>\n<li>L\u2019alimentation a un<strong> impact important sur la vie,<\/strong> le syst\u00e8me hormonal, le syst\u00e8me nerveux, l\u2019humeur, le sommeil, la vitalit\u00e9, le physique, l\u2019intellect, la capacit\u00e9 de concentration, le moral et l\u2019\u00e9nergie que l&rsquo;on va g\u00e9rer dans la journ\u00e9e&#8230;\n<li>Nos cellules d\u00e9pendent de ce que nous mangeons.<\/li>\n<\/li>\n<p><\/BR><\/p>\n<div id=\"attachment_464\" style=\"width: 137px\" class=\"wp-caption alignright\"><a href=\"https:\/\/www.holisticattitude.com\/?attachment_id=464\" rel=\"attachment wp-att-464\"><img loading=\"lazy\" decoding=\"async\" aria-describedby=\"caption-attachment-464\" src=\"https:\/\/www.holisticattitude.com\/wp-content\/uploads\/\/legumes.jpg\" alt=\"\" title=\"legumes\" width=\"127\" height=\"118\" class=\"size-full wp-image-464\" \/><\/a><p id=\"caption-attachment-464\" class=\"wp-caption-text\">Nous sommes RICHES en vitamines<\/p><\/div>\n<li>Pour les<strong> naturopathes<\/strong> la nourriture <strong>contient de l&rsquo;\u00e9nergie<\/strong>.\u00a0 Plus la nourriture est <strong>transform\u00e9e plus\u00a0elle perd de l&rsquo;\u00e9nergie.\u00a0<\/strong> <strong>Le but<\/strong> d&rsquo;aujourd&rsquo;hui est d&rsquo;introduire plus de <strong>nourriture crue<\/strong> dans notre alimentation, la moins transform\u00e9e possible.\u00a0Faites <strong>un cadeau \u00e0 votre corps <\/strong>aujourd&rsquo;hui, mangez quelque chose de cru.\u00a0 II vous en sera reconnaissant.<\/p>\n<\/li>\n","protected":false},"excerpt":{"rendered":"<p>\u00ab\u00a0 Nous sommes ce que nous mangeons\u00bb. \u00ab\u00a0Dis moi ce que tu manges et je te dirai qui tu es\u00a0\u00bb. L\u2019alimentation a un impact important sur la vie, le syst\u00e8me hormonal, le syst\u00e8me nerveux, l\u2019humeur, le sommeil, la vitalit\u00e9, le physique, l\u2019intellect, la capacit\u00e9 de concentration, le moral et l\u2019\u00e9nergie que l&rsquo;on va g\u00e9rer dans [&hellip;]<\/p>\n","protected":false},"author":1,"featured_media":0,"parent":201,"menu_order":1,"comment_status":"open","ping_status":"closed","template":"","meta":{"_monsterinsights_skip_tracking":false,"_monsterinsights_sitenote_active":false,"_monsterinsights_sitenote_note":"","_monsterinsights_sitenote_category":0,"slim_seo":{"title":"LE CORPS N\u2019EST PAS UNE POUBELLE - Holistic Attitude","description":"REFLECHIR avant de MANGER, je suis un r\u00e9cipient de haute qualit\u00e9 \u00ab\u00a0 Nous sommes ce que nous mangeons\u00bb . \u00ab \u00a0Dis moi ce que tu manges et je te dirai qui tu es \u00a0\u00bb."},"footnotes":""},"class_list":["post-206","page","type-page","status-publish","hentry"],"_links":{"self":[{"href":"https:\/\/www.holisticattitude.com\/index.php?rest_route=\/wp\/v2\/pages\/206","targetHints":{"allow":["GET"]}}],"collection":[{"href":"https:\/\/www.holisticattitude.com\/index.php?rest_route=\/wp\/v2\/pages"}],"about":[{"href":"https:\/\/www.holisticattitude.com\/index.php?rest_route=\/wp\/v2\/types\/page"}],"author":[{"embeddable":true,"href":"https:\/\/www.holisticattitude.com\/index.php?rest_route=\/wp\/v2\/users\/1"}],"replies":[{"embeddable":true,"href":"https:\/\/www.holisticattitude.com\/index.php?rest_route=%2Fwp%2Fv2%2Fcomments&post=206"}],"version-history":[{"count":0,"href":"https:\/\/www.holisticattitude.com\/index.php?rest_route=\/wp\/v2\/pages\/206\/revisions"}],"up":[{"embeddable":true,"href":"https:\/\/www.holisticattitude.com\/index.php?rest_route=\/wp\/v2\/pages\/201"}],"wp:attachment":[{"href":"https:\/\/www.holisticattitude.com\/index.php?rest_route=%2Fwp%2Fv2%2Fmedia&parent=206"}],"curies":[{"name":"wp","href":"https:\/\/api.w.org\/{rel}","templated":true}]}}