{"id":201,"date":"2011-03-01T10:04:03","date_gmt":"2011-03-01T08:04:03","guid":{"rendered":"http:\/\/holisticattitude\/wordpress\/?page_id=201"},"modified":"2014-05-31T07:32:41","modified_gmt":"2014-05-31T05:32:41","slug":"alimentation","status":"publish","type":"page","link":"https:\/\/www.holisticattitude.com\/?page_id=201","title":{"rendered":"ALIMENTATION"},"content":{"rendered":"<ul>\n<li> <div id=\"attachment_460\" style=\"width: 140px\" class=\"wp-caption alignleft\"><a href=\"https:\/\/www.holisticattitude.com\/wp-content\/uploads\/food1.jpg\"><img loading=\"lazy\" decoding=\"async\" aria-describedby=\"caption-attachment-460\" src=\"https:\/\/www.holisticattitude.com\/wp-content\/uploads\/food1.jpg\" alt=\"\" title=\"food\" width=\"130\" height=\"98\" class=\"size-full wp-image-460\" \/><\/a><p id=\"caption-attachment-460\" class=\"wp-caption-text\">Mauvaise alimentation<\/p><\/div>Nous sommes ce que nous mangeons.\u00a0 L&rsquo;alimentation est notre carburant.\u00a0 Qu&rsquo;est-ce qui se passe lorsque nous mettons le mauvais carburant dans le moteur? Nous avons besoin de faire appel \u00e0 un technicien.\u00a0 Ensuite il va grommeler et\u00a0nous demander un montant exorbitant pour la r\u00e9paration (j&rsquo;exag\u00e8re peut-\u00eatre).<\/li>\n<li>Quelque fois nous sommes notre pire ennemi.\u00a0 Nous savons tout cela mais nous continuons \u00e0 manger mal.\u00a0 A mon avis c&rsquo;est plus facile de se comporter en tant que victime qu&rsquo;en tant qu&rsquo;adulte responsable.\u00a0 Je sais.\u00a0 Je suis pass\u00e9e par l\u00e0.<\/li>\n<li>Responsabilisons-nous.\u00a0 A compter d&rsquo;aujourd&rsquo;hui surveillons ce que nous mangeons et arr\u00eatons de mettre du mauvais carburant dans notre corps.<\/li>\n<li>Les\u00a0soci\u00e9t\u00e9s agro-alimentaires sont heureuses qu&rsquo;il existe des poires, des\u00a0victimes\u00a0comme nous.\u00a0 Nous les aidons \u00e0 augmenter leurs <a href=\"https:\/\/www.holisticattitude.com\/wp-content\/uploads\/2011\/03\/headinsand2.jpg\"><img loading=\"lazy\" decoding=\"async\" class=\"size-full wp-image-261 alignright\" title=\"headinsand2\" src=\"https:\/\/www.holisticattitude.com\/wp-content\/uploads\/2011\/03\/headinsand2.jpg\" alt=\"fairel'autruche\" width=\"146\" height=\"115\" \/><\/a>b\u00e9n\u00e9fices et leurs dividendes.<\/li>\n<li>Aujourd&rsquo;hui nous n&rsquo;avons aucun droit de \u00ab\u00a0faire l&rsquo;autruche\u00a0\u00bb gr\u00e2ce \u00e0 internet et au (presque) libre acc\u00e8s \u00e0 l&rsquo;information.<\/li>\n<li>Renseignez-vous.<\/li>\n<\/ul>\n","protected":false},"excerpt":{"rendered":"<p>Nous sommes ce que nous mangeons.\u00a0 L&rsquo;alimentation est notre carburant.\u00a0 Qu&rsquo;est-ce qui se passe lorsque nous mettons le mauvais carburant dans le moteur? Nous avons besoin de faire appel \u00e0 un technicien.\u00a0 Ensuite il va grommeler et\u00a0nous demander un montant exorbitant pour la r\u00e9paration (j&rsquo;exag\u00e8re peut-\u00eatre). Quelque fois nous sommes notre pire ennemi.\u00a0 Nous savons [&hellip;]<\/p>\n","protected":false},"author":1,"featured_media":0,"parent":0,"menu_order":7,"comment_status":"open","ping_status":"closed","template":"","meta":{"_monsterinsights_skip_tracking":false,"_monsterinsights_sitenote_active":false,"_monsterinsights_sitenote_note":"","_monsterinsights_sitenote_category":0,"slim_seo":{"title":"ALIMENTATION - Holistic Attitude","description":"Mauvaise alimentation Nous sommes ce que nous mangeons.\u00a0 L'alimentation est notre carburant.\u00a0 Qu'est-ce qui se passe lorsque nous mettons le mauvais carburant d"},"footnotes":""},"class_list":["post-201","page","type-page","status-publish","hentry"],"_links":{"self":[{"href":"https:\/\/www.holisticattitude.com\/index.php?rest_route=\/wp\/v2\/pages\/201","targetHints":{"allow":["GET"]}}],"collection":[{"href":"https:\/\/www.holisticattitude.com\/index.php?rest_route=\/wp\/v2\/pages"}],"about":[{"href":"https:\/\/www.holisticattitude.com\/index.php?rest_route=\/wp\/v2\/types\/page"}],"author":[{"embeddable":true,"href":"https:\/\/www.holisticattitude.com\/index.php?rest_route=\/wp\/v2\/users\/1"}],"replies":[{"embeddable":true,"href":"https:\/\/www.holisticattitude.com\/index.php?rest_route=%2Fwp%2Fv2%2Fcomments&post=201"}],"version-history":[{"count":0,"href":"https:\/\/www.holisticattitude.com\/index.php?rest_route=\/wp\/v2\/pages\/201\/revisions"}],"wp:attachment":[{"href":"https:\/\/www.holisticattitude.com\/index.php?rest_route=%2Fwp%2Fv2%2Fmedia&parent=201"}],"curies":[{"name":"wp","href":"https:\/\/api.w.org\/{rel}","templated":true}]}}