{"id":1867,"date":"2012-02-15T06:36:05","date_gmt":"2012-02-15T04:36:05","guid":{"rendered":"https:\/\/www.holisticattitude.com\/wordpress\/?page_id=1867"},"modified":"2014-03-11T16:15:55","modified_gmt":"2014-03-11T14:15:55","slug":"nabandonne-surtout-pas","status":"publish","type":"page","link":"https:\/\/www.holisticattitude.com\/ame\/nabandonne-surtout-pas\/","title":{"rendered":"N\u2019ABANDONNE SURTOUT PAS"},"content":{"rendered":"<p>Je voulais juste remercier Monsieur ou Madame Anonyme pour ce beau texte.<\/p>\n<p><a href=\"https:\/\/www.holisticattitude.com\/wp-content\/uploads\/fleurdelotus.jpg\"><img loading=\"lazy\" decoding=\"async\" src=\"https:\/\/www.holisticattitude.com\/wp-content\/uploads\/fleurdelotus-150x150.jpg\" alt=\"fleurdelotus_nabandonnepas\" title=\"fleurdelotus]\" width=\"150\" height=\"150\" class=\"aligncenter size-thumbnail wp-image-3222\" \/><\/a><\/p>\n<p> Lorsque dans la vie rien ne va plus,<br \/>\nQue les probl\u00e8mes tourmentent ton esprit<br \/>\nEt que l&rsquo;argent te cause tant de soucis&#8230;<br \/>\nRepose-toi s&rsquo;il le faut mais n&rsquo;abandonne surtout pas.<\/p>\n<p>Lorsque trop d&rsquo;erreurs ont \u00e9t\u00e9 commises,<br \/>\nQue tout ton univers menace de s&rsquo;\u00e9crouler<br \/>\nEt que, fatigu\u00e9, tu sens la confiance t&rsquo;abandonner&#8230;<br \/>\nRepose-toi s&rsquo;il le faut, mais n&rsquo;abandonne surtout pas.<\/p>\n<p>Tu sais, la vie est parfois \u00e9trange, avec son lot de surprises et d&rsquo;impr\u00e9vus,<br \/>\net il ne nous est pas donn\u00e9 de savoir \u00e0 l&rsquo;avance combien d&rsquo;\u00e9tapes nous devrons<br \/>\nfranchir, ni combien d&rsquo;obstacles nous devront surmonter avant d&rsquo;atteindre le bonheur et la r\u00e9ussite.<\/p>\n<p>Combien de gens ont malheureusement cess\u00e9 de lutter alors qu&rsquo;il n&rsquo;aurait peut-\u00eatre fallu qu&rsquo;un petit pas de plus pour transformer un \u00e9chec en r\u00e9ussite\u00a0?<\/p>\n<p>Et, pourtant un pas \u00e0 la fois n&rsquo;est jamais trop difficile.<\/p>\n<p>Tu dois donc avoir le courage et la t\u00e9nacit\u00e9 n\u00e9cessaire pour faire ce petit pas de plus,<br \/>\nen affirmant que la vie est une grande puissante amie qui se tient toujours \u00e0 tes c\u00f4tes, pr\u00eate \u00e0 te porter secours.<\/p>\n<p>Tu verras alors que cette attitude appelleras, du plus profond de toi-m\u00eame,<br \/>\ndes forces de vie que tu ne soup\u00e7onnais m\u00eame pas et qui t&rsquo;aideront \u00e0 r\u00e9aliser ce que tu entreprendras.<\/p>\n<p>Mais surtout et avant tout, rappelle-toi bien\u00a0:<\/p>\n<p>Quand dans ta vie, des moments difficiles viendront&#8230;.<br \/>\nRepose-toi s&rsquo;il le faut, mais n&rsquo;abandonne surtout pas.<\/p>\n<p>                                                                                          Anonyme<\/p>\n","protected":false},"excerpt":{"rendered":"<p>Je voulais juste remercier Monsieur ou Madame Anonyme pour ce beau texte. Lorsque dans la vie rien ne va plus, Que les probl\u00e8mes tourmentent ton esprit Et que l&rsquo;argent te cause tant de soucis&#8230; Repose-toi s&rsquo;il le faut mais n&rsquo;abandonne surtout pas. Lorsque trop d&rsquo;erreurs ont \u00e9t\u00e9 commises, Que tout ton univers menace de s&rsquo;\u00e9crouler [&hellip;]<\/p>\n","protected":false},"author":1,"featured_media":0,"parent":784,"menu_order":1,"comment_status":"open","ping_status":"closed","template":"","meta":{"_monsterinsights_skip_tracking":false,"_monsterinsights_sitenote_active":false,"_monsterinsights_sitenote_note":"","_monsterinsights_sitenote_category":0,"slim_seo":{"title":"N\u2019ABANDONNE SURTOUT PAS - Holistic Attitude","description":"Je voulais juste remercier Monsieur ou Madame Anonyme pour ce beau texte. Lorsque dans la vie rien ne va plus, Que les probl\u00e8mes tourmentent ton esprit Et que l"},"footnotes":""},"class_list":["post-1867","page","type-page","status-publish","hentry"],"_links":{"self":[{"href":"https:\/\/www.holisticattitude.com\/wp-json\/wp\/v2\/pages\/1867","targetHints":{"allow":["GET"]}}],"collection":[{"href":"https:\/\/www.holisticattitude.com\/wp-json\/wp\/v2\/pages"}],"about":[{"href":"https:\/\/www.holisticattitude.com\/wp-json\/wp\/v2\/types\/page"}],"author":[{"embeddable":true,"href":"https:\/\/www.holisticattitude.com\/wp-json\/wp\/v2\/users\/1"}],"replies":[{"embeddable":true,"href":"https:\/\/www.holisticattitude.com\/wp-json\/wp\/v2\/comments?post=1867"}],"version-history":[{"count":0,"href":"https:\/\/www.holisticattitude.com\/wp-json\/wp\/v2\/pages\/1867\/revisions"}],"up":[{"embeddable":true,"href":"https:\/\/www.holisticattitude.com\/wp-json\/wp\/v2\/pages\/784"}],"wp:attachment":[{"href":"https:\/\/www.holisticattitude.com\/wp-json\/wp\/v2\/media?parent=1867"}],"curies":[{"name":"wp","href":"https:\/\/api.w.org\/{rel}","templated":true}]}}