{"id":172,"date":"2011-02-28T07:37:41","date_gmt":"2011-02-28T05:37:41","guid":{"rendered":"http:\/\/holisticattitude\/wordpress\/?page_id=172"},"modified":"2014-02-23T19:07:32","modified_gmt":"2014-02-23T17:07:32","slug":"calculez-votre-resistance-au-stress","status":"publish","type":"page","link":"https:\/\/www.holisticattitude.com\/le-corps\/calculez-votre-resistance-au-stress\/","title":{"rendered":"CALCULEZ VOTRE R\u00c9SISTANCE AU STRESS"},"content":{"rendered":"<p style=\"text-align: justify;\">Chaque personne r\u00e9agit diff\u00e9remment au stress.\u00a0 Afin d&rsquo;avoir un\u00a0aper\u00e7u de votre stress evaluez votre propre r\u00e9sistance en r\u00e9pondant par <strong>oui<\/strong> ou <strong>non <\/strong>aux items pos\u00e9s ci-dessous.<\/p>\n<ul>\n<li>Vous ne pouvez pas envisager le pire en cas de contretemps\u00a0\u00a0OUI NON<\/li>\n<li>Dire non est impossible pour vous\u00a0\u00a0\u00a0\u00a0\u00a0\u00a0\u00a0\u00a0\u00a0\u00a0\u00a0\u00a0\u00a0\u00a0\u00a0\u00a0\u00a0\u00a0\u00a0\u00a0\u00a0\u00a0\u00a0\u00a0\u00a0\u00a0\u00a0\u00a0\u00a0\u00a0\u00a0\u00a0\u00a0\u00a0\u00a0\u00a0\u00a0\u00a0\u00a0\u00a0\u00a0\u00a0\u00a0\u00a0\u00a0\u00a0\u00a0\u00a0 OUI NON<\/li>\n<li>Vous \u00eates facilement irritable\u00a0\u00a0\u00a0\u00a0\u00a0\u00a0\u00a0\u00a0\u00a0\u00a0\u00a0\u00a0\u00a0\u00a0\u00a0\u00a0\u00a0\u00a0\u00a0\u00a0\u00a0\u00a0\u00a0\u00a0\u00a0\u00a0\u00a0\u00a0\u00a0\u00a0\u00a0\u00a0\u00a0\u00a0\u00a0\u00a0\u00a0\u00a0\u00a0\u00a0\u00a0\u00a0\u00a0\u00a0\u00a0\u00a0\u00a0\u00a0\u00a0\u00a0\u00a0\u00a0\u00a0\u00a0\u00a0  OUI NON<\/li>\n<li>Vous \u00eates du genre perfectionniste\u00a0\u00a0\u00a0\u00a0\u00a0\u00a0\u00a0\u00a0\u00a0\u00a0\u00a0\u00a0\u00a0\u00a0\u00a0\u00a0\u00a0\u00a0\u00a0\u00a0\u00a0\u00a0\u00a0\u00a0\u00a0\u00a0\u00a0\u00a0\u00a0\u00a0\u00a0\u00a0\u00a0\u00a0\u00a0\u00a0\u00a0\u00a0\u00a0\u00a0\u00a0\u00a0\u00a0\u00a0\u00a0\u00a0 OUI NON<\/li>\n<li>Vous avez constamment besoin d\u2019\u00eatre actif\u00a0\u00a0\u00a0\u00a0\u00a0\u00a0\u00a0\u00a0\u00a0\u00a0\u00a0\u00a0\u00a0\u00a0\u00a0\u00a0\u00a0\u00a0\u00a0\u00a0\u00a0\u00a0\u00a0\u00a0\u00a0\u00a0\u00a0\u00a0\u00a0\u00a0\u00a0\u00a0 OUI NON<\/li>\n<li>Vous redoutez les changements\u00a0\u00a0\u00a0\u00a0\u00a0\u00a0\u00a0\u00a0\u00a0\u00a0\u00a0\u00a0\u00a0\u00a0\u00a0\u00a0\u00a0\u00a0\u00a0\u00a0\u00a0\u00a0\u00a0\u00a0\u00a0\u00a0\u00a0\u00a0\u00a0\u00a0\u00a0\u00a0\u00a0\u00a0\u00a0\u00a0\u00a0\u00a0\u00a0\u00a0\u00a0\u00a0\u00a0\u00a0\u00a0\u00a0\u00a0\u00a0\u00a0\u00a0\u00a0\u00a0OUI NON<\/li>\n<li>Improviser est quelque chose qui vous est d\u00e9sagr\u00e9able\u00a0\u00a0\u00a0\u00a0\u00a0\u00a0\u00a0\u00a0\u00a0 OUI NON<\/li>\n<li>\u00catre dans \u00ab\u00a0le rouge\u00a0\u00bb \u00e0 la banque vous angoisse\u00a0\u00a0\u00a0\u00a0\u00a0\u00a0\u00a0\u00a0\u00a0\u00a0\u00a0\u00a0\u00a0\u00a0\u00a0\u00a0\u00a0\u00a0\u00a0\u00a0\u00a0OUI NON<\/li>\n<li>Vous souffrez de troubles de sommeil\u00a0\u00a0\u00a0\u00a0\u00a0\u00a0\u00a0\u00a0\u00a0\u00a0\u00a0\u00a0\u00a0\u00a0\u00a0\u00a0\u00a0\u00a0\u00a0\u00a0\u00a0\u00a0\u00a0\u00a0\u00a0\u00a0\u00a0\u00a0\u00a0\u00a0\u00a0\u00a0\u00a0\u00a0\u00a0\u00a0\u00a0\u00a0\u00a0\u00a0\u00a0\u00a0OUI NON<\/li>\n<li>Vous avez souvent des migraines ou des maux de ventre\u00a0\u00a0\u00a0\u00a0\u00a0\u00a0\u00a0\u00a0  OUI NON<\/li>\n<li>II est difficile de vous exprimer ce que vous sentez\u00a0\u00a0\u00a0\u00a0\u00a0\u00a0\u00a0\u00a0\u00a0\u00a0\u00a0\u00a0\u00a0\u00a0\u00a0\u00a0\u00a0\u00a0 OUI NON<\/li>\n<li>Prendre la parole en public est une v\u00e9ritable torture pour vous\u00a0\u00a0\u00a0\u00a0\u00a0\u00a0   OUI NON<\/li>\n<li>Vous avez souvent de probl\u00e8mes de concentration\u00a0\u00a0\u00a0\u00a0\u00a0\u00a0\u00a0\u00a0\u00a0\u00a0\u00a0\u00a0\u00a0\u00a0\u00a0\u00a0\u00a0 OUI NON<\/li>\n<li>Vous ne prenez jamais le temps d\u2019avaler des repas \u00e9quilibr\u00e9s OUI NON<\/li>\n<\/ul>\n<p><strong>RESULTATS<\/strong><\/p>\n<p><strong><span style=\"text-decoration: underline;\">Entre O et 5 r\u00e9ponses positives<\/span><\/strong><\/p>\n<p>Votre r\u00e9sistance au stress est <strong>bonne<\/strong> et les <strong>petits tracas<\/strong> de tous les jours n\u2019ont pas impact sur vous\u00a0; cela vous permet de <strong>conserver votre \u00e9nergie <\/strong>pour les <strong>choses essentielles<\/strong>.<\/p>\n<p><strong><span style=\"text-decoration: underline;\">Entre 6 et 8 r\u00e9ponses positives<\/span><\/strong><\/p>\n<p>Attention le stress est en train <strong>d&rsquo;envahir<\/strong> dans votre vie quotidienne. Devriez-vous changer <strong>votre mode de vie<\/strong>. Songez \u00e0 votre<strong> alimentation,<\/strong> la phytoth\u00e9rapie pour calmer votre anxi\u00e9t\u00e9, les fleurs de Bach. Demandez-vous quels sont les changements qui s\u2019imposent pour \u00eatre <strong>plus Zen<\/strong>.<\/p>\n<p><strong><span style=\"text-decoration: underline;\">Au del\u00e0 de 8 r\u00e9ponses<\/span><\/strong><\/p>\n<p>Votre r\u00e9sistance est bien <strong>trop faible<\/strong>.\u00a0\u00a0 II est dans\u00a0votre int\u00e9r\u00eat de r\u00e9agir.\u00a0<strong>\u00a0Responsabilisez-vous<\/strong>.\u00a0 Vous n&rsquo;avez qu&rsquo;une vie.\u00a0 Faites le point pour comprendre quelle est <strong>la cause <\/strong>de votre stress.\u00a0 Demandez\u00a0de l&rsquo;aide si possible.<\/p>\n","protected":false},"excerpt":{"rendered":"<p>Chaque personne r\u00e9agit diff\u00e9remment au stress.\u00a0 Afin d&rsquo;avoir un\u00a0aper\u00e7u de votre stress evaluez votre propre r\u00e9sistance en r\u00e9pondant par oui ou non aux items pos\u00e9s ci-dessous. Vous ne pouvez pas envisager le pire en cas de contretemps\u00a0\u00a0OUI NON Dire non est impossible pour vous\u00a0\u00a0\u00a0\u00a0\u00a0\u00a0\u00a0\u00a0\u00a0\u00a0\u00a0\u00a0\u00a0\u00a0\u00a0\u00a0\u00a0\u00a0\u00a0\u00a0\u00a0\u00a0\u00a0\u00a0\u00a0\u00a0\u00a0\u00a0\u00a0\u00a0\u00a0\u00a0\u00a0\u00a0\u00a0\u00a0\u00a0\u00a0\u00a0\u00a0\u00a0\u00a0\u00a0\u00a0\u00a0\u00a0\u00a0\u00a0 OUI NON Vous \u00eates facilement irritable\u00a0\u00a0\u00a0\u00a0\u00a0\u00a0\u00a0\u00a0\u00a0\u00a0\u00a0\u00a0\u00a0\u00a0\u00a0\u00a0\u00a0\u00a0\u00a0\u00a0\u00a0\u00a0\u00a0\u00a0\u00a0\u00a0\u00a0\u00a0\u00a0\u00a0\u00a0\u00a0\u00a0\u00a0\u00a0\u00a0\u00a0\u00a0\u00a0\u00a0\u00a0\u00a0\u00a0\u00a0\u00a0\u00a0\u00a0\u00a0\u00a0\u00a0\u00a0\u00a0\u00a0\u00a0\u00a0 OUI NON Vous \u00eates du [&hellip;]<\/p>\n","protected":false},"author":1,"featured_media":0,"parent":38,"menu_order":4,"comment_status":"open","ping_status":"closed","template":"","meta":{"_monsterinsights_skip_tracking":false,"_monsterinsights_sitenote_active":false,"_monsterinsights_sitenote_note":"","_monsterinsights_sitenote_category":0,"slim_seo":{"title":"CALCULEZ VOTRE R\u00c9SISTANCE AU STRESS - Holistic Attitude","description":"Chaque personne r\u00e9agit diff\u00e9remment au stress.\u00a0 Afin d'avoir un\u00a0aper\u00e7u de votre stress evaluez votre propre r\u00e9sistance en r\u00e9pondant par oui ou non aux items pos"},"footnotes":""},"class_list":["post-172","page","type-page","status-publish","hentry"],"_links":{"self":[{"href":"https:\/\/www.holisticattitude.com\/wp-json\/wp\/v2\/pages\/172","targetHints":{"allow":["GET"]}}],"collection":[{"href":"https:\/\/www.holisticattitude.com\/wp-json\/wp\/v2\/pages"}],"about":[{"href":"https:\/\/www.holisticattitude.com\/wp-json\/wp\/v2\/types\/page"}],"author":[{"embeddable":true,"href":"https:\/\/www.holisticattitude.com\/wp-json\/wp\/v2\/users\/1"}],"replies":[{"embeddable":true,"href":"https:\/\/www.holisticattitude.com\/wp-json\/wp\/v2\/comments?post=172"}],"version-history":[{"count":0,"href":"https:\/\/www.holisticattitude.com\/wp-json\/wp\/v2\/pages\/172\/revisions"}],"up":[{"embeddable":true,"href":"https:\/\/www.holisticattitude.com\/wp-json\/wp\/v2\/pages\/38"}],"wp:attachment":[{"href":"https:\/\/www.holisticattitude.com\/wp-json\/wp\/v2\/media?parent=172"}],"curies":[{"name":"wp","href":"https:\/\/api.w.org\/{rel}","templated":true}]}}