{"id":17,"date":"2011-02-07T09:11:04","date_gmt":"2011-02-07T07:11:04","guid":{"rendered":"http:\/\/holisticattitude\/wordpress\/?page_id=17"},"modified":"2015-07-08T16:52:55","modified_gmt":"2015-07-08T14:52:55","slug":"fleurs-de-bach","status":"publish","type":"page","link":"https:\/\/www.holisticattitude.com\/?page_id=17","title":{"rendered":"FLEURS DE BACH"},"content":{"rendered":"<p>  <span style=\"font-family: Alba Super;\"><span style=\"text-decoration: underline;\"><strong>Le plan \u00e9motionnel<\/strong><\/span><\/span><span style=\"text-decoration: underline;\"><strong> <\/strong><\/span><span style=\"font-family: Alba Super;\"><span style=\"text-decoration: underline;\"><strong>: Gu\u00e9rissons par les fleurs<\/strong><\/span><\/span><\/p>\n<p><span style=\"font-family: Alba Super;\">  <a href=\"https:\/\/www.holisticattitude.com\/wp-content\/uploads\/bachfleur.jpg\"><img loading=\"lazy\" decoding=\"async\" src=\"https:\/\/www.holisticattitude.com\/wp-content\/uploads\/bachfleur.jpg\" alt=\"\" title=\"bachfleur\" width=\"126\" height=\"84\" class=\"alignleft size-full wp-image-494\" \/><\/a>   <\/span><\/p>\n<p><span style=\"text-decoration: underline;\"><strong>LES FLEURS DE BACH <\/strong><\/span> Ce sont des fleurs qui gu\u00e9rissent notre \u00e9tat \u00e9motionnel et qui agissent sur le plan psychique. II existe 38 fleurs de Bach. Ces essences de plantes servent d&rsquo;une th\u00e9rapie; une m\u00e9thode douce et naturelle qui traitent les \u00e9motions et les \u00e9tats n\u00e9gatifs temporaires.  Cette th\u00e9rapie ne peut gu\u00e9rir ni les troubles mentaux ni les probl\u00e8mes corporelles graves.  Edward Bach a d\u00e9couvert ses 3 premi\u00e8res fleurs en 1929 au pays de Galles.<\/p>\n<p>Le Dr Bach a group\u00e9 ses fleurs gu\u00e9risseuses en sept rubriques, il a d\u00e9fini 7 grands \u00e9tats d\u2019\u00e2me. II expliquait ces r\u00e9sultats par le fait que le corps est plus sensible et r\u00e9agit bien aux messages des mol\u00e9cules naturelles, bien plus qu\u2019\u00e0 celles des produits de synth\u00e8se<span style=\"font-family: Arial, sans-serif;\"><span style=\"font-size: x-small;\"> . <\/span><\/span>Le corps humain n\u2019a pas l\u2019habitude de traiter des mol\u00e9cules de synth\u00e8se : il ne reconna\u00eet que les \u00e9l\u00e9ments naturels.<br \/>\n<\/BR><br \/>\nLe principe de Fleurs de Bach est que chaque <strong>\u00c9MOTION<\/strong> a un \u00e9lixir, une fleur. \t<\/p>\n<li> Les bonnes nouvelles sont qu&rsquo;il n\u2019existe pas des interactions avec d&rsquo;autres m\u00e9dicaments. <\/li>\n<li>On pourrait m\u00eame les utiliser pour les femmes enceintes. L&rsquo;\u00e9lixir est dilu\u00e9 dans de l\u2019alcool (un conservateur).<\/li>\n<p><\/BR><br \/>\n<strong>CONSEIL D&rsquo;UTILISATION <\/strong><\/p>\n<li>Pour un probl\u00e8me<strong> PONCTUEL<\/strong> qui vient d\u2019arriver : vous pouvez d\u00e9poser directement les gouttes d\u2019\u00e9lixirs <strong>PURS<\/strong> dans votre bouche, sans les diluer. le dosage est <strong>2 <\/strong>gouttes <strong> 4<\/strong>  fois par jour durant le temps n\u00e9cessaire.<\/li>\n<p>1<br \/>\n<div id=\"attachment_9676\" style=\"width: 219px\" class=\"wp-caption aligncenter\"><a href=\"https:\/\/www.holisticattitude.com\/?attachment_id=9676\" rel=\"attachment wp-att-9676\"><img loading=\"lazy\" decoding=\"async\" aria-describedby=\"caption-attachment-9676\" src=\"https:\/\/www.holisticattitude.com\/wp-content\/uploads\/\/elixir_pur_2gouttes4fois_bouche.jpg\" alt=\"\" title=\"elixir_pur_2gouttes4fois_bouche\" width=\"209\" height=\"96\" class=\"size-full wp-image-9676\" \/><\/a><p id=\"caption-attachment-9676\" class=\"wp-caption-text\">\u00c9lixir PUR :2 gouttes X 4 fois par jour sur la LANGUE <\/p><\/div><br \/>\n<\/BR><\/p>\n<li>  M\u00e9thode du <strong>VERRE D&rsquo;EAU <\/strong> Vous pouvez \u00e9galement mettre les <strong> 2 <\/strong>gouttes dans un verre d&rsquo;eau de source et boire \u00e0 intervalles r\u00e9guliers tout au long de la journ\u00e9e. Gardez le verre au FRAIS. <\/li>\n<p>2<br \/>\n<div id=\"attachment_9677\" style=\"width: 211px\" class=\"wp-caption aligncenter\"><a href=\"https:\/\/www.holisticattitude.com\/?attachment_id=9677\" rel=\"attachment wp-att-9677\"><img loading=\"lazy\" decoding=\"async\" aria-describedby=\"caption-attachment-9677\" src=\"https:\/\/www.holisticattitude.com\/wp-content\/uploads\/\/elixir-2gouttes_verredeau.jpg\" alt=\"\" title=\"elixir-2gouttes_verredeau\" width=\"201\" height=\"102\" class=\"size-full wp-image-9677\" \/><\/a><p id=\"caption-attachment-9677\" class=\"wp-caption-text\">\u00c9lixir PUR : 2 gouttes  dans un verre d'eau-20ml<\/p><\/div><br \/>\n<\/BR><\/p>\n<li>  Pour un probl\u00e8me DE <strong>FOND\/CHRONIQUE<\/strong>, il est conseill\u00e9 de prendre une m\u00e9lange d&rsquo;\u00e9lixirs soit pr\u00e9par\u00e9e pour vous m\u00eame ou soit par un conseiller professionnel.<br \/>\nDILUER <strong>2<\/strong> gouttes de CHAQUE rem\u00e8de dans un flacon compte-gouttes 30ml et compl\u00e9ter avec de l&rsquo;eau min\u00e9rale.  Puis de cette bouteille prendre <strong>4<\/strong> gouttes <strong>4<\/strong> fois par jour, durant <strong>3<\/strong> semaines. <\/li>\n<p>1<br \/>\n<div id=\"attachment_10405\" style=\"width: 260px\" class=\"wp-caption aligncentre\"><a href=\"https:\/\/www.holisticattitude.com\/?attachment_id=10405\" rel=\"attachment wp-att-10405\"><img loading=\"lazy\" decoding=\"async\" aria-describedby=\"caption-attachment-10405\" src=\"https:\/\/www.holisticattitude.com\/wp-content\/uploads\/\/m\u00e9lange_2gouttesdechaque_eaudesource_flacon-e1408433321366.jpg\" alt=\"\" title=\"m\u00e9lange_2gouttesdechaque_eaudesource_flacon\" width=\"250\" height=\"157\" class=\"size-full wp-image-10405\" \/><\/a><p id=\"caption-attachment-10405\" class=\"wp-caption-text\">M\u00e9langer: 2 gouttes de chaque \u00c9lixir PUR avec de l'eau de source dans un  FLACON<\/p><\/div><\/p>\n<p>CHOIX 1<br \/>\n<div id=\"attachment_9678\" style=\"width: 253px\" class=\"wp-caption aligncenter\"><a href=\"https:\/\/www.holisticattitude.com\/?attachment_id=9678\" rel=\"attachment wp-att-9678\"><img loading=\"lazy\" decoding=\"async\" aria-describedby=\"caption-attachment-9678\" src=\"https:\/\/www.holisticattitude.com\/wp-content\/uploads\/\/flacon_4gouttes_4foisparjour_bouche.jpg\" alt=\"\" title=\"flacon_4gouttes_4foisparjour_bouche\" width=\"243\" height=\"90\" class=\"size-full wp-image-9678\" \/><\/a><p id=\"caption-attachment-9678\" class=\"wp-caption-text\">M\u00e9lange des \u00c9lixirs: 4 gouttes sur la LANGUE x 4 fois par jour<\/p><\/div><br \/>\nCHOIX 2<br \/>\n<div id=\"attachment_9679\" style=\"width: 253px\" class=\"wp-caption aligncenter\"><a href=\"https:\/\/www.holisticattitude.com\/?attachment_id=9679\" rel=\"attachment wp-att-9679\"><img loading=\"lazy\" decoding=\"async\" aria-describedby=\"caption-attachment-9679\" src=\"https:\/\/www.holisticattitude.com\/wp-content\/uploads\/\/flacon_4gouttes_plusieursintervalles_verre.jpg\" alt=\"\" title=\"flacon_4gouttes_plusieursintervalles_verre\" width=\"243\" height=\"93\" class=\"size-full wp-image-9679\" \/><\/a><p id=\"caption-attachment-9679\" class=\"wp-caption-text\">M\u00e9lange des \u00c9lixirs: 4 gouttes dans un VERRE d'eau - 20ml x 4 fois par jour<\/p><\/div><br \/>\n<\/BR><br \/>\nII est conseill\u00e9 en g\u00e9n\u00e9rale de faire une PAUSE avant de reprendre une autre cure.<br \/>\n<\/BR><\/p>\n<p><a href=\"https:\/\/www.holisticattitude.com\/wp-content\/uploads\/rescueremedie.jpg\"><img loading=\"lazy\" decoding=\"async\" src=\"https:\/\/www.holisticattitude.com\/wp-content\/uploads\/rescueremedie.jpg\" alt=\"\" title=\"rescueremedie\" width=\"114\" height=\"114\" class=\"alignleft size-full wp-image-497\" \/><\/a>   <\/p>\n<p><strong>LE RESCUE<\/strong><br \/>\nLa Fleur de Bach<strong> RESCUE<\/strong> (rem\u00e8de d\u2019urgence : est une association de <strong>5<\/strong> fleurs, Cl\u00e9matite, Etoile de Bethl\u00e9em, Prunus, H\u00e9lianth\u00e8me et Impatiente)<br \/>\n<\/BR><\/p>\n<p>Gardez cet anti-stress par excellence,  dans votre sac \u00e0 main. Efficace en cas de chagrin, chocs, bouleversement \u00e9motionnel dans les moments de panique, d\u2019\u00e9nervement de col\u00e8re ou de soudain difficult\u00e9s. Rescue rem\u00e8de est le rem\u00e8de pour r\u00e9confort.  Disponible en tant qu\u2019\u00e9lixirs dans des fioles, un spray buccal ou une cr\u00e8me. L\u2019\u00e9lixir \u2018Rescue \u00bb est assez couramment utilis\u00e9 par les pompiers et les policiers soumis \u00e0 un \u00e9tat de stress au quotidien. Ce rem\u00e8de est aussi utilis\u00e9 par des sage femmes et des th\u00e9rapeutes.<\/p>\n<li> Le dosage est <strong>4<\/strong> gouttes durant le temps n\u00e9cessaire. <strong>DOSAGE <\/strong>:<br \/>\nVous pouvez le d\u00e9poser directement dans votre bouche (<strong>4 <\/strong>gouttes \u00e0 chaque fois) ou vous pouvez le diluer avec l&rsquo;eau de source  dans un flacon compte-gouttes vide st\u00e9rilis\u00e9 opaque de 30 ml. <\/li>\n<\/p>\n<p>1<br \/>\n<div id=\"attachment_9683\" style=\"width: 301px\" class=\"wp-caption aligncenter\"><a href=\"https:\/\/www.holisticattitude.com\/?attachment_id=9683\" rel=\"attachment wp-att-9683\"><img loading=\"lazy\" decoding=\"async\" aria-describedby=\"caption-attachment-9683\" src=\"https:\/\/www.holisticattitude.com\/wp-content\/uploads\/\/rescueremedie_pur_4gouttes4fois_bouche.jpg\" alt=\"\" title=\"rescueremedie_pur_4gouttes4fois_bouche\" width=\"291\" height=\"117\" class=\"size-full wp-image-9683\" \/><\/a><p id=\"caption-attachment-9683\" class=\"wp-caption-text\">4 gouttes de RESCUE PUR sur la LANGUE x 4 fois par jour <\/p><\/div><br \/>\n2<br \/>\n<div id=\"attachment_9682\" style=\"width: 243px\" class=\"wp-caption aligncenter\"><a href=\"https:\/\/www.holisticattitude.com\/?attachment_id=9682\" rel=\"attachment wp-att-9682\"><img loading=\"lazy\" decoding=\"async\" aria-describedby=\"caption-attachment-9682\" src=\"https:\/\/www.holisticattitude.com\/wp-content\/uploads\/\/rescueremedie_4gouttes_verredeau.jpg\" alt=\"\" title=\"rescueremedie_4gouttes_verredeau\" width=\"233\" height=\"116\" class=\"size-full wp-image-9682\" \/><\/a><p id=\"caption-attachment-9682\" class=\"wp-caption-text\">4 gouttes de RESCUE dans un VERRE -20ml x 4 fois par jour<\/p><\/div><br \/>\n3<br \/>\n<div id=\"attachment_9681\" style=\"width: 311px\" class=\"wp-caption aligncenter\"><a href=\"https:\/\/www.holisticattitude.com\/?attachment_id=9681\" rel=\"attachment wp-att-9681\"><img loading=\"lazy\" decoding=\"async\" aria-describedby=\"caption-attachment-9681\" src=\"https:\/\/www.holisticattitude.com\/wp-content\/uploads\/\/melange_rescueremedie_4gouttes_flacon.jpg\" alt=\"\" title=\"melange_rescueremedie_4gouttes_flacon\" width=\"301\" height=\"221\" class=\"size-full wp-image-9681\" srcset=\"https:\/\/www.holisticattitude.com\/wp-content\/uploads\/melange_rescueremedie_4gouttes_flacon.jpg 301w, https:\/\/www.holisticattitude.com\/wp-content\/uploads\/melange_rescueremedie_4gouttes_flacon-300x220.jpg 300w\" sizes=\"auto, (max-width: 301px) 100vw, 301px\" \/><\/a><p id=\"caption-attachment-9681\" class=\"wp-caption-text\">4 gouttes de RESCUE + l'eau de SOURCE dans un FLACON x 4 fois par jour<\/p><\/div><\/p>\n<p><strong><\/p>\n<p>QUELQUES ETATS<\/p>\n<p><\/strong><\/p>\n<p><strong>La PEUR<\/strong><\/p>\n<p>  <strong>2. <\/strong> ASPEN Tremble  (angoisses, peur inconnues, boule dans le ventre, cauchemars). Aide \u00e0 surmonter les PEURS-retrouver la SINC\u00c9RIT\u00c9<br \/>\n<strong>6. <\/strong> CHERRY PLUM Prunus -(difficult\u00e9 \u00e0 l\u00e2cher prise, peur de perdre pied, acc\u00e8s de rage, col\u00e8re-m\u00e9nopaus\u00e9e ,). Lib\u00e9rer des addictions, la Ma\u00eetrise de Soi.<br \/>\n<strong>20. <\/strong> MIMULUS Muscade (les phobies, les angoisses;  peur des autres, peur des examens, du noir, des accidents, de la maladie&#8230;..). Aide \u00e0 \u00eatre courageux.<br \/>\n<strong>25. <\/strong> RED CHESTNUT Marronnier Rouge (peur pour les autres, m\u00e8re poule). Aide \u00e0 laisser les autres suivent leur chemin.<br \/>\n<strong>26. <\/strong> ROCK  ROSE H\u00e9lianth\u00e8me (\u00e9tats de panique, cauchemars). Aide \u00e0 faire face \u00e0 la situation avec du courage.<\/p>\n<p><strong>La DOUTE et L\u2019INCERTITUDE<\/strong><\/p>\n<p> <strong>5. <\/strong> CERATO Plumbago (Demande toujours l&rsquo;avis des autres) Aide \u00e0 suivre votre voix int\u00e9rieure.<br \/>\n<strong>12. <\/strong> GENTIAN Gentiane (D\u00e9pression d&rsquo;origine connu, d\u00e9courage facilement face aux \u00e9preuves, aux examens) . Aide \u00e0 accepter les obstacles avec de la s\u00e9r\u00e9nit\u00e9.<br \/>\n<strong>13. <\/strong> GORSE Ajonc (voir tout en noir, abattement total). Aide \u00e0 retrouver<strong> l&rsquo;espoir<\/strong>.<br \/>\n<strong>17. <\/strong> HORNBEAM Charme (fatigue devant le quotidien, difficult\u00e9 \u00e0 se lancer, manque d&rsquo;entrain). Aide \u00e0 aller de l&rsquo;avant.<br \/>\n<strong>28. <\/strong> SCLERANTHUS Al\u00e8ne (h\u00e9sitant, entre le marteau et l&rsquo;enclume). Aide \u00e0 faire des choix.<br \/>\n<strong>36. <\/strong> WILD OAT Fol Avoine (insatisfait, incertitude). Aide \u00e0 trouver sa voie, confiance en ses capacit\u00e9s.<\/p>\n<p><strong>INDIFF\u00c9RENCE, MANQUE D&rsquo;INT\u00c9R\u00caT POUR LE PR\u00c9SENT <\/strong><\/p>\n<p> <strong>7. <\/strong> CHESTNUT BUD Bourgeon de Marronnier (m\u00eames erreurs de la vie r\u00e9p\u00e9t\u00e9es, prisonnier des sch\u00e9mas r\u00e9p\u00e9titifs). Tirer les le\u00e7ons des exp\u00e9riences.<br \/>\n<strong>9. <\/strong> CLEMATIS Cl\u00e9matite (r\u00eaveuse, distrait). Aide \u00e0 revenir sur terre, faire preuve de r\u00e9alisme.<br \/>\n<strong>16. <\/strong> HONEYSUCKLE Ch\u00e8vrefeuille (otage du pass\u00e9). Comprend que le pass\u00e9 est pass\u00e9. Profite du moment pr\u00e9sent.<br \/>\n<strong>21. <\/strong> MUSTARD Moutarde (m\u00e9lancolie sans raison, d\u00e9pression passag\u00e8re, perte de joie de vivre).  Aide \u00e0 surmonter la m\u00e9lancolie, voir la lumi\u00e8re au bout de tunnel.<br \/>\n<strong>23. <\/strong> OLIVE Olivier (fatigue mentalement, \u00e9puis\u00e9). Aide \u00e0 r\u00e9tablir, retrouver la vitalit\u00e9 et l&rsquo;\u00e9nergie.<br \/>\n<strong>35. <\/strong> WHITE CHESTNUT Marronnier Blanc (mental trop actif, petit v\u00e9lo qui tourne dans la t\u00eate). Aide \u00e0 retrouver un esprit tranquille.<br \/>\n<strong>37. <\/strong> WILD ROSE  \u00c9glantier, (renonc\u00e9 \u00e0 la vie, apathique). Retrouver la joie de vivre.<\/p>\n<p><strong>La SOLITUDE<\/strong><\/p>\n<p><strong>14. <\/strong> HEATHER Bruy\u00e8re (l&rsquo;enfant d\u00e9pendant, peur de la solitude). Devenir d\u00e9tach\u00e9 et autonome.<br \/>\n<strong>18. <\/strong> IMPATIENS Impatiente (\u00e9tat d\u2019irritabilit\u00e9, impatience). Suivre le rythme de la vie, le flux de la nature.<br \/>\n<strong>34. <\/strong> WATER VIOLET Violette d\u2019eau (timide, repli sur soi, renferm\u00e9, solitaire). S&rsquo;ouvrir aux autres.<\/p>\n<p><strong>TROP SENSIBLE AUX ID\u00c9ES ET AUX INFLUENCES<\/strong><\/p>\n<p><strong>1. <\/strong> AGRIMONY Aigremoine (un masque de fausse gaiet\u00e9). Aide \u00e0 \u00eatre vraie.<br \/>\n<strong>4. <\/strong> CENTAURY Centaur\u00e9e (personne soumise, incapacit\u00e9 \u00e0 dire NON). Aide \u00e0 S&rsquo;AFFIRMER face \u00e0 l&rsquo;autre. Vivre sa propre vie.<br \/>\n<strong>15. <\/strong> HOLLY Houx (difficult\u00e9 \u00e0 s&rsquo;aimer, jaloux, col\u00e9rique).  Aide \u00e0 \u00eatre plus aimant. Ouvrir le c\u0153ur.<br \/>\n<strong>33. <\/strong> WALNUT Noyer (ind\u00e9cis, se laisser influencer par les exigences de votre entourage, sensible aux influences ext\u00e9rieures). Aide \u00e0 \u00eatre fid\u00e8le \u00e0 soi-m\u00eame. Libre de suivre sa propre voie.<\/p>\n<p><strong>Le D\u00c9COURAGEMENT, R\u00c9SIGNATION<\/strong><\/p>\n<p><strong>10. <\/strong> CRAB APPLE Pommier Sauvage (on se sent souill\u00e9, perfectionniste). Aide \u00e0 s&rsquo;accepter tel quel l&rsquo;on est, \u00e0 se sentir propre.<br \/>\n<strong>11. <\/strong> ELM Orme (D\u00e9pass\u00e9 par la vie, d\u00e9pression passag\u00e8re). Aide \u00e0 se d\u00e9tendre, et reprendre confiance en soi.<br \/>\n<strong>19. <\/strong> LARCH M\u00e9l\u00e8ze (complexe d&rsquo;inf\u00e9riorit\u00e9, manque de confiance). Aide \u00e0 reconna\u00eetre son propre valeur.<br \/>\n<strong>22.<\/strong> OAK Ch\u00eane (surmen\u00e9, ne renonce jamais, obstin\u00e9). Aide \u00e0 se d\u00e9tendre, se reposer.<br \/>\n<strong>24. <\/strong> PINE Pin sylvestre (adepte d&rsquo;auto-flagellation, on ne sent pas \u00e0 la hauteur). Aide \u00e0 arr\u00eater de culpabiliser, \u00e0 s&rsquo;aimer.<br \/>\n<strong>29. <\/strong> STAR OF BETHLEHEM Ornithogale (\u00e9tat du choc, chagrin, deuil). Utilise pour les situations d&rsquo;urgence.<br \/>\n<strong>30. <\/strong> SWEET CHESTNUT Ch\u00e2taignier (toucher le fond, crise, d\u00e9pression). Aide \u00e0 reprendre go\u00fbt \u00e0 la vie, retrouver la <strong>FOI.<\/strong><br \/>\n<strong>38. <\/strong> WILLOW Saule (ressentiment, victime, Calim\u00e9ro). Aide \u00e0 voir le c\u00f4t\u00e9 positif de la vie.<\/p>\n<p><strong>D\u00c9VELOPPEMENT DE L\u2019ALTRUISME &#8211; excessif <\/strong><\/p>\n<p> <strong>3. <\/strong> BEECH H\u00eatre (esprit critique, irritabilit\u00e9). Aide \u00e0 \u00eatre plus tol\u00e9rant.<br \/>\n<strong>8. <\/strong> CHICORY Chicor\u00e9e (amour possessif, m\u00e8re \u00e9touffante, en manque d&rsquo;affection). Aimer sans conditions. Donner sans recevoir.<br \/>\n<strong>27. <\/strong> ROCK WATER Eau de Roche (absence de souplesse, psycho-rigide, perfectionniste,exigeant envers soi-m\u00eame). Aide \u00e0 \u00eatre accommodant, accepter ses erreurs.<br \/>\n<strong>31. <\/strong> VERVAIN Verveine (Enthousiasme d\u00e9bordant, veut sauver le monde).  Aide \u00e0 respecter les id\u00e9es des autres.<br \/>\n<strong>32. <\/strong> VINE Vigne (autoritaire, a toujours raison). Aide \u00e0 \u00eatre moins dominateur.<\/p>\n","protected":false},"excerpt":{"rendered":"<p>Le plan \u00e9motionnel : Gu\u00e9rissons par les fleurs LES FLEURS DE BACH Ce sont des fleurs qui gu\u00e9rissent notre \u00e9tat \u00e9motionnel et qui agissent sur le plan psychique. II existe 38 fleurs de Bach. Ces essences de plantes servent d&rsquo;une th\u00e9rapie; une m\u00e9thode douce et naturelle qui traitent les \u00e9motions et les \u00e9tats n\u00e9gatifs temporaires. [&hellip;]<\/p>\n","protected":false},"author":1,"featured_media":0,"parent":784,"menu_order":6,"comment_status":"open","ping_status":"closed","template":"","meta":{"_monsterinsights_skip_tracking":false,"_monsterinsights_sitenote_active":false,"_monsterinsights_sitenote_note":"","_monsterinsights_sitenote_category":0,"slim_seo":{"title":"FLEURS DE BACH - Holistic Attitude","description":"Le plan \u00e9motionnel : Gu\u00e9rissons par les fleurs LES FLEURS DE BACH Ce sont des fleurs qui gu\u00e9rissent notre \u00e9tat \u00e9motionnel et qui agissent sur le plan psychique."},"footnotes":""},"class_list":["post-17","page","type-page","status-publish","hentry"],"_links":{"self":[{"href":"https:\/\/www.holisticattitude.com\/index.php?rest_route=\/wp\/v2\/pages\/17","targetHints":{"allow":["GET"]}}],"collection":[{"href":"https:\/\/www.holisticattitude.com\/index.php?rest_route=\/wp\/v2\/pages"}],"about":[{"href":"https:\/\/www.holisticattitude.com\/index.php?rest_route=\/wp\/v2\/types\/page"}],"author":[{"embeddable":true,"href":"https:\/\/www.holisticattitude.com\/index.php?rest_route=\/wp\/v2\/users\/1"}],"replies":[{"embeddable":true,"href":"https:\/\/www.holisticattitude.com\/index.php?rest_route=%2Fwp%2Fv2%2Fcomments&post=17"}],"version-history":[{"count":7,"href":"https:\/\/www.holisticattitude.com\/index.php?rest_route=\/wp\/v2\/pages\/17\/revisions"}],"predecessor-version":[{"id":11730,"href":"https:\/\/www.holisticattitude.com\/index.php?rest_route=\/wp\/v2\/pages\/17\/revisions\/11730"}],"up":[{"embeddable":true,"href":"https:\/\/www.holisticattitude.com\/index.php?rest_route=\/wp\/v2\/pages\/784"}],"wp:attachment":[{"href":"https:\/\/www.holisticattitude.com\/index.php?rest_route=%2Fwp%2Fv2%2Fmedia&parent=17"}],"curies":[{"name":"wp","href":"https:\/\/api.w.org\/{rel}","templated":true}]}}