{"id":16331,"date":"2021-02-19T21:36:42","date_gmt":"2021-02-19T19:36:42","guid":{"rendered":"https:\/\/www.holisticattitude.com\/?page_id=16331"},"modified":"2021-02-19T22:22:54","modified_gmt":"2021-02-19T20:22:54","slug":"comment-fonction-notre-systeme-immunitiare","status":"publish","type":"page","link":"https:\/\/www.holisticattitude.com\/le-corps\/comment-fonction-notre-systeme-immunitiare\/","title":{"rendered":"COMMENT FONCTION NOTRE SYST\u00c8ME LYMPHATIQUE ?"},"content":{"rendered":"<p>Le <strong>SYST\u00c8ME LYMPATHIQU<\/strong>E est tr\u00e8s important parce qu\u2019il fait partie du <strong>syst\u00e8me immunitaire<\/strong> qui nous prot\u00e8ge contre les <strong>menaces ext\u00e9rieures. <\/strong> <\/p>\n<p>Mais qu&rsquo;est-ce que le <strong>syst\u00e8me lymphatique ?<\/strong> Voici une explication sur le plan biologique. En tant que biologiste de formation permettez-moi de partager ce monde fascinant avec vous.<\/p>\n<p>En r\u00e9sum\u00e9 pour circuler dans tout l\u2019organisme les <strong>cellules immunitaires <\/strong>  (lymphocytes, les phagocytes, les granulocytes) passent par les<strong> vaisseaux lymphatiques<\/strong> remplis d\u2019un liquide clair appel\u00e9 la <strong>lymphe.<\/strong><\/p>\n<p>Les <strong>barri\u00e8res naturelles <\/strong>de l\u2019organisme sont la premi\u00e8re ligne de d\u00e9fense contre les <strong>agents pathog\u00e8nes<\/strong> comme les microbes, les bact\u00e9ries el les virus.  Un <strong>agent pathog\u00e8ne<\/strong> fait r\u00e9f\u00e9rence \u00e0 un microorganisme agent qui cause des maladies chez l&rsquo;h\u00f4te tels que des bact\u00e9ries, des virus, des champignons, des protozoaires, des algues et des parasites.<br \/>\n<div id=\"attachment_16377\" style=\"width: 430px\" class=\"wp-caption aligncenter\"><img loading=\"lazy\" decoding=\"async\" aria-describedby=\"caption-attachment-16377\" src=\"https:\/\/www.holisticattitude.com\/wp-content\/uploads\/\/reactiondelorganismeapr\u00e8sblessure.png\" alt=\"\" width=\"420\" height=\"203\" class=\"size-full wp-image-16377\" srcset=\"https:\/\/www.holisticattitude.com\/wp-content\/uploads\/reactiondelorganismeapr\u00e8sblessure.png 420w, https:\/\/www.holisticattitude.com\/wp-content\/uploads\/reactiondelorganismeapr\u00e8sblessure-300x145.png 300w\" sizes=\"auto, (max-width: 420px) 100vw, 420px\" \/><p id=\"caption-attachment-16377\" class=\"wp-caption-text\">La peau une barri\u00e8re physique. La peau endommag\u00e9e : r\u00e9action de l&rsquo;organisme suite \u00e0 une blessure.<\/p><\/div><\/p>\n<p>La <strong>barri\u00e8re naturelle<\/strong> peut s\u2019agir d\u2019une <strong>barri\u00e8re physique<\/strong> sur la surface externe de l\u2019organisme comme <strong>la peau<\/strong> ou les barri\u00e8res muqueuses, comme celles de <strong>voies respiratoires<\/strong> ou comme celle de <strong>barri\u00e8re muqueuse intestinale.  <\/strong><br \/>\nLa transpiration, la toux et l\u2019urination agissent \u00e9galement comme un <strong>m\u00e9canisme de d\u00e9fense <\/strong>en expulsant ou \u00e9vacuant les microbes du corps.<\/p>\n<p><strong>COMMENT FONCTION NOTRE SYST\u00c8ME LYMPHATIQUE<\/strong> ?<br \/>\n<div id=\"attachment_16356\" style=\"width: 292px\" class=\"wp-caption aligncenter\"><img loading=\"lazy\" decoding=\"async\" aria-describedby=\"caption-attachment-16356\" src=\"https:\/\/www.holisticattitude.com\/wp-content\/uploads\/\/syst\u00e8melymphatique.png\" alt=\"\" width=\"282\" height=\"267\" class=\"size-full wp-image-16356\" \/><p id=\"caption-attachment-16356\" class=\"wp-caption-text\">La lymphe circule dans les vaisseaux lymphatiques gr\u00e2ce aux contractions musculaires et aux mouvements du corps.<\/p><\/div><br \/>\nLe <strong>syst\u00e8me lymphatique<\/strong> est tr\u00e8s important parce qu\u2019il fait partie du <strong>syst\u00e8me immunitaire<\/strong> qui nous prot\u00e8ge contre les menaces ext\u00e9rieures.<br \/>\n&#8211;\tLe <strong>syst\u00e8me lymphatique<\/strong> a des <strong>nombreuses fonctions <\/strong>dont <strong>1)<\/strong> La circulation des cellules immunitaires dans tout le corps et la d\u00e9fense de l\u2019organisme contre les infections et les maladies.<br \/>\n<strong> 2)<\/strong> L\u2019absorption des lipides contenus dans le syst\u00e8me digestif.<br \/>\n<strong>3)<\/strong> Le maintien de l\u2019\u00e9quilibre liquidien, en drainant les liquides en exc\u00e8s et en les renvoyant dans le sang.   <\/p>\n<p><div id=\"attachment_16362\" style=\"width: 210px\" class=\"wp-caption aligncenter\"><img loading=\"lazy\" decoding=\"async\" aria-describedby=\"caption-attachment-16362\" src=\"https:\/\/www.holisticattitude.com\/wp-content\/uploads\/\/D\u00e9tail-du-syst\u00e8me-d\u00e9change-filtrage-du-sang-bleu-et-rouge-et-de-la-lymphe-vert.png\" alt=\"\" width=\"200\" height=\"140\" class=\"size-full wp-image-16362\" \/><p id=\"caption-attachment-16362\" class=\"wp-caption-text\">La lymphe circule dans un syst\u00e8me de vaisseaux quasiment  parall\u00e8les aux vaisseaux sanguins.     D\u00e9tail du syst\u00e8me d&rsquo;\u00e9change (filtrage) du sang (bleu et rouge) et de la lymphe (vert)<\/p><\/div><br \/>\n&#8211;\tLe syst\u00e8me lymphatique est compos\u00e9 de divers \u00e9l\u00e9ments. II est un r\u00e9seau <strong> vaisseaux,<\/strong> de <strong>conduits<\/strong> et de <strong>n\u0153uds<\/strong> (ganglions) pr\u00e9sent dans tout l\u2019organisme, \u00e0 l\u2019exception du syst\u00e8me nerveux central, des muscles, du cartilage et de la moelle osseuse<br \/>\n&#8211;\tLes <strong>n\u0153uds lymphatiques<\/strong> se trouvent sous la m\u00e2choire, au niveau du cou, aux niveaux des plis de l&rsquo;aine ou encore sous les aisselles. Le corps en poss\u00e8de 600.  La plupart des <strong>n\u0153uds lymphatiques <\/strong>sont petits comme un pois. Ils ont une taille de <strong>1 \u00e0 1,5 cm <\/strong>de diam\u00e8tre et se r\u00e9partissent sur l&rsquo;ensemble de notre organisme, par paires et de fa\u00e7on sym\u00e9trique.<br \/>\n&#8211;\tLes principales <strong>structures lympho\u00efdes<\/strong> sont \u00e9troitement li\u00e9es aux points d\u2019entr\u00e9e des agents pathog\u00e8nes : les amygdales, le thymus, sous les aisselles, les n\u0153uds dans les poumons, la moelle osseuse, la rate, et les intestins.<br \/>\n&#8211;\tLe <strong>thymus <\/strong>et la <strong>moelle osseuse<\/strong> sont les <strong>tissus lympho\u00efdes primaires <\/strong>(organes lymphatiques primaires).  Les n\u0153uds lymphatiques, la rate et les MALT (tissus lymphatiques associ\u00e9s aux muqueuses) sont des <strong>tissus lympho\u00efdes secondaires<\/strong>.<\/p>\n<div id=\"attachment_16373\" style=\"width: 503px\" class=\"wp-caption aligncenter\"><img loading=\"lazy\" decoding=\"async\" aria-describedby=\"caption-attachment-16373\" src=\"https:\/\/www.holisticattitude.com\/wp-content\/uploads\/\/lympho\u00efdes-secondaires.png\" alt=\"\" width=\"493\" height=\"360\" class=\"size-full wp-image-16373\" srcset=\"https:\/\/www.holisticattitude.com\/wp-content\/uploads\/lympho\u00efdes-secondaires.png 493w, https:\/\/www.holisticattitude.com\/wp-content\/uploads\/lympho\u00efdes-secondaires-300x219.png 300w\" sizes=\"auto, (max-width: 493px) 100vw, 493px\" \/><p id=\"caption-attachment-16373\" class=\"wp-caption-text\">Source image : slideplayer.fr \u2013 diapositive 3<\/p><\/div>\n<p> Les vaisseaux lymphatiques relient l\u2019ensemble des n\u0153uds lymphatiques du corps. Ils m\u00e8nent \u00e0 de grands conduits (e.g. conduit thoracique) qui se d\u00e9versent dans les vaisseaux sanguins.<\/p>\n<p><div id=\"attachment_16381\" style=\"width: 527px\" class=\"wp-caption aligncenter\"><img loading=\"lazy\" decoding=\"async\" aria-describedby=\"caption-attachment-16381\" src=\"https:\/\/www.holisticattitude.com\/wp-content\/uploads\/\/Syst\u00e8me-sanguin-et-syst\u00e8me-lymphatique-1.png\" alt=\"\" width=\"517\" height=\"342\" class=\"size-full wp-image-16381\" srcset=\"https:\/\/www.holisticattitude.com\/wp-content\/uploads\/Syst\u00e8me-sanguin-et-syst\u00e8me-lymphatique-1.png 517w, https:\/\/www.holisticattitude.com\/wp-content\/uploads\/Syst\u00e8me-sanguin-et-syst\u00e8me-lymphatique-1-300x198.png 300w\" sizes=\"auto, (max-width: 517px) 100vw, 517px\" \/><p id=\"caption-attachment-16381\" class=\"wp-caption-text\">Circulation lymphatique et sanguine<\/p><\/div><br \/>\n&#8211;\tLes n\u0153uds lymphatiques contiennent des cellules immunitaires ; des globules blancs appel\u00e9es lymphocytes (le suffixe \u00ab <strong>cyte <\/strong>\u00bb se rapporte \u00e0 une cellule).   Les <strong>lymphocytes<\/strong> utilisent les conduits pour p\u00e9n\u00e9trer dans le syst\u00e8me sanguin.<br \/>\n&#8211;\t La <strong>rate <\/strong>joue le r\u00f4le <strong>d\u2019un n\u0153ud lymphatique<\/strong> pour le sang et est le <strong>plus gros<\/strong> organe lymphatique du corps.<br \/>\n&#8211;\tPour circuler dans tout l\u2019organisme les cellules immunitaires passent par les vaisseaux lymphatiques remplis d\u2019un<strong> liquide clair<\/strong> appel\u00e9<strong> LYMPHE<\/strong>.<br \/>\n&#8211;\tIl y a <strong>4 fois <\/strong>plus de lymphe (autrefois nomm\u00e9 sang blanc par les Grecs) que de sang dans notre corps.<br \/>\n&#8211;\tLa circulation lymphatique permet d\u2019\u00e9tablir un <strong>r\u00e9seau de surveillance <\/strong>(Big Brother) efficace pour les globules blancs du corps \u00e0 l\u2019aff\u00fbt des signes d\u2019infection.<br \/>\n&#8211;\tLa lymphe s\u2019\u00e9coule lentement dans les <strong>n\u0153uds lymphatiques<\/strong> o\u00f9 elle est filtr\u00e9e par les n\u0153uds. Ces n\u0153uds lymphatiques nettoient les mati\u00e8res toxiques et les prot\u00e9ines mortes.<br \/>\n&#8211;\tLors d\u2019une infection dans l\u2019organisme les <strong>n\u0153uds lymphatiques<\/strong> s&rsquo;activent pour bloquer les particules \u00e9trang\u00e8res telles quelles les virus, les bact\u00e9ries et autres microbes.  Les lymphocytes <strong>T<\/strong> et <strong>B<\/strong> entre <strong>en mitose<\/strong> (multiplications des lymphocytes en un grand nombre des clones) dans les <strong>follicules du ganglion<\/strong> ce qui entrainent le gonflement du ganglion.  Les lymphocytes <strong>partent <\/strong>ensuite vers le lieu de l\u2019infection par les vaisseaux sanguins.<\/p>\n<p><strong>DES EXEMPLES DE CELLULES IMMUNITAIRES<\/strong><br \/>\nLes <strong>globules blancs<\/strong> (leucocytes o\u00f9 le mot \u00ab leukos \u00bb veut dire blanc) sont produits dans la <strong>moelle osseuse.<\/strong> Certains lymphocytes parviennent \u00e0 leur maturit\u00e9 dans la <strong>moelle osseuse<\/strong> tandis que d&rsquo;autres ach\u00e8vent leur d\u00e9veloppement dans <strong>le thymus<\/strong>.  <strong>Le thymus<\/strong> est un organe vital du <strong>syst\u00e8me immunitaire <\/strong>situ\u00e9 derri\u00e8re le sternum qui produit des lymphocytes jusqu&rsquo;au d\u00e9but de l\u2019\u00e2ge adulte. II est particuli\u00e8rement gros pendant l\u2019enfance.<\/p>\n<p>Les <strong>leucocytes<\/strong> constituent en r\u00e9alit\u00e9 une grande famille de cellules.  Ils sont responsables des<strong> r\u00e9actions immunitaires.<\/strong><br \/>\n<div id=\"attachment_16385\" style=\"width: 352px\" class=\"wp-caption aligncenter\"><img loading=\"lazy\" decoding=\"async\" aria-describedby=\"caption-attachment-16385\" src=\"https:\/\/www.holisticattitude.com\/wp-content\/uploads\/\/lesleucocytes.png\" alt=\"\" width=\"342\" height=\"176\" class=\"size-full wp-image-16385\" srcset=\"https:\/\/www.holisticattitude.com\/wp-content\/uploads\/lesleucocytes.png 342w, https:\/\/www.holisticattitude.com\/wp-content\/uploads\/lesleucocytes-300x154.png 300w\" sizes=\"auto, (max-width: 342px) 100vw, 342px\" \/><p id=\"caption-attachment-16385\" class=\"wp-caption-text\">Les leucocytes ou globules blancs constituent en r\u00e9alit\u00e9 une grande famille de cellules.<\/p><\/div><br \/>\nEn fonction de leur morphologie, ceux-ci peuvent \u00eatre class\u00e9es en <strong>trois groupes distincts<\/strong> :<\/p>\n<li> <strong>1.<\/strong> Les <strong>lymphocytes<\/strong> repr\u00e9sentant entre <strong>20% et 40%<\/strong> des leucocytes totaux (lymphocyte<strong> B <\/strong>et<strong> T<\/strong> et <strong>naturel Killer<\/strong> (cellules NK).  Les lymphocytes sont <strong>mis en r\u00e9serve<\/strong> dans les organes lympho\u00efdes, la RATE et les n\u0153uds lymphatiques. \u00c0 maturit\u00e9 Les lymphocytes T (T \u00bb est l&rsquo;abr\u00e9viation de thymus) quittent le thymus pour se rendre dans les follicules de n\u0153uds lymphatiques. <\/li>\n<li> <strong>2.<\/strong> Les <strong>granulocytes<\/strong>, repr\u00e9sentant entre <strong>40% et 80%<\/strong> des leucocyte dans l\u2019organisme. <\/li>\n<li> <strong>3<\/strong>. Les <strong>phagocytes<\/strong>, (macrophages, monocytes, cellules dendrites) repr\u00e9sentant entre <strong>2% et 10% <\/strong>des leucocytes.  Les <strong>phagocytes<\/strong> sont dou\u00e9s de <strong>phagocytose<\/strong>. Lors de la phagocytose, le phagocyte adh\u00e8re au pathog\u00e8ne et absorbe le micro-organisme. Celui-ci est ensuite dig\u00e9r\u00e9 par les enzymes dans la cellule.\n<p>Au d\u00e9part, la <strong>production des globules blancs<\/strong> a lieu dans la<strong> plupart des os<\/strong>, mais \u00e0 la pubert\u00e9 elle est concentr\u00e9e dans le sternum, les vert\u00e8bres, le bassin et les c\u00f4tes. <\/li>\n<p>Si les barri\u00e8res physiques n\u2019arrivent pas \u00e0 emp\u00eacher les agents pathog\u00e8nes d\u2019entrer dans le corps, une <strong>r\u00e9action immunitaire<\/strong> prend la rel\u00e8ve.<\/p>\n<p><div id=\"attachment_16371\" style=\"width: 260px\" class=\"wp-caption aligncenter\"><img loading=\"lazy\" decoding=\"async\" aria-describedby=\"caption-attachment-16371\" src=\"https:\/\/www.holisticattitude.com\/wp-content\/uploads\/\/lareactioninflammatoire.png\" alt=\"\" width=\"250\" height=\"133\" class=\"size-full wp-image-16371\" \/><p id=\"caption-attachment-16371\" class=\"wp-caption-text\">Si les barri\u00e8res physiques n\u2019arrivent pas \u00e0 emp\u00eacher les agents pathog\u00e8nes d\u2019entrer dans le corps, une r\u00e9action immunitaire prend la rel\u00e8ve.<\/p><\/div><br \/>\n<strong>LES DIFF\u00c9RENTES R\u00c9PONSES IMMUNITAIRES FACE \u00c0 UN PATHOG\u00c8NE<\/strong><br \/>\nLa capacit\u00e9 de notre organisme \u00e0 se d\u00e9fendre contre les agressions ext\u00e9rieures est ce qu&rsquo;on appelle<strong> l&rsquo;immunit\u00e9. <\/strong><br \/>\nOn distingue <strong>DEUX types <\/strong>de r\u00e9actions immunitaires : <strong>l\u2019immunit\u00e9 inn\u00e9e <\/strong>ou non sp\u00e9cifique et <strong>l\u2019immunit\u00e9 adaptative<\/strong> (acquise).<br \/>\n<div id=\"attachment_16375\" style=\"width: 410px\" class=\"wp-caption aligncenter\"><img loading=\"lazy\" decoding=\"async\" aria-describedby=\"caption-attachment-16375\" src=\"https:\/\/www.holisticattitude.com\/wp-content\/uploads\/\/deuxtypesder\u00e9actionsinflammatoires.png\" alt=\"\" width=\"400\" height=\"207\" class=\"size-full wp-image-16375\" srcset=\"https:\/\/www.holisticattitude.com\/wp-content\/uploads\/deuxtypesder\u00e9actionsinflammatoires.png 400w, https:\/\/www.holisticattitude.com\/wp-content\/uploads\/deuxtypesder\u00e9actionsinflammatoires-300x155.png 300w\" sizes=\"auto, (max-width: 400px) 100vw, 400px\" \/><p id=\"caption-attachment-16375\" class=\"wp-caption-text\">On distingue <strong> DEUX types <\/strong>de r\u00e9actions immunitaires : l\u2019immunit\u00e9 inn\u00e9e ou non sp\u00e9cifique et l\u2019immunit\u00e9 adaptative (acquise)<\/p><\/div>.<br \/>\n1)\t<strong>L\u2019immunit\u00e9 inn\u00e9e,<\/strong> est la premi\u00e8re ligne de d\u00e9fense de notre corps. Une <strong>r\u00e9ponse imm\u00e9diate<\/strong> est d\u00e9clench\u00e9e.   Les cellules de la <strong>d\u00e9fense inn\u00e9e<\/strong> r\u00e9agissent de mani\u00e8re similaire \u00e0 toutes les infections. L\u2019inflammation autour d\u2019une zone touch\u00e9e par une blessure, est un exemple de <strong>l\u2019immunit\u00e9 inn\u00e9e <\/strong>qui est pr\u00e9sente chez tous les animaux. Des cellules sanguines d\u00e9di\u00e9es e.g. <strong>phagocytes<\/strong> d\u00e9truisent le corps \u00e9tranger. <\/p>\n<p>2)\tLes r\u00e9actions de<strong> l\u2019immunit\u00e9 adaptative,<\/strong> se mettent en place lorsque la r\u00e9action de l\u2019immunit\u00e9 inn\u00e9e n\u2019est pas suffisante pour contrer le micro-organisme infectieux. <\/p>\n<li>\tCette <strong>seconde ligne de d\u00e9fense<\/strong> procurent une immunit\u00e9 plus lente, contre des agents pathog\u00e8nes sp\u00e9cifiques. Cette deuxi\u00e8me immunit\u00e9 est assur\u00e9e par des cellules particuli\u00e8res, les lymphocytes T et B, nos <strong>propres snipers<\/strong>. De plus, cette immunit\u00e9 <strong>dispose d&rsquo;une m\u00e9moire<\/strong> qui la rendra plus efficace face au m\u00eame agresseur qui agirait de nouveau. C\u2019est dans les <strong>tissus lympho\u00efdes secondaires<\/strong> que s\u2019amorce la r\u00e9action immunitaire adaptative, (n\u0153uds lymphatiques, rate et MALT).<\/li>\n<li> Les <strong>lymphocytes T<\/strong> tuent par contact les cellules infect\u00e9es par les pathog\u00e8nes sp\u00e9cifiques. Les r\u00e9actions sont plus efficaces et plus rapides lors de contacts ult\u00e9rieurs avec l\u2019antig\u00e8ne.  <\/li>\n<div id=\"attachment_16383\" style=\"width: 293px\" class=\"wp-caption aligncenter\"><img loading=\"lazy\" decoding=\"async\" aria-describedby=\"caption-attachment-16383\" src=\"https:\/\/www.holisticattitude.com\/wp-content\/uploads\/\/syt\u00e8me-immunitaire-1.png\" alt=\"\" width=\"283\" height=\"248\" class=\"size-full wp-image-16383\" \/><p id=\"caption-attachment-16383\" class=\"wp-caption-text\">Les lymphocytes T, des v\u00e9ritables tueuses<\/p><\/div>\n<li>Les <strong>lymphocytes B, <\/strong>(B est l\u2019abr\u00e9viation de Bourse de Fabricius, site de production de lymphocyte chez les oiseaux) produisent les <strong>anticorps<\/strong> dans les n\u0153uds lymphatiques.<br \/>\nUn <strong>anticorps<\/strong> est une mol\u00e9cule en forme de Y, produit par les lymphocytes B qui se fixe sur les antig\u00e8nes (les agresseurs), les neutralisent et facilitent la phagocytose. <\/li>\n<div id=\"attachment_16370\" style=\"width: 159px\" class=\"wp-caption aligncenter\"><img loading=\"lazy\" decoding=\"async\" aria-describedby=\"caption-attachment-16370\" src=\"https:\/\/www.holisticattitude.com\/wp-content\/uploads\/\/antigen.png\" alt=\"\" width=\"149\" height=\"148\" class=\"size-full wp-image-16370\" \/><p id=\"caption-attachment-16370\" class=\"wp-caption-text\">Un <strong>anticorps<\/strong> est une mol\u00e9cule en forme de Y,<\/p><\/div>\n<li> Un <strong>antig\u00e8ne <\/strong>(r\u00e9cepteur) est une mol\u00e9cule (de sucres, de graisse complexe, ou de s\u00e9quences d\u2019acides nucl\u00e9iques) reconnue comme \u00e9trang\u00e8re par l\u2019organisme. Les <strong>antig\u00e8nes<\/strong> sont situ\u00e9s \u00e0 la surface des cellules infect\u00e9es par le microbe. Un <strong>antig\u00e8ne<\/strong> est d\u00e9fini comme toute substance qui peut se combiner \u00e0 un anticorps sp\u00e9cifique qui est capable de d\u00e9clencher une r\u00e9action immunitaire. <\/li>\n<p><\/Br><\/p>\n<p><strong>NOUS AVONS LES BACT\u00c9RIES BIENFAISANTES<\/strong><br \/>\n<div id=\"attachment_12463\" style=\"width: 141px\" class=\"wp-caption aligncenter\"><img loading=\"lazy\" decoding=\"async\" aria-describedby=\"caption-attachment-12463\" src=\"https:\/\/www.holisticattitude.com\/wp-content\/uploads\/\/flora_intestinale.jpg\" alt=\"\" width=\"131\" height=\"85\" class=\"size-full wp-image-12463\" \/><p id=\"caption-attachment-12463\" class=\"wp-caption-text\">Un individu en bonne sant\u00e9 abrite en moyenne cent mille milliards de bact\u00e9ries intestinales qui peuvent peser jusqu\u2019\u00e0 3 kilos<\/p><\/div><br \/>\nL\u2019abdomen contient la <strong>rate<\/strong>, un organe volumineux et important du syst\u00e8me immunitaire. <\/p>\n<p><div id=\"attachment_16368\" style=\"width: 230px\" class=\"wp-caption aligncenter\"><img loading=\"lazy\" decoding=\"async\" aria-describedby=\"caption-attachment-16368\" src=\"https:\/\/www.holisticattitude.com\/wp-content\/uploads\/\/rate1-1.png\" alt=\"\" width=\"220\" height=\"181\" class=\"size-full wp-image-16368\" \/><p id=\"caption-attachment-16368\" class=\"wp-caption-text\">La rate est un organe important du syst\u00e8me immunitaire<\/p><\/div><br \/>\nL\u2019intestin humain pr\u00e9sente une grande surface vuln\u00e9rable \u00e0 l\u2019infection. Chaque individu est porteur de <strong>10 millions de millions de bact\u00e9ries <\/strong>dans son intestin L\u2019\u00e9norme population de bact\u00e9ries inoffensives qui colonisent les parois intestinales constituent une autre barri\u00e8re essentielle contre l\u2019infection. Ces bact\u00e9ries \u00ab amies \u00bb emp\u00eachent les bact\u00e9ries nuisibles de s\u2019y installer et d\u2019infecter ensuite le corps.  La moiti\u00e9 du syst\u00e8me immunitaire acquis se situe dans l\u2019intestin, dont la <strong>perm\u00e9abilit\u00e9 est essentielle.<\/strong><\/p>\n<p><strong>VACCIN (\u00ab\u00a0Vacca\u00a0\u00bb, \u00e7a veut dire vache en latin)<\/strong><br \/>\nEn 1796 Edward Jenner (1749 -1823) un m\u00e9decin de campagne anglais est l\u2019homme qui d\u00e9couvre la <strong>vaccination<\/strong> contre la <strong>Variole<\/strong>. Saviez-vous que l\u2019OMS a d\u00e9clar\u00e9 la variole premi\u00e8re maladie officiellement \u00e9radiqu\u00e9e de la plan\u00e8te en 1980 gr\u00e2ce \u00e0 la vaccination.<br \/>\n<div id=\"attachment_16379\" style=\"width: 210px\" class=\"wp-caption aligncenter\"><img loading=\"lazy\" decoding=\"async\" aria-describedby=\"caption-attachment-16379\" src=\"https:\/\/www.holisticattitude.com\/wp-content\/uploads\/\/Edwardjenner.png\" alt=\"\" width=\"200\" height=\"174\" class=\"size-full wp-image-16379\" \/><p id=\"caption-attachment-16379\" class=\"wp-caption-text\">En 1796 Edward Jenner un m\u00e9decin (1749 -1823)  d\u00e9couvre la vaccination contre la Variole<\/p><\/div><br \/>\nLa <strong>vaccination<\/strong> est une technique de protection contre les formes s\u00e9v\u00e8res d\u2019une maladie, en inoculant un <strong>virus att\u00e9nu\u00e9<\/strong> dans le corps d\u2019un patient. L\u2019organisme d\u00e9veloppe alors les <strong>d\u00e9fenses immunitaires<\/strong> qui passent \u00e0 l\u2019attaque quand un virus se pr\u00e9sente.<br \/>\nLe<strong> vaccin <\/strong>est une pr\u00e9paration en <strong>tr\u00e8s petite quantit\u00e9<\/strong> des fragments de bact\u00e9ries ou de virus tu\u00e9s, des toxines att\u00e9nu\u00e9es et purifi\u00e9es, inocul\u00e9es pour stimuler pr\u00e9ventivement la formation de lymphocytes dit \u00ab <strong>m\u00e9moire \u00bb<\/strong>.<\/p>\n","protected":false},"excerpt":{"rendered":"<p>Le SYST\u00c8ME LYMPATHIQUE est tr\u00e8s important parce qu\u2019il fait partie du syst\u00e8me immunitaire qui nous prot\u00e8ge contre les menaces ext\u00e9rieures. Mais qu&rsquo;est-ce que le syst\u00e8me lymphatique ? Voici une explication sur le plan biologique. En tant que biologiste de formation permettez-moi de partager ce monde fascinant avec vous. En r\u00e9sum\u00e9 pour circuler dans tout l\u2019organisme [&hellip;]<\/p>\n","protected":false},"author":1,"featured_media":0,"parent":38,"menu_order":6,"comment_status":"closed","ping_status":"closed","template":"","meta":{"_monsterinsights_skip_tracking":false,"_monsterinsights_sitenote_active":false,"_monsterinsights_sitenote_note":"","_monsterinsights_sitenote_category":0,"slim_seo":{"title":"COMMENT FONCTION NOTRE SYST\u00c8ME LYMPHATIQUE ? - Holistic Attitude","description":"Le SYST\u00c8ME LYMPATHIQU E est tr\u00e8s important parce qu\u2019il fait partie du syst\u00e8me immunitaire qui nous prot\u00e8ge contre les menaces ext\u00e9rieures. Mais qu'est-ce que le"},"footnotes":""},"class_list":["post-16331","page","type-page","status-publish","hentry"],"_links":{"self":[{"href":"https:\/\/www.holisticattitude.com\/wp-json\/wp\/v2\/pages\/16331","targetHints":{"allow":["GET"]}}],"collection":[{"href":"https:\/\/www.holisticattitude.com\/wp-json\/wp\/v2\/pages"}],"about":[{"href":"https:\/\/www.holisticattitude.com\/wp-json\/wp\/v2\/types\/page"}],"author":[{"embeddable":true,"href":"https:\/\/www.holisticattitude.com\/wp-json\/wp\/v2\/users\/1"}],"replies":[{"embeddable":true,"href":"https:\/\/www.holisticattitude.com\/wp-json\/wp\/v2\/comments?post=16331"}],"version-history":[{"count":22,"href":"https:\/\/www.holisticattitude.com\/wp-json\/wp\/v2\/pages\/16331\/revisions"}],"predecessor-version":[{"id":16400,"href":"https:\/\/www.holisticattitude.com\/wp-json\/wp\/v2\/pages\/16331\/revisions\/16400"}],"up":[{"embeddable":true,"href":"https:\/\/www.holisticattitude.com\/wp-json\/wp\/v2\/pages\/38"}],"wp:attachment":[{"href":"https:\/\/www.holisticattitude.com\/wp-json\/wp\/v2\/media?parent=16331"}],"curies":[{"name":"wp","href":"https:\/\/api.w.org\/{rel}","templated":true}]}}