{"id":16187,"date":"2021-01-26T16:07:24","date_gmt":"2021-01-26T14:07:24","guid":{"rendered":"http:\/\/www.holisticattitude.com\/?page_id=16187"},"modified":"2021-01-26T16:17:27","modified_gmt":"2021-01-26T14:17:27","slug":"pyramide-des-besoins-de-maslow-une-hierarchie-de-besoins","status":"publish","type":"page","link":"https:\/\/www.holisticattitude.com\/?page_id=16187","title":{"rendered":"PYRAMIDE DES BESOINS DE MASLOW, UNE HI\u00c9RARCHIE DE BESOINS"},"content":{"rendered":"<p><div id=\"attachment_16195\" style=\"width: 245px\" class=\"wp-caption aligncenter\"><img loading=\"lazy\" decoding=\"async\" aria-describedby=\"caption-attachment-16195\" src=\"https:\/\/www.holisticattitude.com\/wp-content\/uploads\/\/sommet.png\" alt=\"\" width=\"235\" height=\"152\" class=\"size-full wp-image-16195\" \/><p id=\"caption-attachment-16195\" class=\"wp-caption-text\">Abraham Maslow est consid\u00e9r\u00e9 comme le p\u00e8re de la psychologie humaniste.<\/p><\/div><br \/>\n<strong>Abraham Maslow<\/strong> \u00e9tait psychologue et il est consid\u00e9r\u00e9 comme le p\u00e8re de la psychologie humaniste.<\/p>\n<p>En <strong>1943<\/strong>, il publie sa th\u00e9orie selon laquelle tout individu ressent des besoins qui sont sources de motivation.  Cette pyramide des besoins \u00e0 5 niveaux est le  mod\u00e8le de motivation th\u00e9orique le plus populaire. Ce model  social, cette th\u00e9orie de motivation a \u00e9t\u00e9 exploit\u00e9e par des secteurs divers de la vie comme par exemple les \u00e9conomistes, les ressources humaines pour le d\u00e9veloppement personnel, le marketing des industries de consommation.<\/p>\n<p>Aujourd\u2019hui la pyramide est vue comme un<strong> mod\u00e8le incomplet<\/strong> parce qu\u2019il y a quelques failles dans la th\u00e9orie. Cependant la th\u00e9orie de Maslow sert de base pour tous les autres mod\u00e8les de motivation comme 1) la th\u00e9orie bifactorielle d\u2019Herzberg (1959), 2) La th\u00e9orie des besoins de McClelland (1961) 3) la th\u00e9orie ERG d\u2019Alderfer (1969 4) La th\u00e9orie des caract\u00e9ristiques du travail d\u2019Hackman et Oldham (1970). 5) Le cr\u00e9ateur de la logoth\u00e9rapie et de l&rsquo;analyse existentielle Viktor Frankl (1985)<br \/>\n<div id=\"attachment_16190\" style=\"width: 310px\" class=\"wp-caption aligncenter\"><img loading=\"lazy\" decoding=\"async\" aria-describedby=\"caption-attachment-16190\" src=\"https:\/\/www.holisticattitude.com\/wp-content\/uploads\/\/maslow2.png\" alt=\"\" width=\"300\" height=\"154\" class=\"size-full wp-image-16190\" \/><p id=\"caption-attachment-16190\" class=\"wp-caption-text\">La pyramide de Maslow<\/p><\/div><br \/>\nDans la pyramide de Maslow il y a <strong>cinq<\/strong> phases, cinq besoins fondamentaux qu\u2019il est possible de hi\u00e9rarchiser et de classer dans une pyramide.<br \/>\n1)\t<strong>Le besoin physiologique<\/strong> qui comporte la nourriture, l\u2019air et l\u2019eau, l\u2019oxyg\u00e8ne, le sommeil, le toit les v\u00eatements<br \/>\n2)\t<strong>Le besoin de s\u00e9curit\u00e9<\/strong> qui comporte la s\u00e9curit\u00e9, la sant\u00e9, l\u2019emploi, la famille, la protection,<br \/>\n3)\t<strong>Le besoin d\u2019appartenance<\/strong> qui comporte l\u2019amiti\u00e9, l\u2019amour et la relation sociale<br \/>\n4)\t<strong>Le besoin d\u2019estime<\/strong> qui comporte la reconnaissance, l\u2019estime de soi, confiance, le respect des autres<br \/>\n5)\t<strong>Le besoin de s\u2019accomplir<\/strong> de s\u2019\u00e9panouir, de se r\u00e9aliser, de r\u00e9aliser ses r\u00eaves que ce soit dans la vie professionnelle ou personnelle<\/p>\n<p>Nos besoins les plus fondamentaux sont les <strong>besoins physiologiques<\/strong> comme manger, boire, dormir, avoir un toit.  Selon la pyramide de Maslow il est possible de passer toute une vie \u00e0 ce stade fondamental.<br \/>\nPour Maslow, lorsqu\u2019un besoin est satisfait, l\u2019homme peut passer \u00e0 besoin sup\u00e9rieur (ce qu\u2019il ne fait pas toujours), c\u2019est-\u00e0-dire acc\u00e9der au niveau suivant de la pyramide<\/p>\n<p>Le <strong>besoin de s\u2019accomplir <\/strong>se trouve au sommet de la hi\u00e9rarchie des besoins de Maslow. Lorsqu\u2019un individu a satisfait tous les besoins des niveaux pr\u00e9c\u00e9dents, c\u2019est dans l\u2019actualisation de soi qu\u2019il parvient \u00e0 r\u00e9aliser pleinement son potentiel (Maslow, 1970). <\/p>\n<p><strong>En 1970,<\/strong> en plus des 5 besoins, Maslow rajoute celui du <strong>besoin cognitif,<\/strong> le besoin de savoir et de comprendre. \u00c9galement, le <strong>besoin esth\u00e9tique<\/strong> et le<strong> besoin de transcendance<\/strong>, de d\u00e9passement de soi. <\/p>\n<p><strong>L\u2019une des critiques<\/strong> de ce mod\u00e8le th\u00e9orique \u00e9tait que l\u2019aspect scientifique de ses recherches n\u2019\u00e9tait pas tr\u00e8s rigoureux. Sa d\u00e9marche \u00e9tait principalement<strong> empirique<\/strong> et n\u2019a pas \u00e9t\u00e9 valid\u00e9e par la pratique !  Le mod\u00e8le \u00e9tait trop rigide dans sa structure et il ne distinguait pas la diff\u00e9rence entre les besoins et les d\u00e9sirs.<\/p>\n<p><div id=\"attachment_16193\" style=\"width: 310px\" class=\"wp-caption aligncenter\"><img loading=\"lazy\" decoding=\"async\" aria-describedby=\"caption-attachment-16193\" src=\"https:\/\/www.holisticattitude.com\/wp-content\/uploads\/\/maslow3_visuel.png\" alt=\"\" width=\"300\" height=\"253\" class=\"size-full wp-image-16193\" \/><p id=\"caption-attachment-16193\" class=\"wp-caption-text\">Un mod\u00e8le de motivation<\/p><\/div><br \/>\nCette <strong>hi\u00e9rarchie des besoins<\/strong> donne l\u2019impression que la vie est rigide comme une \u00e9chelle et que tout doit \u00eatre fait en ordre pour arriver au sommet. Par exemple qu\u2019une personne ne puisse pas tomber amoureux si elle a faim et que tous les \u00eatres humains sont motiv\u00e9s par la m\u00eame hi\u00e9rarchie des besoins.<br \/>\nLa pyramide ne prend pas en compte que pour chaque individu il est possible de <strong>changer sa motivation <\/strong>parce qu\u2019au cours de la vie<strong> nos besoins changent<\/strong>.<\/p>\n","protected":false},"excerpt":{"rendered":"<p>Abraham Maslow \u00e9tait psychologue et il est consid\u00e9r\u00e9 comme le p\u00e8re de la psychologie humaniste. En 1943, il publie sa th\u00e9orie selon laquelle tout individu ressent des besoins qui sont sources de motivation. Cette pyramide des besoins \u00e0 5 niveaux est le mod\u00e8le de motivation th\u00e9orique le plus populaire. Ce model social, cette th\u00e9orie de [&hellip;]<\/p>\n","protected":false},"author":1,"featured_media":0,"parent":197,"menu_order":11,"comment_status":"closed","ping_status":"closed","template":"","meta":{"_monsterinsights_skip_tracking":false,"_monsterinsights_sitenote_active":false,"_monsterinsights_sitenote_note":"","_monsterinsights_sitenote_category":0,"slim_seo":{"title":"PYRAMIDE DES BESOINS DE MASLOW, UNE HI\u00c9RARCHIE DE BESOINS - Holistic Attitude","description":"Abraham Maslow est consid\u00e9r\u00e9 comme le p\u00e8re de la psychologie humaniste. Abraham Maslow \u00e9tait psychologue et il est consid\u00e9r\u00e9 comme le p\u00e8re de la psychologie hum"},"footnotes":""},"class_list":["post-16187","page","type-page","status-publish","hentry"],"_links":{"self":[{"href":"https:\/\/www.holisticattitude.com\/index.php?rest_route=\/wp\/v2\/pages\/16187","targetHints":{"allow":["GET"]}}],"collection":[{"href":"https:\/\/www.holisticattitude.com\/index.php?rest_route=\/wp\/v2\/pages"}],"about":[{"href":"https:\/\/www.holisticattitude.com\/index.php?rest_route=\/wp\/v2\/types\/page"}],"author":[{"embeddable":true,"href":"https:\/\/www.holisticattitude.com\/index.php?rest_route=\/wp\/v2\/users\/1"}],"replies":[{"embeddable":true,"href":"https:\/\/www.holisticattitude.com\/index.php?rest_route=%2Fwp%2Fv2%2Fcomments&post=16187"}],"version-history":[{"count":5,"href":"https:\/\/www.holisticattitude.com\/index.php?rest_route=\/wp\/v2\/pages\/16187\/revisions"}],"predecessor-version":[{"id":16196,"href":"https:\/\/www.holisticattitude.com\/index.php?rest_route=\/wp\/v2\/pages\/16187\/revisions\/16196"}],"up":[{"embeddable":true,"href":"https:\/\/www.holisticattitude.com\/index.php?rest_route=\/wp\/v2\/pages\/197"}],"wp:attachment":[{"href":"https:\/\/www.holisticattitude.com\/index.php?rest_route=%2Fwp%2Fv2%2Fmedia&parent=16187"}],"curies":[{"name":"wp","href":"https:\/\/api.w.org\/{rel}","templated":true}]}}