{"id":16103,"date":"2021-01-20T10:57:24","date_gmt":"2021-01-20T08:57:24","guid":{"rendered":"https:\/\/www.holisticattitude.com\/?page_id=16103"},"modified":"2021-03-01T17:36:55","modified_gmt":"2021-03-01T15:36:55","slug":"test","status":"publish","type":"page","link":"https:\/\/www.holisticattitude.com\/energie\/test\/","title":{"rendered":"TERMINOLOGIE LUNAIRE"},"content":{"rendered":"<table border=\"1\">\n<tbody>\n<tr>\n<td width=\"60%\">\n<li><strong> LES IMAGES <\/strong><\/li>\n<\/td>\n<td>\n<li><strong> LES EXPLICATIONS <\/strong><\/li>\n<\/td>\n<\/tr>\n<tr>\n<td><strong>  1. L&rsquo;ECLIPSE LUNAIRE<\/strong> <\/p>\n<li style=\"list-style-type: none\">  <\/li>\n<p>\t<div id=\"attachment_16158\" style=\"width: 223px\" class=\"wp-caption aligncenter\"><img loading=\"lazy\" decoding=\"async\" aria-describedby=\"caption-attachment-16158\" src=\"https:\/\/www.holisticattitude.com\/wp-content\/uploads\/\/eclipselunaire1.png\" alt=\"\" width=\"213\" height=\"143\" class=\"size-full wp-image-16158\" \/><p id=\"caption-attachment-16158\" class=\"wp-caption-text\">La terre passe entre le soleil et la lune dans un alignement parfait.<\/p><\/div>\n<\/td>\n<td>\n<li>La terre passe entre le soleil et la lune dans un alignement parfait.  <\/li>\n<li> Elle se produit  au moment de la pleine lune.   <\/li>\n<li> Elle doit s&rsquo;effectuer de nuit pour qu&rsquo;on puisse la voir. <\/li>\n<\/td>\n<\/tr>\n<tr>\n<td> <strong> 2. LA SUPER-LUNE  <\/strong><\/p>\n<p>\t<div id=\"attachment_16161\" style=\"width: 232px\" class=\"wp-caption aligncenter\"><img loading=\"lazy\" decoding=\"async\" aria-describedby=\"caption-attachment-16161\" src=\"https:\/\/www.holisticattitude.com\/wp-content\/uploads\/\/superlune2.png\" alt=\"\" width=\"222\" height=\"152\" class=\"size-full wp-image-16161\" \/><p id=\"caption-attachment-16161\" class=\"wp-caption-text\">La Lune sera <strong>pleine<\/strong> et plus proche de la Terre.<\/p><\/div>\n<\/td>\n<td>\n<li>On parle d&rsquo;une <strong>Super-lune<\/strong> lorsqu&rsquo;elle est au plus proche de la terre. Elle nous apparait alors plus grosse et plus brillante dans le ciel.  <\/li>\n<li> Ce ph\u00e9nom\u00e8ne a lieu un peu moins d&rsquo;<strong>une fois par an<\/strong>.   <\/li>\n<li>  Cette ann\u00e9e la prochaine aura lieu le 27 avril et le 26 mai 2021   <\/li>\n<li> Les energies sont parfois perturbantes pour le corps et l&rsquo;esprit. <\/li>\n<\/td>\n<\/tr>\n<tr>\n<td>\n<strong>3. LA LUNE ROUSSE  <\/strong><br \/>\n\t<div id=\"attachment_16162\" style=\"width: 219px\" class=\"wp-caption aligncenter\"><img loading=\"lazy\" decoding=\"async\" aria-describedby=\"caption-attachment-16162\" src=\"https:\/\/www.holisticattitude.com\/wp-content\/uploads\/\/lunerousse3.png\" alt=\"\" width=\"209\" height=\"160\" class=\"size-full wp-image-16162\" \/><p id=\"caption-attachment-16162\" class=\"wp-caption-text\">On nomme lune rousse la premi\u00e8re lunaison apr\u00e8s P\u00e2ques. Celle-ci a lieu le plus souvent \u00e0 la fin du mois d&rsquo;avril ou au d\u00e9but du mois de mai.<\/p><\/div>\n\t <\/td>\n<td>\n<li> \u00c9voque la <strong>nouvelle lune<\/strong> entre le <strong>mi-avril<\/strong> et la <strong>mi-mai<\/strong> (suivant P\u00e2ques) <\/li>\n<li>   Son nom provient d&rsquo;Une ancienne croyance rurale. Durant cette p\u00e9riode, le fait de voir la pleine Lune peut indiquer une nuit sans nuage, et donc annonciatrices de possibles <strong>gel\u00e9es<\/strong> et du <strong>roussissement des jeunes pousses<\/strong> qui leur donnent un <strong>aspect br\u00fbl\u00e9<\/strong>. <\/li>\n<li>  Les energies sont <\/li>\n<li>Vieillir \u00e0 ce que vos aspirations soient toujours <strong>en coh\u00e9rence<\/strong> avec vos valeurs. <\/li>\n<\/td>\n<\/tr>\n<tr>\n<td>\n<strong>4. LA LUNE ROUGE ou LA LUNE CUIVR\u00c9E  <\/strong><br \/>\n\t<div id=\"attachment_16164\" style=\"width: 178px\" class=\"wp-caption aligncenter\"><img loading=\"lazy\" decoding=\"async\" aria-describedby=\"caption-attachment-16164\" src=\"https:\/\/www.holisticattitude.com\/wp-content\/uploads\/\/lunecuivr\u00e9e4.png\" alt=\"\" width=\"168\" height=\"161\" class=\"size-full wp-image-16164\" \/><p id=\"caption-attachment-16164\" class=\"wp-caption-text\">La lune cuivr\u00e9e se produit durant les \u00e9clipses de lune.<\/p><\/div>   <\/td>\n<td>\n<li> C&rsquo;est un ph\u00e9nom\u00e8ne optique de diffusion et de dispersion de lumi\u00e8re (la refraction de la lumi\u00e8re). La lune n&rsquo;est pas vraiment rouge.  Durant la p\u00e9n\u00e9tration des rayons solaires \u00e0 travers <strong>l&rsquo;atmosph\u00e8re,<\/strong> le spectre lumineux du Soleil se d\u00e9compose et donne cette couleur <strong>cuivr\u00e9e ou rouge<\/strong>. La lumi\u00e8re du Soleil qui l&rsquo;\u00e9claire est filtr\u00e9e en passant au travers de l&rsquo;atmosph\u00e8re terrestre. La lumi\u00e8re bleue du spectre est absorb\u00e9e par les compos\u00e9s pr\u00e9sents dans l&rsquo;atmosph\u00e8re comme de la vapeur de l&rsquo;eau. Une lumi\u00e8re \u00e0 dominance rouge nous parvient donc.   <\/li>\n<li>Elle est \u00e9galement parfois appel\u00e9e <strong>lune de sang<\/strong> (Blood Moon). La l<strong>une de sang<\/strong> tient son nom de la <strong>couleur rouge\u00e2tre<\/strong> , faisant ainsi penser \u00e0 la couleur du sang.<\/li>\n<li> Le ph\u00e9nom\u00e8ne se produit lors d&rsquo;\u00e9clipses.  <\/li>\n<li>  Les energies sont abondantes et puissantes. <\/li>\n<li>Vieillir \u00e0 ce que vos aspirations soient toujours <strong>en coh\u00e9rence<\/strong> avec vos valeurs. <\/li>\n<\/td>\n<\/tr>\n<tr>\n<td>\n5. <strong>LA LUNE BLEU<\/strong> appara\u00eet environ tous les deux\/trois ans<br \/>\n  <div id=\"attachment_16166\" style=\"width: 123px\" class=\"wp-caption aligncenter\"><img loading=\"lazy\" decoding=\"async\" aria-describedby=\"caption-attachment-16166\" src=\"https:\/\/www.holisticattitude.com\/wp-content\/uploads\/\/lunebleue5.png\" alt=\"\" width=\"113\" height=\"156\" class=\"size-full wp-image-16166\" \/><p id=\"caption-attachment-16166\" class=\"wp-caption-text\">La pleine lune bleue se produit environ tous les deux\/trois ans.<\/p><\/div> <\/td>\n<td>\n<li> Elle \u00e9voque la pr\u00e9sence d&rsquo;une seconde <strong>Pleine lune<\/strong> durant un m\u00eame mois et donc une ann\u00e9e de 13 lune.<\/li>\n<li>La Pleine lune est r\u00e9put\u00e9e pour \u00eatre puissante.<\/li>\n<li> Connaissez-vous l&rsquo;expression \u00ab\u00a0<strong>tous les 36 du mois<\/strong>\u00ab\u00a0, \u00ab\u00a0once in a blue moon\u00a0\u00bb. L&rsquo;expression <strong>\u00ab\u00a0lune bleu\u00a0\u00bb <\/strong>a \u00e9t\u00e9 mentionn\u00e9e par Shakespeare dans la pi\u00e8ce de th\u00e9\u00e2tre \u00ab\u00a0Le songe d&rsquo;une nuit d&rsquo;\u00e9t\u00e9\u00a0\u00bb, pour d\u00e9crire quelque chose de rare.   <\/td>\n<\/tr>\n<tr>\n<td>\n6. <strong>LA LUNE CENDR\u00c9E<\/strong><br \/>\n<div id=\"attachment_16168\" style=\"width: 154px\" class=\"wp-caption aligncenter\"><img loading=\"lazy\" decoding=\"async\" aria-describedby=\"caption-attachment-16168\" src=\"https:\/\/www.holisticattitude.com\/wp-content\/uploads\/\/lunecendr\u00e9e6.png\" alt=\"\" width=\"144\" height=\"165\" class=\"size-full wp-image-16168\" \/><p id=\"caption-attachment-16168\" class=\"wp-caption-text\">Elle doit son nom \u00e0 la teinte gris\u00e9e prise par le ciel.<\/p><\/div> <\/td>\n<td>\n<li> C&rsquo;est un phenomena li\u00e9 \u00e0 la <strong>faible luminosit\u00e9<\/strong> lunaire. Elle doit son nom \u00e0 la teinte gris\u00e9e prise par le ciel. La Terre renvoie une partie de la lumi\u00e8re re\u00e7ue du Soleil et \u00e9claire ainsi la partie de la Lune qui n&rsquo;est pas \u00e9clair\u00e9e par le Soleil. Cela donne une <strong>couleur cendre<\/strong> sur la partie non \u00e9clair\u00e9e. <strong>L\u00e9onard de Vinci<\/strong> \u00e9tait un amoureux du ciel. Il explique secr\u00e8tement ses r\u00e9flexions de l&rsquo;origine de la <strong>lumi\u00e8re cendr\u00e9e<\/strong> dans le <strong>codex Leicester<\/strong> \u00ab\u00a0une collection d&rsquo;\u00e9crits essentiellement scientifiques\u00a0\u00bb, qui \u00e9t\u00e9 dat\u00e9 aux alentours de 1510<\/li>\n<li>L\u2019observation  de la lumi\u00e8re cendr\u00e9e, ce sont les croissants qui se trouvent un peu avant ou apr\u00e8s la nouvelle lune. Un fin croissant appara\u00eet sur la surface de l\u2019astre. La <strong>lumi\u00e8re cendr\u00e9e<\/strong> concerne le reste de la Lune, qui est habituellement cach\u00e9 dans la p\u00e9nombre.<\/li>\n<\/td>\n<\/tr>\n<tr>\n<td>\n7. <strong>LA LUNE NOIRE  <\/strong><br \/>\n<div id=\"attachment_16171\" style=\"width: 174px\" class=\"wp-caption aligncenter\"><img loading=\"lazy\" decoding=\"async\" aria-describedby=\"caption-attachment-16171\" src=\"https:\/\/www.holisticattitude.com\/wp-content\/uploads\/\/lunenoire7b.png\" alt=\"\" width=\"164\" height=\"154\" class=\"size-full wp-image-16171\" \/><p id=\"caption-attachment-16171\" class=\"wp-caption-text\">La deuxi\u00e8me nouvelle lune d&rsquo;un m\u00eame mois<\/p><\/div> <\/p>\n<p><div id=\"attachment_16169\" style=\"width: 129px\" class=\"wp-caption aligncenter\"><img loading=\"lazy\" decoding=\"async\" aria-describedby=\"caption-attachment-16169\" src=\"https:\/\/www.holisticattitude.com\/wp-content\/uploads\/\/lunenoire7.png\" alt=\"\" width=\"119\" height=\"154\" class=\"size-full wp-image-16169\" \/><p id=\"caption-attachment-16169\" class=\"wp-caption-text\">En astrologie la lune noire s&rsquo;appelle LILITH.<\/p><\/div>   <\/td>\n<td>\n<li> Elle peut \u00eatre la deuxi\u00e8me nouvelle lune d&rsquo;un m\u00eame mois.<\/li>\n<li> On peut qualifier de lune noire un mois sans pleine Lune   <\/li>\n<li>En <strong>astrologie Karmique<\/strong> elle joue un grand r\u00f4le, aussi nomm\u00e9e LILITH, (d\u00e9esse des ombres) elle repr\u00e9sente un point immat\u00e9riel, fictif dans son orbite autour de la terre. Elle n&rsquo;est pas une plan\u00e8te, elle est plut\u00f4t un concept ou un angle. Selon Jean-Yves Espi\u00e9 \u00ab\u00a0la lune noire est <strong>l&rsquo;angle mort du ciel<\/strong> en fonction de l&rsquo;axe de la terre\u00a0\u00bb. Les astrologues l&rsquo;utilisent ce point dans l&rsquo;\u00e9tablissement d&rsquo;un th\u00e8me astral et pour voir comment on peut s&rsquo;appuyer dessus pour aller chercher nos <strong>ressources profondes<\/strong> . <\/li>\n<\/td>\n<\/tr>\n<tr>\n<td>\n8. <strong>LES NOEUDS LUNAIRES<\/strong><br \/>\n<div id=\"attachment_16173\" style=\"width: 429px\" class=\"wp-caption aligncenter\"><img loading=\"lazy\" decoding=\"async\" aria-describedby=\"caption-attachment-16173\" src=\"https:\/\/www.holisticattitude.com\/wp-content\/uploads\/\/noeudlunaire_8a.png\" alt=\"\" width=\"419\" height=\"301\" class=\"size-full wp-image-16173\" srcset=\"https:\/\/www.holisticattitude.com\/wp-content\/uploads\/noeudlunaire_8a.png 419w, https:\/\/www.holisticattitude.com\/wp-content\/uploads\/noeudlunaire_8a-300x216.png 300w\" sizes=\"auto, (max-width: 419px) 100vw, 419px\" \/><p id=\"caption-attachment-16173\" class=\"wp-caption-text\">Les n\u0153uds lunaires sont les points d&rsquo;intersections  entre l&rsquo;orbite lunaire et le plan de l&rsquo;\u00e9cliptique terrestre.<\/p><\/div><br \/>\n<div id=\"attachment_16174\" style=\"width: 148px\" class=\"wp-caption aligncenter\"><img loading=\"lazy\" decoding=\"async\" aria-describedby=\"caption-attachment-16174\" src=\"https:\/\/www.holisticattitude.com\/wp-content\/uploads\/\/noeudslunaires_8b.png\" alt=\"\" width=\"138\" height=\"137\" class=\"size-full wp-image-16174\" \/><p id=\"caption-attachment-16174\" class=\"wp-caption-text\">En astrologie ce sont des points fictifs, ils ne sont pas des plan\u00e8tes.<\/p><\/div>\n   <\/td>\n<td>\n<li> Les <strong>n\u0153uds lunaires<\/strong> sont les <strong>points d&rsquo;intersections<\/strong> entre l&rsquo;orbite lunaire et le plan de l&rsquo;\u00e9cliptique terrestre.<\/li>\n<li> Le <strong>n\u0153ud nord<\/strong> et le <strong>n\u0153ud sud<\/strong> sont donc en permanence en opposition. Les <strong>eclipses<\/strong> correspondent aux conjonctions des n\u0153uds lunaires: <strong>l&rsquo;\u00e9clipse lunaire<\/strong> est la conjonction du<strong> n\u0153ud nord<\/strong> au soleil en opposition avec la Lune et l&rsquo;\u00e9clipse solaire est la conjonction du n\u0153ud sud et de la nouvelle lune.    <\/li>\n<li>En astrologie ce sont des <strong>points fictifs<\/strong>, ils ne sont pas des plan\u00e8tes.<\/li>\n<li>Bien que chaque plan\u00e8te ait <strong>deux n\u0153uds<\/strong>, la plupart des astrologues se servent uniquement de n\u0153uds lunaires. <\/li>\n<li>Selon <strong>l&rsquo;astrologie Karmique<\/strong>  <strong>l&rsquo;axe des N\u0153uds Nord<\/strong> indiquerait le sens de la vie : <strong>le N\u0153ud Sud <\/strong>correspondrait repr\u00e9sentant le pass\u00e9 -dans le sens des vies ant\u00e9rieures. <\/li>\n<li>En astrologie v\u00e9dique indienne <strong>Rahu,<\/strong> le n\u0153ud lunaire nord dit, la \u00ab t\u00eate du dragon \u00bb, est r\u00e9put\u00e9 plut\u00f4t \u00ab mal\u00e9fique \u00bb et  <strong>Ketu,<\/strong> le n\u0153ud lunaire sud dit, la \u00ab queue du Dragon \u00bb, est r\u00e9put\u00e9 plut\u00f4t \u00ab b\u00e9n\u00e9fique \u00bb.\n  <\/li>\n<\/td>\n<\/tr>\n<\/tbody>\n<\/table>\n","protected":false},"excerpt":{"rendered":"<p>LES IMAGES LES EXPLICATIONS 1. L&rsquo;ECLIPSE LUNAIRE La terre passe entre le soleil et la lune dans un alignement parfait. Elle se produit au moment de la pleine lune. Elle doit s&rsquo;effectuer de nuit pour qu&rsquo;on puisse la voir. 2. LA SUPER-LUNE On parle d&rsquo;une Super-lune lorsqu&rsquo;elle est au plus proche de la terre. Elle [&hellip;]<\/p>\n","protected":false},"author":1,"featured_media":0,"parent":3040,"menu_order":21,"comment_status":"closed","ping_status":"closed","template":"","meta":{"_monsterinsights_skip_tracking":false,"_monsterinsights_sitenote_active":false,"_monsterinsights_sitenote_note":"","_monsterinsights_sitenote_category":0,"slim_seo":{"title":"TERMINOLOGIE LUNAIRE - Holistic Attitude","description":"LES IMAGES LES EXPLICATIONS 1. L'ECLIPSE LUNAIRE La terre passe entre le soleil et la lune dans un alignement parfait. La terre passe entre le soleil et la lune"},"footnotes":""},"class_list":["post-16103","page","type-page","status-publish","hentry"],"_links":{"self":[{"href":"https:\/\/www.holisticattitude.com\/wp-json\/wp\/v2\/pages\/16103","targetHints":{"allow":["GET"]}}],"collection":[{"href":"https:\/\/www.holisticattitude.com\/wp-json\/wp\/v2\/pages"}],"about":[{"href":"https:\/\/www.holisticattitude.com\/wp-json\/wp\/v2\/types\/page"}],"author":[{"embeddable":true,"href":"https:\/\/www.holisticattitude.com\/wp-json\/wp\/v2\/users\/1"}],"replies":[{"embeddable":true,"href":"https:\/\/www.holisticattitude.com\/wp-json\/wp\/v2\/comments?post=16103"}],"version-history":[{"count":34,"href":"https:\/\/www.holisticattitude.com\/wp-json\/wp\/v2\/pages\/16103\/revisions"}],"predecessor-version":[{"id":16462,"href":"https:\/\/www.holisticattitude.com\/wp-json\/wp\/v2\/pages\/16103\/revisions\/16462"}],"up":[{"embeddable":true,"href":"https:\/\/www.holisticattitude.com\/wp-json\/wp\/v2\/pages\/3040"}],"wp:attachment":[{"href":"https:\/\/www.holisticattitude.com\/wp-json\/wp\/v2\/media?parent=16103"}],"curies":[{"name":"wp","href":"https:\/\/api.w.org\/{rel}","templated":true}]}}