{"id":13873,"date":"2018-10-20T18:18:20","date_gmt":"2018-10-20T16:18:20","guid":{"rendered":"http:\/\/www.holisticattitude.com\/?page_id=13873"},"modified":"2019-05-29T16:36:54","modified_gmt":"2019-05-29T14:36:54","slug":"les-koshas-un-autre-regard","status":"publish","type":"page","link":"https:\/\/www.holisticattitude.com\/?page_id=13873","title":{"rendered":"LES KOSHAS -un autre regard"},"content":{"rendered":"<p>\u00ab L\u2019\u00eatre vivant se compose de <strong>cinq couches<\/strong> d\u2019esprit, tout comme la fleur de bananier. \u00bb (Shrii Shrii Anandamurti)<\/p>\n<div id=\"attachment_13881\" style=\"width: 210px\" class=\"wp-caption aligncenter\"><img loading=\"lazy\" decoding=\"async\" aria-describedby=\"caption-attachment-13881\" src=\"https:\/\/www.holisticattitude.com\/wp-content\/uploads\/\/banana.png\" alt=\"\" width=\"200\" height=\"196\" class=\"size-full wp-image-13881\" \/><p id=\"caption-attachment-13881\" class=\"wp-caption-text\">Tout comme la fleur de bananier<\/p><\/div>\n<table style=\"width:auto;border:1px solid #ddd;\">\n<tbody>\n<tr>\n<td colspan=\"7\" style=\"vertical-align:top;border:1px solid #ddd;padding:11px;\">\n<p align=\"top\"><strong>NOM DE KOSHAS<\/strong> <\/p>\n<\/td>\n<\/tr>\n<tr>\n<td style=\"vertical-align:top;width:200px;border:1px solid #ddd;text-align:top;padding:15px;\">\n<strong>NOM DE KOSHA<\/strong>\n<\/td>\n<td style=\"vertical-align:top;width:200px;border:1px solid #ddd;text-align:center;padding:15px;\">\n<strong>ROLE<\/strong>\n<\/td>\n<\/tr>\n<tr>\n<td style=\"vertical-align:top;width:200px;border:1px solid #ddd;padding:15px;\"><strong>ANNA MAYA KOSHA<\/strong>\n <\/td>\n<td style=\"vertical-align:top;width:200px;border:1px solid #ddd;padding:15px;\"> Le premier corps est le corps physique. II n\u2019y a qu\u2019une enveloppe<br \/>\n<strong>ANNAMAYA KOSHA.<\/strong><br \/>\nEn sanskrit <strong>Kohsa<\/strong> signifie \u00ab<strong> enveloppe<\/strong> \u00bb<br \/>\n<strong>anna<\/strong> signifie \u00ab mati\u00e8re \u00bb ou \u00ab nourriture \u00bb et<br \/>\n<strong>maya<\/strong> signifie \u00ab illusion \u00ab et montre que toutes ces enveloppes ne sont pas notre nature originelle.<br \/>\n\u2022 Quand le <strong>ANNA MAYA KOSHA<\/strong> est dominant chez une personne tous les autres KOSHAS sont <strong>dormants.<\/strong><br \/>\nL\u2019esprit fonctionne derri\u00e8re cette enveloppe.\n<\/td>\n<\/tr>\n<tr>\n<td style=\"vertical-align:top;width:200px;border:1px solid #ddd;padding:15px;\"> <strong>KAMA MAYA KOSHA<\/strong> (La conscience).   <\/td>\n<td style=\"vertical-align:top;width:200px;border:1px solid #ddd;padding:15px;\">\n\u2022 Selon la philosophie yogique cette enveloppe est responsable pour la cr\u00e9ation de notre esprit <\/p>\n<p>\u2022 En sanskrit <strong>KAMA <\/strong>veut  dire \u00ab <strong>avoir envie de<\/strong> \u00bb ou \u00ab d\u00e9sirer \u00bb<br \/>\n\u2022 Le <strong>KAMAMAYA KOSHA<\/strong> est consid\u00e9r\u00e9 comme la premi\u00e8re enveloppe<\/p>\n<p>L\u2019un des buts de l\u2019\u00eatre humain est d\u2019aller au-del\u00e0 de cette enveloppe afin de d\u00e9velopper ses capacit\u00e9s psychiques.\n<\/td>\n<\/tr>\n<tr>\n<td style=\"vertical-align:top;width:200px;border:1px solid #ddd;padding:15px;\"><strong> MANO MAYA KOSHA<\/strong> (la sous conscience). <\/td>\n<td style=\"vertical-align:top;width:200px;border:1px solid #ddd;padding:15px;\"> \u2022 C\u2019est cette enveloppe qui est responsable pour les sensations comme la douleur, le plaisir et la contemplation.<br \/>\n\u2022 Cette enveloppe est responsable pour les ph\u00e9nom\u00e8nes des r\u00eaves et de la m\u00e9moire.<br \/>\n\u2022 Cette enveloppe est associ\u00e9e aux <strong>samskaras<\/strong> (le <strong>karma<\/strong>)<br \/>\n\u2022 C\u2019est dans cette enveloppe que se manifestent l\u2019intuition et la cr\u00e9ativit\u00e9.<br \/>\n\u2022 La <strong>t\u00e9l\u00e9pathie<\/strong> la <strong>perception extra-sensorielle,<\/strong> la voyance sont \u00e9galement associ\u00e9es avec cette enveloppe.\n <\/td>\n<\/tr>\n<tr>\n<td style=\"vertical-align:top;width:200px;border:1px solid #ddd;padding:15px;\"> <strong>VIJINAAMAYA KOSA<\/strong> (esprit subliminal)<\/td>\n<td style=\"vertical-align:top;width:200px;border:1px solid #ddd;padding:15px;\"> Cette enveloppe est associ\u00e9e au <strong>VIVEKA<\/strong> ET <strong>VAERAGYA<\/strong>.<br \/>\n\u2022 <strong>VIVEKA<\/strong> signifie discrimination et discernement.<br \/>\n\u2022 <strong>VAERAGYA <\/strong>signifie renoncement, d\u00e9tachement face aux d\u00e9sirs et aux \u00e9motions.<br \/>\n\u2022 Selon la philosophie indienne de nombreuses graines samskaras r\u00e9sident dans cette enveloppe. <\/p>\n<p>Cette notion du <strong>samskara<\/strong> est importante, traduite du sanskrit elle signifie \u00ab <strong>trace<\/strong> \u00bb ou \u00ab <strong>empreinte<\/strong> \u00bb, une empreinte ou une m\u00e9moire \u00e9motionnelle de tout ce qui s\u2019est pass\u00e9 dans notre vie dans les moindres d\u00e9tails.\n <\/td>\n<\/tr>\n<tr>\n<td style=\"vertical-align:top;width:200px;border:1px solid #ddd;padding:15px;\"> <strong>HIRAN MAYA KOSA <\/strong>(Subtle causal mind c\u2019est en anglais?).<\/td>\n<td style=\"vertical-align:top;width:200px;border:1px solid #ddd;padding:15px;\"> C\u2019est la porte d\u2019entr\u00e9e pour entrer dans le royaume de la conscience pure et supr\u00eame. Donc, l\u2019exultation, le sentiment d\u2019exister, (\u00ab j\u2019existe \u00bb) est originaire de ce kosha\n<\/td>\n<\/tr>\n<\/tbody>\n<\/table>\n<p>REF \u00ab\u00a0Cure yourself with yoga\u00a0\u00bb Acarya Hiranmayananada Avt.<\/p>\n","protected":false},"excerpt":{"rendered":"<p>\u00ab L\u2019\u00eatre vivant se compose de cinq couches d\u2019esprit, tout comme la fleur de bananier. \u00bb (Shrii Shrii Anandamurti) NOM DE KOSHAS NOM DE KOSHA ROLE ANNA MAYA KOSHA Le premier corps est le corps physique. II n\u2019y a qu\u2019une enveloppe ANNAMAYA KOSHA. En sanskrit Kohsa signifie \u00ab enveloppe \u00bb anna signifie \u00ab mati\u00e8re \u00bb [&hellip;]<\/p>\n","protected":false},"author":1,"featured_media":0,"parent":784,"menu_order":9,"comment_status":"closed","ping_status":"closed","template":"","meta":{"_monsterinsights_skip_tracking":false,"_monsterinsights_sitenote_active":false,"_monsterinsights_sitenote_note":"","_monsterinsights_sitenote_category":0,"slim_seo":{"title":"LES KOSHAS -un autre regard - Holistic Attitude","description":"\u00ab L\u2019\u00eatre vivant se compose de cinq couches d\u2019esprit, tout comme la fleur de bananier. \u00bb (Shrii Shrii Anandamurti) Tout comme la fleur de bananier NOM DE KOSHAS"},"footnotes":""},"class_list":["post-13873","page","type-page","status-publish","hentry"],"_links":{"self":[{"href":"https:\/\/www.holisticattitude.com\/index.php?rest_route=\/wp\/v2\/pages\/13873","targetHints":{"allow":["GET"]}}],"collection":[{"href":"https:\/\/www.holisticattitude.com\/index.php?rest_route=\/wp\/v2\/pages"}],"about":[{"href":"https:\/\/www.holisticattitude.com\/index.php?rest_route=\/wp\/v2\/types\/page"}],"author":[{"embeddable":true,"href":"https:\/\/www.holisticattitude.com\/index.php?rest_route=\/wp\/v2\/users\/1"}],"replies":[{"embeddable":true,"href":"https:\/\/www.holisticattitude.com\/index.php?rest_route=%2Fwp%2Fv2%2Fcomments&post=13873"}],"version-history":[{"count":9,"href":"https:\/\/www.holisticattitude.com\/index.php?rest_route=\/wp\/v2\/pages\/13873\/revisions"}],"predecessor-version":[{"id":13935,"href":"https:\/\/www.holisticattitude.com\/index.php?rest_route=\/wp\/v2\/pages\/13873\/revisions\/13935"}],"up":[{"embeddable":true,"href":"https:\/\/www.holisticattitude.com\/index.php?rest_route=\/wp\/v2\/pages\/784"}],"wp:attachment":[{"href":"https:\/\/www.holisticattitude.com\/index.php?rest_route=%2Fwp%2Fv2%2Fmedia&parent=13873"}],"curies":[{"name":"wp","href":"https:\/\/api.w.org\/{rel}","templated":true}]}}