{"id":13675,"date":"2018-08-10T10:53:56","date_gmt":"2018-08-10T08:53:56","guid":{"rendered":"https:\/\/www.holisticattitude.com\/?page_id=13675"},"modified":"2020-04-11T13:41:44","modified_gmt":"2020-04-11T11:41:44","slug":"la-phytotherapie-les-plantes-pour-la-menopause","status":"publish","type":"page","link":"https:\/\/www.holisticattitude.com\/huiles-essentielles\/la-phytotherapie-les-plantes-pour-la-menopause\/","title":{"rendered":"LA PHYTOTH\u00c9RAPIE (les plantes) POUR LA M\u00c9NOPAUSE"},"content":{"rendered":"<div id=\"attachment_12951\" style=\"width: 179px\" class=\"wp-caption aligncenter\"><img loading=\"lazy\" decoding=\"async\" aria-describedby=\"caption-attachment-12951\" src=\"https:\/\/www.holisticattitude.com\/wp-content\/uploads\/\/hot.png\" alt=\"\" width=\"169\" height=\"176\" class=\"size-full wp-image-12951\" \/><p id=\"caption-attachment-12951\" class=\"wp-caption-text\">II fait chaud ici<\/p><\/div>\n<p>Toutes les femmes savent que <strong>la m\u00e9nopause <\/strong>n\u2019est pas une maladie mais plut\u00f4t <strong>un passage physiologique<\/strong>, un passage important dans la vie d\u2019une femme. Les<strong> sympt\u00f4mes les plus courants<\/strong> sont la prise du poids, les bouff\u00e9es de chaleur, l\u2019ost\u00e9oporose (li\u00e9e \u00e0 des chutes hormonales), l\u2019insomnie et la s\u00e8cheresse vaginale.<\/p>\n<p>La phytoth\u00e9rapie propose des plantes qui peuvent nous accompagner pendant la m\u00e9nopause pour mieux tol\u00e9rer ce cap. Avant d\u2019acheter ces plantes l&rsquo;id\u00e9al serait de consulter un phytoth\u00e9rapeute pour les contre-indications. L&rsquo;herboristerie pourrait vous renseigner \u00e9galement.<\/p>\n<p>&nbsp;<\/p>\n<p><!--more--><\/p>\n<p><strong> LES PHYTO- \u0152STROG\u00c8NES<\/strong><br \/>\nLes plantes qu\u2019il faut favoriser sont les plantes qui contiennent les <strong>phyto- \u0153strog\u00e8nes, <\/strong>des substances naturelles, efficaces contre les d\u00e9sagr\u00e9ments li\u00e9s \u00e0 la m\u00e9nopause. Les <strong>phyto-estrog\u00e8nes<\/strong> sont des mol\u00e9cules d\u2019origine v\u00e9g\u00e9tale qui ont la capacit\u00e9 de provoquer des effets \u0153strog\u00e9niques, (agissant comme les \u0153strog\u00e8nes) ou anti-\u0153strog\u00e9niques (bloquant les effets des \u0153strog\u00e8nes). Elles stimulent nos glandes endocrines afin d\u2019<strong>augmenter leur production d\u2019 hormones<\/strong>. Comme les hormones, les <strong>phyto-estrog\u00e8nes<\/strong> agissent comme les \u0153strog\u00e8nes sans \u00eatre vraiment des hormones : l\u2019une des prouesses de la nature.<\/p>\n<p><strong>En cas de cancer du sein<\/strong> hormono-d\u00e9pendant, il est d\u00e9conseill\u00e9 de consommer les plantes phyto-\u0153strog\u00e8nes comme le soja, la sauge, le tr\u00e8fle rouge et le houblon. Mieux vaut favoriser les <strong>plantes drainantes<\/strong> plut\u00f4t que des plantes \u00e0 vertus hormonales.<\/p>\n<p>La complexit\u00e9 du soja par rapport au cancer du sein provient du fait que les aliments \u00e0 base de soja contiennent <strong>deux<\/strong> principaux phyto-\u0153strog\u00e8nes ou isoflavones : <strong>g\u00e9nist\u00e9ine<\/strong> et <strong>daidz\u00e9ine<\/strong> qui r\u00e9agissent avec le <strong>r\u00e9cepteur<\/strong> des \u0153strog\u00e8nes.<\/p>\n<div id=\"attachment_5388\" style=\"width: 190px\" class=\"wp-caption aligncenter\"><img loading=\"lazy\" decoding=\"async\" aria-describedby=\"caption-attachment-5388\" class=\"size-full wp-image-5388\" src=\"https:\/\/www.holisticattitude.com\/wp-content\/uploads\/\/tisanes.jpg\" alt=\"\" width=\"180\" height=\"172\" \/><p id=\"caption-attachment-5388\" class=\"wp-caption-text\">Faites-vous du bien<\/p><\/div>\n<p><strong>QUELQUES CONSIGNES POUR UTILISER LES TISANES<\/strong><\/p>\n<ul>\n<li>II faut boire beaucoup au moins un litre par jour pendant 21 jours\/3 semaines pour la plupart des plantes.<\/li>\n<li>Laissez infuser la tisane pendant 10 minutes avant de la boire<\/li>\n<\/ul>\n<p>.<\/p>\n<p><strong>POUR UN \u00c9TAT ANXIEUX <\/strong><br \/>\nLes plantes suivantes peuvent s\u2019av\u00e9rer utiles :<\/p>\n<table border=\"1\">\n<tbody>\n<tr>\n<td width=\"60%\">\n<ul>\n<ul>\n<li><strong> PASSIFLORE (<em>Passiflora incarnata<\/em>)<\/strong><\/li>\n<\/ul>\n<\/ul>\n<p><div id=\"attachment_12899\" style=\"width: 170px\" class=\"wp-caption aligncenter\"><img loading=\"lazy\" decoding=\"async\" aria-describedby=\"caption-attachment-12899\" class=\"size-full wp-image-12899\" src=\"https:\/\/www.holisticattitude.com\/wp-content\/uploads\/\/Passiflore.png\" alt=\"\" width=\"160\" height=\"128\" \/><p id=\"caption-attachment-12899\" class=\"wp-caption-text\">Passiflore<\/p><\/div><\/td>\n<td>\n<ul>\n<li>aide \u00e0 retrouver la d\u00e9tente, le calme et l\u2019apaisement. Utile contre l\u2019agitation anxieuse.<\/li>\n<\/ul>\n<\/td>\n<\/tr>\n<tr>\n<td>\n<ul>\n<ul>\n<li><strong>VAL\u00c9RIANE <\/strong> (<em>Valeriana officinalis<\/em>)<\/li>\n<\/ul>\n<\/ul>\n<p><div id=\"attachment_12938\" style=\"width: 170px\" class=\"wp-caption aligncenter\"><img loading=\"lazy\" decoding=\"async\" aria-describedby=\"caption-attachment-12938\" class=\"size-full wp-image-12938\" src=\"https:\/\/www.holisticattitude.com\/wp-content\/uploads\/\/Valeriana-officinalis.png\" alt=\"\" width=\"160\" height=\"105\" \/><p id=\"caption-attachment-12938\" class=\"wp-caption-text\">La val\u00e9riane<\/p><\/div><\/td>\n<td>\n<ul>\n<li>utile contre la rumination, l\u2019insomnie<\/li>\n<\/ul>\n<\/td>\n<\/tr>\n<tr>\n<td>\n<ul>\n<ul>\n<li><strong>SAFRAN<\/strong> (<em>Crocus sativ<\/em>)<\/li>\n<\/ul>\n<\/ul>\n<p><div id=\"attachment_12903\" style=\"width: 170px\" class=\"wp-caption aligncenter\"><img loading=\"lazy\" decoding=\"async\" aria-describedby=\"caption-attachment-12903\" class=\"size-full wp-image-12903\" src=\"https:\/\/www.holisticattitude.com\/wp-content\/uploads\/\/Safran.png\" alt=\"\" width=\"160\" height=\"108\" \/><p id=\"caption-attachment-12903\" class=\"wp-caption-text\">Safran quelle jolie fleur<\/p><\/div><\/td>\n<td>\n<ul>\n<li>Efficace pour les troubles de l\u2019humeur de la m\u00e9nopause, et l\u2019\u00e9motivit\u00e9.<br \/>\naide l\u2019\u00e9tat d\u00e9pressif li\u00e9 \u00e0 la m\u00e9nopause<\/li>\n<\/ul>\n<\/td>\n<\/tr>\n<\/tbody>\n<\/table>\n<p><strong>POUR UNE FEMME EN VOIE d\u2019\u00caTRE M\u00c9NOPAUS\u00c9E <\/strong><\/p>\n<table border=\"1\">\n<tbody>\n<tr>\n<td width=\"60%\"><strong>LE M\u00c9LILOT<\/strong> (m\u00e9li signifie miel) <em>(Melilotus officinalis)<\/em><\/p>\n<div id=\"attachment_12931\" style=\"width: 170px\" class=\"wp-caption aligncenter\"><img loading=\"lazy\" decoding=\"async\" aria-describedby=\"caption-attachment-12931\" class=\"size-full wp-image-12931\" src=\"https:\/\/www.holisticattitude.com\/wp-content\/uploads\/\/melilot2.png\" alt=\"\" width=\"160\" height=\"103\" \/><p id=\"caption-attachment-12931\" class=\"wp-caption-text\">M\u00e9lilot<\/p><\/div>\n<ul>\n<ul>Recommand\u00e9 pendant la phase<\/ul>\n<\/ul>\n<p><strong> p\u00e9ri-m\u00e9nopause<\/strong><\/p>\n<ul>\n<ul>(pr\u00e9m\u00e9nopause)<\/ul>\n<\/ul>\n<p><strong>TISANE <\/strong>: Bon \u00e0 savoir un bon m\u00e9lange m\u00e9lilot et aub\u00e9pine (s\u00e9datif + calmant) a une action circulatoire et vascularisante<\/td>\n<td>\n<ul>\n<ul>&#8211; a une action drainante \u2013un bon tonique veineux.<\/ul>\n<\/ul>\n<p>&#8211; efficace pour diminuer les bouff\u00e9es de chaleur et les migraines congestives associ\u00e9es.<\/p>\n<p>&#8211; pas contre-indiqu\u00e9 pour le cancer du sein. Son action est bien vasculaire et n\u2019est pas hormonale.<\/p>\n<p>&#8211; est contre-indiqu\u00e9 chez les sujets H\u00c9MOPHILES car la plante poss\u00e8de une vertu anticoagulante, naturelle qui s\u2019appelle coumarine. Il faudra pr\u00e9venir le m\u00e9decin au cas o\u00f9 l\u2019on prendrait d\u2019autres m\u00e9dicaments contenant de l\u2019anticoagulant.<\/td>\n<\/tr>\n<\/tbody>\n<\/table>\n<p><strong>LES PLANTES \u00c0 ACTIVIT\u00c9 \u0153STROG\u00c9NIQUE <\/strong><\/p>\n<table border=\"1\">\n<tbody>\n<tr>\n<td width=\"15%\">\n<ul>\n<li><strong> LA SAUGE (<em>Salvia officinalis<\/em>)<\/strong>\n<p><div id=\"attachment_12905\" style=\"width: 170px\" class=\"wp-caption aligncenter\"><img loading=\"lazy\" decoding=\"async\" aria-describedby=\"caption-attachment-12905\" class=\"size-full wp-image-12905\" src=\"https:\/\/www.holisticattitude.com\/wp-content\/uploads\/\/sauge.png\" alt=\"\" width=\"160\" height=\"126\" \/><p id=\"caption-attachment-12905\" class=\"wp-caption-text\">La sauge<\/p><\/div><\/li>\n<\/ul>\n<\/td>\n<td>\n<ul>\n<ul>La sauge produite des phyto-\u0153strog\u00e8nes, c\u2019est-\u00e0-dire des \u0153strog\u00e8nes v\u00e9g\u00e9taux ; ceux ci peuvent att\u00e9nuer la baisse des \u0153strog\u00e8nes li\u00e9e \u00e0 la m\u00e9nopause. et donc diminuer les bouff\u00e9es de chaleur provoqu\u00e9es par la m\u00e9nopause\u00bb.<\/ul>\n<\/ul>\n<p>La plante est \u00e9galement un puissant antiseptique qui contient de l\u2019acide ursolique, dont l\u2019action astringente et antiseptique r\u00e9gule la transpiration.<\/td>\n<td>\n<ul>\n<ul>&#8211; est contre-indiqu\u00e9e chez les femmes \u00e0 qui on vient de d\u00e9couvrir un cancer du sein.<\/ul>\n<\/ul>\n<p>&#8211; D\u00e9conseill\u00e9e aux enfants, femmes enceintes ou allaitantes, et \u00e9pileptiques.<\/td>\n<\/tr>\n<tr>\n<td><strong>LE SOJA (<em>Glycine Max<\/em>) <\/strong><\/p>\n<div id=\"attachment_12906\" style=\"width: 170px\" class=\"wp-caption aligncenter\"><img loading=\"lazy\" decoding=\"async\" aria-describedby=\"caption-attachment-12906\" class=\"size-full wp-image-12906\" src=\"https:\/\/www.holisticattitude.com\/wp-content\/uploads\/\/soja.png\" alt=\"\" width=\"160\" height=\"82\" \/><p id=\"caption-attachment-12906\" class=\"wp-caption-text\">Une plante legumineuse<\/p><\/div>\n<p>Le soja est une l\u00e9gumineuse qui contient des phyto-\u0153strog\u00e8nes,<br \/>\nCes mol\u00e9cules ressemblent beaucoup \u00e0 l&rsquo;\u0153stradiol, une des hormones sexuelles f\u00e9minines.<\/td>\n<td>\n<ul>\n<ul>Le soja (isoflavones) peut am\u00e9liorer les troubles de la m\u00e9nopause par son effet analogue \u00e0 celui de l\u2019 \u0153strog\u00e8ne et de la progest\u00e9rone.<\/ul>\n<\/ul>\n<p>II att\u00e9nue les bouff\u00e9es de chaleur.<\/p>\n<p>II est aussi utilis\u00e9 pour la peau s\u00e8che sous forme d\u2019huile de soja\/ sous forme de cr\u00e8me\/ pommade ou g\u00e9lule.<\/td>\n<td>\n<ul>\n<ul>&#8211; ne faut pas d\u00e9passer 1 mg par kg de poids corporel et par jour d\u2019isoflavone soit 60 mg par jour pour une personne de 60 kg<\/ul>\n<\/ul>\n<p>&#8211; contient du G\u00e9nist\u00e9ine (un des isoflavones antioxydants du soja)<\/p>\n<p>&#8211; est contre-indiqu\u00e9 chez les femmes \u00e0 qui on vient de d\u00e9couvrir un cancer du sein.<\/td>\n<\/tr>\n<tr>\n<td><strong>LE HOUBLON en infusion (<em>Humulus lupulus<\/em>) <\/strong><\/p>\n<p><div id=\"attachment_12907\" style=\"width: 170px\" class=\"wp-caption aligncenter\"><img loading=\"lazy\" decoding=\"async\" aria-describedby=\"caption-attachment-12907\" class=\"size-full wp-image-12907\" src=\"https:\/\/www.holisticattitude.com\/wp-content\/uploads\/\/Hublon.png\" alt=\"\" width=\"160\" height=\"158\" \/><p id=\"caption-attachment-12907\" class=\"wp-caption-text\">Le Hublon<\/p><\/div><\/td>\n<td>\n<ul>\n<ul>&#8211; a un effet \u0153strog\u00e9nique c\u2019est \u00e0 dire qu\u2019il favorise la production des oestrog\u00e8nes par le corps.<\/ul>\n<\/ul>\n<p>&#8211; est id\u00e9al contre les soucis de la m\u00e9nopause- &#8211; agit contre les bouff\u00e9s de chaleur.<br \/>\n&#8211; aide \u00e0 lutter contre les insomnies et l\u2019anxi\u00e9t\u00e9<\/td>\n<td>\n<ul>&#8211; est contre-indiqu\u00e9 chez les femmes \u00e0 qui on vient de d\u00e9couvrir un cancer du sein.<\/ul>\n<\/td>\n<\/tr>\n<tr>\n<td><strong>LE TR\u00c8FLE ROUGE (<em>trifolium pratense<\/em>) <\/strong><\/p>\n<p><div id=\"attachment_12909\" style=\"width: 170px\" class=\"wp-caption aligncenter\"><img loading=\"lazy\" decoding=\"async\" aria-describedby=\"caption-attachment-12909\" class=\"size-full wp-image-12909\" src=\"https:\/\/www.holisticattitude.com\/wp-content\/uploads\/\/trefle-rouge.png\" alt=\"\" width=\"160\" height=\"141\" \/><p id=\"caption-attachment-12909\" class=\"wp-caption-text\">Le tr\u00e8fle rouge une jolie fleur rose<\/p><\/div><\/td>\n<td>\n<ul>\n<ul>-a un effet \u0153strog\u00e9nique<\/ul>\n<\/ul>\n<p>&#8211; id\u00e9al contre les soucis de la m\u00e9nopause comme<br \/>\nles bouff\u00e9es de chaleur<\/td>\n<td>\n<ul>\n<ul>&#8211; est contre-indiqu\u00e9 chez les femmes \u00e0 qui on vient de d\u00e9couvrir<\/ul>\n<\/ul>\n<p><strong>un cancer du sein. <\/strong><\/td>\n<\/tr>\n<tr>\n<td><strong>LA BALLOTE NOIRE <em>(Ballota nigra)<\/em> <\/strong><\/p>\n<p><div id=\"attachment_12910\" style=\"width: 170px\" class=\"wp-caption aligncenter\"><img loading=\"lazy\" decoding=\"async\" aria-describedby=\"caption-attachment-12910\" class=\"size-full wp-image-12910\" src=\"https:\/\/www.holisticattitude.com\/wp-content\/uploads\/\/ballote-noire.png\" alt=\"\" width=\"160\" height=\"85\" \/><p id=\"caption-attachment-12910\" class=\"wp-caption-text\">La ballote noire<\/p><\/div><\/td>\n<td>\n<ul>\n<ul>&#8211; efficace sur les r\u00e9veils nocturnes avec bouff\u00e9es de chaleur.<\/ul>\n<\/ul>\n<p>&#8211; efficace contre l\u2019anxi\u00e9t\u00e9, l\u2019irritabilit\u00e9 de la m\u00e9nopause<\/td>\n<td>\n<ul>\n<ul>&#8211; tr\u00e8s utile en cas de tension nerveuse li\u00e9e \u00e0 la m\u00e9nopause gr\u00e2ce \u00e0 son action spasmolytique<\/ul>\n<\/ul>\n<ul>\n<ul>&#8211; a un effet anti spasmodique<\/ul>\n<\/ul>\n<ul>\n<ul>&#8211; apaisante<\/ul>\n<\/ul>\n<ul>&#8211; s\u00e9dative<\/ul>\n<\/td>\n<\/tr>\n<\/tbody>\n<\/table>\n<p>Pour la <strong>s\u00e8cheresse vaginale<\/strong> vous pouvez vous masser d\u00e9licatement avec de <strong>l\u2019huile v\u00e9g\u00e9tale, l&rsquo;huile de noyau d&rsquo;abricot.<\/strong><\/p>\n<p><strong>PLANTES AVEC DES EFFETS DRAINANTS\/CIRCULATOIRES <\/strong>: troubles de la m\u00e9nopause li\u00e9s \u00e0 la circulation veineuse.<br \/>\nII est possible de revasculariser les tissus avec les plantes drainantes.<\/p>\n<p>II n\u2019existe pas vraiment de plantes pour vous aider \u00e0 perdre du poids ; cependant des plantes qui <strong>favorisent la circulation<\/strong> avec des effets drainants peuvent s\u2019av\u00e9rer utiles.<\/p>\n<table border=\"1\">\n<tbody>\n<tr>\n<td width=\"60%\"><strong>LA REINE DES PR\u00c8S<\/strong><br \/>\n<em>(Filipendula ulmaria)<\/em>  <div id=\"attachment_12946\" style=\"width: 170px\" class=\"wp-caption aligncenter\"><img loading=\"lazy\" decoding=\"async\" aria-describedby=\"caption-attachment-12946\" src=\"https:\/\/www.holisticattitude.com\/wp-content\/uploads\/\/fleur_blanc.png\" alt=\"\" width=\"160\" height=\"167\" class=\"size-full wp-image-12946\" \/><p id=\"caption-attachment-12946\" class=\"wp-caption-text\">La fleur-la reine<\/p><\/div><\/p>\n<td>\n<ul>\n<ul>&#8211; Plante drainante\/circulatoire<\/ul>\n<\/ul>\n<p>&#8211; favorise <strong>l\u2019\u00e9limination de la cellulite<\/strong>. Elle favorise la circulation en nettoyant l\u2019organisme.<br \/>\n<strong>Bon \u00e0 savoir<\/strong><br \/>\n&#8211; est une copie chimique de l&rsquo;acide ac\u00e9tylsalicylique (l\u2019aspirine) pr\u00e9sent dans ses fleurs.<\/p>\n<p>&#8211; est r\u00e9put\u00e9e pour ses propri\u00e9t\u00e9s antalgiques puissantes et est efficace contre le rhumatisme, les douleurs articulaires, les tendinites, les maux de t\u00eate\u2026<\/td>\n<\/tr>\n<tr>\n<td><strong>CASSIS <em>(Ribes nigrum) <\/em><\/strong><\/p>\n<p><div id=\"attachment_12912\" style=\"width: 170px\" class=\"wp-caption aligncenter\"><img loading=\"lazy\" decoding=\"async\" aria-describedby=\"caption-attachment-12912\" class=\"size-full wp-image-12912\" src=\"https:\/\/www.holisticattitude.com\/wp-content\/uploads\/\/Cassis.png\" alt=\"\" width=\"160\" height=\"107\" \/><p id=\"caption-attachment-12912\" class=\"wp-caption-text\">Le cassis<\/p><\/div><\/td>\n<td>&#8211; est une plante constitu\u00e9e de flavono\u00efdes, (des anti-oxydants).<br \/>\n&#8211; est indiqu\u00e9 pour soigner les troubles circulatoires de la m\u00e9nopause.<\/td>\n<\/tr>\n<tr>\n<td><strong>LA VIGNE ROUGE <em>(Vitis vinifera)<\/em> <\/strong><\/p>\n<p><div id=\"attachment_12913\" style=\"width: 170px\" class=\"wp-caption aligncenter\"><img loading=\"lazy\" decoding=\"async\" aria-describedby=\"caption-attachment-12913\" class=\"size-full wp-image-12913\" src=\"https:\/\/www.holisticattitude.com\/wp-content\/uploads\/\/vigne-rouge.png\" alt=\"\" width=\"160\" height=\"143\" \/><p id=\"caption-attachment-12913\" class=\"wp-caption-text\">La vigne rouge<\/p><\/div><\/td>\n<td>&#8211; plante conseill\u00e9e dans les <strong>troubles circulatoires<\/strong>.<br \/>\n&#8211; est un tonique veineux et favorise le drainage lymphatique.<br \/>\n&#8211; recommand\u00e9 pour lutter contre la cellulite<\/td>\n<\/tr>\n<\/tbody>\n<\/table>\n<p><strong>PLANTES EFFICACES POUR REDUIRE LE RISQUE D\u2019OST\u00c9OPOROSE <\/strong>ou pour les femmes avec une faible densit\u00e9 osseuse.<\/p>\n<table border=\"1\">\n<tbody>\n<tr>\n<td width=\"60%\"><strong>L\u2019ORTIE <em> (Urtica) <\/em><\/strong><\/p>\n<p><div id=\"attachment_12914\" style=\"width: 146px\" class=\"wp-caption aligncenter\"><img loading=\"lazy\" decoding=\"async\" aria-describedby=\"caption-attachment-12914\" class=\"size-full wp-image-12914\" src=\"https:\/\/www.holisticattitude.com\/wp-content\/uploads\/\/lortie.png\" alt=\"\" width=\"136\" height=\"179\" \/><p id=\"caption-attachment-12914\" class=\"wp-caption-text\">L&rsquo;ortie \u00e7a pique!<\/p><\/div><\/td>\n<td>&#8211; plante tr\u00e8s remin\u00e9ralisante et alcalinisante, riche en <strong>calcium <\/strong>facilement assimilable<\/p>\n<p>&#8211; aide \u00e0 lutter contre<strong> l&rsquo;ost\u00e9oporose<\/strong><\/td>\n<\/tr>\n<tr>\n<td>LA PR\u00c8LE <em>(Equisetum arvense)<\/em><\/p>\n<p><div id=\"attachment_12936\" style=\"width: 170px\" class=\"wp-caption aligncenter\"><img loading=\"lazy\" decoding=\"async\" aria-describedby=\"caption-attachment-12936\" class=\"size-full wp-image-12936\" src=\"https:\/\/www.holisticattitude.com\/wp-content\/uploads\/\/Equisetum-arvense.png\" alt=\"\" width=\"160\" height=\"252\" \/><p id=\"caption-attachment-12936\" class=\"wp-caption-text\">La pr\u00eale, ressemble \u00e0 la queue d&rsquo;un cheval<\/p><\/div><\/td>\n<td>&#8211; plante tr\u00e8s <strong>remin\u00e9ralisante<\/strong><br \/>\n&#8211; tr\u00e8s riche en <strong>silice<\/strong>, ce qui lui permet d\u2019am\u00e9liorer en m\u00eame temps l\u2019\u00e9tat du cartilage, des tendons et des ligaments<\/p>\n<p>-aide \u00e0 lutter contre <strong>l&rsquo;ost\u00e9oporose<\/strong><\/td>\n<\/tr>\n<\/tbody>\n<\/table>\n<p>II existe d\u2019autres <strong>sources de calcium <\/strong>comme les algues, les c\u00e9r\u00e9ales compl\u00e8tes, le soja, les l\u00e9gumes secs, les l\u00e9gumes verts, les fruits. II faut cependant l\u2019associer au <strong>phosphore<\/strong> qui en assure la fixation. Les aliments suivants contiennent du <strong>phosphore <\/strong>:  les  fromages, les graines, les fruits \u00e0 coque, les \u0153ufs,  les l\u00e9gumes secs, et le quinoa.<\/p>\n","protected":false},"excerpt":{"rendered":"<p>Toutes les femmes savent que la m\u00e9nopause n\u2019est pas une maladie mais plut\u00f4t un passage physiologique, un passage important dans la vie d\u2019une femme. Les sympt\u00f4mes les plus courants sont la prise du poids, les bouff\u00e9es de chaleur, l\u2019ost\u00e9oporose (li\u00e9e \u00e0 des chutes hormonales), l\u2019insomnie et la s\u00e8cheresse vaginale. La phytoth\u00e9rapie propose des plantes qui [&hellip;]<\/p>\n","protected":false},"author":1,"featured_media":0,"parent":7494,"menu_order":6,"comment_status":"closed","ping_status":"closed","template":"","meta":{"_monsterinsights_skip_tracking":false,"_monsterinsights_sitenote_active":false,"_monsterinsights_sitenote_note":"","_monsterinsights_sitenote_category":0,"slim_seo":{"title":"LA PHYTOTH\u00c9RAPIE (les plantes) POUR LA M\u00c9NOPAUSE - Holistic Attitude","description":"II fait chaud ici Toutes les femmes savent que la m\u00e9nopause n\u2019est pas une maladie mais plut\u00f4t un passage physiologique , un passage important dans la vie d\u2019une"},"footnotes":""},"class_list":["post-13675","page","type-page","status-publish","hentry"],"_links":{"self":[{"href":"https:\/\/www.holisticattitude.com\/wp-json\/wp\/v2\/pages\/13675","targetHints":{"allow":["GET"]}}],"collection":[{"href":"https:\/\/www.holisticattitude.com\/wp-json\/wp\/v2\/pages"}],"about":[{"href":"https:\/\/www.holisticattitude.com\/wp-json\/wp\/v2\/types\/page"}],"author":[{"embeddable":true,"href":"https:\/\/www.holisticattitude.com\/wp-json\/wp\/v2\/users\/1"}],"replies":[{"embeddable":true,"href":"https:\/\/www.holisticattitude.com\/wp-json\/wp\/v2\/comments?post=13675"}],"version-history":[{"count":3,"href":"https:\/\/www.holisticattitude.com\/wp-json\/wp\/v2\/pages\/13675\/revisions"}],"predecessor-version":[{"id":15381,"href":"https:\/\/www.holisticattitude.com\/wp-json\/wp\/v2\/pages\/13675\/revisions\/15381"}],"up":[{"embeddable":true,"href":"https:\/\/www.holisticattitude.com\/wp-json\/wp\/v2\/pages\/7494"}],"wp:attachment":[{"href":"https:\/\/www.holisticattitude.com\/wp-json\/wp\/v2\/media?parent=13675"}],"curies":[{"name":"wp","href":"https:\/\/api.w.org\/{rel}","templated":true}]}}