{"id":13673,"date":"2018-08-10T10:51:19","date_gmt":"2018-08-10T08:51:19","guid":{"rendered":"http:\/\/www.holisticattitude.com\/?page_id=13673"},"modified":"2019-05-29T16:11:49","modified_gmt":"2019-05-29T14:11:49","slug":"soigner-les-maux-de-la-cavite-buccale-naturellement","status":"publish","type":"page","link":"https:\/\/www.holisticattitude.com\/?page_id=13673","title":{"rendered":"SOIGNER LES MAUX DE LA CAVIT\u00c9 BUCCALE NATURELLEMENT"},"content":{"rendered":"<div id=\"attachment_13525\" style=\"width: 185px\" class=\"wp-caption aligncenter\"><img loading=\"lazy\" decoding=\"async\" aria-describedby=\"caption-attachment-13525\" class=\"size-full wp-image-13525\" src=\"https:\/\/www.holisticattitude.com\/wp-content\/uploads\/\/cavit\u00e9_buccal.png\" alt=\"\" width=\"175\" height=\"149\" \/><p id=\"caption-attachment-13525\" class=\"wp-caption-text\">La cavit\u00e9 buccale<\/p><\/div>\n<p><strong>1. SOIGNER LA RAGE DE DENTS POUR LES ADULTES NATURELLEMENT <\/strong><br \/>\nEviter les huiles essentielles pour les <strong>mamans qui allaitent,<\/strong> les <strong>femmes enceintes<\/strong> et les <strong>enfants avant 7 ans.<\/strong><\/p>\n<table style=\"width: auto; border: 1px solid #ddd;\">\n<tbody>\n<tr>\n<td style=\"vertical-align: top; border: 1px solid #ddd; padding: 11px;\" colspan=\"7\">\n<p align=\"center\"><strong>SOIGNER LA RAGE DES DENTS NATURELLEMENT <\/strong><\/p>\n<\/td>\n<\/tr>\n<tr>\n<td style=\"vertical-align: top; width: 88px; border: 1px solid #ddd; padding: 15px;\"><strong>NOM DE PLANTE OU HUILE ESSENTIELLE<\/strong><\/td>\n<td style=\"vertical-align: top; width: 88px; border: 1px solid #ddd; padding: 15px;\"><strong>PROPRI\u00c9T\u00c9S<\/strong><\/td>\n<td style=\"vertical-align: top; width: 88px; border: 1px solid #ddd; padding: 15px;\"><strong>COMMENT L&rsquo;UTILISER<\/strong><\/td>\n<\/tr>\n<tr>\n<td style=\"vertical-align: top; width: 88px; border: 1px solid #ddd; padding: 15px;\">L\u2019huile essentielle de Clou de Girofle<\/td>\n<td style=\"vertical-align: top; width: 88px; border: 1px solid #ddd; padding: 15px;\">D\u00e9sinfecte la <strong>sph\u00e8re orl.<\/strong><br \/>\n&#8211; Elle contient la mol\u00e9cule <strong>eug\u00e9nol <\/strong>qui est une mol\u00e9cule antiseptique, antibact\u00e9rienne, antivirale et antifongique. La douleur diminue rapidement.<br \/>\n&#8211; Antalgique puissant+++- Elle a les propri\u00e9t\u00e9s anesth\u00e9siantes, antibact\u00e9riennes et antiseptiques.<\/td>\n<td style=\"vertical-align: top; width: 88px; border: 1px solid #ddd; padding: 15px;\">Pour stopper la douleur : trempez un bout de coton tige avec une goutte de l\u2019HE de clou de girofle. Tapotez la m\u00e2choire \u00e0 l\u2019endroit o\u00f9 \u00e7a fait mal. \u00c7a anesth\u00e9sie un peu<\/td>\n<\/tr>\n<\/tbody>\n<\/table>\n<div id=\"attachment_13518\" style=\"width: 154px\" class=\"wp-caption aligncenter\"><img loading=\"lazy\" decoding=\"async\" aria-describedby=\"caption-attachment-13518\" class=\"size-full wp-image-13518\" src=\"https:\/\/www.holisticattitude.com\/wp-content\/uploads\/\/ragedesdents_1.png\" alt=\"\" width=\"144\" height=\"250\" \/><p id=\"caption-attachment-13518\" class=\"wp-caption-text\">Soigner la rage des dents naturellement<\/p><\/div>\n<p><!--more--><\/p>\n<p>Pour les enfants <strong>moins de 7 an<\/strong>s utiliser du gel gingival de myrrhe, v\u00e9rifier avec le dentiste.<\/p>\n<div id=\"attachment_13519\" style=\"width: 215px\" class=\"wp-caption aligncenter\"><img loading=\"lazy\" decoding=\"async\" aria-describedby=\"caption-attachment-13519\" class=\"size-full wp-image-13519\" src=\"https:\/\/www.holisticattitude.com\/wp-content\/uploads\/\/mauvaise_haleine.png\" alt=\"\" width=\"205\" height=\"184\" \/><p id=\"caption-attachment-13519\" class=\"wp-caption-text\">Une rem\u00e8de contre la mauvaise haleine<\/p><\/div>\n<p><strong> 2.REM\u00c8DE CONTRE LA MAUVAISE HALEINE<\/strong> :<br \/>\nCROQUEZ TOUT SIMPLEMENT un <strong>clou de girofle,<\/strong> et gardez-le en bouche quelques instants puis recrachez.<\/p>\n<p>Cette plante, le <strong>clou de girofle<\/strong> peut \u00eatre utilis\u00e9e pour <strong>un bain de bouche<\/strong><\/p>\n<div id=\"attachment_13520\" style=\"width: 217px\" class=\"wp-caption aligncenter\"><img loading=\"lazy\" decoding=\"async\" aria-describedby=\"caption-attachment-13520\" class=\"size-full wp-image-13520\" src=\"https:\/\/www.holisticattitude.com\/wp-content\/uploads\/\/bain-de-bouche.png\" alt=\"\" width=\"207\" height=\"155\" \/><p id=\"caption-attachment-13520\" class=\"wp-caption-text\">Une solution pour une bain de bouche<\/p><\/div>\n<p><strong>COMMENT FAIRE UNE SOLUTION POUR UN BAIN DE BOUCHE AVEC LA PLANTE LE CLOU DE GIROFLE<\/strong> ?<\/p>\n<ul>\n<li>Faites <strong>infuser 3 clous de girofle<\/strong> dans de l\u2019eau ti\u00e8de (25 cl), portez le tout \u00e0 \u00e9bullition. Puis laissez refroidir et filtrez. Utilisez <strong>l\u2019eau de cuisson<\/strong> obtenue pour faire un bain de bouche.<\/li>\n<\/ul>\n<div id=\"attachment_13521\" style=\"width: 215px\" class=\"wp-caption aligncenter\"><img loading=\"lazy\" decoding=\"async\" aria-describedby=\"caption-attachment-13521\" class=\"size-full wp-image-13521\" src=\"https:\/\/www.holisticattitude.com\/wp-content\/uploads\/\/mal-des-dents.png\" alt=\"\" width=\"205\" height=\"149\" \/><p id=\"caption-attachment-13521\" class=\"wp-caption-text\">Soigner le mal des dents naturellement<\/p><\/div>\n<p><strong>3. SOIGNER LE MAL DES DENTS POUR LES ADULTES NATURELLEMENT<\/strong><\/p>\n<table style=\"width: auto; border: 1px solid #ddd;\">\n<tbody>\n<tr>\n<td style=\"vertical-align: top; border: 1px solid #ddd; padding: 11px;\" colspan=\"7\">\n<p align=\"center\"><strong> SOIGNER LE MAL DES DENTS POUR LES ADULTES NATURELLEMENT<\/strong><\/p>\n<\/td>\n<\/tr>\n<tr>\n<td style=\"vertical-align: top; width: 88px; border: 1px solid #ddd; text-align: center; padding: 15px;\"><strong>NOM DE PLANTE OU HUILE ESSENTIELLE<\/strong><\/td>\n<td style=\"vertical-align: top; width: 88px; border: 1px solid #ddd; text-align: center; padding: 15px;\"><strong>PROPRI\u00c9T\u00c9S<\/strong><\/td>\n<td style=\"vertical-align: top; width: 88px; border: 1px solid #ddd; text-align: center; padding: 15px;\"><strong>COMMENT L&rsquo;UTILISER<\/strong><\/td>\n<\/tr>\n<tr>\n<td style=\"vertical-align: top; width: 88px; border: 1px solid #ddd; padding: 15px;\">La <strong>Sauge<\/strong> est conseill\u00e9e pour le mal de dents et nettoyer la plaque dentaire (d\u00e9p\u00f4ts de bact\u00e9ries sur les dents).<br \/>\nLa<strong> sauge<\/strong> est d\u00e9conseill\u00e9e aux personnes \u00e9pileptiques ainsi qu\u2019aux femmes enceintes et \u00e0 celles qui allaitent.<\/td>\n<td style=\"vertical-align: top; width: 88px; border: 1px solid #ddd; padding: 15px;\">&#8211; Elle poss\u00e8de des propri\u00e9t\u00e9s anti-inflammatoires naturelle.<br \/>\n&#8211; Antiseptique<\/td>\n<td style=\"vertical-align: top; width: 88px; border: 1px solid #ddd; padding: 15px;\">En forme de tisane<br \/>\n&#8211; Bain de bouche : buvez et crachez.<\/td>\n<\/tr>\n<tr>\n<td style=\"vertical-align: top; width: 88px; border: 1px solid #ddd; padding: 15px;\">Plante ou huile essentielle de laurier noble <em>(Laurus nobilis)<\/em><\/td>\n<td style=\"vertical-align: top; width: 88px; border: 1px solid #ddd; padding: 15px;\">Antalgique puissant et anti-inflammatoire.<br \/>\n&#8211; Efficace pour soigner les aphtes, le rage de dent et les douleurs aux gencives.<\/td>\n<td style=\"vertical-align: top; width: 88px; border: 1px solid #ddd; padding: 15px;\">&#8211; En forme de <strong>tisane.<\/strong><br \/>\n&#8211; <strong>Bain de bouche<\/strong> : buvez et crachez.<br \/>\n&#8211; Pour stopper la rage de dent : trempez un bout de <strong>coton tig<\/strong>e avec une goutte <strong>d\u2019huile essentielle <\/strong>de laurier noble.<br \/>\nAppliquez directement sur la dent douloureuse et sur la gencive qui l\u2019environne.<\/td>\n<\/tr>\n<\/tbody>\n<\/table>\n<div id=\"attachment_13522\" style=\"width: 209px\" class=\"wp-caption aligncenter\"><img loading=\"lazy\" decoding=\"async\" aria-describedby=\"caption-attachment-13522\" class=\"size-full wp-image-13522\" src=\"https:\/\/www.holisticattitude.com\/wp-content\/uploads\/\/aphtes.png\" alt=\"\" width=\"199\" height=\"196\" \/><p id=\"caption-attachment-13522\" class=\"wp-caption-text\">Soigner les aphtes naturellement<\/p><\/div>\n<p><strong>4. SOIGNER DES APHTES DANS LA BOUCHE NATURELLEMENT<\/strong><\/p>\n<table style=\"width: auto; border: 1px solid #ddd;\">\n<tbody>\n<tr>\n<td style=\"vertical-align: top; border: 1px solid #ddd; padding: 11px;\" colspan=\"7\">\n<p align=\"center\"><strong>SOIGNER DES APHTES DANS LA BOUCHE NATURELLEMENT<\/strong><\/p>\n<\/td>\n<\/tr>\n<tr>\n<td style=\"vertical-align: top; width: 88px; border: 1px solid #ddd; text-align: center; padding: 15px;\"><strong>NOM DE PLANTE OU HUILE ESSENTIELLE<\/strong><\/td>\n<td style=\"vertical-align: top; width: 88px; border: 1px solid #ddd; text-align: center; padding: 15px;\"><strong>PROPRI\u00c9T\u00c9S<\/strong><\/td>\n<td style=\"vertical-align: top; width: 88px; border: 1px solid #ddd; text-align: center; padding: 15px;\"><strong>COMMENT L&rsquo;UTILISER<\/strong><\/td>\n<\/tr>\n<tr>\n<td style=\"vertical-align: top; width: 88px; border: 1px solid #ddd; padding: 15px;\">LA PLANTE- La <strong>Sauge officinale<\/strong><\/td>\n<td style=\"vertical-align: top; width: 88px; border: 1px solid #ddd; padding: 15px;\">&#8211; Anti-inflammatoire, antiseptique.<\/td>\n<td style=\"vertical-align: top; width: 88px; border: 1px solid #ddd; padding: 15px;\">Une infusion\/tisane de sauge en bain de bouche<\/td>\n<\/tr>\n<tr>\n<td style=\"vertical-align: top; width: 88px; border: 1px solid #ddd; padding: 15px;\">La plante -La <strong>M\u00e9lisse<\/strong><\/td>\n<td style=\"vertical-align: top; width: 88px; border: 1px solid #ddd; padding: 15px;\">&#8211; Poss\u00e8de des propri\u00e9t\u00e9s bact\u00e9ricides<\/td>\n<td style=\"vertical-align: top; width: 88px; border: 1px solid #ddd; padding: 15px;\">&#8211; Une infusion de <strong>M\u00e9lisse<\/strong> en bain de bouche<\/td>\n<\/tr>\n<tr>\n<td style=\"vertical-align: top; width: 88px; border: 1px solid #ddd; padding: 15px;\">La plante &#8211;<strong>La Ronce<\/strong> (attention aux \u00e9pines qui piquent et qu\u2019il faut enlever)<\/td>\n<td style=\"vertical-align: top; width: 88px; border: 1px solid #ddd; padding: 15px;\">Elle favorise la cicatrisation, r\u00e9duit la douleur, les aphtes et les plaies des gencives et de la bouche.<\/td>\n<td style=\"vertical-align: top; width: 88px; border: 1px solid #ddd; padding: 15px;\">R\u00e9coltez les <strong>jeunes feuilles<\/strong> dans le jardin \u00e0 la fin du printemps pour faire une infusion ou achetez-les dans les pharmacies ou dans les herboristeries.<br \/>\nLes feuilles de <strong>ronce <\/strong>peuvent \u00eatre utilis\u00e9es pour tout la <strong>sph\u00e8re ORL<\/strong> m\u00eame quand on est enrou\u00e9.<\/td>\n<\/tr>\n<\/tbody>\n<\/table>\n<div id=\"attachment_13523\" style=\"width: 219px\" class=\"wp-caption aligncenter\"><img loading=\"lazy\" decoding=\"async\" aria-describedby=\"caption-attachment-13523\" class=\"size-full wp-image-13523\" src=\"https:\/\/www.holisticattitude.com\/wp-content\/uploads\/\/maldegorge.png\" alt=\"\" width=\"209\" height=\"136\" \/><p id=\"caption-attachment-13523\" class=\"wp-caption-text\">Soigner un mal de gorge<\/p><\/div>\n<p><strong>5. SOULAGER UN MAL DE GORGE NATURELLEMENT<\/strong><\/p>\n<table style=\"width: auto; border: 1px solid #ddd;\">\n<tbody>\n<tr>\n<td style=\"vertical-align: top; border: 1px solid #ddd; padding: 11px;\" colspan=\"7\">\n<p align=\"center\"><strong>SOULAGER UN MAL DE GORGE NATURELLEMENT<\/strong><\/p>\n<\/td>\n<\/tr>\n<tr>\n<td style=\"vertical-align: top; width: 88px; border: 1px solid #ddd; text-align: center; padding: 15px;\"><strong>NOM DE PLANTE OU HUILE ESSENTIELLE<\/strong><\/td>\n<td style=\"vertical-align: top; width: 88px; border: 1px solid #ddd; text-align: center; padding: 15px;\"><strong>PROPRI\u00c9T\u00c9S<\/strong><\/td>\n<td style=\"vertical-align: top; width: 88px; border: 1px solid #ddd; text-align: center; padding: 15px;\"><strong>COMMENT L&rsquo;UTILISER<\/strong><\/td>\n<\/tr>\n<tr>\n<td style=\"vertical-align: top; width: 88px; border: 1px solid #ddd; padding: 15px;\">La plante &#8211; <strong>L\u2019Erysimum.<\/strong>. Autrefois appel\u00e9e <em>\u00ab herbe-au-chantres \u00bb<\/em><\/td>\n<td style=\"vertical-align: top; width: 88px; border: 1px solid #ddd; padding: 15px;\">Vertus adoucissantes<br \/>\nApaise la <strong>cavit\u00e9 buccale<\/strong>, le larynx et le pharynx<\/td>\n<td style=\"vertical-align: top; width: 88px; border: 1px solid #ddd; padding: 15px;\">Disponible <strong>en pastille<\/strong> en pharmacie<\/td>\n<\/tr>\n<tr>\n<td style=\"vertical-align: top; width: 88px; border: 1px solid #ddd; padding: 15px;\">La plante- <strong>Le Thym <\/strong><\/td>\n<td style=\"vertical-align: top; width: 88px; border: 1px solid #ddd; padding: 15px;\">Antiseptique naturel, antiviral, antimicrobien.<\/td>\n<td style=\"vertical-align: top; width: 88px; border: 1px solid #ddd; padding: 15px;\">Prendre <strong>en tisane.<\/strong> Vous pouvez faire infuser <strong>deux cuiller\u00e9es \u00e0 soupe de thym<\/strong> dans 250ml d&rsquo;eau bouillante. Laissez infuser 5 minutes, pas plus, filtrez, ajoutez du miel<\/td>\n<\/tr>\n<tr>\n<td style=\"vertical-align: top; width: 88px; border: 1px solid #ddd; padding: 15px;\">La racine de r\u00e9glisse (b\u00e2tons) ou les bonbons<\/td>\n<td style=\"vertical-align: top; width: 88px; border: 1px solid #ddd; padding: 15px;\">Poss\u00e8de une action anti-inflammatoire, garantie par la pr\u00e9sence de <strong>flavono\u00efdes<\/strong>, id\u00e9ale pour lutter contre l&rsquo;inflammation des amygdales.<\/td>\n<td style=\"vertical-align: top; width: 88px; border: 1px solid #ddd; padding: 15px;\">Une infusion de <strong>racine en r\u00e9glisse<\/strong><br \/>\nM\u00e2chez un peu de r\u00e9glisse.<\/td>\n<\/tr>\n<tr>\n<td style=\"vertical-align: top; width: 88px; border: 1px solid #ddd; padding: 15px;\">Les feuilles de ronce<\/td>\n<td style=\"vertical-align: top; width: 88px; border: 1px solid #ddd; padding: 15px;\">Un excellent antibact\u00e9rien et antiviral.<\/td>\n<td style=\"vertical-align: top; width: 88px; border: 1px solid #ddd; padding: 15px;\">Prendre en tisane :<br \/>\nil faut mettre <strong>les feuilles de ronce <\/strong> dans de l&rsquo;eau froide. Quand l\u2019eau fr\u00e9mit, on arr\u00eate, et on laisse infuser cinq ou six minutes. On boit.<\/td>\n<\/tr>\n<tr>\n<td style=\"vertical-align: top; width: 88px; border: 1px solid #ddd; padding: 15px;\">La <strong>Propolis<\/strong> issue de la plante <em>Baccharis<\/em>.<\/td>\n<td style=\"vertical-align: top; width: 88px; border: 1px solid #ddd; padding: 15px;\">Elle a des propri\u00e9t\u00e9s anti-inflammatoires et anesth\u00e9siantes. En plus, ses actions antibact\u00e9riennes et antivirales luttent contre l&rsquo;invasion <strong>microbienne <\/strong>et aident \u00e0 raccourcir la dur\u00e9e de l&rsquo;infection.<\/td>\n<td style=\"vertical-align: top; width: 88px; border: 1px solid #ddd; padding: 15px;\">Sous forme de pastilles, de sirop ou de collutoire (Un <strong>collutoire<\/strong> est un m\u00e9dicament sp\u00e9cifiquement con\u00e7u pour traiter les douleurs et\/ou infections de la cavit\u00e9 buccale).<\/td>\n<\/tr>\n<\/tbody>\n<\/table>\n","protected":false},"excerpt":{"rendered":"<p>1. SOIGNER LA RAGE DE DENTS POUR LES ADULTES NATURELLEMENT Eviter les huiles essentielles pour les mamans qui allaitent, les femmes enceintes et les enfants avant 7 ans. SOIGNER LA RAGE DES DENTS NATURELLEMENT NOM DE PLANTE OU HUILE ESSENTIELLE PROPRI\u00c9T\u00c9S COMMENT L&rsquo;UTILISER L\u2019huile essentielle de Clou de Girofle D\u00e9sinfecte la sph\u00e8re orl. &#8211; Elle [&hellip;]<\/p>\n","protected":false},"author":1,"featured_media":0,"parent":7494,"menu_order":5,"comment_status":"closed","ping_status":"closed","template":"","meta":{"_monsterinsights_skip_tracking":false,"_monsterinsights_sitenote_active":false,"_monsterinsights_sitenote_note":"","_monsterinsights_sitenote_category":0,"slim_seo":{"title":"SOIGNER LES MAUX DE LA CAVIT\u00c9 BUCCALE NATURELLEMENT - Holistic Attitude","description":"La cavit\u00e9 buccale 1. SOIGNER LA RAGE DE DENTS POUR LES ADULTES NATURELLEMENT Eviter les huiles essentielles pour les mamans qui allaitent, les femmes enceintes"},"footnotes":""},"class_list":["post-13673","page","type-page","status-publish","hentry"],"_links":{"self":[{"href":"https:\/\/www.holisticattitude.com\/index.php?rest_route=\/wp\/v2\/pages\/13673","targetHints":{"allow":["GET"]}}],"collection":[{"href":"https:\/\/www.holisticattitude.com\/index.php?rest_route=\/wp\/v2\/pages"}],"about":[{"href":"https:\/\/www.holisticattitude.com\/index.php?rest_route=\/wp\/v2\/types\/page"}],"author":[{"embeddable":true,"href":"https:\/\/www.holisticattitude.com\/index.php?rest_route=\/wp\/v2\/users\/1"}],"replies":[{"embeddable":true,"href":"https:\/\/www.holisticattitude.com\/index.php?rest_route=%2Fwp%2Fv2%2Fcomments&post=13673"}],"version-history":[{"count":1,"href":"https:\/\/www.holisticattitude.com\/index.php?rest_route=\/wp\/v2\/pages\/13673\/revisions"}],"predecessor-version":[{"id":13674,"href":"https:\/\/www.holisticattitude.com\/index.php?rest_route=\/wp\/v2\/pages\/13673\/revisions\/13674"}],"up":[{"embeddable":true,"href":"https:\/\/www.holisticattitude.com\/index.php?rest_route=\/wp\/v2\/pages\/7494"}],"wp:attachment":[{"href":"https:\/\/www.holisticattitude.com\/index.php?rest_route=%2Fwp%2Fv2%2Fmedia&parent=13673"}],"curies":[{"name":"wp","href":"https:\/\/api.w.org\/{rel}","templated":true}]}}