{"id":13625,"date":"2018-08-06T14:03:09","date_gmt":"2018-08-06T12:03:09","guid":{"rendered":"https:\/\/www.holisticattitude.com\/?page_id=13625"},"modified":"2019-11-11T13:05:59","modified_gmt":"2019-11-11T11:05:59","slug":"les-koshas-les-envelopes-de-lame","status":"publish","type":"page","link":"https:\/\/www.holisticattitude.com\/ame\/les-koshas-les-envelopes-de-lame\/","title":{"rendered":"LES KOSHAS -les \u00ab\u00a0envelopes de l&rsquo;\u00e2me\u00a0\u00bb"},"content":{"rendered":"<p>La plupart d&rsquo;entre nous pourraient se demander si le corps a <strong>une \u00e2me<\/strong>. Mais la philosophie yogique consid\u00e8re que le corps physique est un <strong>v\u00e9hicule<\/strong> pour l\u2019\u00e2me pendant son voyage sur terre afin d\u2019atteindre l\u2019illumination ou l\u2019Eveil.<\/p>\n<p>II consid\u00e8re que nous n\u2019avons pas qu\u2019un corps mais en effet <strong>trois corps distincts<\/strong> et que chacun est plus subtil que l\u2019autre. En plus chaque corps est compos\u00e9 d\u2019une ou plusieurs enveloppes <strong> ou KOSHAS <\/strong>,les enveloppes de l\u2019\u00e2me.<\/p>\n<p><!--more--><\/p>\n<p>&nbsp;<\/p>\n<ul>LES TROIS CORPS SUBTILS ET LES 5 KOSHAS\/ENVELOPPES EN NOUS<\/ul>\n<div id=\"attachment_13597\" style=\"width: 230px\" class=\"wp-caption aligncenter\"><img loading=\"lazy\" decoding=\"async\" aria-describedby=\"caption-attachment-13597\" class=\"size-full wp-image-13597\" src=\"https:\/\/www.holisticattitude.com\/wp-content\/uploads\/\/enveloppe.jpg\" alt=\"\" width=\"220\" height=\"159\" \/><p id=\"caption-attachment-13597\" class=\"wp-caption-text\">Les enveloppes de l&rsquo;\u00e2me<\/p><\/div>\n<ul>\n<li><strong>Le CORPS PHYSIQUE<\/strong> est compos\u00e9 d\u2019une enveloppe ANNAMAYA kosha<\/li>\n<li><strong>Le CORPS SUBTIL<\/strong> est compos\u00e9 de<strong> 3 <\/strong>ENVELOPPES 1) PRANAMAYA   2) MANOMAYA ET 3) VIJANAMAYA kosha<\/li>\n<li><strong>Le CORPS CAUSAL<\/strong> est compos\u00e9 d\u2019une enveloppe qui s\u2019appelle ANANDAMAYA Kosha<\/li>\n<\/ul>\n<p>Pour comprendre cela, imaginez la structure int\u00e9rieure <strong>d\u2019un oignon<\/strong> : ce bulbe charnu est form\u00e9 d\u2019\u00e9cailles (feuilles modifi\u00e9es) embo\u00eet\u00e9es, au centre desquelles se trouve <strong>le bourgeon terminal<\/strong>.<\/p>\n<div id=\"attachment_13595\" style=\"width: 224px\" class=\"wp-caption aligncenter\"><img loading=\"lazy\" decoding=\"async\" aria-describedby=\"caption-attachment-13595\" class=\"size-full wp-image-13595\" src=\"https:\/\/www.holisticattitude.com\/wp-content\/uploads\/\/oignon.jpg\" alt=\"\" width=\"214\" height=\"160\" \/><p id=\"caption-attachment-13595\" class=\"wp-caption-text\">Oignon, coup\u00e9 en deux<\/p><\/div>\n<table style=\"width: auto; border: 1px solid #ddd;\">\n<tbody>\n<tr>\n<td style=\"vertical-align: top; border: 1px solid #ddd; padding: 11px;\" colspan=\"7\">\n<p align=\"top\">Le premier corps s\u2019appelle <strong>le corps physique<\/strong>. II ne contient qu\u2019une enveloppe<br \/>\n<strong>ANNAMAYA KOSHA. <\/strong><\/p>\n<ul>\n<li><strong>Kohsa<\/strong> signifie \u00ab enveloppe \u00bb<br \/>\n<strong>anna<\/strong> signifie \u00ab mati\u00e8re \u00bb et<br \/>\n<strong>maya<\/strong> signifie \u00ab illusion \u00ab et montre que toutes ces enveloppes ne sont pas notre nature originelle.<\/li>\n<li>Notre <strong>corps PHYSIQUE<\/strong>, notre <strong>mati\u00e8re<\/strong>, est visible \u00e0 l\u2019\u0153il, nous pouvons le toucher, il est fait de muscles, d\u2019os, de sang et de chair. C\u2019est cela qui est appel\u00e9 le corps physique.<\/li>\n<li>Selon la philosophie yogique le corps est d\u2019origine divine.<\/li>\n<\/ul>\n<p>Le texte classique du yoga, <em>Taittriyaa Upanishad<\/em> d\u00e9clare ainsi <em>\u00ab De l\u2019\u00eatre vint l\u2019espace, de l\u2019espace l\u2019air, de l\u2019air le feu, du feu l\u2019eau, de l\u2019eau la terre, de la terre les plantes, des plantes la nourriture, de la nourriture la personne. \u00bb<\/em><\/p>\n<ul>\n<li>Beaucoup connaissent l\u2019expression \u00ab vous \u00eates ce que vous mangez \u00bb. Chaque cellule de notre organisme est aliment\u00e9e en nutriments gr\u00e2ce \u00e0 ce que nous mangeons.<\/li>\n<\/ul>\n<div id=\"attachment_5426\" style=\"width: 116px\" class=\"wp-caption aligncenter\"><img loading=\"lazy\" decoding=\"async\" aria-describedby=\"caption-attachment-5426\" class=\"size-full wp-image-5426\" src=\"https:\/\/www.holisticattitude.com\/wp-content\/uploads\/\/poubelle.jpg\" alt=\"\" width=\"106\" height=\"150\" \/><p id=\"caption-attachment-5426\" class=\"wp-caption-text\">R\u00e9fl\u00e9chissez avant de manger,<\/p><\/div>\n<ul>\n<li>\u00c9tymologiquement le mot <strong>upanishad<\/strong> veut dire \u00ab assieds-toi pr\u00e8s de moi \u00bb et les \u00e9crits du Ma\u00eetre consistent en dialogues entre un Ma\u00eetre et un \u00e9l\u00e8ve.<\/li>\n<\/ul>\n<\/td>\n<\/tr>\n<tr>\n<td style=\"vertical-align: top; width: 200px; border: 1px solid #ddd; text-align: top; padding: 50px;\">Le <strong>deuxi\u00e8me corps<\/strong> s\u2019appelle le <strong>corps subtil<\/strong>, aussi connu sous le nom du <strong>corps astral<\/strong> ou souffle vital.<\/p>\n<ul>\n<li>Il est compos\u00e9 de <strong>3 enveloppes.<\/strong><\/li>\n<li>2a) La <strong>premi\u00e8re enveloppe<\/strong> du corps subtil s\u2019appelle <strong>PRANA MAYA KOSHA<\/strong> qui est constitu\u00e9 d\u2019\u00e9nergie, de force vitale qui r\u00e9git les <strong>processus biologiques<\/strong> tels que la respiration, la circulation sanguine et la digestion. <strong>Prana<\/strong> \u00e9quivaut au <strong>chi <\/strong>de la m\u00e9decine chinoise ou au <strong>KI <\/strong>japonais.<\/li>\n<li>C\u2019est dans cette enveloppe que nous ressentons des sensations comme la chaleur, le froid, la faim et la soif.<\/li>\n<li>Cette enveloppe est li\u00e9e au syst\u00e8me sanguin et au <a href=\"https:\/\/www.holisticattitude.com\/?page_id=13292\"> <strong> kapha dosha <\/strong> <\/a><\/li>\n<li>Lorsque nous nous mettons \u00e0 respirer <strong>plus consciemment<\/strong> et plus <strong>calmement,<\/strong> nous pouvons observer <strong>les r\u00e9percussions sur notre corps physique<\/strong>. Nous pouvons modifier notre \u00e9tat avec la <strong>puissance de la respiration<\/strong> et faire d\u00e9border notre corps de vitalit\u00e9, de rayonnement ou de tranquillit\u00e9.<\/li>\n<\/ul>\n<div id=\"attachment_9022\" style=\"width: 205px\" class=\"wp-caption aligncenter\"><img loading=\"lazy\" decoding=\"async\" aria-describedby=\"caption-attachment-9022\" class=\"size-full wp-image-9022\" src=\"https:\/\/www.holisticattitude.com\/wp-content\/uploads\/\/emplacementdesnadis.jpg\" alt=\"\" width=\"195\" height=\"300\" \/><p id=\"caption-attachment-9022\" class=\"wp-caption-text\">Les canaux \u00e9nerg\u00e9tiques<\/p><\/div>\n<ul>\n<li>Le <strong>corps \u00e9nerg\u00e9tique<\/strong> est compos\u00e9 de <strong>72,000 nadis<\/strong>, canaux \u00e9nerg\u00e9tiques qui assurent la circulation du Prana, et sur lesquels reposent les <a href=\"https:\/\/www.holisticattitude.com\/?page_id=1076\"> <strong> chakras (centres \u00e9nerg\u00e9tiques)<\/strong> <\/a>.<br \/>\nQuelques exemples de <strong>techniques douces<\/strong> qui pourraient agir et renforcer ce corps \u00e9nerg\u00e9tique sont:<br \/>\n<a href=\"https:\/\/www.holisticattitude.com\/?page_id=165\"> <strong> la respiration altern\u00e9e, <\/strong> <\/a><br \/>\n<strong>le magn\u00e9tisme<\/strong> (pour ceux qui ont ce don), ainsi que les exercices <strong>de d\u00e9tente<\/strong> et <strong>le REIKI<\/strong> (d\u2019origine Japonaise, technique d\u2019imposition des mains).<br \/>\n<strong>La d\u00e9tente<\/strong> permet au corps \u00e9nerg\u00e9tique d\u2019apaiser la douleur et les<strong> tensions<\/strong> l\u2019am\u00e8nent \u00e0 augmenter la douleur.<\/li>\n<\/ul>\n<\/td>\n<\/tr>\n<tr>\n<td style=\"vertical-align: top; width: 200px; border: 1px solid #ddd; padding: 50px;\">\n<ul>\n<li>2b) La <strong>deuxi\u00e8me enveloppe du CORPS SUBTIL <\/strong> s\u2019appelle le <strong>MANAMAYA KOSHA<\/strong> (souvent ce mot est \u00e9crit avec un \u00ab\u00a0o\u00a0\u00bb mano).<\/li>\n<li>C\u2019est le <strong>corps mental<\/strong>, constitu\u00e9 d\u2019\u00e9motions, de jugements et de pens\u00e9es. C\u2019est dans cette enveloppe que se manifestent le doute, la d\u00e9pression, les illusions.<\/li>\n<li>Selon la <strong>pens\u00e9e yogique<\/strong> nous pouvons cultiver notre cerveau et notre corps \u00e9nerg\u00e9tique par la m\u00e9ditation en <strong>pleine conscience<\/strong>.<\/li>\n<li>Le manamaya kosha <strong>gouverne de nombreux mouvements <\/strong>du corps physique.<\/li>\n<li>Le manamaya kosha comprend <strong>trois parties<\/strong> : l\u2019esprit subconscient, l\u2019esprit instinctif et l\u2019inconscient (la partie automate).<\/li>\n<li>Le calme, <a href=\"https:\/\/www.holisticattitude.com\/?page_id=2469\"> <strong> m\u00e9ditation, <\/strong> <\/a> les \u00e9motions apais\u00e9es et les pens\u00e9es harmonieuses maintiennent notre corps dans des<strong> conditions optimales.<\/strong><\/li>\n<div id=\"attachment_13319\" style=\"width: 198px\" class=\"wp-caption aligncenter\"><img loading=\"lazy\" decoding=\"async\" aria-describedby=\"caption-attachment-13319\" src=\"https:\/\/www.holisticattitude.com\/wp-content\/uploads\/\/les3doshas.png\" alt=\"\" width=\"188\" height=\"195\" class=\"size-full wp-image-13319\" \/><p id=\"caption-attachment-13319\" class=\"wp-caption-text\">Cette enveloppe est reli\u00e9e au vata dosha<\/p><\/div>\n<li>Cette enveloppe est li\u00e9e au <strong>syst\u00e8me endocrinien<\/strong> et au <a href=\"https:\/\/www.holisticattitude.com\/?page_id=13292\"> <strong> pitta dosha <\/strong> <\/a>\n<p>.<\/li>\n<\/ul>\n<\/td>\n<\/tr>\n<tr>\n<td style=\"vertical-align: top; width: 200px; border: 1px solid #ddd; padding: 50px;\">\n<ul>\n<li>2c) Le <strong>troisi\u00e8me enveloppe du corps subtil<\/strong> s\u2019appelle <strong>VIJNANA-MAYA KOSHA,<\/strong> le corps d\u2019intellect et d\u2019intuition: VIJNANA signifie la connaissance discriminante.<br \/>\nLa <strong>force de notre caract\u00e8re <\/strong>est influenc\u00e9e par cette enveloppe, ainsi que <strong>notre confiance en la vie et en nous. <\/strong><\/li>\n<div id=\"attachment_10736\" style=\"width: 230px\" class=\"wp-caption aligncenter\"><img loading=\"lazy\" decoding=\"async\" aria-describedby=\"caption-attachment-10736\" src=\"https:\/\/www.holisticattitude.com\/wp-content\/uploads\/\/lemarteau_juge.jpg\" alt=\"\" width=\"220\" height=\"122\" class=\"size-full wp-image-10736\" \/><p id=\"caption-attachment-10736\" class=\"wp-caption-text\">\u00c0 qui on peut avoir confiance ?<\/p><\/div>\n<li>Elle contient \u00e9galement notre capacit\u00e9 \u00e0 prendre des <strong>d\u00e9cisions facilement<\/strong>. II ne s\u2019agit pas d\u2019un mental subjectif, mais de l\u2019intuition, \u00ab notre voix ou guide int\u00e9rieure \u00bb.<\/li>\n<li>Le <strong>yoga<\/strong>, <strong>la spiritualit\u00e9<\/strong> et la <strong>m\u00e9ditation<\/strong> aident \u00e0 d\u00e9velopper ce kosha.<\/li>\n<li>Notre conscience s\u2019\u00e9tend \u00e0 ce niveau. Cette enveloppe contient <strong>l\u2019ego.<\/strong><\/li>\n<li>Cette enveloppe est li\u00e9e au syst\u00e8me nerveux et au <a href=\"https:\/\/www.holisticattitude.com\/?page_id=13292\"> <strong> vata dosha <\/strong> <\/a><\/li>\n<\/ul>\n<\/td>\n<\/tr>\n<tr>\n<td style=\"vertical-align: top; width: 200px; border: 1px solid #ddd; padding: 50px;\">3) Le <strong>troisi\u00e8me<\/strong> et <strong>dernier corps<\/strong> s&rsquo;appelle le <strong>corps CAUSA<\/strong>L ou en sanskrit <strong>KARANA SHARIRA.<\/strong> L&rsquo;enveloppe ou kosha s\u2019appelle ANANDA-MAYA (bliss sheath) ou l\u2019enveloppe de la <strong>b\u00e9atitude<\/strong>. Ananada signifie b\u00e9atitude, extase<\/p>\n<ul>\n<li>II s\u2019agit de notre <strong>corps le plus profond<\/strong>. Pour la plupart d\u2019entre nous ce corps m\u00e8ne une existence dormante, un \u00e9tat de <strong>sommeil profond<\/strong>.<\/li>\n<li>H\u00e9las ce sont souvent les saints, les yogis, les sages, les proph\u00e8tes, et les mystiques de tous les temps qui ont su y acc\u00e9der.<\/li>\n<li>Les <strong>anciens texte<\/strong>s nous parlent d\u2019un <strong>bonheur<\/strong> qu\u2019il est impossible d\u2019exprimer par les mots et qui n\u2019a rien \u00e0 voir avec les \u00e9motions.<\/li>\n<li>II s\u2019agit d\u2019un \u00e9tat serein, au-del\u00e0 de la pens\u00e9e (absence de pens\u00e9es), fait d\u2019amour inconditionnel.<\/li>\n<li>Selon la tradition tantrique, nous sentons vivre au sein de ce kosha <strong>l\u2019amour entre Shiva (Dieu) et Shakti (D\u00e9esse).<\/strong> Shiva est l\u2019esprit divin et Shakti le corps divin de la cr\u00e9ation, la force derri\u00e8re la cr\u00e9ation de l\u2019univers, et des \u00eatres vivants comme vous et moi.<\/li>\n<li>Dans la th\u00e9ologie hindoue, Shiva et Shakti, <strong>concepts mentaux,<\/strong> sont toujours ensemble, on ne peut les s\u00e9parer. Ils constituent <strong>une dualit\u00e9<\/strong> comme par exemple <strong>l\u2019onde<\/strong> et <strong>la particule<\/strong> dans la<strong> physique quantique.<\/strong> L\u2019amour entre ces deux forces fondamentales est d\u2019une intensit\u00e9 indescriptible.<\/li>\n<li>Le corps causal contient l&rsquo;atman. Le <strong>but de nos vies humaines<\/strong> est de faire de m\u00eame, unir corps et esprit au moyen d\u2019un <strong>amour intense<\/strong> et ainsi r\u00e9tablir l\u2019unit\u00e9 initiale de la cr\u00e9ation appel\u00e9e aussi <strong>ATMAN<\/strong> (l\u2019\u00e2me individualis\u00e9) ou L\u2019ETRE, la lumi\u00e8re qui rayonne \u00e0 travers tous les <strong>corps subtils et mat\u00e9riels.<\/strong><\/li>\n<li>Selon la philosophie hindoue L\u2019ATMAN est l<strong>a partie \u00e9ternelle des \u00eatres vivantes <\/strong>qui ne souffre aucune description physique. C\u2019est le <strong>vrai \u00ab\u00a0SOI<\/strong>\u00a0\u00bb l\u2019\u00e2me \u00e9ternelle qui nous suit dans la vie et dans la mort, ind\u00e9pendamment de toute caract\u00e9ristique personnelle. C\u2019est de <strong>l\u2019essence pure<\/strong>. Nous n&rsquo;avons pas un \u00e2me, c&rsquo;est nous qui est l&rsquo;\u00e2me. C\u2019est cette r\u00e9alit\u00e9 sans naissance sans mort, la part la plus intime de chacun et de tout ce qui existe.<\/li>\n<li>La philosophie hindoue dise que la triple nature de l\u2019\u00e2me est <strong>SAT\u2013CHIT\u2013ANANDA.<\/strong> <strong>Sat<\/strong> veut dire \u00e9ternit\u00e9, <strong>CHIT<\/strong> \u2013 connaissance et <strong>ANANDA<\/strong> \u2013 b\u00e9atitude.<\/li>\n<li>Sache le \u00ab l\u2019Atman, <strong>le moi sup\u00e9rieur<\/strong> est le passager, le corps est le chariot, l\u2019intellect (buddhi) est le cocher et l\u2019esprit (manas) ce sont les r\u00eanes ( les upanishads)<\/li>\n<\/ul>\n<div id=\"attachment_13607\" style=\"width: 250px\" class=\"wp-caption aligncenter\"><img loading=\"lazy\" decoding=\"async\" aria-describedby=\"caption-attachment-13607\" class=\"size-full wp-image-13607\" src=\"https:\/\/www.holisticattitude.com\/wp-content\/uploads\/\/cocher.jpg\" alt=\"\" width=\"240\" height=\"169\" \/><p id=\"caption-attachment-13607\" class=\"wp-caption-text\">Qui tient les r\u00eaness ?<\/p><\/div>\n<ul>\n<li>Le <strong>corps CAUSAL<\/strong> est aussi appel\u00e9 le corps g\u00e9n\u00e9tique (\u00ab\u00a0seed body\u00a0\u00bb en anglais).<br \/>\n<div id=\"attachment_13620\" style=\"width: 210px\" class=\"wp-caption aligncenter\"><img loading=\"lazy\" decoding=\"async\" aria-describedby=\"caption-attachment-13620\" src=\"https:\/\/www.holisticattitude.com\/wp-content\/uploads\/\/chromosome.jpg\" alt=\"\" width=\"200\" height=\"181\" class=\"size-full wp-image-13620\" \/><p id=\"caption-attachment-13620\" class=\"wp-caption-text\">Les chromosomes contiennent des g\u00eanes, notre \u00ab\u00a0code g\u00e9n\u00e9tique.\u00a0\u00bb<\/p><\/div><br \/>\nDans la nature, <strong>les chromosomes de cellules des plantes<\/strong> contiennent des <strong>g\u00eanes<\/strong> (notre manuel d\u2019instructions) pour d\u00e9terminer comment elles vont se d\u00e9velopper et fonctionner pendant leur existence,<br \/>\nDe la m\u00eame fa\u00e7on le<strong> corps causal <\/strong>contient le \u00ab code g\u00e9n\u00e9tique \u00bb ou <strong>karma<\/strong> pour d\u00e9terminer comment l\u2019individu va se d\u00e9velopper pendant son passage sur terre.<\/li>\n<div id=\"attachment_13622\" style=\"width: 190px\" class=\"wp-caption aligncenter\"><img loading=\"lazy\" decoding=\"async\" aria-describedby=\"caption-attachment-13622\" src=\"https:\/\/www.holisticattitude.com\/wp-content\/uploads\/\/Karma.jpg\" alt=\"\" width=\"180\" height=\"180\" class=\"size-full wp-image-13622\" srcset=\"https:\/\/www.holisticattitude.com\/wp-content\/uploads\/Karma.jpg 180w, https:\/\/www.holisticattitude.com\/wp-content\/uploads\/Karma-150x150.jpg 150w\" sizes=\"auto, (max-width: 180px) 100vw, 180px\" \/><p id=\"caption-attachment-13622\" class=\"wp-caption-text\">Faites de bonnes choses et de bonnes choses viendront \u00e0 votre rencontre.<\/p><\/div>\n<li>Le <strong>karma<\/strong> est l\u2019enregistrement de toutes les exp\u00e9riences v\u00e9cues qui ont marqu\u00e9 notre vie actuelle et nos vies ant\u00e9rieures. II n\u2019est ni la destin\u00e9e, ni la chance, ni le sort, mais le r\u00e9sultat de nos actes pass\u00e9s. Selon la pens\u00e9e yogique pendant votre passage sur terre vous pouvez influencer votre <strong>karma<\/strong> par vos actes.<\/li>\n<li>Selon la <strong>philosophie yogique<\/strong>, \u00e0 l\u2019heure de la mort, le corps physique se d\u00e9sint\u00e8gre ; par contre le corps astral et le corps causal continuent \u00e0 exister dans <strong>le cosmos<\/strong> .<\/li>\n<\/ul>\n<\/td>\n<\/tr>\n<\/tbody>\n<\/table>\n<div id=\"attachment_13606\" style=\"width: 220px\" class=\"wp-caption aligncenter\"><img loading=\"lazy\" decoding=\"async\" aria-describedby=\"caption-attachment-13606\" class=\"size-full wp-image-13606\" src=\"https:\/\/www.holisticattitude.com\/wp-content\/uploads\/\/etoiles.jpg\" alt=\"\" width=\"210\" height=\"139\" \/><p id=\"caption-attachment-13606\" class=\"wp-caption-text\">Un jour nous deviendrons des \u00e9toiles&#8230;..peut-\u00eatre!<\/p><\/div>\n<p>Moi j&rsquo;aimerais bien croire que ind\u00e9pendamment de notre religion, de notre nationalit\u00e9, de nos caract\u00e9ristiques physiques, de notre culture, lorsque nous mourrons nous deviendrons tous des \u00e9toiles dans le cosmos.<\/p>\n","protected":false},"excerpt":{"rendered":"<p>La plupart d&rsquo;entre nous pourraient se demander si le corps a une \u00e2me. Mais la philosophie yogique consid\u00e8re que le corps physique est un v\u00e9hicule pour l\u2019\u00e2me pendant son voyage sur terre afin d\u2019atteindre l\u2019illumination ou l\u2019Eveil. II consid\u00e8re que nous n\u2019avons pas qu\u2019un corps mais en effet trois corps distincts et que chacun est [&hellip;]<\/p>\n","protected":false},"author":1,"featured_media":0,"parent":784,"menu_order":8,"comment_status":"closed","ping_status":"closed","template":"","meta":{"_monsterinsights_skip_tracking":false,"_monsterinsights_sitenote_active":false,"_monsterinsights_sitenote_note":"","_monsterinsights_sitenote_category":0,"slim_seo":{"title":"LES KOSHAS -les \"envelopes de l'\u00e2me\" - Holistic Attitude","description":"La plupart d'entre nous pourraient se demander si le corps a une \u00e2me . Mais la philosophie yogique consid\u00e8re que le corps physique est un v\u00e9hicule pour l\u2019\u00e2me pe"},"footnotes":""},"class_list":["post-13625","page","type-page","status-publish","hentry"],"_links":{"self":[{"href":"https:\/\/www.holisticattitude.com\/wp-json\/wp\/v2\/pages\/13625","targetHints":{"allow":["GET"]}}],"collection":[{"href":"https:\/\/www.holisticattitude.com\/wp-json\/wp\/v2\/pages"}],"about":[{"href":"https:\/\/www.holisticattitude.com\/wp-json\/wp\/v2\/types\/page"}],"author":[{"embeddable":true,"href":"https:\/\/www.holisticattitude.com\/wp-json\/wp\/v2\/users\/1"}],"replies":[{"embeddable":true,"href":"https:\/\/www.holisticattitude.com\/wp-json\/wp\/v2\/comments?post=13625"}],"version-history":[{"count":4,"href":"https:\/\/www.holisticattitude.com\/wp-json\/wp\/v2\/pages\/13625\/revisions"}],"predecessor-version":[{"id":14918,"href":"https:\/\/www.holisticattitude.com\/wp-json\/wp\/v2\/pages\/13625\/revisions\/14918"}],"up":[{"embeddable":true,"href":"https:\/\/www.holisticattitude.com\/wp-json\/wp\/v2\/pages\/784"}],"wp:attachment":[{"href":"https:\/\/www.holisticattitude.com\/wp-json\/wp\/v2\/media?parent=13625"}],"curies":[{"name":"wp","href":"https:\/\/api.w.org\/{rel}","templated":true}]}}