{"id":12233,"date":"2016-03-10T18:33:10","date_gmt":"2016-03-10T16:33:10","guid":{"rendered":"https:\/\/www.holisticattitude.com\/?page_id=12233"},"modified":"2019-05-29T16:18:10","modified_gmt":"2019-05-29T14:18:10","slug":"auto-massages-problemes-de-dos","status":"publish","type":"page","link":"https:\/\/www.holisticattitude.com\/massage\/auto-massages-problemes-de-dos\/","title":{"rendered":"AUTO-MASSAGES: PROBL\u00c8MES DE DOS"},"content":{"rendered":"<p>Une <strong>lombalgie chronique<\/strong> pourrait \u00eatre expliqu\u00e9e par une faiblesse du <strong>Qi\/Ki<\/strong> au niveau des reins <\/p>\n<li>II est important de stimuler les m\u00e9ridiens des <strong>reins <\/strong>et de la <strong>vessie<\/strong> pour faire circuler l&rsquo;\u00e9nergie dans le corps. <\/li>\n<table border=\"1\">\n<tr>\n<td width=\"60%\">\n    <strong>M\u00c9THODE<\/strong><\/td>\n<td><strong>L&rsquo;EMPLACEMENT <\/strong><\/td>\n<\/tr>\n<tr>\n<td>\n<li>Ce point d&rsquo;acupuncture se trouve<strong> au dessus les l\u00e8vres sup\u00e9rieures<\/strong> et <strong>sous le nez<\/strong>. <\/li>\n<li> Exercez une pression  avec votre index sur ce point, 2 ou 3 fois .<\/li>\n<li>Le m\u00e9ridien concern\u00e9 est le <strong> vaisseau Gouverneur 20 VG\/Du Mai<\/strong><\/li>\n<p><strong>\t<\/p>\n<li> Appuyez sur ce point en expirant et rel\u00e2chez-le<\/strong> en inspirant. <\/li>\n<\/td>\n<td>1. <div id=\"attachment_10286\" style=\"width: 190px\" class=\"wp-caption aligncenter\"><a href=\"https:\/\/www.holisticattitude.com\/?attachment_id=10286\" rel=\"attachment wp-att-10286\"><img loading=\"lazy\" decoding=\"async\" aria-describedby=\"caption-attachment-10286\" src=\"https:\/\/www.holisticattitude.com\/wp-content\/uploads\/\/acupuncture_point_VISAGE_f\u00e9v20131.jpg\" alt=\"\" title=\"acupuncture_point_VISAGE_f\u00e9v2013\" width=\"180\" height=\"115\" class=\"size-full wp-image-10286\" \/><\/a><p id=\"caption-attachment-10286\" class=\"wp-caption-text\">Point de R\u00e9veil en cas d'urgence<\/p><\/div><\/p>\n<\/td>\n<\/tr>\n<tr>\n<td>\n<li>Aide \u00e0 effacer les raideurs \u00e0 la <strong>nuque<\/strong>, la torticolis et  la tension au <strong>dos<\/strong>.\t <\/li>\n<li>Aide \u00e0 apaiser les le mal de dos (dorsalgie et lombago).<\/li>\n<li>Aider \u00e0 effacer les maux de t\u00eate. <\/li>\n<li> Le m\u00e9ridien concern\u00e9 est le <strong>Intestin Gr\u00eale (3IG) <\/strong>. Le point s\u2019appelle \u00e9galement \u00ab vallon post\u00e9rieur\u00a0\u00bb) ou (backstream en anglais)<\/li>\n<li>Fermez et  massez le point situ\u00e9 \u00e0 1 travers de doigt au dessus de l\u2019articulation m\u00e9tacarpo-phalangienne (knuckle en anglais) de l\u2019auriculaire<\/li>\n<\/td>\n<td> \t2. <div id=\"attachment_12235\" style=\"width: 160px\" class=\"wp-caption aligncenter\"><a href=\"https:\/\/www.holisticattitude.com\/wp-content\/uploads\/\/3IG-meri.png\"><img loading=\"lazy\" decoding=\"async\" aria-describedby=\"caption-attachment-12235\" src=\"https:\/\/www.holisticattitude.com\/wp-content\/uploads\/\/3IG-meri.png\" alt=\"Massez doucement le bord externe de la main c\u00f4t\u00e9 petit auriculaire \u00e0 plusieurs reprises   \" width=\"150\" height=\"141\" class=\"size-full wp-image-12235\" \/><\/a><p id=\"caption-attachment-12235\" class=\"wp-caption-text\">Massez doucement <strong>le bord externe de la main c\u00f4t\u00e9 petit auriculaire<\/strong> \u00e0 plusieurs reprises<\/p><\/div> <\/td>\n<\/tr>\n<tr>\n<td>\n<li>Aide \u00e0 soulager les <strong>tensions musculaires<\/strong> au dos. <\/li>\n<li> Le m\u00e9ridien concern\u00e9 est la <strong>Vessie<\/strong>.<\/li>\n<li> <strong>3 <\/strong> points concern\u00e9s \u00e0 l&rsquo;arri\u00e8re de la jambe :-<\/li>\n<li>Voir <strong>IMAGE 3a  40V <\/strong> Masser  au niveau de pliure du genou en l&rsquo;arri\u00e8re du genou. <\/li>\n<p><\/Br><\/p>\n<li>Voir <strong>IMAGE 3b -60V<\/strong> se trouve entre le <strong>tendon d&rsquo;Achille <\/strong>et <strong>l&rsquo;os externe<\/strong> du pied <\/li>\n<li> Voir <strong>IMAGE 3B 62V <\/strong> se trouve sur le bord ext\u00e9rieur directement sous la mall\u00e9ole externe du pied. <\/li>\n<\/td>\n<td>\n<li>  <strong>3a.<\/strong> <div id=\"attachment_12230\" style=\"width: 160px\" class=\"wp-caption aligncenter\"><a href=\"https:\/\/www.holisticattitude.com\/wp-content\/uploads\/\/V40_maldedos.png\"><img loading=\"lazy\" decoding=\"async\" aria-describedby=\"caption-attachment-12230\" src=\"https:\/\/www.holisticattitude.com\/wp-content\/uploads\/\/V40_maldedos.png\" alt=\"Au milieu du pli de flexion de creux du genou\" width=\"150\" height=\"118\" class=\"size-full wp-image-12230\" \/><\/a><p id=\"caption-attachment-12230\" class=\"wp-caption-text\">Au milieu du pli de flexion de creux du genou<\/p><\/div>  <\/li>\n<li>3b <div id=\"attachment_12240\" style=\"width: 160px\" class=\"wp-caption aligncenter\"><a href=\"https:\/\/www.holisticattitude.com\/wp-content\/uploads\/\/Vessie60et-vessie62.png\"><img loading=\"lazy\" decoding=\"async\" aria-describedby=\"caption-attachment-12240\" src=\"https:\/\/www.holisticattitude.com\/wp-content\/uploads\/\/Vessie60et-vessie62.png\" alt=\"60V se trouve entre le tendon Achille et l&#039;os externe du pied. 62V sous la mall\u00e9ole externe.\" width=\"150\" height=\"120\" class=\"size-full wp-image-12240\" \/><\/a><p id=\"caption-attachment-12240\" class=\"wp-caption-text\">60V se trouve entre le tendon Achille et l&rsquo;os externe du pied.<br \/>62V sous la mall\u00e9ole externe.<\/p><\/div><\/li>\n<\/td>\n<\/tr>\n<\/tbody>\n<\/table>\n","protected":false},"excerpt":{"rendered":"<p>Une lombalgie chronique pourrait \u00eatre expliqu\u00e9e par une faiblesse du Qi\/Ki au niveau des reins II est important de stimuler les m\u00e9ridiens des reins et de la vessie pour faire circuler l&rsquo;\u00e9nergie dans le corps. M\u00c9THODE L&rsquo;EMPLACEMENT Ce point d&rsquo;acupuncture se trouve au dessus les l\u00e8vres sup\u00e9rieures et sous le nez. Exercez une pression avec [&hellip;]<\/p>\n","protected":false},"author":1,"featured_media":0,"parent":1176,"menu_order":5,"comment_status":"open","ping_status":"open","template":"","meta":{"_monsterinsights_skip_tracking":false,"_monsterinsights_sitenote_active":false,"_monsterinsights_sitenote_note":"","_monsterinsights_sitenote_category":0,"slim_seo":{"title":"AUTO-MASSAGES: PROBL\u00c8MES DE DOS - Holistic Attitude","description":"Une lombalgie chronique pourrait \u00eatre expliqu\u00e9e par une faiblesse du Qi\/Ki au niveau des reins II est important de stimuler les m\u00e9ridiens des reins et de la ves"},"footnotes":""},"class_list":["post-12233","page","type-page","status-publish","hentry"],"_links":{"self":[{"href":"https:\/\/www.holisticattitude.com\/wp-json\/wp\/v2\/pages\/12233","targetHints":{"allow":["GET"]}}],"collection":[{"href":"https:\/\/www.holisticattitude.com\/wp-json\/wp\/v2\/pages"}],"about":[{"href":"https:\/\/www.holisticattitude.com\/wp-json\/wp\/v2\/types\/page"}],"author":[{"embeddable":true,"href":"https:\/\/www.holisticattitude.com\/wp-json\/wp\/v2\/users\/1"}],"replies":[{"embeddable":true,"href":"https:\/\/www.holisticattitude.com\/wp-json\/wp\/v2\/comments?post=12233"}],"version-history":[{"count":14,"href":"https:\/\/www.holisticattitude.com\/wp-json\/wp\/v2\/pages\/12233\/revisions"}],"predecessor-version":[{"id":12250,"href":"https:\/\/www.holisticattitude.com\/wp-json\/wp\/v2\/pages\/12233\/revisions\/12250"}],"up":[{"embeddable":true,"href":"https:\/\/www.holisticattitude.com\/wp-json\/wp\/v2\/pages\/1176"}],"wp:attachment":[{"href":"https:\/\/www.holisticattitude.com\/wp-json\/wp\/v2\/media?parent=12233"}],"curies":[{"name":"wp","href":"https:\/\/api.w.org\/{rel}","templated":true}]}}