{"id":1208,"date":"2011-11-16T16:35:01","date_gmt":"2011-11-16T14:35:01","guid":{"rendered":"http:\/\/www.holisticattitude.com\/wordpress\/?page_id=1208"},"modified":"2020-05-03T18:37:43","modified_gmt":"2020-05-03T16:37:43","slug":"massages-aux-huiles-essentielles","status":"publish","type":"page","link":"https:\/\/www.holisticattitude.com\/?page_id=1208","title":{"rendered":"LES HUILES ESSENTIELLES: POUR LE BAIN (un m\u00e9lange) ET LES \u201cPETITS\u201d MAUX"},"content":{"rendered":"<p>N&rsquo;OUBLIEZ PAS DE LIRE <a href=\"https:\/\/www.holisticattitude.com\/?page_id=677\"> R\u00c8GLES D&rsquo;OR<\/a> AVANT DE L&rsquo;UTILISER LES HUILES ESSENTIELLES (HE)<\/p>\n<div id=\"attachment_5396\" style=\"width: 250px\" class=\"wp-caption aligncenter\"><a href=\"https:\/\/www.holisticattitude.com\/?attachment_id=5396\" rel=\"attachment wp-att-5396\"><img loading=\"lazy\" decoding=\"async\" aria-describedby=\"caption-attachment-5396\" src=\"https:\/\/www.holisticattitude.com\/wp-content\/uploads\/\/massage-huiles-essentielles.jpg\" alt=\"\" title=\"massage-huiles-essentielles\" width=\"240\" height=\"160\" class=\"size-full wp-image-5396\" \/><\/a><p id=\"caption-attachment-5396\" class=\"wp-caption-text\">Un havre de paix<\/p><\/div>\n<table style=\u201dtext-align: center; height: 152px;\u201d border=\u201d1\u2033 cellspacing=\u201d0\u2033 cellpadding=\u201d0\u2033 width=\u201d390\u2033>\n<tbody>\n<tr style=\u201dbackground-color: #e9e9e9; font-weight:bolder;\u201d>\n<td><strong>INDICATIONS<\/strong><\/td>\n<td><strong>HUILE (s) ESSENTIELLE (s)<\/strong><\/td>\n<td><strong>USAGE EXTERNE<\/strong><\/td>\n<\/tr>\n<tr>\n<td><strong>BAIN ANTI-RHUME (nez coule, \u00e9puis\u00e9) <\/strong><\/td>\n<td>HE de menthe poivr\u00e9e, HE de lavande et HE de ravensare<\/td>\n<td>M\u00e9langez 10 gouttes de HE de<strong> menthe poivr\u00e9e<\/strong> 5 gouttes de HE  <strong>de lavande<\/strong> et 5 gouttes de HE de <strong>ravensare<\/strong> \u00e0 une base pour bain, dans un bain bien chaud. DILUEZ le tout sous le robinet de votre baignoire.  Restez au moins 15 minutes dans le bain.<\/td>\n<\/tr>\n<tr>\n<td><strong>BAIN ANTI-STRESS (sentir agressif, agit\u00e9) <\/strong><\/td>\n<td>HE de cypr\u00e8s, HE d&rsquo;orange douce<\/td>\n<td>M\u00e9langez 10 gouttes de HE <strong>de cypr\u00e8s,<\/strong> 10 gouttes de HE  <strong>d&rsquo;orange douce<\/strong> \u00e0 une base pour bain. DILUEZ le tout sous le robinet de votre baignoire.  Restez au moins 15 minutes dans le bain.<\/td>\n<\/tr>\n<tr>\n<td><strong>BAIN APAISANT (sentir angoiss\u00e9 ou irrit\u00e9)<\/strong><\/td>\n<td>HE de Petit grain bigarade, HE de Lavande et HE d&rsquo;orange<\/td>\n<td>M\u00e9langez 10 gouttes de HE<strong> Petit grain bigarade<\/strong>, 5 gouttes de HE  <strong>de Lavande <\/strong>et 5 gouttes de HE <strong>d&rsquo;orange douce<\/strong> \u00e0 une base pour bain. DILUEZ le tout sous le robinet de votre baignoire.  Restez 30 minutes dans le bain.<\/td>\n<\/tr>\n<tr>\n<td><strong>BAIN RELAXANT (journ\u00e9e fatiguante)<\/strong><\/td>\n<td>HE de cl\u00e9mentine, HE de petitgrain bigarade<\/td>\n<td>M\u00e9langez 10 gouttes de HE <strong>de cl\u00e9mentine,<\/strong> 10 gouttes de HE <strong>de petitgrain bigarade<\/strong> \u00e0 une base pour bain. DILUEZ le tout sous le robinet de votre baignoire.  Restez au moins 15 minutes dans le bain.  <\/td>\n<\/tr>\n<tr>\n<td><strong>BAIN d&rsquo;hiver (ami-d&rsquo;hiver renforce les d\u00e9fenses immunitaire)<\/strong><\/td>\n<td>HE d&rsquo;arbre \u00e0 th\u00e9, HE d&rsquo;eucalyptus, HE de thym<\/td>\n<td>M\u00e9langez 10 gouttes de <strong>HE d&rsquo;arbre \u00e0 th\u00e9<\/strong>, 8 gouttes de HE <strong>d&rsquo;eucalyptus <\/strong>et 2 gouttes <strong>de thym <\/strong>\u00e0 une base pour bain. DILUEZ le tout sous le robinet de votre baignoire.  Restez au moins 15 minutes dans le bain. Respirez les vapeurs qui s&rsquo;en degagent<\/td>\n<\/tr>\n<tr>\n<td><strong>BAIN TONIQUE (retrouver la forme)<\/strong><\/td>\n<td>HE d&rsquo;orange douce, HE de citron et HE de lavande<\/td>\n<td>M\u00e9langez 10 gouttes de HE <strong>d&rsquo;orange douce<\/strong>, 5 gouttes de HE  <strong>de citron <\/strong>et 5 gouttes de HE <strong>de lavande<\/strong> \u00e0 une base pour bain. DILUEZ le tout sous le robinet de votre baignoire.  Restez au moins 15 minutes dans le bain ou autant que vous voulez.<\/td>\n<\/tr>\n<tr>\n<td><strong>BAIN TONIQUE (sentir fatigue)<\/strong><\/td>\n<td>HE de romarin, HE de Lavande et HE de citron<\/td>\n<td>M\u00e9langez 10 gouttes de HE <strong>romarin, <\/strong>5 gouttes de HE  de <strong>Lavande<\/strong> et 5 gouttes de HE de<strong> citron <\/strong> \u00e0 une base pour bain. DILUEZ le tout sous le robinet de votre baignoire.  Restez 30 minutes dans le bain ou autant que vous voulez<\/td>\n<\/tr>\n<tr>\n<td><strong>BAIN TONIQUE aux agrumes (sentir fatigu\u00e9)<\/strong><\/td>\n<td>HE de citron, HE de pamplemousse et HE d&rsquo;orange<\/td>\n<td>M\u00e9langez 10 gouttes de HE de <strong>citron,<\/strong> 5 gouttes de HE  de<strong> pamplemousse<\/strong> et 5 gouttes de HE <strong>d&rsquo;orange douce <\/strong>\u00e0 une base pour bain. DILUEZ le tout sous le robinet de votre bain.  Restez au moins 15 minutes dans le bain.<\/td>\n<\/tr>\n<tr>\n<td><strong>EFFET DRAINANT, ANTI-CELLULITE<\/strong><\/td>\n<td>M\u00e9langes des huiles essentielles (<strong>CYPR\u00c8S, PAMPLEMOUSSE ET MENTHE POIVR\u00c9E)<\/strong>.<\/td>\n<td>Ajoutez \u00e0 un flacon, 10 gouttes huile essentielle <strong>CYPR\u00c8S<\/strong>, 20 gouttes huile essentielle <strong>PAMPLEMOUSSE,<\/strong> 10 gouttes <strong>MENTHE  POIVR\u00c9E<\/strong> dans 50ml huile v\u00e9g\u00e9tale de <strong>CALOPHYLLE INOPHYLLE<\/strong> ou 50 ml huile v\u00e9g\u00e9tal bio.  Sortir de la douche.  Ajoutez quand le corps est ti\u00e8de.<\/td>\n<\/tr>\n<tr>\n<td><strong>COUP DE REFROIDISSEMENT<\/strong><\/td>\n<td>Huiles essentielles de PIN et THYM<\/td>\n<td>Massez le haut du dos et de la poitrine avec un m\u00e9lange de <strong>50 millilitres<\/strong> d\u2019huile de massage, 30 gouttes d\u2019huile essentielle de<strong> PIN <\/strong>et 20 gouttes d\u2019huile essentielle de<strong> THYM<\/strong>  Ce massage est excellent pour \u00e9viter ou pour att\u00e9nuer <strong>les refroidissements<\/strong>.<\/td>\n<\/tr>\n<tr>\n<td><strong>INSOMNIE<\/strong>.  Des difficult\u00e9s \u00e0 dormir, des nuits agit\u00e9es <strong>pensez \u00e0 d&rsquo;HE<\/strong> qui vous aide \u00e0 trouver un sommeil apaisant.<\/td>\n<td> <strong>LAVANDE FINE, LE PETIT GRAIN <\/strong>(huile photosensibilante), <strong>N\u00c9ROLI <\/strong>(fleur d&rsquo;oranger)<\/td>\n<td>Appliquez  votre HE ,<strong> une goutte<\/strong> sur les poignets ou dilu\u00e9 dans de l&rsquo;huile v\u00e9g\u00e9tal (<strong>3 gouttes<\/strong> d&rsquo;HE dans<strong> 1 cuill\u00e8re \u00e0 caf\u00e9)<\/strong>. Vous pouvez \u00e9galement la diffuser dans votre pi\u00e8ce \u00e0 chambre 30 minutes avant d&rsquo;aller au lit<\/td>\n<\/tr>\n<tr>\n<td><strong>MAL AU VENTRE<\/strong><\/td>\n<td>L&rsquo;huile essentielle de <strong>BASILIC<\/strong><\/td>\n<td> L\u2019huile essentielle de <strong>BASILIC <\/strong>a des propri\u00e9t\u00e9s adoucissantes, antispasmodiques et s\u00e9datives pour le ventre et elle est recommand\u00e9 en cas <strong>de spasmes intestinaux et d\u2019angoisse extr\u00eames.<\/strong>  La vieille d&rsquo;une situation stressante massez le ventre avec <strong>l&rsquo;huile du BASILIC<\/strong> toujours dilu\u00e9 dans une huile v\u00e9g\u00e9tal convenable ((\u00e0 raison de <strong>3 gouttes d&rsquo;huile essentielle<\/strong> dans <strong>20 gouttes <\/strong>huile v\u00e9g\u00e9tal comme huile d&rsquo;amande douce).<\/td>\n<\/tr>\n<tr>\n<td><strong>MAL AU VENTRE<\/strong><\/td>\n<td>L&rsquo;huile essentielle de<strong> LAVANDE<\/strong><\/td>\n<td>Massez votre abdomen \u00e0 l\u2019huile essentielle de<strong> lavande.<\/strong>   Dans un mouvement souple <strong>massez votre ventre <\/strong>en suivant le sens horaires jusqu\u2019\u00e0 ce que votre ventre se d\u00e9tende.  Pour une plus grande d\u00e9tente, utilisez une huile de massage ou de l\u2019huile <strong>d\u2019amande d<\/strong>ans laquelle on a ajout\u00e9 quelques gouttes d\u2019huile essentielle <strong>de LAVANDE FINE.<\/strong> Environ <strong>5 <\/strong>gouttes de lavande pour<strong> 1 cuiller\u00e9e \u00e0 caf\u00e9 <\/strong>d\u2019huile de massage.<\/td>\n<\/tr>\n<tr>\n<td><strong>REGLES  DOULOUREUSES <\/strong>(Les r\u00e8gles douloureuses sont li\u00e9es au chamboulement hormonal du cycle, mais s\u2019aggravent en p\u00e9riode<strong> de stress ou fatigue.<\/strong>)<\/td>\n<td> Huile de massage aromatique :<strong>ESTRAGON<\/strong><\/td>\n<td>Appliquez doucement votre HE aromatique (estragon) \u00e0 votre huile de massage sur les zones qui tirent g\u00e9n\u00e9ralement le bas-ventre et le bas du dos. <strong>(3 gouttes<\/strong> d&rsquo;estragon dilu\u00e9<strong> dans 1 cuil. \u00e0 caf\u00e9 d&rsquo;huile vegetal<\/strong> d&rsquo;amande douce, d&rsquo;avocat, de jojoba, de noyau d&rsquo;abricot, de p\u00e9pin de raisin, d&rsquo;olive, de rose musqu\u00e9e, de s\u00e9same&#8230;) Stimulez aussi <strong>les points d&rsquo;acupuncture<\/strong><em><strong> souffre-douleur <\/strong><\/em>sur le ventre (4 doigts au dessous le nombril), et au dessus de la cheville (4 doigts au dessus la cheville) autant de fois que n\u00e9cessaire dans la journ\u00e9e, au moins 3 minutes.<strong> L&rsquo;huile d&rsquo;onagre<\/strong> en g\u00e9lules fonctionne tr\u00e8s bien pour les r\u00e8gles douloureuses et des<strong> probl\u00e8mes de peau <\/strong>comme<strong> l&rsquo;acn\u00e9.<\/strong><\/td>\n<\/tr>\n<\/tbody>\n<\/table>\n","protected":false},"excerpt":{"rendered":"<p>N&rsquo;OUBLIEZ PAS DE LIRE R\u00c8GLES D&rsquo;OR AVANT DE L&rsquo;UTILISER LES HUILES ESSENTIELLES (HE) INDICATIONS HUILE (s) ESSENTIELLE (s) USAGE EXTERNE BAIN ANTI-RHUME (nez coule, \u00e9puis\u00e9) HE de menthe poivr\u00e9e, HE de lavande et HE de ravensare M\u00e9langez 10 gouttes de HE de menthe poivr\u00e9e 5 gouttes de HE de lavande et 5 gouttes de HE [&hellip;]<\/p>\n","protected":false},"author":1,"featured_media":0,"parent":7494,"menu_order":4,"comment_status":"open","ping_status":"closed","template":"","meta":{"_monsterinsights_skip_tracking":false,"_monsterinsights_sitenote_active":false,"_monsterinsights_sitenote_note":"","_monsterinsights_sitenote_category":0,"slim_seo":{"title":"LES HUILES ESSENTIELLES: POUR LE BAIN (un m\u00e9lange) ET LES \u201cPETITS\u201d MAUX - Holistic Attitude","description":"N'OUBLIEZ PAS DE LIRE R\u00c8GLES D'OR AVANT DE L'UTILISER LES HUILES ESSENTIELLES (HE) Un havre de paix INDICATIONS HUILE (s) ESSENTIELLE (s) USAGE EXTERNE BAIN ANT"},"footnotes":""},"class_list":["post-1208","page","type-page","status-publish","hentry"],"_links":{"self":[{"href":"https:\/\/www.holisticattitude.com\/index.php?rest_route=\/wp\/v2\/pages\/1208","targetHints":{"allow":["GET"]}}],"collection":[{"href":"https:\/\/www.holisticattitude.com\/index.php?rest_route=\/wp\/v2\/pages"}],"about":[{"href":"https:\/\/www.holisticattitude.com\/index.php?rest_route=\/wp\/v2\/types\/page"}],"author":[{"embeddable":true,"href":"https:\/\/www.holisticattitude.com\/index.php?rest_route=\/wp\/v2\/users\/1"}],"replies":[{"embeddable":true,"href":"https:\/\/www.holisticattitude.com\/index.php?rest_route=%2Fwp%2Fv2%2Fcomments&post=1208"}],"version-history":[{"count":4,"href":"https:\/\/www.holisticattitude.com\/index.php?rest_route=\/wp\/v2\/pages\/1208\/revisions"}],"predecessor-version":[{"id":15470,"href":"https:\/\/www.holisticattitude.com\/index.php?rest_route=\/wp\/v2\/pages\/1208\/revisions\/15470"}],"up":[{"embeddable":true,"href":"https:\/\/www.holisticattitude.com\/index.php?rest_route=\/wp\/v2\/pages\/7494"}],"wp:attachment":[{"href":"https:\/\/www.holisticattitude.com\/index.php?rest_route=%2Fwp%2Fv2%2Fmedia&parent=1208"}],"curies":[{"name":"wp","href":"https:\/\/api.w.org\/{rel}","templated":true}]}}