{"id":1196,"date":"2011-11-16T16:18:18","date_gmt":"2011-11-16T14:18:18","guid":{"rendered":"https:\/\/www.holisticattitude.com\/wordpress\/?page_id=1196"},"modified":"2021-02-24T21:52:15","modified_gmt":"2021-02-24T19:52:15","slug":"reveil-nocturne-decryptage-avec-le-medecine-chinoise","status":"publish","type":"page","link":"https:\/\/www.holisticattitude.com\/energie\/reveil-nocturne-decryptage-avec-le-medecine-chinoise\/","title":{"rendered":"REVEIL NOCTURNE-DECRYPTAGE D\u2019APR\u00c8S LA MEDECINE CHINOISE"},"content":{"rendered":"<div id=\"attachment_16447\" style=\"width: 410px\" class=\"wp-caption aligncenter\"><img loading=\"lazy\" decoding=\"async\" aria-describedby=\"caption-attachment-16447\" src=\"https:\/\/www.holisticattitude.com\/wp-content\/uploads\/\/HORLOGE.png\" alt=\"\" width=\"400\" height=\"333\" class=\"size-full wp-image-16447\" srcset=\"https:\/\/www.holisticattitude.com\/wp-content\/uploads\/HORLOGE.png 400w, https:\/\/www.holisticattitude.com\/wp-content\/uploads\/HORLOGE-300x250.png 300w\" sizes=\"auto, (max-width: 400px) 100vw, 400px\" \/><p id=\"caption-attachment-16447\" class=\"wp-caption-text\">HORLOGE DES M\u00c9RIDIENS<\/p><\/div>\n<table border=\"\u201d1\u2033\" cellspacing=\"\u201d0\u2033\" cellpadding=\"\u201d0\u2033\" width=\"\u201d390\u2033\">\n<tbody>\n<tr>\n<td>Heure (h) solaire<\/td>\n<td>Organe<\/td>\n<td>D\u00e9cryptage<\/td>\n<\/tr>\n<tr>\n<td>23h-1h<\/td>\n<td><strong>\tV\u00e9sicule biliaire (yang)<\/strong> :\t<\/p>\n<li>Un r\u00e9servoir, fonction comme une chasse d&rsquo;eau; se remplit et se vide  <\/li>\n<\/td>\n<td>Col\u00e8re &lsquo;stock\u00e9e&rsquo;, d\u00e9bordement \u00e9motionnels, prise de d\u00e9cisions, perdre de vu de l&rsquo;essentiel, difficult\u00e9 \u00e0 relativiser<br \/>\n <A HREF=\"#TOP\">HAUT DE PAGE<\/A><BR><\/td>\n<\/tr>\n<tr>\n<td>1h-3h*<\/td>\n<td><strong>Foie (yin)<\/strong>: \t<\/p>\n<li>Responsable de la d\u00e9toxication de l&rsquo;organisme; le stockage des aliments nutritifs<\/li>\n<li>Stocke et nourrit le sang<\/li>\n<\/td>\n<td>Col\u00e8re refoul\u00e9e, irritabilit\u00e9, stress, impatience, projet d&rsquo;avenir, impuissance \u00e0 agir, remise en cause, acceptation de notre image, de nous-m\u00eame. <A HREF=\"#TOP\">HAUT DE PAGE<\/A><BR><\/td>\n<\/tr>\n<tr>\n<td>3h-5h*<\/td>\n<td><strong>Poumons (yin)<\/strong>\t<\/p>\n<li>: Capture l&rsquo;oxyg\u00e8ne de l&rsquo;air, nous permet de respirer, d&rsquo;\u00eatre en vie; notre territoire qui nous prot\u00e8ge du monde ext\u00e9rieur par un bouclier (peau), envahissons par des agresseurs!<\/li>\n<li>\u00c9limination du dioxyde du carbone, un d\u00e9chets du corps<\/li>\n<\/td>\n<td>Tristesse, m\u00e9lancolie, d\u00e9senchantement, remise en causes des valeurs, situation \u00e9touffante. <A HREF=\"#TOP\">HAUT DE PAGE<\/A><BR><\/td>\n<\/tr>\n<tr>\n<td>5h-7h*<\/td>\n<td><strong>Gros Intestines (yang)<\/strong>: <\/p>\n<li>Responsable d&rsquo;\u00e9liminer et d&rsquo;\u00e9vacuer les &lsquo;d\u00e9chets&rsquo;. Difficult\u00e9 du l\u00e2cher prise du pass\u00e9, vieilles croyances<\/li>\n<\/td>\n<td>Tristesse, \u00e9limination du pass\u00e9. <A HREF=\"#TOP\">HAUT DE PAGE<\/A><BR><\/td>\n<\/tr>\n<tr>\n<td>7h-9H*<\/td>\n<td><strong>Estomac (yang)<\/strong>: <\/p>\n<li>Responsable d&rsquo;entamer le processus de la digestion des aliments (\u00e9v\u00e9nements) dans le corps. \u00c9vacuation des aliments <\/li>\n<\/td>\n<td>Mauvaise digestion des \u00e9v\u00e9nements&rsquo;. Trop perfectionniste. Besoin d&rsquo;\u00eatre nourri de l&rsquo;ext\u00e9rieur. <A HREF=\"#TOP\">HAUT DE PAGE<\/A><BR><\/td>\n<\/tr>\n<tr>\n<td>9h-11h*<\/td>\n<td><strong>Rate (yin) <\/strong>: \t<\/p>\n<li>Tient un r\u00f4le dans l&rsquo;\u00e9puration sanguine, des toxines. Le sang transport de l\u2019\u00e9nergie, il nourrit et il nettoie le corps<\/li>\n<\/td>\n<td>Qualit\u00e9 de nourriture pour votre for int\u00e9rieur.  Pens\u00e9e, exc\u00e8s de soucis, surmenage intellectuel, rumination, r\u00e9fl\u00e9chi &lsquo;trop&rsquo;. <A HREF=\"#TOP\">HAUT DE PAGE<\/A><BR><\/td>\n<\/tr>\n<tr>\n<td>11h-13h*<\/td>\n<td><strong>C\u0153ur (yin)<\/strong>: \t<\/p>\n<li>Le si\u00e8ge de l&rsquo;amour de la vie, la source de la vie <\/li>\n<li>Stocke du sang<\/li>\n<li> L&rsquo;\u00e9nergie du c\u0153ur est \u00e0 son minimum entre 23h et 1 heure du matin, il est important de se reposer si c&rsquo;est possible<\/li>\n<\/td>\n<td>Pessimisme, amertume, absence de joie de vivre. <A HREF=\"#TOP\">HAUT DE PAGE<\/A><BR><\/td>\n<\/tr>\n<tr>\n<td>13h-15h*<\/td>\n<td><strong>Intestin gr\u00eale (yang) <\/strong>: \t<\/p>\n<li>Cet organe fait le tri entre les aliments utile (vers la rate) et inutile (vers le GI et la vessie)<\/li>\n<\/td>\n<td>Pouvoirs de transformation et transmutation. Difficult\u00e9 de communiquer. Recherche de la v\u00e9rit\u00e9. <A HREF=\"#TOP\">HAUT DE PAGE<\/A><BR><\/td>\n<\/tr>\n<tr>\n<td>15h-17h*<\/td>\n<td><strong>Vessie (yang)<\/strong>: R\u00e8servoir; joue un r\u00f4le important dans le contr\u00f4le et l&rsquo;expulsion des liquides (de l&rsquo;eau) du corps.<\/td>\n<td>Exc\u00e8s de contr\u00f4le sur lui-m\u00eame ou les autres, agitation, peur, angoisses, pr\u00eat \u00e0 l\u00e2cher les vieilles m\u00e9moires. <A HREF=\"#TOP\">HAUT DE PAGE<\/A><BR><\/td>\n<\/tr>\n<tr>\n<td>17h-19h*<\/td>\n<td><strong>Rein (yin)<\/strong>: \t<\/p>\n<li>Une station d&rsquo;\u00e9puration; maintien l&rsquo;\u00e9quilibre hydrique (de l&rsquo;eau) du corps<\/li>\n<\/td>\n<td>Peur, peurs ancestrales, angoisses, d\u00e9sespoir, (la vie n&rsquo;a plus de sens), manque de volont\u00e9, un fort d\u00e9sir de cr\u00e9er. <A HREF=\"#TOP\">HAUT DE PAGE<\/A><BR><\/td>\n<\/tr>\n<tr>\n<td>19h-21h*<\/td>\n<td><strong>Ma\u00eetre du c\u0153ur (yin).\t<\/p>\n<li> R\u00e9gularise le c\u0153ur <\/li>\n<p><\/strong><\/td>\n<td>Prot\u00e8ge le c\u0153ur des agressions, des attaques externes, rapports intimes menac\u00e9s. <A HREF=\"#TOP\">HAUT DE PAGE<\/A><BR><A HREF=\"#TOP\">HAUT DE PAGE<\/A><BR><\/td>\n<\/tr>\n<tr>\n<td>21h-23h*<\/td>\n<td><strong>\t<\/p>\n<li>Triple R\u00e9chauffer\/trois foyers (yang)<\/strong> Fonction principal r\u00e9gularise les intestins (syst\u00e8me lymphatique)\t<\/li>\n<li>  Contr\u00f4le la chaleur et le froid du corps, un <strong>syst\u00e8me de thermor\u00e9gulation <\/strong>qui maintient une temp\u00e9rature optimal pour les organes<\/li>\n<\/td>\n<td>La circulation de l&rsquo;\u00e9nergie originelle, difficult\u00e9 des aspects sociales. <A HREF=\"#TOP\">HAUT DE PAGE<\/A><BR><\/td>\n<\/tr>\n<\/tbody>\n<\/table>\n<p><strong>N&rsquo;OUBLIEZ DE PRENDRE EN COMPTE <strong>LE TEMPS UNIVERSEL<\/strong><\/strong><\/p>\n<li> L&rsquo;heure <strong>D&rsquo;\u00c9T\u00c9<\/strong> est le TU (temps universel) <strong>+ 2<\/strong> heures : donc il faut SOUSTRAIRE <strong>2<\/strong> heures \u00e0 ce qui est indiqu\u00e9 dans le tableau au-dessus <\/li>\n<li>Afin de tomber sur l&rsquo;heure en TU exacte ; il faudrait donc consid\u00e9rer qu&rsquo;\u00e0 <strong>6 heures<\/strong> du matin, il est en fait<strong> 4<\/strong> heures et donc les \u00ab\u00a0poumons\u00a0\u00bb comme organe cible\u00a0\u00bb (il y a en fait deux heures de d\u00e9calage avec le TU)<\/li>\n<li> L&rsquo;heure d&rsquo;<strong>HIVER<\/strong> est le TU (temps universel) + <strong>1<\/strong> heure : donc il faut  SOUSTRAIRE <strong>1<\/strong> heure \u00e0 ce qui est indiqu\u00e9 dans le tableau pr\u00e9c\u00e9dent<\/li>\n<li> Afin der tomber sur l&rsquo;heure en TU exacte ; par exemple, il faudrait donc consid\u00e9rer qu&rsquo;\u00e0<strong> 7<\/strong> heure du matin, il est en fait 6 heures et donc le \u00ab\u00a0gros intestin\u00a0\u00bb comme organe cible\u00a0\u00bb (il y a en fait une heure de d\u00e9calage avec le TU)<\/li>\n<li>Chaque organe ou m\u00e9ridien d&rsquo;organe a un<strong> pic de fonctionnement\/recharge \u00e9nerg\u00e9tique <\/strong> pendant<strong> DEUX <\/strong>heures chaque jour. DOUZE heures plus tard ce m\u00eame organe est \u00e0 <strong>son minimum.<\/strong>  Par exemple le<strong> pic de fonctionnement<\/strong> du <strong>POUMON<\/strong>, un organe <strong>YIN<\/strong> est entre 3h et 5h du matin (voir sch\u00e9ma) cependant entre 15h et 17h l&rsquo;\u00e9nergie de cet organe est FAIBLE. <\/li>\n<li>Le<strong> pic de fonctionnement  :recharge \u00e9nerg\u00e9tique <\/strong> du<strong> FOIE<\/strong>, un organe <strong>YIN<\/strong> est entre 1am et 3am du matin (voir sch\u00e9ma) cependant entre 13h et 15h l&rsquo;\u00e9nergie de cet organe est FAIBLE. Au fil de la journ\u00e9e il y a beaucoup d&rsquo;occasion o\u00f9 on s&rsquo;\u00e9nerve, on s&#8217;emporte ou on est en col\u00e8re contre quelqu&rsquo;un et parfois on ne l&rsquo;exprime pas toujours. Pendant la nuit le foie dig\u00e8re cette \u00e9motion de col\u00e8re, ranc\u0153ur durant la nuit. <\/li>\n<li>Le<strong> pic de fonctionnement\/recharge \u00e9nerg\u00e9tique <\/strong> du <strong>RATE<\/strong>un organe <strong>YIN<\/strong> est entre <strong>9 et 11am <\/strong>du matin (voir sch\u00e9ma) cependant entre 21h et 23h l&rsquo;\u00e9nergie de cet organe est FAIBLE. La RATE est un organe tr\u00e8s important en m\u00e9decine chinoise. ON l&rsquo;appelle \u00ab\u00a0la ruminante\u00a0\u00bb. Elle est associ\u00e9e aux pr\u00e9occupations et  <\/li>\n<div id=\"attachment_1197\" style=\"width: 410px\" class=\"wp-caption aligncenter\"><img loading=\"lazy\" decoding=\"async\" aria-describedby=\"caption-attachment-1197\" src=\"https:\/\/www.holisticattitude.com\/wp-content\/uploads\/\/horloge_meridien001-e1614194654493.jpg\" alt=\"horloge pour les m\u00e9ridiens\" width=\"400\" height=\"435\" class=\"size-full wp-image-1197\" \/><p id=\"caption-attachment-1197\" class=\"wp-caption-text\">HORLOGE DES MERIDIENS<\/p><\/div>\n","protected":false},"excerpt":{"rendered":"<p>Heure (h) solaire Organe D\u00e9cryptage 23h-1h V\u00e9sicule biliaire (yang) : Un r\u00e9servoir, fonction comme une chasse d&rsquo;eau; se remplit et se vide Col\u00e8re &lsquo;stock\u00e9e&rsquo;, d\u00e9bordement \u00e9motionnels, prise de d\u00e9cisions, perdre de vu de l&rsquo;essentiel, difficult\u00e9 \u00e0 relativiser HAUT DE PAGE 1h-3h* Foie (yin): Responsable de la d\u00e9toxication de l&rsquo;organisme; le stockage des aliments nutritifs Stocke [&hellip;]<\/p>\n","protected":false},"author":1,"featured_media":0,"parent":3040,"menu_order":7,"comment_status":"closed","ping_status":"closed","template":"","meta":{"_monsterinsights_skip_tracking":false,"_monsterinsights_sitenote_active":false,"_monsterinsights_sitenote_note":"","_monsterinsights_sitenote_category":0,"slim_seo":{"title":"REVEIL NOCTURNE-DECRYPTAGE D\u2019APR\u00c8S LA MEDECINE CHINOISE - Holistic Attitude","description":"HORLOGE DES M\u00c9RIDIENS Heure (h) solaire Organe D\u00e9cryptage 23h-1h V\u00e9sicule biliaire (yang) : Un r\u00e9servoir, fonction comme une chasse d'eau; se remplit et se vide"},"footnotes":""},"class_list":["post-1196","page","type-page","status-publish","hentry"],"_links":{"self":[{"href":"https:\/\/www.holisticattitude.com\/wp-json\/wp\/v2\/pages\/1196","targetHints":{"allow":["GET"]}}],"collection":[{"href":"https:\/\/www.holisticattitude.com\/wp-json\/wp\/v2\/pages"}],"about":[{"href":"https:\/\/www.holisticattitude.com\/wp-json\/wp\/v2\/types\/page"}],"author":[{"embeddable":true,"href":"https:\/\/www.holisticattitude.com\/wp-json\/wp\/v2\/users\/1"}],"replies":[{"embeddable":true,"href":"https:\/\/www.holisticattitude.com\/wp-json\/wp\/v2\/comments?post=1196"}],"version-history":[{"count":7,"href":"https:\/\/www.holisticattitude.com\/wp-json\/wp\/v2\/pages\/1196\/revisions"}],"predecessor-version":[{"id":16452,"href":"https:\/\/www.holisticattitude.com\/wp-json\/wp\/v2\/pages\/1196\/revisions\/16452"}],"up":[{"embeddable":true,"href":"https:\/\/www.holisticattitude.com\/wp-json\/wp\/v2\/pages\/3040"}],"wp:attachment":[{"href":"https:\/\/www.holisticattitude.com\/wp-json\/wp\/v2\/media?parent=1196"}],"curies":[{"name":"wp","href":"https:\/\/api.w.org\/{rel}","templated":true}]}}